{"id":8,"date":"2017-04-19T13:36:12","date_gmt":"2017-04-19T11:36:12","guid":{"rendered":"https:\/\/www.jannone.net\/es\/?page_id=8"},"modified":"2022-03-04T11:27:35","modified_gmt":"2022-03-04T10:27:35","slug":"grupo-jannone","status":"publish","type":"page","link":"https:\/\/www.jannone.net\/es\/grupo-jannone\/","title":{"rendered":"Grupo Jannone"},"content":{"rendered":"<p><img  title=\"Grupo Jannone - Grupo Jannone\" decoding=\"async\" class=\"aligncenter size-full wp-image-841 img-full\" src=\"https:\/\/www.jannone.net\/es\/wp-content\/uploads\/2017\/04\/cabecera-jannonegrupo.jpg\"  alt=\"Grupo Jannone - Grupo Jannone\"  width=\"1801\" height=\"461\" srcset=\"https:\/\/www.jannone.net\/es\/wp-content\/uploads\/2017\/04\/cabecera-jannonegrupo.jpg 1801w, https:\/\/www.jannone.net\/es\/wp-content\/uploads\/2017\/04\/cabecera-jannonegrupo-300x77.jpg 300w, https:\/\/www.jannone.net\/es\/wp-content\/uploads\/2017\/04\/cabecera-jannonegrupo-768x197.jpg 768w, https:\/\/www.jannone.net\/es\/wp-content\/uploads\/2017\/04\/cabecera-jannonegrupo-1024x262.jpg 1024w\" sizes=\"(max-width: 1801px) 100vw, 1801px\" \/><\/p>\n<div class=\"container\">\n<div class=\"row\">\n<div class=\"col-xs-12 col-md-12\">\n<h1 class=\"titulo-productos\">Grupo Jannone<\/h1>\n<div class=\"dos-columnas\">\n<p class=\"text-normal\"><strong>Jannone S.A.<\/strong> es la sociedad pionera de este grupo familiar de empresas. Hace m\u00e1s de 80 a\u00f1os que empez\u00f3 su trayectoria siendo hoy un referente importante en el sector de la madera en Andaluc\u00eda.<\/p>\n<p class=\"text-normal\">En el a\u00f1o 2002 se fund\u00f3 la empresa <strong>Jannone Tubos S.L.<\/strong> para ofrecer tambi\u00e9n a sus clientes la comercializaci\u00f3n y distribuci\u00f3n de tuber\u00edas de acero de conducci\u00f3n, estructurales y de gres, junto con sus accesorios, as\u00ed como soluciones t\u00e9cnicas en cualquier instalaci\u00f3n.<\/p>\n<p class=\"text-normal\">El almac\u00e9n de ambas empresas est\u00e1 localizado en la zona franca dentro del puerto de Sevilla, ofreciendo a nuestros clientes un valor a\u00f1adido a la propia actividad comercial. Asimismo, en la provincia de Madrid se dispone de otro almac\u00e9n para suministros en la zona central y norte de la pen\u00ednsula.<\/p>\n<p class=\"text-normal\">Adem\u00e1s de las citadas empresas comercializadoras, el Grupo Jannone ha desarrollado una importante actividad en el sector agroindustrial, apostando desde hace tiempo por incrementar la superficie de producci\u00f3n de frutos secos e industrializar su distribuci\u00f3n.<\/p>\n<p class=\"text-normal\">Mediante la firma <strong>Nutalia Agroconsultores S.L.<\/strong>, promueve los conocimientos adquiridos en este cultivo en las instalaciones propias de la finca Montana de San Jos\u00e9, referente en Sevilla del cultivo intensivo del almendro, asesorando a agricultores que comienzan con el cultivo de los frutos secos.<\/p>\n<p class=\"texto-normal\"><a class=\"btn btn-primary\" href=\"https:\/\/www.jannone.net\/es\/ver-catalogo\/\" rel=\"noopener noreferrer\"><i class=\"fa fa-download\" aria-hidden=\"true\"><\/i> Ver cat\u00e1logo<\/a><\/p>\n<\/div>\n<p><iframe class=\"mt-4\" src=\"https:\/\/www.youtube.com\/embed\/MwZxIR7c4jw?rel=0&amp;showinfo=0&amp;controls=1\" width=\"100%\" height=\"500\" frameborder=\"0\" allowfullscreen=\"allowfullscreen\"><\/iframe><\/p>\n<\/div>\n<\/div>\n<\/div>\n<div class=\"row\">\n<div class=\"col-md-6 fondo-verde-interior animated fadeInLeftBig duration3 eds-on-scroll\">\n<div class=\"padding-caja-izq\">\n<div class=\"container\">\n<div class=\"row mt-4 mb-4\">\n<h3>Otro sector donde el grupo ha desarrollado su actividad es en el inmobiliario, para la compra-venta y alquileres en zona residencial y de oficinas.<\/h3>\n<p class=\"text-normal\">Podemos decir orgullosos que Jannone Grupo desde sus comienzos, y con su trayectoria del buen hacer durante tantos a\u00f1os, sumado a una dilatada experiencia, ha contado con un valor a\u00f1adido que es especialmente relevante en los sectores de la madera, tuber\u00eda, agroindustrial e inmobiliario.<\/p>\n<p class=\"text-normal\">En definitiva, contamos con los medios necesarios para garantizar los mejores resultados en los proyectos de los que formamos parte. Todas estas caracter\u00edsticas definen al Grupo Jannone como sociedad flexible y adaptable a los cambios, capaz de garantizar resultados a nuestros clientes, dando un trato personalizado, eficiente, \u00e1gil y competitivo, siendo nuestra premisa la calidad en cualquier producto que trabajemos.<\/p>\n<\/div>\n<\/div>\n<\/div>\n<\/div>\n<div class=\"col-md-6 fondo-azul-interior d-flex justify-content-center flex-column animated fadeInRightBig duration3 eds-on-scroll\">\n<div class=\"padding-caja-der\">\n<div class=\"container\">\n<div class=\"row mt-4 mb-4\">\n<h3>Servicios<\/h3>\n<p class=\"text-normal\">Como empresa que comercializa m\u00e1s de 20.000 art\u00edculos referentes del sector de la madera y del sector de los tubos, disponemos de un almac\u00e9n de 24.000 m2 en la zona franca del puerto de Sevilla. De la misma manera trabajamos con otro almac\u00e9n en Madrid de 7.000 m2.<\/p>\n<p class=\"text-normal\">Adem\u00e1s contamos con una flota de camiones y veh\u00edculos propios para suministrar y distribuir estos art\u00edculos en cualquier punto del territorio Espa\u00f1ol.<\/p>\n<p class=\"text-normal\">Pero nuestro mayor activo es el capital humano, trabajadores con gran experiencia, que sienten como propias estas empresas y que destacan tanto por su calidad de talento como por su dedicaci\u00f3n y esfuerzo en satisfacer al cliente.<\/p>\n<\/div>\n<\/div>\n<\/div>\n<\/div>\n<\/div>\n<div class=\"mt-4\"><\/div>\n","protected":false},"excerpt":{"rendered":"<p>Grupo Jannone Jannone S.A. es la sociedad pionera de este grupo familiar de empresas. Hace m\u00e1s de 80 a\u00f1os que empez\u00f3 su trayectoria siendo hoy un referente importante en el sector de la madera en Andaluc\u00eda. En el a\u00f1o 2002 se fund\u00f3 la empresa Jannone Tubos S.L. para ofrecer tambi\u00e9n a sus clientes la comercializaci\u00f3n [&#8230;]<\/p>\n<p><a class=\"btn btn-secondary understrap-read-more-link\" href=\"https:\/\/www.jannone.net\/es\/grupo-jannone\/\">Leer m\u00e1s&#8230;<\/a><\/p>\n","protected":false},"author":2,"featured_media":0,"parent":0,"menu_order":0,"comment_status":"closed","ping_status":"closed","template":"page-templates\/empty.php","meta":{"_seopress_robots_primary_cat":"0","_seopress_titles_title":"Grupo Jannone - almac\u00e9n de madera - distribuci\u00f3n de tubos - maderas","_seopress_titles_desc":"Jannone S.A. es la sociedad pionera de este grupo familiar de empresas. Hace m\u00e1s de 80 a\u00f1os que Grupo Jannone empez\u00f3 su trayectoria....","_seopress_robots_index":"","footnotes":""},"class_list":["post-8","page","type-page","status-publish","hentry"],"yoast_head":"<!-- This site is optimized with the Yoast SEO plugin v26.8 - https:\/\/yoast.com\/product\/yoast-seo-wordpress\/ -->\n<title>Grupo Jannone - almac\u00e9n de madera - distribuci\u00f3n de tubos - maderas<\/title>\n<meta name=\"description\" content=\"Jannone S.A. es la sociedad pionera de este grupo familiar de empresas. Hace m\u00e1s de 80 a\u00f1os que Grupo Jannone empez\u00f3 su trayectoria....\" \/>\n<meta name=\"robots\" content=\"index, follow, max-snippet:-1, max-image-preview:large, max-video-preview:-1\" \/>\n<link rel=\"canonical\" href=\"https:\/\/www.jannone.net\/es\/grupo-jannone\/\" \/>\n<meta property=\"og:locale\" content=\"es_ES\" \/>\n<meta property=\"og:type\" content=\"article\" \/>\n<meta property=\"og:title\" content=\"Grupo Jannone - almac\u00e9n de madera - distribuci\u00f3n de tubos - maderas\" \/>\n<meta property=\"og:description\" content=\"Jannone S.A. es la sociedad pionera de este grupo familiar de empresas. Hace m\u00e1s de 80 a\u00f1os que Grupo Jannone empez\u00f3 su trayectoria....\" \/>\n<meta property=\"og:url\" content=\"https:\/\/www.jannone.net\/es\/grupo-jannone\/\" \/>\n<meta property=\"og:site_name\" content=\"Jannone\" \/>\n<meta property=\"article:modified_time\" content=\"2022-03-04T10:27:35+00:00\" \/>\n<meta property=\"og:image\" content=\"https:\/\/www.jannone.net\/es\/wp-content\/uploads\/2017\/04\/cabecera-jannonegrupo.jpg\" \/>\n<meta name=\"twitter:label1\" content=\"Tiempo de lectura\" \/>\n\t<meta name=\"twitter:data1\" content=\"2 minutos\" \/>\n<script type=\"application\/ld+json\" class=\"yoast-schema-graph\">{\"@context\":\"https:\/\/schema.org\",\"@graph\":[{\"@type\":\"WebPage\",\"@id\":\"https:\/\/www.jannone.net\/es\/grupo-jannone\/\",\"url\":\"https:\/\/www.jannone.net\/es\/grupo-jannone\/\",\"name\":\"Grupo Jannone - almac\u00e9n de madera - distribuci\u00f3n de tubos - maderas\",\"isPartOf\":{\"@id\":\"https:\/\/www.jannone.net\/es\/#website\"},\"primaryImageOfPage\":{\"@id\":\"https:\/\/www.jannone.net\/es\/grupo-jannone\/#primaryimage\"},\"image\":{\"@id\":\"https:\/\/www.jannone.net\/es\/grupo-jannone\/#primaryimage\"},\"thumbnailUrl\":\"https:\/\/www.jannone.net\/es\/wp-content\/uploads\/2017\/04\/cabecera-jannonegrupo.jpg\",\"datePublished\":\"2017-04-19T11:36:12+00:00\",\"dateModified\":\"2022-03-04T10:27:35+00:00\",\"description\":\"Jannone S.A. es la sociedad pionera de este grupo familiar de empresas. Hace m\u00e1s de 80 a\u00f1os que Grupo Jannone empez\u00f3 su trayectoria....\",\"breadcrumb\":{\"@id\":\"https:\/\/www.jannone.net\/es\/grupo-jannone\/#breadcrumb\"},\"inLanguage\":\"es\",\"potentialAction\":[{\"@type\":\"ReadAction\",\"target\":[\"https:\/\/www.jannone.net\/es\/grupo-jannone\/\"]}]},{\"@type\":\"ImageObject\",\"inLanguage\":\"es\",\"@id\":\"https:\/\/www.jannone.net\/es\/grupo-jannone\/#primaryimage\",\"url\":\"https:\/\/www.jannone.net\/es\/wp-content\/uploads\/2017\/04\/cabecera-jannonegrupo.jpg\",\"contentUrl\":\"https:\/\/www.jannone.net\/es\/wp-content\/uploads\/2017\/04\/cabecera-jannonegrupo.jpg\",\"width\":1801,\"height\":461},{\"@type\":\"BreadcrumbList\",\"@id\":\"https:\/\/www.jannone.net\/es\/grupo-jannone\/#breadcrumb\",\"itemListElement\":[{\"@type\":\"ListItem\",\"position\":1,\"name\":\"Portada\",\"item\":\"https:\/\/www.jannone.net\/es\/\"},{\"@type\":\"ListItem\",\"position\":2,\"name\":\"Grupo Jannone\"}]},{\"@type\":\"WebSite\",\"@id\":\"https:\/\/www.jannone.net\/es\/#website\",\"url\":\"https:\/\/www.jannone.net\/es\/\",\"name\":\"Jannone\",\"description\":\"Distribuidores de tubos y maderas\",\"potentialAction\":[{\"@type\":\"SearchAction\",\"target\":{\"@type\":\"EntryPoint\",\"urlTemplate\":\"https:\/\/www.jannone.net\/es\/?s={search_term_string}\"},\"query-input\":{\"@type\":\"PropertyValueSpecification\",\"valueRequired\":true,\"valueName\":\"search_term_string\"}}],\"inLanguage\":\"es\"}]}<\/script>\n<!-- \/ Yoast SEO plugin. -->","yoast_head_json":{"title":"Grupo Jannone - almac\u00e9n de madera - distribuci\u00f3n de tubos - maderas","description":"Jannone S.A. es la sociedad pionera de este grupo familiar de empresas. Hace m\u00e1s de 80 a\u00f1os que Grupo Jannone empez\u00f3 su trayectoria....","robots":{"index":"index","follow":"follow","max-snippet":"max-snippet:-1","max-image-preview":"max-image-preview:large","max-video-preview":"max-video-preview:-1"},"canonical":"https:\/\/www.jannone.net\/es\/grupo-jannone\/","og_locale":"es_ES","og_type":"article","og_title":"Grupo Jannone - almac\u00e9n de madera - distribuci\u00f3n de tubos - maderas","og_description":"Jannone S.A. es la sociedad pionera de este grupo familiar de empresas. Hace m\u00e1s de 80 a\u00f1os que Grupo Jannone empez\u00f3 su trayectoria....","og_url":"https:\/\/www.jannone.net\/es\/grupo-jannone\/","og_site_name":"Jannone","article_modified_time":"2022-03-04T10:27:35+00:00","og_image":[{"url":"https:\/\/www.jannone.net\/es\/wp-content\/uploads\/2017\/04\/cabecera-jannonegrupo.jpg","type":"","width":"","height":""}],"twitter_misc":{"Tiempo de lectura":"2 minutos"},"schema":{"@context":"https:\/\/schema.org","@graph":[{"@type":"WebPage","@id":"https:\/\/www.jannone.net\/es\/grupo-jannone\/","url":"https:\/\/www.jannone.net\/es\/grupo-jannone\/","name":"Grupo Jannone - almac\u00e9n de madera - distribuci\u00f3n de tubos - maderas","isPartOf":{"@id":"https:\/\/www.jannone.net\/es\/#website"},"primaryImageOfPage":{"@id":"https:\/\/www.jannone.net\/es\/grupo-jannone\/#primaryimage"},"image":{"@id":"https:\/\/www.jannone.net\/es\/grupo-jannone\/#primaryimage"},"thumbnailUrl":"https:\/\/www.jannone.net\/es\/wp-content\/uploads\/2017\/04\/cabecera-jannonegrupo.jpg","datePublished":"2017-04-19T11:36:12+00:00","dateModified":"2022-03-04T10:27:35+00:00","description":"Jannone S.A. es la sociedad pionera de este grupo familiar de empresas. Hace m\u00e1s de 80 a\u00f1os que Grupo Jannone empez\u00f3 su trayectoria....","breadcrumb":{"@id":"https:\/\/www.jannone.net\/es\/grupo-jannone\/#breadcrumb"},"inLanguage":"es","potentialAction":[{"@type":"ReadAction","target":["https:\/\/www.jannone.net\/es\/grupo-jannone\/"]}]},{"@type":"ImageObject","inLanguage":"es","@id":"https:\/\/www.jannone.net\/es\/grupo-jannone\/#primaryimage","url":"https:\/\/www.jannone.net\/es\/wp-content\/uploads\/2017\/04\/cabecera-jannonegrupo.jpg","contentUrl":"https:\/\/www.jannone.net\/es\/wp-content\/uploads\/2017\/04\/cabecera-jannonegrupo.jpg","width":1801,"height":461},{"@type":"BreadcrumbList","@id":"https:\/\/www.jannone.net\/es\/grupo-jannone\/#breadcrumb","itemListElement":[{"@type":"ListItem","position":1,"name":"Portada","item":"https:\/\/www.jannone.net\/es\/"},{"@type":"ListItem","position":2,"name":"Grupo Jannone"}]},{"@type":"WebSite","@id":"https:\/\/www.jannone.net\/es\/#website","url":"https:\/\/www.jannone.net\/es\/","name":"Jannone","description":"Distribuidores de tubos y maderas","potentialAction":[{"@type":"SearchAction","target":{"@type":"EntryPoint","urlTemplate":"https:\/\/www.jannone.net\/es\/?s={search_term_string}"},"query-input":{"@type":"PropertyValueSpecification","valueRequired":true,"valueName":"search_term_string"}}],"inLanguage":"es"}]}},"_links":{"self":[{"href":"https:\/\/www.jannone.net\/es\/wp-json\/wp\/v2\/pages\/8","targetHints":{"allow":["GET"]}}],"collection":[{"href":"https:\/\/www.jannone.net\/es\/wp-json\/wp\/v2\/pages"}],"about":[{"href":"https:\/\/www.jannone.net\/es\/wp-json\/wp\/v2\/types\/page"}],"author":[{"embeddable":true,"href":"https:\/\/www.jannone.net\/es\/wp-json\/wp\/v2\/users\/2"}],"replies":[{"embeddable":true,"href":"https:\/\/www.jannone.net\/es\/wp-json\/wp\/v2\/comments?post=8"}],"version-history":[{"count":5,"href":"https:\/\/www.jannone.net\/es\/wp-json\/wp\/v2\/pages\/8\/revisions"}],"predecessor-version":[{"id":1263,"href":"https:\/\/www.jannone.net\/es\/wp-json\/wp\/v2\/pages\/8\/revisions\/1263"}],"wp:attachment":[{"href":"https:\/\/www.jannone.net\/es\/wp-json\/wp\/v2\/media?parent=8"}],"curies":[{"name":"wp","href":"https:\/\/api.w.org\/{rel}","templated":true}]}}