{"id":6,"date":"2017-04-19T13:35:59","date_gmt":"2017-04-19T11:35:59","guid":{"rendered":"https:\/\/www.jannone.net\/es\/?page_id=6"},"modified":"2024-11-13T10:45:37","modified_gmt":"2024-11-13T09:45:37","slug":"inicio","status":"publish","type":"page","link":"https:\/\/www.jannone.net\/es\/","title":{"rendered":"Inicio"},"content":{"rendered":"<div class=\"table-div categorias-home\">\n<div class=\"row-div\">\n<div class=\"cell-div home-tubos efecto-hover borde-derecha\"><a class=\"titulo-hover\" href=\"https:\/\/www.jannone.net\/es\/tubos\/\">TUBOS<\/a><\/div>\n<div class=\"cell-div home-maderas efecto-hover borde-izquierda borde-derecha\"><a class=\"titulo-hover\" href=\"https:\/\/www.jannone.net\/es\/maderas\/\">MADERAS<\/a><\/div>\n<div class=\"cell-div home-agroindustria efecto-hover borde-izquierda borde-derecha\"><a class=\"titulo-hover\" href=\"https:\/\/www.jannone.net\/es\/agroindustria\/\">AGROINDUSTRIA<\/a><\/div>\n<div class=\"cell-div home-real-estate efecto-hover borde-izquierda\"><a class=\"titulo-hover\" href=\"https:\/\/www.jannone.net\/es\/real-estate\/\">REAL ESTATE<\/a><\/div>\n<\/div>\n<\/div>\n<div class=\"mt-4\"><\/div>\n<div class=\"texto-home\">\n<h1 class=\"text-center\">BIENVENIDOS A JANNONE<\/h1>\n<p><img  title=\"Inicio - Grupo Jannone\" decoding=\"async\" class=\"aligncenter size-full wp-image-56\" src=\"https:\/\/www.jannone.net\/es\/wp-content\/uploads\/2017\/04\/separador-blanco.png\"  alt=\"Inicio - Grupo Jannone\"  width=\"183\" height=\"38\" \/><\/p>\n<p class=\"text-center\">Jannone S.A. es la sociedad pionera de este grupo familiar de empresas. Hace m\u00e1s de 80 a\u00f1os que empez\u00f3 su trayectoria siendo hoy un referente importante en el sector de la madera en Andaluc\u00eda.<\/p>\n<p class=\"text-center\">En el a\u00f1o 2002 se fund\u00f3 la empresa Jannone Tubos S.L. para ofrecer tambi\u00e9n a sus clientes la comercializaci\u00f3n y distribuci\u00f3n de tuber\u00edas de conducci\u00f3n, contraincendios, preaisladas, estructurales o de gres, junto con sus accesorios, as\u00ed como soluciones t\u00e9cnicas en cualquier instalaci\u00f3n.<\/p>\n<\/div>\n<div class=\"mt-4\"><\/div>\n<div id=\"metaslider-id-60\" style=\"width: 100%;\" class=\"ml-slider-3-105-0 metaslider metaslider-flex metaslider-60 ml-slider ms-theme-default nav-hidden\" role=\"region\" aria-label=\"proyectos\" data-height=\"537\" data-width=\"1600\">\n    <div id=\"metaslider_container_60\">\n        <div id=\"metaslider_60\">\n            <ul class='slides'>\n                <li style=\"display: block; width: 100%;\" class=\"slide-86 ms-image \" aria-roledescription=\"slide\" data-date=\"2017-04-24 15:11:47\" data-filename=\"proyectos-centras-energias.jpg\" data-slide-type=\"image\"><img  title=\"Inicio - Grupo Jannone\" decoding=\"async\" src=\"https:\/\/www.jannone.net\/es\/wp-content\/uploads\/2017\/04\/proyectos-centras-energias.jpg\" height=\"537\" width=\"1600\"  alt=\"Inicio - Grupo Jannone\"  class=\"slider-60 slide-86 msDefaultImage\" \/><\/li>\n                <li style=\"display: none; width: 100%;\" class=\"slide-805 ms-image \" aria-roledescription=\"slide\" data-date=\"2017-11-02 12:29:51\" data-filename=\"proyectos-torre-sevilla-pelli.jpg\" data-slide-type=\"image\"><img  title=\"Inicio - Grupo Jannone\" decoding=\"async\" src=\"https:\/\/www.jannone.net\/es\/wp-content\/uploads\/2017\/11\/proyectos-torre-sevilla-pelli.jpg\" height=\"537\" width=\"1600\"  alt=\"Inicio - Grupo Jannone\"  class=\"slider-60 slide-805 msDefaultImage\" \/><\/li>\n                <li style=\"display: none; width: 100%;\" class=\"slide-283 ms-image \" aria-roledescription=\"slide\" data-date=\"2017-08-28 14:56:55\" data-filename=\"slider-home-03.jpg\" data-slide-type=\"image\"><img  title=\"Inicio - Grupo Jannone\" decoding=\"async\" src=\"https:\/\/www.jannone.net\/es\/wp-content\/uploads\/2017\/08\/slider-home-03.jpg\" height=\"537\" width=\"1600\"  alt=\"Inicio - Grupo Jannone\"  class=\"slider-60 slide-283 msDefaultImage\" \/><\/li>\n                <li style=\"display: none; width: 100%;\" class=\"slide-802 ms-image \" aria-roledescription=\"slide\" data-date=\"2017-11-02 12:29:50\" data-filename=\"proyectos-almendras.jpg\" data-slide-type=\"image\"><img  title=\"Inicio - Grupo Jannone\" decoding=\"async\" src=\"https:\/\/www.jannone.net\/es\/wp-content\/uploads\/2017\/11\/proyectos-almendras.jpg\" height=\"537\" width=\"1600\"  alt=\"Inicio - Grupo Jannone\"  class=\"slider-60 slide-802 msDefaultImage\" \/><\/li>\n                <li style=\"display: none; width: 100%;\" class=\"slide-803 ms-image \" aria-roledescription=\"slide\" data-date=\"2017-11-02 12:29:50\" data-filename=\"proyectos-feria-sevilla.jpg\" data-slide-type=\"image\"><img  title=\"Inicio - Grupo Jannone\" decoding=\"async\" src=\"https:\/\/www.jannone.net\/es\/wp-content\/uploads\/2017\/11\/proyectos-feria-sevilla.jpg\" height=\"537\" width=\"1600\"  alt=\"Inicio - Grupo Jannone\"  class=\"slider-60 slide-803 msDefaultImage\" \/><\/li>\n                <li style=\"display: none; width: 100%;\" class=\"slide-840 ms-image \" aria-roledescription=\"slide\" data-date=\"2017-11-06 15:46:43\" data-filename=\"slider-home-cadiz.jpg\" data-slide-type=\"image\"><img  title=\"Inicio - Grupo Jannone\" decoding=\"async\" src=\"https:\/\/www.jannone.net\/es\/wp-content\/uploads\/2017\/11\/slider-home-cadiz.jpg\" height=\"537\" width=\"1600\"  alt=\"Inicio - Grupo Jannone\"  class=\"slider-60 slide-840 msDefaultImage\" \/><\/li>\n            <\/ul>\n        <\/div>\n        \n    <\/div>\n<\/div>\n<div class=\"mt-4\"><\/div>\n<div class=\"container-fluid\">\n<div class=\"row\">\n<div class=\"col-xs-12 col-md-4\">\n<h2 class=\"text-center\">\u00daLTIMAS NOTICIAS<\/h2>\n<p><img  title=\"Inicio - Grupo Jannone\" decoding=\"async\" class=\"aligncenter size-full wp-image-66\" src=\"https:\/\/www.jannone.net\/es\/wp-content\/uploads\/2017\/04\/separador-verde.png\"  alt=\"Inicio - Grupo Jannone\"  width=\"174\" height=\"40\" \/><div class=\"pt-cv-wrapper\"><div class=\"pt-cv-view pt-cv-grid pt-cv-colsys\" id=\"pt-cv-view-bddb7e93h5\"><div data-id=\"pt-cv-page-1\" class=\"pt-cv-page\" data-cvc=\"1\"><div class=\"col-md-12 col-sm-12 col-xs-12 pt-cv-content-item pt-cv-1-col\" ><div class='pt-cv-ifield'><h4 class=\"pt-cv-title\"><a href=\"https:\/\/www.jannone.net\/es\/augusto-jannone-recibe-el-premio-a-la-trayectoria-empresarial-en-los-premios-ces-2024\/\" class=\"_self\" target=\"_self\" >Augusto Jannone recibe el Premio a la Trayectoria Empresarial en los Premios CES 2024<\/a><\/h4>\n<div class=\"pt-cv-content\">La\u00a0Confederaci\u00f3n de Empresarios de Sevilla (CES)\u00a0ha entregado, en el Acuario de Sevilla, los\u00a0Premios Empresariales CES ...<br \/><div class=\"pt-cv-rmwrap\"><a href=\"https:\/\/www.jannone.net\/es\/augusto-jannone-recibe-el-premio-a-la-trayectoria-empresarial-en-los-premios-ces-2024\/\" class=\"_self pt-cv-readmore btn btn-success\" target=\"_self\">Leer M\u00e1s<\/a><\/div><\/div><\/div><\/div>\n<div class=\"col-md-12 col-sm-12 col-xs-12 pt-cv-content-item pt-cv-1-col\" ><div class='pt-cv-ifield'><h4 class=\"pt-cv-title\"><a href=\"https:\/\/www.jannone.net\/es\/isoplus-group-y-jannone-tubos-sl-inician-el-mayor-proyecto-de-energia-termica-renovable-en-valladolid\/\" class=\"_self\" target=\"_self\" >Isoplus Group y Jannone Tubos SL inician el mayor proyecto de energ\u00eda t\u00e9rmica renovable en Valladolid<\/a><\/h4>\n<div class=\"pt-cv-content\">Isoplus Group en asociaci\u00f3n con Jannone Tubos SL estamos ejecutando la obra en Valladolid, proyecto ...<br \/><div class=\"pt-cv-rmwrap\"><a href=\"https:\/\/www.jannone.net\/es\/isoplus-group-y-jannone-tubos-sl-inician-el-mayor-proyecto-de-energia-termica-renovable-en-valladolid\/\" class=\"_self pt-cv-readmore btn btn-success\" target=\"_self\">Leer M\u00e1s<\/a><\/div><\/div><\/div><\/div><\/div><\/div><\/div><\/p>\n<\/div>\n<div class=\"col-xs-12 col-md-4\">\n<h2 class=\"text-center\">UBICACI\u00d3N<\/h2>\n<p><img  title=\"Inicio - Grupo Jannone\" decoding=\"async\" class=\"aligncenter size-full wp-image-66\" src=\"https:\/\/www.jannone.net\/es\/wp-content\/uploads\/2017\/04\/separador-verde.png\"  alt=\"Inicio - Grupo Jannone\"  width=\"174\" height=\"40\" \/><div id=\"wpgmza_map\" class=\"wpgmza_map\" data-settings='{\"id\":\"1\",\"map_title\":\"home\",\"map_width\":\"100\",\"map_height\":\"300\",\"map_start_lat\":\"38.879619\",\"map_start_lng\":\"-3.983958\",\"map_start_location\":\"38.87961877614146,-3.9839575937500094\",\"map_start_zoom\":\"6\",\"default_marker\":\"0\",\"type\":\"1\",\"alignment\":\"2\",\"directions_enabled\":\"1\",\"styling_enabled\":\"0\",\"styling_json\":\"\",\"active\":\"0\",\"kml\":\"\",\"bicycle\":\"0\",\"traffic\":\"0\",\"dbox\":\"1\",\"dbox_width\":\"100\",\"listmarkers\":\"0\",\"listmarkers_advanced\":\"0\",\"filterbycat\":\"0\",\"ugm_enabled\":\"0\",\"ugm_category_enabled\":\"0\",\"fusion\":\"\",\"map_width_type\":\"\\\\%\",\"map_height_type\":\"px\",\"mass_marker_support\":\"1\",\"ugm_access\":\"0\",\"order_markers_by\":\"1\",\"order_markers_choice\":\"2\",\"show_user_location\":\"0\",\"default_to\":\"\",\"other_settings\":{\"store_locator_enabled\":2,\"store_locator_distance\":2,\"store_locator_bounce\":1,\"store_locator_query_string\":\"ZIP \\\/ C\\u00f3digo Postal \\\/ Direcci\\u00f3n\",\"store_locator_default_address\":\"\",\"wpgmza_store_locator_restrict\":\"\",\"map_max_zoom\":\"1\",\"transport_layer\":0,\"wpgmza_theme_data\":\"\"}}' data-map-id='1' Data-maps-engine='' data-shortcode-attributes='{\"id\":\"1\"}' style=\"display:block; overflow:auto; width:100%; height:300px; float:left;\"><\/div><\/p>\n<\/div>\n<div class=\"col-xs-12 col-md-4\">\n<h2 class=\"text-center\">CONTACTO<\/h2>\n<p><img  title=\"Inicio - Grupo Jannone\" decoding=\"async\" class=\"aligncenter size-full wp-image-66\" src=\"https:\/\/www.jannone.net\/es\/wp-content\/uploads\/2017\/04\/separador-verde.png\"  alt=\"Inicio - Grupo Jannone\"  width=\"174\" height=\"40\" \/>\n<div class=\"wpcf7 no-js\" id=\"wpcf7-f80-o1\" lang=\"es-ES\" dir=\"ltr\" data-wpcf7-id=\"80\">\n<div class=\"screen-reader-response\"><p role=\"status\" aria-live=\"polite\" aria-atomic=\"true\"><\/p> <ul><\/ul><\/div>\n<form action=\"\/es\/wp-json\/wp\/v2\/pages\/6#wpcf7-f80-o1\" method=\"post\" class=\"wpcf7-form init\" aria-label=\"Formulario de contacto\" novalidate=\"novalidate\" data-status=\"init\">\n<fieldset class=\"hidden-fields-container\"><input type=\"hidden\" name=\"_wpcf7\" value=\"80\" \/><input type=\"hidden\" name=\"_wpcf7_version\" value=\"6.1.4\" \/><input type=\"hidden\" name=\"_wpcf7_locale\" value=\"es_ES\" \/><input type=\"hidden\" name=\"_wpcf7_unit_tag\" value=\"wpcf7-f80-o1\" \/><input type=\"hidden\" name=\"_wpcf7_container_post\" value=\"0\" \/><input type=\"hidden\" name=\"_wpcf7_posted_data_hash\" value=\"\" \/><input type=\"hidden\" name=\"_wpcf7_recaptcha_response\" value=\"\" \/>\n<\/fieldset>\n<div class=\"row\">\n\t<div class=\"col-xs-12 col-md-12\">\n\t\t<p><span class=\"wpcf7-form-control-wrap\" data-name=\"your-name\"><input size=\"40\" maxlength=\"400\" class=\"wpcf7-form-control wpcf7-text wpcf7-validates-as-required form-home\" aria-required=\"true\" aria-invalid=\"false\" placeholder=\"Nombre (*)\" value=\"\" type=\"text\" name=\"your-name\" \/><\/span>\n\t\t<\/p>\n\t<\/div>\n<\/div>\n<div class=\"row\">\n\t<div class=\"col-xs-12 col-md-6\">\n\t\t<p><span class=\"wpcf7-form-control-wrap\" data-name=\"your-email\"><input size=\"40\" maxlength=\"400\" class=\"wpcf7-form-control wpcf7-email wpcf7-validates-as-required wpcf7-text wpcf7-validates-as-email form-home\" aria-required=\"true\" aria-invalid=\"false\" placeholder=\"Email (*)\" value=\"\" type=\"email\" name=\"your-email\" \/><\/span>\n\t\t<\/p>\n\t<\/div>\n\t<div class=\"col-xs-12 col-md-6\">\n\t\t<p><span class=\"wpcf7-form-control-wrap\" data-name=\"tel-840\"><input size=\"40\" maxlength=\"400\" class=\"wpcf7-form-control wpcf7-tel wpcf7-text wpcf7-validates-as-tel form-home\" aria-invalid=\"false\" placeholder=\"Tel\u00e9fono\" value=\"\" type=\"tel\" name=\"tel-840\" \/><\/span>\n\t\t<\/p>\n\t<\/div>\n<\/div>\n<div class=\"row\">\n\t<div class=\"col-xs-12 col-md-12\">\n\t\t<p><span class=\"wpcf7-form-control-wrap\" data-name=\"your-message\"><textarea cols=\"40\" rows=\"4\" maxlength=\"2000\" class=\"wpcf7-form-control wpcf7-textarea form-home\" aria-invalid=\"false\" placeholder=\"Mensaje\" name=\"your-message\"><\/textarea><\/span>\n\t\t<\/p>\n\t<\/div>\n<\/div>\n<div class=\"row\">\n\t<div class=\"col-xs-12 col-md-12\">\n\t\t<p class=\"text-center\"><span class=\"wpcf7-form-control-wrap\" data-name=\"acceptance-154\"><span class=\"wpcf7-form-control wpcf7-acceptance\"><span class=\"wpcf7-list-item\"><input type=\"checkbox\" name=\"acceptance-154\" value=\"1\" aria-invalid=\"false\" \/><\/span><\/span><\/span> He le\u00eddo y acepto la <a href=\"https:\/\/www.jannone.net\/es\/politica-de-privacidad\/\" target=\"_blank\">pol\u00edtica de privacidad<\/a>\n\t\t<\/p>\n\t<\/div>\n<\/div>\n<div class=\"row\">\n\t<div class=\"col-xs-12 col-md-12\">\n\t\t<p><input class=\"wpcf7-form-control wpcf7-submit has-spinner\" type=\"submit\" value=\"Enviar\" \/>\n\t\t<\/p>\n\t<\/div>\n<\/div><p style=\"display: none !important;\" class=\"akismet-fields-container\" data-prefix=\"_wpcf7_ak_\"><label>&#916;<textarea name=\"_wpcf7_ak_hp_textarea\" cols=\"45\" rows=\"8\" maxlength=\"100\"><\/textarea><\/label><input type=\"hidden\" id=\"ak_js_1\" name=\"_wpcf7_ak_js\" value=\"161\"\/><script>document.getElementById( \"ak_js_1\" ).setAttribute( \"value\", ( new Date() ).getTime() );<\/script><\/p><div class=\"wpcf7-response-output\" aria-hidden=\"true\"><\/div>\n<\/form>\n<\/div>\n<\/p>\n<\/div>\n<\/div>\n<\/div>\n","protected":false},"excerpt":{"rendered":"<p>TUBOS MADERAS AGROINDUSTRIA REAL ESTATE BIENVENIDOS A JANNONE Jannone S.A. es la sociedad pionera de este grupo familiar de empresas. Hace m\u00e1s de 80 a\u00f1os que empez\u00f3 su trayectoria siendo hoy un referente importante en el sector de la madera en Andaluc\u00eda. En el a\u00f1o 2002 se fund\u00f3 la empresa Jannone Tubos S.L. para ofrecer [&#8230;]<\/p>\n<p><a class=\"btn btn-secondary understrap-read-more-link\" href=\"https:\/\/www.jannone.net\/es\/\">Leer m\u00e1s&#8230;<\/a><\/p>\n","protected":false},"author":2,"featured_media":0,"parent":0,"menu_order":0,"comment_status":"closed","ping_status":"closed","template":"diseno-home.php","meta":{"_seopress_robots_primary_cat":"0","_seopress_titles_title":"Grupo Jannone: Almac\u00e9n distribuidor de maderas y comercializador de tuber\u00edas","_seopress_titles_desc":"annone S.A. es la sociedad pionera de este grupo familiar de empresas. Hace m\u00e1s de 80 a\u00f1os que empez\u00f3 su trayectoria siendo hoy un referente importante en el sector de la madera en Andaluc\u00eda. En el a\u00f1o 2002 se fund\u00f3 la empresa Jannone Tubos S.L. para ofrecer tambi\u00e9n a sus clientes la comercializaci\u00f3n y distribuci\u00f3n de tuber\u00edas de conducci\u00f3n, contraincendios, preaisladas, estructurales o de gres, junto con sus accesorios, as\u00ed como soluciones t\u00e9cnicas en cualquier instalaci\u00f3n.","_seopress_robots_index":"","footnotes":""},"class_list":["post-6","page","type-page","status-publish","hentry"],"yoast_head":"<!-- This site is optimized with the Yoast SEO plugin v26.8 - https:\/\/yoast.com\/product\/yoast-seo-wordpress\/ -->\n<title>Grupo Jannone: Almac\u00e9n distribuidor de maderas y comercializador de tuber\u00edas<\/title>\n<meta name=\"description\" content=\"annone S.A. es la sociedad pionera de este grupo familiar de empresas. Hace m\u00e1s de 80 a\u00f1os que empez\u00f3 su trayectoria siendo hoy un referente importante en el sector de la madera en Andaluc\u00eda. En el a\u00f1o 2002 se fund\u00f3 la empresa Jannone Tubos S.L. para ofrecer tambi\u00e9n a sus clientes la comercializaci\u00f3n y distribuci\u00f3n de tuber\u00edas de conducci\u00f3n, contraincendios, preaisladas, estructurales o de gres, junto con sus accesorios, as\u00ed como soluciones t\u00e9cnicas en cualquier instalaci\u00f3n.\" \/>\n<meta name=\"robots\" content=\"index, follow, max-snippet:-1, max-image-preview:large, max-video-preview:-1\" \/>\n<link rel=\"canonical\" href=\"https:\/\/www.jannone.net\/es\/\" \/>\n<meta property=\"og:locale\" content=\"es_ES\" \/>\n<meta property=\"og:type\" content=\"article\" \/>\n<meta property=\"og:title\" content=\"Grupo Jannone: Almac\u00e9n distribuidor de maderas y comercializador de tuber\u00edas\" \/>\n<meta property=\"og:description\" content=\"annone S.A. es la sociedad pionera de este grupo familiar de empresas. Hace m\u00e1s de 80 a\u00f1os que empez\u00f3 su trayectoria siendo hoy un referente importante en el sector de la madera en Andaluc\u00eda. En el a\u00f1o 2002 se fund\u00f3 la empresa Jannone Tubos S.L. para ofrecer tambi\u00e9n a sus clientes la comercializaci\u00f3n y distribuci\u00f3n de tuber\u00edas de conducci\u00f3n, contraincendios, preaisladas, estructurales o de gres, junto con sus accesorios, as\u00ed como soluciones t\u00e9cnicas en cualquier instalaci\u00f3n.\" \/>\n<meta property=\"og:url\" content=\"https:\/\/www.jannone.net\/es\/\" \/>\n<meta property=\"og:site_name\" content=\"Jannone\" \/>\n<meta property=\"article:modified_time\" content=\"2024-11-13T09:45:37+00:00\" \/>\n<meta property=\"og:image\" content=\"https:\/\/www.jannone.net\/es\/wp-content\/uploads\/2017\/04\/separador-blanco.png\" \/>\n\t<meta property=\"og:image:width\" content=\"183\" \/>\n\t<meta property=\"og:image:height\" content=\"38\" \/>\n\t<meta property=\"og:image:type\" content=\"image\/png\" \/>\n<meta name=\"twitter:label1\" content=\"Tiempo de lectura\" \/>\n\t<meta name=\"twitter:data1\" content=\"2 minutos\" \/>\n<script type=\"application\/ld+json\" class=\"yoast-schema-graph\">{\"@context\":\"https:\/\/schema.org\",\"@graph\":[{\"@type\":\"WebPage\",\"@id\":\"https:\/\/www.jannone.net\/es\/\",\"url\":\"https:\/\/www.jannone.net\/es\/\",\"name\":\"Grupo Jannone: Almac\u00e9n distribuidor de maderas y comercializador de tuber\u00edas\",\"isPartOf\":{\"@id\":\"https:\/\/www.jannone.net\/es\/#website\"},\"primaryImageOfPage\":{\"@id\":\"https:\/\/www.jannone.net\/es\/#primaryimage\"},\"image\":{\"@id\":\"https:\/\/www.jannone.net\/es\/#primaryimage\"},\"thumbnailUrl\":\"https:\/\/www.jannone.net\/es\/wp-content\/uploads\/2017\/04\/separador-blanco.png\",\"datePublished\":\"2017-04-19T11:35:59+00:00\",\"dateModified\":\"2024-11-13T09:45:37+00:00\",\"description\":\"annone S.A. es la sociedad pionera de este grupo familiar de empresas. Hace m\u00e1s de 80 a\u00f1os que empez\u00f3 su trayectoria siendo hoy un referente importante en el sector de la madera en Andaluc\u00eda. En el a\u00f1o 2002 se fund\u00f3 la empresa Jannone Tubos S.L. para ofrecer tambi\u00e9n a sus clientes la comercializaci\u00f3n y distribuci\u00f3n de tuber\u00edas de conducci\u00f3n, contraincendios, preaisladas, estructurales o de gres, junto con sus accesorios, as\u00ed como soluciones t\u00e9cnicas en cualquier instalaci\u00f3n.\",\"breadcrumb\":{\"@id\":\"https:\/\/www.jannone.net\/es\/#breadcrumb\"},\"inLanguage\":\"es\",\"potentialAction\":[{\"@type\":\"ReadAction\",\"target\":[\"https:\/\/www.jannone.net\/es\/\"]}]},{\"@type\":\"ImageObject\",\"inLanguage\":\"es\",\"@id\":\"https:\/\/www.jannone.net\/es\/#primaryimage\",\"url\":\"https:\/\/www.jannone.net\/es\/wp-content\/uploads\/2017\/04\/separador-blanco.png\",\"contentUrl\":\"https:\/\/www.jannone.net\/es\/wp-content\/uploads\/2017\/04\/separador-blanco.png\",\"width\":183,\"height\":38},{\"@type\":\"BreadcrumbList\",\"@id\":\"https:\/\/www.jannone.net\/es\/#breadcrumb\",\"itemListElement\":[{\"@type\":\"ListItem\",\"position\":1,\"name\":\"Portada\",\"item\":\"https:\/\/www.jannone.net\/es\/\"},{\"@type\":\"ListItem\",\"position\":2,\"name\":\"Inicio\"}]},{\"@type\":\"WebSite\",\"@id\":\"https:\/\/www.jannone.net\/es\/#website\",\"url\":\"https:\/\/www.jannone.net\/es\/\",\"name\":\"Jannone\",\"description\":\"Distribuidores de tubos y maderas\",\"potentialAction\":[{\"@type\":\"SearchAction\",\"target\":{\"@type\":\"EntryPoint\",\"urlTemplate\":\"https:\/\/www.jannone.net\/es\/?s={search_term_string}\"},\"query-input\":{\"@type\":\"PropertyValueSpecification\",\"valueRequired\":true,\"valueName\":\"search_term_string\"}}],\"inLanguage\":\"es\"}]}<\/script>\n<!-- \/ Yoast SEO plugin. -->","yoast_head_json":{"title":"Grupo Jannone: Almac\u00e9n distribuidor de maderas y comercializador de tuber\u00edas","description":"annone S.A. es la sociedad pionera de este grupo familiar de empresas. Hace m\u00e1s de 80 a\u00f1os que empez\u00f3 su trayectoria siendo hoy un referente importante en el sector de la madera en Andaluc\u00eda. En el a\u00f1o 2002 se fund\u00f3 la empresa Jannone Tubos S.L. para ofrecer tambi\u00e9n a sus clientes la comercializaci\u00f3n y distribuci\u00f3n de tuber\u00edas de conducci\u00f3n, contraincendios, preaisladas, estructurales o de gres, junto con sus accesorios, as\u00ed como soluciones t\u00e9cnicas en cualquier instalaci\u00f3n.","robots":{"index":"index","follow":"follow","max-snippet":"max-snippet:-1","max-image-preview":"max-image-preview:large","max-video-preview":"max-video-preview:-1"},"canonical":"https:\/\/www.jannone.net\/es\/","og_locale":"es_ES","og_type":"article","og_title":"Grupo Jannone: Almac\u00e9n distribuidor de maderas y comercializador de tuber\u00edas","og_description":"annone S.A. es la sociedad pionera de este grupo familiar de empresas. Hace m\u00e1s de 80 a\u00f1os que empez\u00f3 su trayectoria siendo hoy un referente importante en el sector de la madera en Andaluc\u00eda. En el a\u00f1o 2002 se fund\u00f3 la empresa Jannone Tubos S.L. para ofrecer tambi\u00e9n a sus clientes la comercializaci\u00f3n y distribuci\u00f3n de tuber\u00edas de conducci\u00f3n, contraincendios, preaisladas, estructurales o de gres, junto con sus accesorios, as\u00ed como soluciones t\u00e9cnicas en cualquier instalaci\u00f3n.","og_url":"https:\/\/www.jannone.net\/es\/","og_site_name":"Jannone","article_modified_time":"2024-11-13T09:45:37+00:00","og_image":[{"width":183,"height":38,"url":"https:\/\/www.jannone.net\/es\/wp-content\/uploads\/2017\/04\/separador-blanco.png","type":"image\/png"}],"twitter_misc":{"Tiempo de lectura":"2 minutos"},"schema":{"@context":"https:\/\/schema.org","@graph":[{"@type":"WebPage","@id":"https:\/\/www.jannone.net\/es\/","url":"https:\/\/www.jannone.net\/es\/","name":"Grupo Jannone: Almac\u00e9n distribuidor de maderas y comercializador de tuber\u00edas","isPartOf":{"@id":"https:\/\/www.jannone.net\/es\/#website"},"primaryImageOfPage":{"@id":"https:\/\/www.jannone.net\/es\/#primaryimage"},"image":{"@id":"https:\/\/www.jannone.net\/es\/#primaryimage"},"thumbnailUrl":"https:\/\/www.jannone.net\/es\/wp-content\/uploads\/2017\/04\/separador-blanco.png","datePublished":"2017-04-19T11:35:59+00:00","dateModified":"2024-11-13T09:45:37+00:00","description":"annone S.A. es la sociedad pionera de este grupo familiar de empresas. Hace m\u00e1s de 80 a\u00f1os que empez\u00f3 su trayectoria siendo hoy un referente importante en el sector de la madera en Andaluc\u00eda. En el a\u00f1o 2002 se fund\u00f3 la empresa Jannone Tubos S.L. para ofrecer tambi\u00e9n a sus clientes la comercializaci\u00f3n y distribuci\u00f3n de tuber\u00edas de conducci\u00f3n, contraincendios, preaisladas, estructurales o de gres, junto con sus accesorios, as\u00ed como soluciones t\u00e9cnicas en cualquier instalaci\u00f3n.","breadcrumb":{"@id":"https:\/\/www.jannone.net\/es\/#breadcrumb"},"inLanguage":"es","potentialAction":[{"@type":"ReadAction","target":["https:\/\/www.jannone.net\/es\/"]}]},{"@type":"ImageObject","inLanguage":"es","@id":"https:\/\/www.jannone.net\/es\/#primaryimage","url":"https:\/\/www.jannone.net\/es\/wp-content\/uploads\/2017\/04\/separador-blanco.png","contentUrl":"https:\/\/www.jannone.net\/es\/wp-content\/uploads\/2017\/04\/separador-blanco.png","width":183,"height":38},{"@type":"BreadcrumbList","@id":"https:\/\/www.jannone.net\/es\/#breadcrumb","itemListElement":[{"@type":"ListItem","position":1,"name":"Portada","item":"https:\/\/www.jannone.net\/es\/"},{"@type":"ListItem","position":2,"name":"Inicio"}]},{"@type":"WebSite","@id":"https:\/\/www.jannone.net\/es\/#website","url":"https:\/\/www.jannone.net\/es\/","name":"Jannone","description":"Distribuidores de tubos y maderas","potentialAction":[{"@type":"SearchAction","target":{"@type":"EntryPoint","urlTemplate":"https:\/\/www.jannone.net\/es\/?s={search_term_string}"},"query-input":{"@type":"PropertyValueSpecification","valueRequired":true,"valueName":"search_term_string"}}],"inLanguage":"es"}]}},"_links":{"self":[{"href":"https:\/\/www.jannone.net\/es\/wp-json\/wp\/v2\/pages\/6","targetHints":{"allow":["GET"]}}],"collection":[{"href":"https:\/\/www.jannone.net\/es\/wp-json\/wp\/v2\/pages"}],"about":[{"href":"https:\/\/www.jannone.net\/es\/wp-json\/wp\/v2\/types\/page"}],"author":[{"embeddable":true,"href":"https:\/\/www.jannone.net\/es\/wp-json\/wp\/v2\/users\/2"}],"replies":[{"embeddable":true,"href":"https:\/\/www.jannone.net\/es\/wp-json\/wp\/v2\/comments?post=6"}],"version-history":[{"count":5,"href":"https:\/\/www.jannone.net\/es\/wp-json\/wp\/v2\/pages\/6\/revisions"}],"predecessor-version":[{"id":461,"href":"https:\/\/www.jannone.net\/es\/wp-json\/wp\/v2\/pages\/6\/revisions\/461"}],"wp:attachment":[{"href":"https:\/\/www.jannone.net\/es\/wp-json\/wp\/v2\/media?parent=6"}],"curies":[{"name":"wp","href":"https:\/\/api.w.org\/{rel}","templated":true}]}}