{"id":524,"date":"2017-09-18T15:12:35","date_gmt":"2017-09-18T13:12:35","guid":{"rendered":"https:\/\/www.jannone.net\/es\/?page_id=524"},"modified":"2023-01-20T08:58:04","modified_gmt":"2023-01-20T07:58:04","slug":"sectores-utilidades-referencias","status":"publish","type":"page","link":"https:\/\/www.jannone.net\/es\/tubos\/sectores-utilidades-referencias\/","title":{"rendered":"Sectores, utilidades y referencias"},"content":{"rendered":"<p><img  title=\"Petroqu\u00edmica - Grupo Jannone\" decoding=\"async\" class=\"aligncenter size-full wp-image-946 img-full\" src=\"https:\/\/www.jannone.net\/es\/wp-content\/uploads\/2017\/09\/cabecera-producto-sectores.jpg\"  alt=\"Petroqu\u00edmica - Grupo Jannone\"  width=\"1801\" height=\"461\" srcset=\"https:\/\/www.jannone.net\/es\/wp-content\/uploads\/2017\/09\/cabecera-producto-sectores.jpg 1801w, https:\/\/www.jannone.net\/es\/wp-content\/uploads\/2017\/09\/cabecera-producto-sectores-300x77.jpg 300w, https:\/\/www.jannone.net\/es\/wp-content\/uploads\/2017\/09\/cabecera-producto-sectores-768x197.jpg 768w, https:\/\/www.jannone.net\/es\/wp-content\/uploads\/2017\/09\/cabecera-producto-sectores-1024x262.jpg 1024w\" sizes=\"(max-width: 1801px) 100vw, 1801px\" \/><\/p>\n<div class=\"container\">\n<div class=\"row\">\n<div class=\"col-xs-12 col-md-12\">\n<h1 class=\"titulo-productos\">Sectores, utilidades y referencias<\/h1>\n<\/div>\n<\/div>\n<\/div>\n<div class=\"mt-4\"><\/div>\n<div class=\"row\">\n<div class=\"col-md-6 fondo-verde-interior d-flex animated fadeInLeftBig duration3 eds-on-scroll\">\n<div class=\"padding-caja-izq\">\n<div class=\"container\">\n<div class=\"row mt-4 mb-4\">\n<h2>Sectores<\/h2>\n<ul>\n<li>Energ\u00eda y producci\u00f3n<\/li>\n<li>Industria en general<\/li>\n<li>Construcci\u00f3n<\/li>\n<li>Estructuras tubulares<\/li>\n<li>Oil&amp;Gas<\/li>\n<li>Petroqu\u00edmico<\/li>\n<li>Offshore<\/li>\n<li>Naval<\/li>\n<li>Clima<\/li>\n<li>Redes Calor y Frio<\/li>\n<li>Protecci\u00f3n contra incendios<\/li>\n<\/ul>\n<\/div>\n<\/div>\n<\/div>\n<\/div>\n<div class=\"col-md-6 fondo-azul-interior d-flex flex-column animated fadeInRightBig duration3 eds-on-scroll\">\n<div class=\"padding-caja-der\">\n<div class=\"container\">\n<div class=\"row mt-4 mb-4\">\n<h2>Utilidades<\/h2>\n<ul>\n<li><a href=\"https:\/\/www.jannone.net\/es\/wp-content\/uploads\/2017\/11\/1.-Dimensiones-y-pesos-de-tuberias-EN-DIN-y-ASTM-API.pdf\" target=\"_blank\" rel=\"noopener\">Dimensiones y pesos de tuber\u00edas EN\/DIN y ASTM\/API<\/a><\/li>\n<li><a href=\"https:\/\/www.jannone.net\/es\/wp-content\/uploads\/2017\/09\/2.-EQUIVALENCIAS-MA\u0301S-CERCANAS-DE-CALIDADES-Y-NORMAS-.pdf\" target=\"_blank\" rel=\"noopener\"> Equivalencias m\u00e1s cercanas de calidades y normas<\/a><\/li>\n<li>F\u00f3rmulas: C\u00e1lculo de peso acero al carbono, aleados e inoxidables<\/li>\n<li><a href=\"https:\/\/www.jannone.net\/es\/wp-content\/uploads\/2017\/09\/4-FATIGA-MA\u0301XIMA-ADMISIBLE-ASTM-API.pdf\" target=\"_blank\" rel=\"noopener\"> Fatiga m\u00e1xima adminisble &#8211; ASTM\/API<\/a><\/li>\n<li>F\u00f3rmulas: relaci\u00f3n entre di\u00e1metro &#8211; velocidad &#8211; caudal<\/li>\n<\/ul>\n<\/div>\n<\/div>\n<\/div>\n<\/div>\n<\/div>\n<div class=\"mt-4\"><\/div>\n<div class=\"row\">\n<div class=\"col-xs-12 col-md-12\">\n<h3 class=\"text-center\">Obras realizadas<\/h3>\n<div  class=\"lgx-carousel-section\"  ><div class=\"lgx-section-inner\" style=\"background-color:rgba(241,241,241,0.85); color:#333333;\"><div class=\"lgx-carousel-wrapper\"><div class=\"lgx-carousel\"  data-margin=\"10\"  data-loop=\"true\"  data-nav=\"false\"  data-autoplay=\"true\"  data-autoplaytimeout=\"5000\"  data-lazyload=\"false\"  data-addclassactive=\"true\"  data-autoplayhoverpause=\"false\"  data-video=\"false\"  data-animateout=\"\"  data-animatein=\"\"  data-dots=\"false\"  data-videoheight=\"350\"  data-videowidth=\"false\"  data-smartspeed=\"500\"  data-slidespeed=\"200\"  data-paginationspeed=\"800\"  data-itemlarge=\"1\"  data-itemdesk=\"1\"  data-itemtablet=\"1\"  data-itemmobile=\"1\"  data-navlarge=\"true\"  data-navdesk=\"true\"  data-navtablet=\"true\"  data-navmobile=\"true\"  ><div class=\"item lgx-item\" ><h4 style=\"text-align: center;\">Aeropuertos<\/h4>\r\n<p>Aeropuerto Internacional de Argel<br>\r\nAeropuerto Gibraltar<br>\r\nAeropuerto de Mallorca<br>\r\nAeropuerto M\u00e1laga<\/p><\/div><div class=\"item lgx-item\" ><h4 style=\"text-align: center;\">Hospitales<\/h4>\r\n<p>Nuevo hospital Vigo<br>\r\nHospital de La Paz Madrid<br>\r\nHospital universitario Son Dureta<br>\r\nHospital Mieres Asturias<\/p><\/div><div class=\"item lgx-item\" ><h4 style=\"text-align: center;\">Plantas industriales<\/h4>\r\n<p>Airbus<br>\r\nArcelor<br>\r\nNissa<br>\r\nPapelera Chile<\/p><\/div><div class=\"item lgx-item\" ><h4 style=\"text-align: center;\">Edificaci\u00f3n<\/h4>\r\n<p>Torre Pelli Sevilla<br>\r\nBBVA Madrid<br>\r\nC\u00e1rcel Archidona<br>\r\nUniversidad Granada<\/p><\/div><div class=\"item lgx-item\" ><h4 style=\"text-align: center;\">Pantalanes<\/h4>\r\n<p>Reina Sof\u00eda Cepsa<br>\r\nDecal Huelva<br>\r\nDique Norte puerto de M\u00e1laga<br>\r\nPuerto deportivo La L\u00ednea<\/p><\/div><div class=\"item lgx-item\" ><h4 style=\"text-align: center;\">Offshore<\/h4>\r\n<p>Castor<br>\r\nJasmine Conoco Phillips<br>\r\nSouth Arne Project Hess<br>\r\nEkofisk Conoco Phillips<\/p><\/div><div class=\"item lgx-item\" ><h4 style=\"text-align: center;\">Energ\u00eda<\/h4>\r\n<p>Central T\u00e9rmica Endesa<br>\r\nCentral Energ\u00eda Barcelona<br>\r\nHidroel\u00e9ctrica Angola<br>\r\nCentral El\u00e9ctrica Gibraltar<\/p><\/div><div class=\"item lgx-item\" ><h4 style=\"text-align: center;\">Termosolar<\/h4>\r\n<p>Atacama Chile<br>\r\nTermosolar Sud\u00e1frica<br>\r\nTermosolar Mor\u00f3n de la Fra. Sevilla<br>\r\nTermosolar Marruecos<\/p><\/div><div class=\"item lgx-item\" ><h4 style=\"text-align: center;\">Centro Comercial<\/h4>\r\n<p>Cotsco Sevilla<br>\r\nCC Canalejas Madrid<br>\r\nMakro Barajas<br>\r\nCC Nevada Granada<\/p><\/div><div class=\"item lgx-item\" ><h4 style=\"text-align: center;\">Estructuras<\/h4>\r\n<p>Nuevo Puente de C\u00e1diz<br>\r\nParque Tem\u00e1tico USA<br>\r\nHangar militar Argelia<br>\r\nPuente Guadalfeo<\/p><\/div><div class=\"item lgx-item\" ><h4 style=\"text-align: center;\">Obra Civil<\/h4>\r\n<p>Saneamiento Emasesa<br>\r\nSanaemiento Canal Isabel II<br>\r\nAVE Antequera M\u00e1laga<br>\r\nHinca Muelle de C\u00e1diz<\/p><\/div><div class=\"item lgx-item\" ><h4 style=\"text-align: center;\">Miner\u00eda<\/h4>\r\n<p>Cobre las Cruces Sevilla<br>\r\nMinas de Aguas Te\u00f1idas Huelva<br>\r\nR\u00edo Tinto Huelva<br>\r\nNeves Corvo Portugal<\/p><\/div><div class=\"item lgx-item\" ><h4 style=\"text-align: center;\">Redes de Calor y Fr\u00edo:<\/h4>\r\n<p>Red Urbana Ditriclima Barcelona<br>\r\nAirbus Sevilla<br>\r\nSomacyl Burgos<br>\r\nHip\u00f3dromo La Zarzuela Madrid<\/p><\/div><div class=\"item lgx-item\" ><h4 style=\"text-align: center;\">Petroqu\u00edmica<\/h4>\r\n<p>Repsol<br>\r\nCepsa<br>\r\nGalp<br>\r\nStatoil<br>\r\nCLH<\/p><\/div><\/div><\/div><\/div><\/div>\n<\/div>\n<\/div>\n<div class=\"mt-5\"><\/div>\n<div class=\"row\">\n<div class=\"col-xs-12 col-md-12 text-center\">\n<h3 class=\"text-center\">Reconocimientos<\/h3>\n<div class=\"row\">\n<div class=\"col-xs-12 col-md-1\"><\/div>\n<div class=\"col-xs-12 col-md-2\">\n<p class=\"texto\"><a href=\"https:\/\/www.jannone.net\/es\/wp-content\/uploads\/2017\/09\/ACCIONA-INFRAESTRUCTURAS.pdf\" target=\"_blank\" rel=\"noopener\"><i class=\"fa fa-file-pdf-o\" aria-hidden=\"true\"><\/i> Carta de \u00abAcciona\u00bb<\/a><\/p>\n<div class=\"mt-2\"><\/div>\n<p class=\"texto\"><a href=\"https:\/\/www.jannone.net\/es\/wp-content\/uploads\/2017\/09\/DRAGADOS-PANTALAN-REINA-SOFIA.pdf\" target=\"_blank\" rel=\"noopener\"><i class=\"fa fa-file-pdf-o\" aria-hidden=\"true\"><\/i> Carta de \u00abDragados\u00bb<\/a><\/p>\n<\/div>\n<div class=\"col-xs-12 col-md-2\">\n<p class=\"texto\"><a href=\"https:\/\/www.jannone.net\/es\/wp-content\/uploads\/2017\/09\/ELECNOR-CIS-SEVILLA.pdf\" target=\"_blank\" rel=\"noopener\"><i class=\"fa fa-file-pdf-o\" aria-hidden=\"true\"><\/i> Carta de \u00abElecnor\u00bb<\/a><\/p>\n<div class=\"mt-2\"><\/div>\n<p class=\"texto\"><a href=\"https:\/\/www.jannone.net\/es\/wp-content\/uploads\/2017\/09\/CALLFER.pdf\" target=\"_blank\" rel=\"noopener\"><i class=\"fa fa-file-pdf-o\" aria-hidden=\"true\"><\/i> Carta de \u00abCalfer\u00bb<\/a><\/p>\n<\/div>\n<div class=\"col-xs-12 col-md-2\">\n<p class=\"texto\"><a href=\"https:\/\/www.jannone.net\/es\/wp-content\/uploads\/2017\/09\/FCC-tubo-de-gres.pdf\" target=\"_blank\" rel=\"noopener\"><i class=\"fa fa-file-pdf-o\" aria-hidden=\"true\"><\/i> Carta de \u00abFCC\u00bb<\/a><\/p>\n<div class=\"mt-2\"><\/div>\n<p class=\"texto\"><a href=\"https:\/\/www.jannone.net\/es\/wp-content\/uploads\/2017\/09\/Carta-de-reconocimiento-Suministro-Aeropuert-de-Argel.pdf\" target=\"_blank\" rel=\"noopener\"><i class=\"fa fa-file-pdf-o\" aria-hidden=\"true\"><\/i> Carta de \u00abCobra\u00bb<\/a><\/p>\n<\/div>\n<div class=\"col-xs-12 col-md-2\">\n<p class=\"texto\"><a href=\"https:\/\/www.jannone.net\/es\/wp-content\/uploads\/2017\/09\/ISOLUX-CORVIAM.pdf\" target=\"_blank\" rel=\"noopener\"><i class=\"fa fa-file-pdf-o\" aria-hidden=\"true\"><\/i> Carta de \u00abIsolux\u00bb<\/a><\/p>\n<div class=\"mt-2\"><\/div>\n<p class=\"texto\"><a href=\"https:\/\/www.jannone.net\/es\/wp-content\/uploads\/2017\/09\/CARTA-SATO-OHL-SATIFACCION.pdf\" target=\"_blank\" rel=\"noopener\"><i class=\"fa fa-file-pdf-o\" aria-hidden=\"true\"><\/i> Carta de \u00abSato OHL\u00bb<\/a><\/p>\n<\/div>\n<div class=\"col-xs-12 col-md-2\">\n<p class=\"texto\"><a href=\"https:\/\/www.jannone.net\/es\/wp-content\/uploads\/2017\/09\/scan_2017101818123200.pdf\" target=\"_blank\" rel=\"noopener\"><i class=\"fa fa-file-pdf-o\" aria-hidden=\"true\"><\/i> Carta de \u00abDistriclima\u00bb<\/a><\/p>\n<\/div>\n<div class=\"col-xs-12 col-md-1\"><\/div>\n<\/div>\n<\/div>\n<\/div>\n<div class=\"mt-5\"><\/div>\n<div class=\"row\">\n<div class=\"col-xs-12 col-md-12\">\n<div class=\"row mb-3\">\n<div class=\"col-md-4 mosaico-productos borde-derecha borde-izquierda\">\n<div class=\"tubos-conduccion mosaico-escala mosaico-escala-int\">\n<h3><a class=\"d-flex justify-content-center flex-column\" href=\"https:\/\/www.jannone.net\/es\/tubos\/tuberias-de-conduccion\/\">Tuber\u00edas de conducci\u00f3n<\/a><\/h3>\n<\/div>\n<\/div>\n<div class=\"col-md-4 mosaico-productos borde-derecha borde-izquierda\">\n<div class=\"tubos-incendios mosaico-escala mosaico-escala-int\">\n<h3><a class=\"d-flex justify-content-center flex-column\" href=\"https:\/\/www.jannone.net\/es\/tubos\/tuberias-contra-incendios\/\">Tuber\u00edas contra incendios<\/a><\/h3>\n<\/div>\n<\/div>\n<div class=\"col-md-4 mosaico-productos borde-derecha borde-izquierda\">\n<div class=\"tubos-preaisladas mosaico-escala mosaico-escala-int\">\n<h3><a class=\"d-flex justify-content-center flex-column\" href=\"https:\/\/www.jannone.net\/es\/tubos\/tuberias-preaisladas\/\">Tuber\u00edas preaisladas<\/a><\/h3>\n<\/div>\n<\/div>\n<\/div>\n<\/div>\n<\/div>\n<div class=\"row\">\n<div class=\"col-xs-12 col-md-12\">\n<div class=\"row mb-4\">\n<div class=\"col-md-3 mosaico-productos borde-derecha borde-izquierda\">\n<div class=\"tubos-estructurales mosaico-escala mosaico-escala-int\">\n<h3><a class=\"d-flex justify-content-center flex-column\" href=\"https:\/\/www.jannone.net\/es\/tubos\/tubo-estructural\/\">Tubo estructural<\/a><\/h3>\n<\/div>\n<\/div>\n<div class=\"col-md-3 mosaico-productos borde-derecha borde-izquierda\">\n<div class=\"tubos-accesorios mosaico-escala mosaico-escala-int\">\n<h3><a class=\"d-flex justify-content-center flex-column\" href=\"https:\/\/www.jannone.net\/es\/tubos\/accesorios-bridas-valvulas\/\">Accesorios, bridas y v\u00e1lvulas<\/a><\/h3>\n<\/div>\n<\/div>\n<div class=\"col-md-3 mosaico-productos borde-derecha borde-izquierda\">\n<div class=\"tubos-gres mosaico-escala mosaico-escala-int\">\n<h3><a class=\"d-flex justify-content-center flex-column\" href=\"https:\/\/www.jannone.net\/es\/tubos\/tubo-gres-vitrificado\/\">Tubo de gres vitrificado<\/a><\/h3>\n<\/div>\n<\/div>\n<div class=\"col-md-3 mosaico-productos borde-derecha borde-izquierda\">\n<div class=\"tubos-servicios mosaico-escala mosaico-escala-int\">\n<h3><a class=\"d-flex justify-content-center flex-column\" href=\"https:\/\/www.jannone.net\/es\/tubos\/sectores-utilidades-referencias\/\">Sectores, utilidades y referencias<\/a><\/h3>\n<\/div>\n<\/div>\n<\/div>\n<\/div>\n<\/div>\n","protected":false},"excerpt":{"rendered":"<p>Sectores, utilidades y referencias Sectores Energ\u00eda y producci\u00f3n Industria en general Construcci\u00f3n Estructuras tubulares Oil&amp;Gas Petroqu\u00edmico Offshore Naval Clima Redes Calor y Frio Protecci\u00f3n contra incendios Utilidades Dimensiones y pesos de tuber\u00edas EN\/DIN y ASTM\/API Equivalencias m\u00e1s cercanas de calidades y normas F\u00f3rmulas: C\u00e1lculo de peso acero al carbono, aleados e inoxidables Fatiga m\u00e1xima adminisble [&#8230;]<\/p>\n<p><a class=\"btn btn-secondary understrap-read-more-link\" href=\"https:\/\/www.jannone.net\/es\/lgxcarousel\/petroquimica\/\">Leer m\u00e1s&#8230;<\/a><\/p>\n","protected":false},"author":2,"featured_media":0,"parent":10,"menu_order":0,"comment_status":"closed","ping_status":"closed","template":"page-templates\/empty.php","meta":{"_seopress_robots_primary_cat":"0","_seopress_titles_title":"Sectores, utilidades y referencias - tuber\u00edas ISO - tuber\u00edas DIN - tubo ASTM","_seopress_titles_desc":"Sectores, utilidades y referencias. En Grupo Jannone trabajaos en varios sectores: Energ\u00eda y producci\u00f3n, industria en general, construcci\u00f3n...","_seopress_robots_index":"","footnotes":""},"class_list":["post-524","page","type-page","status-publish","hentry"],"yoast_head":"<!-- This site is optimized with the Yoast SEO plugin v26.8 - https:\/\/yoast.com\/product\/yoast-seo-wordpress\/ -->\n<title>Sectores, utilidades y referencias - tuber\u00edas ISO - tuber\u00edas DIN - tubo ASTM<\/title>\n<meta name=\"description\" content=\"Sectores, utilidades y referencias. En Grupo Jannone trabajaos en varios sectores: Energ\u00eda y producci\u00f3n, industria en general, construcci\u00f3n...\" \/>\n<meta name=\"robots\" content=\"index, follow, max-snippet:-1, max-image-preview:large, max-video-preview:-1\" \/>\n<link rel=\"canonical\" href=\"https:\/\/www.jannone.net\/es\/tubos\/sectores-utilidades-referencias\/\" \/>\n<meta property=\"og:locale\" content=\"es_ES\" \/>\n<meta property=\"og:type\" content=\"article\" \/>\n<meta property=\"og:title\" content=\"Sectores, utilidades y referencias - tuber\u00edas ISO - tuber\u00edas DIN - tubo ASTM\" \/>\n<meta property=\"og:description\" content=\"Sectores, utilidades y referencias. En Grupo Jannone trabajaos en varios sectores: Energ\u00eda y producci\u00f3n, industria en general, construcci\u00f3n...\" \/>\n<meta property=\"og:url\" content=\"https:\/\/www.jannone.net\/es\/tubos\/sectores-utilidades-referencias\/\" \/>\n<meta property=\"og:site_name\" content=\"Jannone\" \/>\n<meta property=\"article:modified_time\" content=\"2023-01-20T07:58:04+00:00\" \/>\n<meta property=\"og:image\" content=\"https:\/\/www.jannone.net\/es\/wp-content\/uploads\/2017\/09\/cabecera-producto-sectores.jpg\" \/>\n<meta name=\"twitter:label1\" content=\"Tiempo de lectura\" \/>\n\t<meta name=\"twitter:data1\" content=\"1 minuto\" \/>\n<script type=\"application\/ld+json\" class=\"yoast-schema-graph\">{\"@context\":\"https:\/\/schema.org\",\"@graph\":[{\"@type\":\"WebPage\",\"@id\":\"https:\/\/www.jannone.net\/es\/tubos\/sectores-utilidades-referencias\/\",\"url\":\"https:\/\/www.jannone.net\/es\/tubos\/sectores-utilidades-referencias\/\",\"name\":\"Sectores, utilidades y referencias - tuber\u00edas ISO - tuber\u00edas DIN - tubo ASTM\",\"isPartOf\":{\"@id\":\"https:\/\/www.jannone.net\/es\/#website\"},\"primaryImageOfPage\":{\"@id\":\"https:\/\/www.jannone.net\/es\/tubos\/sectores-utilidades-referencias\/#primaryimage\"},\"image\":{\"@id\":\"https:\/\/www.jannone.net\/es\/tubos\/sectores-utilidades-referencias\/#primaryimage\"},\"thumbnailUrl\":\"https:\/\/www.jannone.net\/es\/wp-content\/uploads\/2017\/09\/cabecera-producto-sectores.jpg\",\"datePublished\":\"2017-09-18T13:12:35+00:00\",\"dateModified\":\"2023-01-20T07:58:04+00:00\",\"description\":\"Sectores, utilidades y referencias. En Grupo Jannone trabajaos en varios sectores: Energ\u00eda y producci\u00f3n, industria en general, construcci\u00f3n...\",\"breadcrumb\":{\"@id\":\"https:\/\/www.jannone.net\/es\/tubos\/sectores-utilidades-referencias\/#breadcrumb\"},\"inLanguage\":\"es\",\"potentialAction\":[{\"@type\":\"ReadAction\",\"target\":[\"https:\/\/www.jannone.net\/es\/tubos\/sectores-utilidades-referencias\/\"]}]},{\"@type\":\"ImageObject\",\"inLanguage\":\"es\",\"@id\":\"https:\/\/www.jannone.net\/es\/tubos\/sectores-utilidades-referencias\/#primaryimage\",\"url\":\"https:\/\/www.jannone.net\/es\/wp-content\/uploads\/2017\/09\/cabecera-producto-sectores.jpg\",\"contentUrl\":\"https:\/\/www.jannone.net\/es\/wp-content\/uploads\/2017\/09\/cabecera-producto-sectores.jpg\",\"width\":1801,\"height\":461},{\"@type\":\"BreadcrumbList\",\"@id\":\"https:\/\/www.jannone.net\/es\/tubos\/sectores-utilidades-referencias\/#breadcrumb\",\"itemListElement\":[{\"@type\":\"ListItem\",\"position\":1,\"name\":\"Portada\",\"item\":\"https:\/\/www.jannone.net\/es\/\"},{\"@type\":\"ListItem\",\"position\":2,\"name\":\"Tubos\",\"item\":\"https:\/\/www.jannone.net\/es\/tubos\/\"},{\"@type\":\"ListItem\",\"position\":3,\"name\":\"Sectores, utilidades y referencias\"}]},{\"@type\":\"WebSite\",\"@id\":\"https:\/\/www.jannone.net\/es\/#website\",\"url\":\"https:\/\/www.jannone.net\/es\/\",\"name\":\"Jannone\",\"description\":\"Distribuidores de tubos y maderas\",\"potentialAction\":[{\"@type\":\"SearchAction\",\"target\":{\"@type\":\"EntryPoint\",\"urlTemplate\":\"https:\/\/www.jannone.net\/es\/?s={search_term_string}\"},\"query-input\":{\"@type\":\"PropertyValueSpecification\",\"valueRequired\":true,\"valueName\":\"search_term_string\"}}],\"inLanguage\":\"es\"}]}<\/script>\n<!-- \/ Yoast SEO plugin. -->","yoast_head_json":{"title":"Sectores, utilidades y referencias - tuber\u00edas ISO - tuber\u00edas DIN - tubo ASTM","description":"Sectores, utilidades y referencias. En Grupo Jannone trabajaos en varios sectores: Energ\u00eda y producci\u00f3n, industria en general, construcci\u00f3n...","robots":{"index":"index","follow":"follow","max-snippet":"max-snippet:-1","max-image-preview":"max-image-preview:large","max-video-preview":"max-video-preview:-1"},"canonical":"https:\/\/www.jannone.net\/es\/tubos\/sectores-utilidades-referencias\/","og_locale":"es_ES","og_type":"article","og_title":"Sectores, utilidades y referencias - tuber\u00edas ISO - tuber\u00edas DIN - tubo ASTM","og_description":"Sectores, utilidades y referencias. En Grupo Jannone trabajaos en varios sectores: Energ\u00eda y producci\u00f3n, industria en general, construcci\u00f3n...","og_url":"https:\/\/www.jannone.net\/es\/tubos\/sectores-utilidades-referencias\/","og_site_name":"Jannone","article_modified_time":"2023-01-20T07:58:04+00:00","og_image":[{"url":"https:\/\/www.jannone.net\/es\/wp-content\/uploads\/2017\/09\/cabecera-producto-sectores.jpg","type":"","width":"","height":""}],"twitter_misc":{"Tiempo de lectura":"1 minuto"},"schema":{"@context":"https:\/\/schema.org","@graph":[{"@type":"WebPage","@id":"https:\/\/www.jannone.net\/es\/tubos\/sectores-utilidades-referencias\/","url":"https:\/\/www.jannone.net\/es\/tubos\/sectores-utilidades-referencias\/","name":"Sectores, utilidades y referencias - tuber\u00edas ISO - tuber\u00edas DIN - tubo ASTM","isPartOf":{"@id":"https:\/\/www.jannone.net\/es\/#website"},"primaryImageOfPage":{"@id":"https:\/\/www.jannone.net\/es\/tubos\/sectores-utilidades-referencias\/#primaryimage"},"image":{"@id":"https:\/\/www.jannone.net\/es\/tubos\/sectores-utilidades-referencias\/#primaryimage"},"thumbnailUrl":"https:\/\/www.jannone.net\/es\/wp-content\/uploads\/2017\/09\/cabecera-producto-sectores.jpg","datePublished":"2017-09-18T13:12:35+00:00","dateModified":"2023-01-20T07:58:04+00:00","description":"Sectores, utilidades y referencias. En Grupo Jannone trabajaos en varios sectores: Energ\u00eda y producci\u00f3n, industria en general, construcci\u00f3n...","breadcrumb":{"@id":"https:\/\/www.jannone.net\/es\/tubos\/sectores-utilidades-referencias\/#breadcrumb"},"inLanguage":"es","potentialAction":[{"@type":"ReadAction","target":["https:\/\/www.jannone.net\/es\/tubos\/sectores-utilidades-referencias\/"]}]},{"@type":"ImageObject","inLanguage":"es","@id":"https:\/\/www.jannone.net\/es\/tubos\/sectores-utilidades-referencias\/#primaryimage","url":"https:\/\/www.jannone.net\/es\/wp-content\/uploads\/2017\/09\/cabecera-producto-sectores.jpg","contentUrl":"https:\/\/www.jannone.net\/es\/wp-content\/uploads\/2017\/09\/cabecera-producto-sectores.jpg","width":1801,"height":461},{"@type":"BreadcrumbList","@id":"https:\/\/www.jannone.net\/es\/tubos\/sectores-utilidades-referencias\/#breadcrumb","itemListElement":[{"@type":"ListItem","position":1,"name":"Portada","item":"https:\/\/www.jannone.net\/es\/"},{"@type":"ListItem","position":2,"name":"Tubos","item":"https:\/\/www.jannone.net\/es\/tubos\/"},{"@type":"ListItem","position":3,"name":"Sectores, utilidades y referencias"}]},{"@type":"WebSite","@id":"https:\/\/www.jannone.net\/es\/#website","url":"https:\/\/www.jannone.net\/es\/","name":"Jannone","description":"Distribuidores de tubos y maderas","potentialAction":[{"@type":"SearchAction","target":{"@type":"EntryPoint","urlTemplate":"https:\/\/www.jannone.net\/es\/?s={search_term_string}"},"query-input":{"@type":"PropertyValueSpecification","valueRequired":true,"valueName":"search_term_string"}}],"inLanguage":"es"}]}},"_links":{"self":[{"href":"https:\/\/www.jannone.net\/es\/wp-json\/wp\/v2\/pages\/524","targetHints":{"allow":["GET"]}}],"collection":[{"href":"https:\/\/www.jannone.net\/es\/wp-json\/wp\/v2\/pages"}],"about":[{"href":"https:\/\/www.jannone.net\/es\/wp-json\/wp\/v2\/types\/page"}],"author":[{"embeddable":true,"href":"https:\/\/www.jannone.net\/es\/wp-json\/wp\/v2\/users\/2"}],"replies":[{"embeddable":true,"href":"https:\/\/www.jannone.net\/es\/wp-json\/wp\/v2\/comments?post=524"}],"version-history":[{"count":5,"href":"https:\/\/www.jannone.net\/es\/wp-json\/wp\/v2\/pages\/524\/revisions"}],"predecessor-version":[{"id":1371,"href":"https:\/\/www.jannone.net\/es\/wp-json\/wp\/v2\/pages\/524\/revisions\/1371"}],"up":[{"embeddable":true,"href":"https:\/\/www.jannone.net\/es\/wp-json\/wp\/v2\/pages\/10"}],"wp:attachment":[{"href":"https:\/\/www.jannone.net\/es\/wp-json\/wp\/v2\/media?parent=524"}],"curies":[{"name":"wp","href":"https:\/\/api.w.org\/{rel}","templated":true}]}}