{"id":18,"date":"2017-04-19T13:37:17","date_gmt":"2017-04-19T11:37:17","guid":{"rendered":"https:\/\/www.jannone.net\/es\/?page_id=18"},"modified":"2026-01-28T08:23:42","modified_gmt":"2026-01-28T07:23:42","slug":"sostenibilidad","status":"publish","type":"page","link":"https:\/\/www.jannone.net\/es\/sostenibilidad\/","title":{"rendered":"Sostenibilidad \/ Calidad"},"content":{"rendered":"<p><img  title=\"Sostenibilidad \/ Calidad - Grupo Jannone\" decoding=\"async\" class=\"aligncenter size-full wp-image-743 img-full\" src=\"https:\/\/www.jannone.net\/es\/wp-content\/uploads\/2017\/04\/cabecera-sostenibilidad.jpg\"  alt=\"Sostenibilidad \/ Calidad - Grupo Jannone\"  width=\"1801\" height=\"461\" srcset=\"https:\/\/www.jannone.net\/es\/wp-content\/uploads\/2017\/04\/cabecera-sostenibilidad.jpg 1801w, https:\/\/www.jannone.net\/es\/wp-content\/uploads\/2017\/04\/cabecera-sostenibilidad-300x77.jpg 300w, https:\/\/www.jannone.net\/es\/wp-content\/uploads\/2017\/04\/cabecera-sostenibilidad-768x197.jpg 768w, https:\/\/www.jannone.net\/es\/wp-content\/uploads\/2017\/04\/cabecera-sostenibilidad-1024x262.jpg 1024w\" sizes=\"(max-width: 1801px) 100vw, 1801px\" \/><\/p>\n<div class=\"container\">\n<div class=\"row\">\n<div class=\"col-xs-12 col-md-12\">\n<h1 class=\"titulo-productos\">Sostenibilidad \/ Calidad<\/h1>\n<div class=\"dos-columnas\">\n<p class=\"text-normal\">Consciente de la necesidad de ir mejorando a\u00f1o tras a\u00f1o, en Jannone Grupo tenemos implantado el sistema de gesti\u00f3n de calidad seg\u00fan la norma ISO 9001 : 2015. As\u00ed, expresamos nuestro compromiso con la calidad, cumpliendo con los requisitos y normativas vigentes con las m\u00e1ximas garant\u00edas. Todo ello con la finalidad de ofrecer un servicio de respuesta r\u00e1pida, constructiva y eficiente que satisfaga plenamente las exigencias y expectativas de nuestros clientes.<\/p>\n<\/div>\n<\/div>\n<div class=\"col-xs-12 col-md-3 aligncenter mt-4 mb-4\"><a href=\"https:\/\/www.jannone.net\/es\/wp-content\/uploads\/2025\/09\/Certificado-9001.pdf\" target=\"_blank\" rel=\"noopener noreferrer\"><img  title=\"Sostenibilidad \/ Calidad - Grupo Jannone\" decoding=\"async\" class=\"aligncenter size-medium wp-image-1151\" src=\"https:\/\/www.jannone.net\/es\/wp-content\/uploads\/2025\/09\/Certificado-9001_page-0001.jpg\"  alt=\"Sostenibilidad \/ Calidad - Grupo Jannone\"  width=\"180\" height=\"300\" \/><\/a><\/div>\n<div class=\"col-xs-12 col-md-3 aligncenter mt-4 mb-4\"><a href=\"https:\/\/www.jannone.net\/es\/wp-content\/uploads\/2019\/11\/politica-calidad-enero-2019.pdf\" target=\"_blank\" rel=\"noopener noreferrer\"><img  title=\"Sostenibilidad \/ Calidad - Grupo Jannone\" decoding=\"async\" class=\"aligncenter size-medium wp-image-1191\" src=\"https:\/\/www.jannone.net\/es\/wp-content\/uploads\/2019\/11\/politica-calidad-enero-2019-212x300.jpg\"  alt=\"Sostenibilidad \/ Calidad - Grupo Jannone\"  width=\"212\" height=\"300\" srcset=\"https:\/\/www.jannone.net\/es\/wp-content\/uploads\/2019\/11\/politica-calidad-enero-2019-212x300.jpg 212w, https:\/\/www.jannone.net\/es\/wp-content\/uploads\/2019\/11\/politica-calidad-enero-2019.jpg 453w\" sizes=\"(max-width: 212px) 100vw, 212px\" \/><\/a><\/div>\n<div class=\"col-xs-12 col-md-3 aligncenter mt-4 mb-4\"><a href=\"https:\/\/www.jannone.net\/es\/wp-content\/uploads\/2019\/11\/criterios-evaluacion-proveedor.pdf\" target=\"_blank\" rel=\"noopener noreferrer\"><img  title=\"Sostenibilidad \/ Calidad - Grupo Jannone\" decoding=\"async\" class=\"aligncenter size-medium wp-image-1194\" src=\"https:\/\/www.jannone.net\/es\/wp-content\/uploads\/2019\/11\/criterios-evaluacion-a-proveedor-212x300.jpg\"  alt=\"Sostenibilidad \/ Calidad - Grupo Jannone\"  width=\"212\" height=\"300\" srcset=\"https:\/\/www.jannone.net\/es\/wp-content\/uploads\/2019\/11\/criterios-evaluacion-a-proveedor-212x300.jpg 212w, https:\/\/www.jannone.net\/es\/wp-content\/uploads\/2019\/11\/criterios-evaluacion-a-proveedor.jpg 453w\" sizes=\"(max-width: 212px) 100vw, 212px\" \/><\/a><\/div>\n<div>\n<h2>Certificaci\u00f3n FSC\u00ae<\/h2>\n<p class=\"text-normal\">En JANNONE, S.A. contamos con la certificaci\u00f3n FSC\u00ae (Forest Stewardship Council\u00ae), un sello internacional que garantiza que la madera y productos de origen forestal que comercializamos proceden de bosques gestionados de forma responsable.<br \/>\nEsta certificaci\u00f3n asegura una <strong>cadena de custodia trazable<\/strong>, verificada mediante auditor\u00edas independientes, que confirma que nuestros productos cumplen est\u00e1ndares ambientales, sociales y econ\u00f3micos reconocidos mundialmente.<br \/>\nEl FSC\u00ae promueve la preservaci\u00f3n de los ecosistemas, el respeto a las comunidades locales y la gesti\u00f3n sostenible de los recursos forestales, contribuyendo a un modelo de producci\u00f3n responsable y transparente.<\/p>\n<\/div>\n<div class=\"col-xs-12 col-md-3 aligncenter mt-4 mb-4\"><a href=\"https:\/\/www.jannone.net\/es\/wp-content\/uploads\/2026\/01\/JANNONE-S.-A.-FSC-2026-01.pdf\" target=\"_blank\" rel=\"noopener noreferrer\"><img  title=\"Sostenibilidad \/ Calidad - Grupo Jannone\" decoding=\"async\" class=\"aligncenter size-medium wp-image-1151\" src=\"https:\/\/www.jannone.net\/es\/wp-content\/uploads\/2026\/01\/JANNONE-S.-A.-FSC-2026-01_page-0001.jpg\"  alt=\"Sostenibilidad \/ Calidad - Grupo Jannone\"  width=\"180\" height=\"300\" \/><\/a><\/div>\n<\/div>\n<\/div>\n<\/div>\n","protected":false},"excerpt":{"rendered":"<p>Sostenibilidad \/ Calidad Consciente de la necesidad de ir mejorando a\u00f1o tras a\u00f1o, en Jannone Grupo tenemos implantado el sistema de gesti\u00f3n de calidad seg\u00fan la norma ISO 9001 : 2015. As\u00ed, expresamos nuestro compromiso con la calidad, cumpliendo con los requisitos y normativas vigentes con las m\u00e1ximas garant\u00edas. Todo ello con la finalidad de [&#8230;]<\/p>\n<p><a class=\"btn btn-secondary understrap-read-more-link\" href=\"https:\/\/www.jannone.net\/es\/sostenibilidad\/\">Leer m\u00e1s&#8230;<\/a><\/p>\n","protected":false},"author":2,"featured_media":0,"parent":0,"menu_order":0,"comment_status":"closed","ping_status":"closed","template":"page-templates\/empty.php","meta":{"_seopress_robots_primary_cat":"","_seopress_titles_title":"Sostenibilidad - Grupo Jannone - Jannone Maderas - Jannone Tubos","_seopress_titles_desc":"En Jannone Grupo tenemos el sistema de gesti\u00f3n de calidad seg\u00fan la norma UNE - EN 9001-2008. Nuestro compromiso con la calidad y el medio ambiente...","_seopress_robots_index":"","footnotes":""},"class_list":["post-18","page","type-page","status-publish","hentry"],"yoast_head":"<!-- This site is optimized with the Yoast SEO plugin v26.8 - https:\/\/yoast.com\/product\/yoast-seo-wordpress\/ -->\n<title>Sostenibilidad - Grupo Jannone - Jannone Maderas - Jannone Tubos<\/title>\n<meta name=\"description\" content=\"En Jannone Grupo tenemos el sistema de gesti\u00f3n de calidad seg\u00fan la norma UNE - EN 9001-2008. Nuestro compromiso con la calidad y el medio ambiente...\" \/>\n<meta name=\"robots\" content=\"index, follow, max-snippet:-1, max-image-preview:large, max-video-preview:-1\" \/>\n<link rel=\"canonical\" href=\"https:\/\/www.jannone.net\/es\/sostenibilidad\/\" \/>\n<meta property=\"og:locale\" content=\"es_ES\" \/>\n<meta property=\"og:type\" content=\"article\" \/>\n<meta property=\"og:title\" content=\"Sostenibilidad - Grupo Jannone - Jannone Maderas - Jannone Tubos\" \/>\n<meta property=\"og:description\" content=\"En Jannone Grupo tenemos el sistema de gesti\u00f3n de calidad seg\u00fan la norma UNE - EN 9001-2008. Nuestro compromiso con la calidad y el medio ambiente...\" \/>\n<meta property=\"og:url\" content=\"https:\/\/www.jannone.net\/es\/sostenibilidad\/\" \/>\n<meta property=\"og:site_name\" content=\"Jannone\" \/>\n<meta property=\"article:modified_time\" content=\"2026-01-28T07:23:42+00:00\" \/>\n<meta property=\"og:image\" content=\"https:\/\/www.jannone.net\/es\/wp-content\/uploads\/2017\/04\/cabecera-sostenibilidad.jpg\" \/>\n\t<meta property=\"og:image:width\" content=\"1801\" \/>\n\t<meta property=\"og:image:height\" content=\"461\" \/>\n\t<meta property=\"og:image:type\" content=\"image\/jpeg\" \/>\n<meta name=\"twitter:label1\" content=\"Tiempo de lectura\" \/>\n\t<meta name=\"twitter:data1\" content=\"2 minutos\" \/>\n<script type=\"application\/ld+json\" class=\"yoast-schema-graph\">{\"@context\":\"https:\/\/schema.org\",\"@graph\":[{\"@type\":\"WebPage\",\"@id\":\"https:\/\/www.jannone.net\/es\/sostenibilidad\/\",\"url\":\"https:\/\/www.jannone.net\/es\/sostenibilidad\/\",\"name\":\"Sostenibilidad - Grupo Jannone - Jannone Maderas - Jannone Tubos\",\"isPartOf\":{\"@id\":\"https:\/\/www.jannone.net\/es\/#website\"},\"primaryImageOfPage\":{\"@id\":\"https:\/\/www.jannone.net\/es\/sostenibilidad\/#primaryimage\"},\"image\":{\"@id\":\"https:\/\/www.jannone.net\/es\/sostenibilidad\/#primaryimage\"},\"thumbnailUrl\":\"https:\/\/www.jannone.net\/es\/wp-content\/uploads\/2017\/04\/cabecera-sostenibilidad.jpg\",\"datePublished\":\"2017-04-19T11:37:17+00:00\",\"dateModified\":\"2026-01-28T07:23:42+00:00\",\"description\":\"En Jannone Grupo tenemos el sistema de gesti\u00f3n de calidad seg\u00fan la norma UNE - EN 9001-2008. Nuestro compromiso con la calidad y el medio ambiente...\",\"breadcrumb\":{\"@id\":\"https:\/\/www.jannone.net\/es\/sostenibilidad\/#breadcrumb\"},\"inLanguage\":\"es\",\"potentialAction\":[{\"@type\":\"ReadAction\",\"target\":[\"https:\/\/www.jannone.net\/es\/sostenibilidad\/\"]}]},{\"@type\":\"ImageObject\",\"inLanguage\":\"es\",\"@id\":\"https:\/\/www.jannone.net\/es\/sostenibilidad\/#primaryimage\",\"url\":\"https:\/\/www.jannone.net\/es\/wp-content\/uploads\/2017\/04\/cabecera-sostenibilidad.jpg\",\"contentUrl\":\"https:\/\/www.jannone.net\/es\/wp-content\/uploads\/2017\/04\/cabecera-sostenibilidad.jpg\",\"width\":1801,\"height\":461},{\"@type\":\"BreadcrumbList\",\"@id\":\"https:\/\/www.jannone.net\/es\/sostenibilidad\/#breadcrumb\",\"itemListElement\":[{\"@type\":\"ListItem\",\"position\":1,\"name\":\"Portada\",\"item\":\"https:\/\/www.jannone.net\/es\/\"},{\"@type\":\"ListItem\",\"position\":2,\"name\":\"Sostenibilidad \/ Calidad\"}]},{\"@type\":\"WebSite\",\"@id\":\"https:\/\/www.jannone.net\/es\/#website\",\"url\":\"https:\/\/www.jannone.net\/es\/\",\"name\":\"Jannone\",\"description\":\"Distribuidores de tubos y maderas\",\"potentialAction\":[{\"@type\":\"SearchAction\",\"target\":{\"@type\":\"EntryPoint\",\"urlTemplate\":\"https:\/\/www.jannone.net\/es\/?s={search_term_string}\"},\"query-input\":{\"@type\":\"PropertyValueSpecification\",\"valueRequired\":true,\"valueName\":\"search_term_string\"}}],\"inLanguage\":\"es\"}]}<\/script>\n<!-- \/ Yoast SEO plugin. -->","yoast_head_json":{"title":"Sostenibilidad - Grupo Jannone - Jannone Maderas - Jannone Tubos","description":"En Jannone Grupo tenemos el sistema de gesti\u00f3n de calidad seg\u00fan la norma UNE - EN 9001-2008. Nuestro compromiso con la calidad y el medio ambiente...","robots":{"index":"index","follow":"follow","max-snippet":"max-snippet:-1","max-image-preview":"max-image-preview:large","max-video-preview":"max-video-preview:-1"},"canonical":"https:\/\/www.jannone.net\/es\/sostenibilidad\/","og_locale":"es_ES","og_type":"article","og_title":"Sostenibilidad - Grupo Jannone - Jannone Maderas - Jannone Tubos","og_description":"En Jannone Grupo tenemos el sistema de gesti\u00f3n de calidad seg\u00fan la norma UNE - EN 9001-2008. Nuestro compromiso con la calidad y el medio ambiente...","og_url":"https:\/\/www.jannone.net\/es\/sostenibilidad\/","og_site_name":"Jannone","article_modified_time":"2026-01-28T07:23:42+00:00","og_image":[{"width":1801,"height":461,"url":"https:\/\/www.jannone.net\/es\/wp-content\/uploads\/2017\/04\/cabecera-sostenibilidad.jpg","type":"image\/jpeg"}],"twitter_misc":{"Tiempo de lectura":"2 minutos"},"schema":{"@context":"https:\/\/schema.org","@graph":[{"@type":"WebPage","@id":"https:\/\/www.jannone.net\/es\/sostenibilidad\/","url":"https:\/\/www.jannone.net\/es\/sostenibilidad\/","name":"Sostenibilidad - Grupo Jannone - Jannone Maderas - Jannone Tubos","isPartOf":{"@id":"https:\/\/www.jannone.net\/es\/#website"},"primaryImageOfPage":{"@id":"https:\/\/www.jannone.net\/es\/sostenibilidad\/#primaryimage"},"image":{"@id":"https:\/\/www.jannone.net\/es\/sostenibilidad\/#primaryimage"},"thumbnailUrl":"https:\/\/www.jannone.net\/es\/wp-content\/uploads\/2017\/04\/cabecera-sostenibilidad.jpg","datePublished":"2017-04-19T11:37:17+00:00","dateModified":"2026-01-28T07:23:42+00:00","description":"En Jannone Grupo tenemos el sistema de gesti\u00f3n de calidad seg\u00fan la norma UNE - EN 9001-2008. Nuestro compromiso con la calidad y el medio ambiente...","breadcrumb":{"@id":"https:\/\/www.jannone.net\/es\/sostenibilidad\/#breadcrumb"},"inLanguage":"es","potentialAction":[{"@type":"ReadAction","target":["https:\/\/www.jannone.net\/es\/sostenibilidad\/"]}]},{"@type":"ImageObject","inLanguage":"es","@id":"https:\/\/www.jannone.net\/es\/sostenibilidad\/#primaryimage","url":"https:\/\/www.jannone.net\/es\/wp-content\/uploads\/2017\/04\/cabecera-sostenibilidad.jpg","contentUrl":"https:\/\/www.jannone.net\/es\/wp-content\/uploads\/2017\/04\/cabecera-sostenibilidad.jpg","width":1801,"height":461},{"@type":"BreadcrumbList","@id":"https:\/\/www.jannone.net\/es\/sostenibilidad\/#breadcrumb","itemListElement":[{"@type":"ListItem","position":1,"name":"Portada","item":"https:\/\/www.jannone.net\/es\/"},{"@type":"ListItem","position":2,"name":"Sostenibilidad \/ Calidad"}]},{"@type":"WebSite","@id":"https:\/\/www.jannone.net\/es\/#website","url":"https:\/\/www.jannone.net\/es\/","name":"Jannone","description":"Distribuidores de tubos y maderas","potentialAction":[{"@type":"SearchAction","target":{"@type":"EntryPoint","urlTemplate":"https:\/\/www.jannone.net\/es\/?s={search_term_string}"},"query-input":{"@type":"PropertyValueSpecification","valueRequired":true,"valueName":"search_term_string"}}],"inLanguage":"es"}]}},"_links":{"self":[{"href":"https:\/\/www.jannone.net\/es\/wp-json\/wp\/v2\/pages\/18","targetHints":{"allow":["GET"]}}],"collection":[{"href":"https:\/\/www.jannone.net\/es\/wp-json\/wp\/v2\/pages"}],"about":[{"href":"https:\/\/www.jannone.net\/es\/wp-json\/wp\/v2\/types\/page"}],"author":[{"embeddable":true,"href":"https:\/\/www.jannone.net\/es\/wp-json\/wp\/v2\/users\/2"}],"replies":[{"embeddable":true,"href":"https:\/\/www.jannone.net\/es\/wp-json\/wp\/v2\/comments?post=18"}],"version-history":[{"count":9,"href":"https:\/\/www.jannone.net\/es\/wp-json\/wp\/v2\/pages\/18\/revisions"}],"predecessor-version":[{"id":20011,"href":"https:\/\/www.jannone.net\/es\/wp-json\/wp\/v2\/pages\/18\/revisions\/20011"}],"wp:attachment":[{"href":"https:\/\/www.jannone.net\/es\/wp-json\/wp\/v2\/media?parent=18"}],"curies":[{"name":"wp","href":"https:\/\/api.w.org\/{rel}","templated":true}]}}