{"id":164,"date":"2017-08-09T08:47:16","date_gmt":"2017-08-09T06:47:16","guid":{"rendered":"https:\/\/www.jannone.net\/es\/?page_id=164"},"modified":"2017-11-27T12:15:54","modified_gmt":"2017-11-27T11:15:54","slug":"cancelas-argentinas-torretas","status":"publish","type":"page","link":"https:\/\/www.jannone.net\/es\/maderas\/cancelas-argentinas-torretas\/","title":{"rendered":"Cancelas argentinas y torretas"},"content":{"rendered":"<p><img  title=\"Cancelas argentinas y torretas - Grupo Jannone\" decoding=\"async\" class=\"aligncenter size-full wp-image-689 img-full\" src=\"https:\/\/www.jannone.net\/es\/wp-content\/uploads\/2017\/08\/cabecera-maderas-cancelaargentina.jpg\"  alt=\"Cancelas argentinas y torretas - Grupo Jannone\"  width=\"1801\" height=\"461\" srcset=\"https:\/\/www.jannone.net\/es\/wp-content\/uploads\/2017\/08\/cabecera-maderas-cancelaargentina.jpg 1801w, https:\/\/www.jannone.net\/es\/wp-content\/uploads\/2017\/08\/cabecera-maderas-cancelaargentina-300x77.jpg 300w, https:\/\/www.jannone.net\/es\/wp-content\/uploads\/2017\/08\/cabecera-maderas-cancelaargentina-768x197.jpg 768w, https:\/\/www.jannone.net\/es\/wp-content\/uploads\/2017\/08\/cabecera-maderas-cancelaargentina-1024x262.jpg 1024w\" sizes=\"(max-width: 1801px) 100vw, 1801px\" \/><\/p>\n<div class=\"container\">\n<div class=\"row\">\n<div class=\"col-xs-12 col-md-12\">\n<h1 class=\"titulo-productos\">Cancelas argentinas y torretas<\/h1>\n<h2>Torretas de Finlandia<\/h2>\n<div class=\"dos-columnas\">\n<p><img  title=\"Cancelas argentinas y torretas - Grupo Jannone\" decoding=\"async\" class=\"aligncenter size-full wp-image-263 img-full\" src=\"https:\/\/www.jannone.net\/es\/wp-content\/uploads\/2017\/09\/torretas-de-finlandia.jpg\"  alt=\"Cancelas argentinas y torretas - Grupo Jannone\"  width=\"\" height=\"\" \/><\/p>\n<p class=\"texto\">Para el sector de la cineg\u00e9tica y para la vigilancia de bosques forestales podemos ofrecer las torretas, que al ser piramidales y m\u00e1s anchas en la base, son muy estables y no hace faltas fijarlas con hormig\u00f3n. Esto permite trasladarlas de un punto a otro de la finca si fuera necesario sin tener que desmontarlas.<\/p>\n<p class=\"texto\">Por otro lado, se\u00f1alar que vienen paletizadas tipo KIT, esto es con todo el paquete de tornillos especiales para madera o los angulares. Grupo Jannone te las distribuye listas para montar con las respectivas instrucciones de instalaci\u00f3n que facilitan el proceso.<\/p>\n<p class=\"texto\">Como caracter\u00edstica principal de estas torretas destacar que son de pino rojo finland\u00e9s con tratamiento autoclave R-IV; lo que permite que est\u00e9 en continuo contacto con la tierra o expuestas a humedad permanente sin verse afectadas. Disponemos de dos variantes de colores: verde y marr\u00f3n. \u00a1Dinos qu\u00e9 necesitas!<\/p>\n<\/div>\n<div class=\"mt-4\"><\/div>\n<\/div>\n<\/div>\n<\/div>\n<div class=\"row\">\n<div class=\"col-md-6 fondo-verde-interior animated fadeInLeftBig duration3 eds-on-scroll\">\n<div class=\"padding-caja-izq\">\n<div class=\"container\">\n<div class=\"row mt-4 mb-4\">\n<h2>Cancelas argentinas (tranqueras)<\/h2>\n<p class=\"texto\">Las cancelas argentinas de nuestro cat\u00e1logo son de madera noble y nativa procedente de selvas tropicales de Argentina y Brasil. Tienen una gran resistencia a las condiciones clim\u00e1ticas y est\u00e1n indicadas tanto para fincas de ganado, fincas agr\u00edcolas como para cerramientos de parcelas o jardines.<\/p>\n<p class=\"texto\">Asimismo, disponemos de diferentes medidas en estas cancelas, las cuales se entregan listas para instalar con dos postes de sujeci\u00f3n de \u201cQuebracho Colorado\u201d; productos que deben su nombre a la extrema dureza y durabilidad de la madera. No hay que olvidar que siempre van acompa\u00f1adas de bisagras, cerrojos, tuercas y arandelas.<\/p>\n<p class=\"texto\">Para cualquier consulta acerca de las cancelas argentinas, no dudes en llamar a nuestro equipo t\u00e9cnico que te asesorar\u00e1 encantado.<\/p>\n<\/div>\n<\/div>\n<\/div>\n<\/div>\n<div class=\"col-md-6 fondo-azul-interior animated fadeInRightBig duration3 eds-on-scroll\">\n<div class=\"padding-caja-der\">\n<div class=\"container\">\n<div class=\"row mt-4 mb-4\"><img  title=\"Cancelas argentinas y torretas - Grupo Jannone\" decoding=\"async\" class=\"aligncenter size-full wp-image-263 img-full\" src=\"https:\/\/www.jannone.net\/es\/wp-content\/uploads\/2017\/09\/cancela-argentina.jpg\"  alt=\"Cancelas argentinas y torretas - Grupo Jannone\"  width=\"\" height=\"\" \/><\/div>\n<\/div>\n<\/div>\n<\/div>\n<\/div>\n<div class=\"mt-4\"><\/div>\n<div class=\"row\">\n<div class=\"col-xs-12 col-md-12\">\n<div class=\"row mb-3\">\n<div class=\"col-md-4 mosaico-productos borde-derecha borde-izquierda\">\n<div class=\"maderas-aserradas mosaico-escala mosaico-escala-int\">\n<h3><a class=\"d-flex justify-content-center flex-column\" href=\"https:\/\/www.jannone.net\/es\/maderas\/maderas-aserradas\/\">Maderas Aserradas<\/a><\/h3>\n<\/div>\n<\/div>\n<div class=\"col-md-4 mosaico-productos borde-derecha borde-izquierda\">\n<div class=\"maderas-postes mosaico-escala mosaico-escala-int\">\n<h3><a class=\"d-flex justify-content-center flex-column\" href=\"https:\/\/www.jannone.net\/es\/maderas\/postes-tutores-tratados\/\">Postes y tutores tratados<\/a><\/h3>\n<\/div>\n<\/div>\n<div class=\"col-md-4 mosaico-productos borde-derecha borde-izquierda\">\n<div class=\"maderas-tratada mosaico-escala mosaico-escala-int\">\n<h3><a class=\"d-flex justify-content-center flex-column\" href=\"https:\/\/www.jannone.net\/es\/maderas\/madera-tratada-exterior\/\">Madera tratada para exterior<\/a><\/h3>\n<\/div>\n<\/div>\n<\/div>\n<\/div>\n<\/div>\n<div class=\"row\">\n<div class=\"col-xs-12 col-md-12\">\n<div class=\"row mb-4\">\n<div class=\"col-md-3 mosaico-productos borde-derecha borde-izquierda\">\n<div class=\"maderas-contrachapado mosaico-escala mosaico-escala-int\">\n<h3><a class=\"d-flex justify-content-center flex-column\" href=\"https:\/\/www.jannone.net\/es\/maderas\/tableros-contrachapados-fenolicos\/\">Tableros contrachapados fen\u00f3licos<\/a><\/h3>\n<\/div>\n<\/div>\n<div class=\"col-md-3 mosaico-productos borde-derecha borde-izquierda\">\n<div class=\"maderas-tarimas mosaico-escala mosaico-escala-int\">\n<h3><a class=\"d-flex justify-content-center flex-column\" href=\"https:\/\/www.jannone.net\/es\/maderas\/tarimas-y-frisos\/\">Tarimas y frisos<\/a><\/h3>\n<\/div>\n<\/div>\n<div class=\"col-md-3 mosaico-productos borde-derecha borde-izquierda\">\n<div class=\"maderas-vigas mosaico-escala mosaico-escala-int\">\n<h3><a class=\"d-flex justify-content-center flex-column\" href=\" https:\/\/www.jannone.net\/es\/maderas\/vigas-laminadas\/\">Vigas laminadas<\/a><\/h3>\n<\/div>\n<\/div>\n<div class=\"col-md-3 mosaico-productos borde-derecha borde-izquierda\">\n<div class=\"maderas-cancelas mosaico-escala mosaico-escala-int\">\n<h3><a class=\"d-flex justify-content-center flex-column\" href=\"https:\/\/www.jannone.net\/es\/maderas\/cancelas-argentinas-torretas\/\">Cancelas argentinas y torretas<\/a><\/h3>\n<\/div>\n<\/div>\n<\/div>\n<\/div>\n<\/div>\n","protected":false},"excerpt":{"rendered":"<p>Cancelas argentinas y torretas Torretas de Finlandia Para el sector de la cineg\u00e9tica y para la vigilancia de bosques forestales podemos ofrecer las torretas, que al ser piramidales y m\u00e1s anchas en la base, son muy estables y no hace faltas fijarlas con hormig\u00f3n. Esto permite trasladarlas de un punto a otro de la finca [&#8230;]<\/p>\n<p><a class=\"btn btn-secondary understrap-read-more-link\" href=\"https:\/\/www.jannone.net\/es\/maderas\/cancelas-argentinas-torretas\/\">Leer m\u00e1s&#8230;<\/a><\/p>\n","protected":false},"author":2,"featured_media":0,"parent":12,"menu_order":0,"comment_status":"closed","ping_status":"closed","template":"page-templates\/empty.php","meta":{"_seopress_robots_primary_cat":"0","_seopress_titles_title":"Cancelas argentinas - torretas - madera tratada - maderas para exteriores","_seopress_titles_desc":"Cancelas argentinas y torretas listas para montar de Grupo Jannone. Disponemos de dos variantes de colores: verde y marr\u00f3n. \u00a1Dinos qu\u00e9 necesitas!","_seopress_robots_index":"","footnotes":""},"class_list":["post-164","page","type-page","status-publish","hentry"],"yoast_head":"<!-- This site is optimized with the Yoast SEO plugin v26.8 - https:\/\/yoast.com\/product\/yoast-seo-wordpress\/ -->\n<title>Cancelas argentinas - torretas - madera tratada - maderas para exteriores<\/title>\n<meta name=\"description\" content=\"Cancelas argentinas y torretas listas para montar de Grupo Jannone. Disponemos de dos variantes de colores: verde y marr\u00f3n. \u00a1Dinos qu\u00e9 necesitas!\" \/>\n<meta name=\"robots\" content=\"index, follow, max-snippet:-1, max-image-preview:large, max-video-preview:-1\" \/>\n<link rel=\"canonical\" href=\"https:\/\/www.jannone.net\/es\/maderas\/cancelas-argentinas-torretas\/\" \/>\n<meta property=\"og:locale\" content=\"es_ES\" \/>\n<meta property=\"og:type\" content=\"article\" \/>\n<meta property=\"og:title\" content=\"Cancelas argentinas - torretas - madera tratada - maderas para exteriores\" \/>\n<meta property=\"og:description\" content=\"Cancelas argentinas y torretas listas para montar de Grupo Jannone. Disponemos de dos variantes de colores: verde y marr\u00f3n. \u00a1Dinos qu\u00e9 necesitas!\" \/>\n<meta property=\"og:url\" content=\"https:\/\/www.jannone.net\/es\/maderas\/cancelas-argentinas-torretas\/\" \/>\n<meta property=\"og:site_name\" content=\"Jannone\" \/>\n<meta property=\"article:modified_time\" content=\"2017-11-27T11:15:54+00:00\" \/>\n<meta property=\"og:image\" content=\"https:\/\/www.jannone.net\/es\/wp-content\/uploads\/2017\/08\/cabecera-maderas-cancelaargentina.jpg\" \/>\n<meta name=\"twitter:label1\" content=\"Tiempo de lectura\" \/>\n\t<meta name=\"twitter:data1\" content=\"2 minutos\" \/>\n<script type=\"application\/ld+json\" class=\"yoast-schema-graph\">{\"@context\":\"https:\/\/schema.org\",\"@graph\":[{\"@type\":\"WebPage\",\"@id\":\"https:\/\/www.jannone.net\/es\/maderas\/cancelas-argentinas-torretas\/\",\"url\":\"https:\/\/www.jannone.net\/es\/maderas\/cancelas-argentinas-torretas\/\",\"name\":\"Cancelas argentinas - torretas - madera tratada - maderas para exteriores\",\"isPartOf\":{\"@id\":\"https:\/\/www.jannone.net\/es\/#website\"},\"primaryImageOfPage\":{\"@id\":\"https:\/\/www.jannone.net\/es\/maderas\/cancelas-argentinas-torretas\/#primaryimage\"},\"image\":{\"@id\":\"https:\/\/www.jannone.net\/es\/maderas\/cancelas-argentinas-torretas\/#primaryimage\"},\"thumbnailUrl\":\"https:\/\/www.jannone.net\/es\/wp-content\/uploads\/2017\/08\/cabecera-maderas-cancelaargentina.jpg\",\"datePublished\":\"2017-08-09T06:47:16+00:00\",\"dateModified\":\"2017-11-27T11:15:54+00:00\",\"description\":\"Cancelas argentinas y torretas listas para montar de Grupo Jannone. Disponemos de dos variantes de colores: verde y marr\u00f3n. \u00a1Dinos qu\u00e9 necesitas!\",\"breadcrumb\":{\"@id\":\"https:\/\/www.jannone.net\/es\/maderas\/cancelas-argentinas-torretas\/#breadcrumb\"},\"inLanguage\":\"es\",\"potentialAction\":[{\"@type\":\"ReadAction\",\"target\":[\"https:\/\/www.jannone.net\/es\/maderas\/cancelas-argentinas-torretas\/\"]}]},{\"@type\":\"ImageObject\",\"inLanguage\":\"es\",\"@id\":\"https:\/\/www.jannone.net\/es\/maderas\/cancelas-argentinas-torretas\/#primaryimage\",\"url\":\"https:\/\/www.jannone.net\/es\/wp-content\/uploads\/2017\/08\/cabecera-maderas-cancelaargentina.jpg\",\"contentUrl\":\"https:\/\/www.jannone.net\/es\/wp-content\/uploads\/2017\/08\/cabecera-maderas-cancelaargentina.jpg\",\"width\":1801,\"height\":461},{\"@type\":\"BreadcrumbList\",\"@id\":\"https:\/\/www.jannone.net\/es\/maderas\/cancelas-argentinas-torretas\/#breadcrumb\",\"itemListElement\":[{\"@type\":\"ListItem\",\"position\":1,\"name\":\"Portada\",\"item\":\"https:\/\/www.jannone.net\/es\/\"},{\"@type\":\"ListItem\",\"position\":2,\"name\":\"Maderas\",\"item\":\"https:\/\/www.jannone.net\/es\/maderas\/\"},{\"@type\":\"ListItem\",\"position\":3,\"name\":\"Cancelas argentinas y torretas\"}]},{\"@type\":\"WebSite\",\"@id\":\"https:\/\/www.jannone.net\/es\/#website\",\"url\":\"https:\/\/www.jannone.net\/es\/\",\"name\":\"Jannone\",\"description\":\"Distribuidores de tubos y maderas\",\"potentialAction\":[{\"@type\":\"SearchAction\",\"target\":{\"@type\":\"EntryPoint\",\"urlTemplate\":\"https:\/\/www.jannone.net\/es\/?s={search_term_string}\"},\"query-input\":{\"@type\":\"PropertyValueSpecification\",\"valueRequired\":true,\"valueName\":\"search_term_string\"}}],\"inLanguage\":\"es\"}]}<\/script>\n<!-- \/ Yoast SEO plugin. -->","yoast_head_json":{"title":"Cancelas argentinas - torretas - madera tratada - maderas para exteriores","description":"Cancelas argentinas y torretas listas para montar de Grupo Jannone. Disponemos de dos variantes de colores: verde y marr\u00f3n. \u00a1Dinos qu\u00e9 necesitas!","robots":{"index":"index","follow":"follow","max-snippet":"max-snippet:-1","max-image-preview":"max-image-preview:large","max-video-preview":"max-video-preview:-1"},"canonical":"https:\/\/www.jannone.net\/es\/maderas\/cancelas-argentinas-torretas\/","og_locale":"es_ES","og_type":"article","og_title":"Cancelas argentinas - torretas - madera tratada - maderas para exteriores","og_description":"Cancelas argentinas y torretas listas para montar de Grupo Jannone. Disponemos de dos variantes de colores: verde y marr\u00f3n. \u00a1Dinos qu\u00e9 necesitas!","og_url":"https:\/\/www.jannone.net\/es\/maderas\/cancelas-argentinas-torretas\/","og_site_name":"Jannone","article_modified_time":"2017-11-27T11:15:54+00:00","og_image":[{"url":"https:\/\/www.jannone.net\/es\/wp-content\/uploads\/2017\/08\/cabecera-maderas-cancelaargentina.jpg","type":"","width":"","height":""}],"twitter_misc":{"Tiempo de lectura":"2 minutos"},"schema":{"@context":"https:\/\/schema.org","@graph":[{"@type":"WebPage","@id":"https:\/\/www.jannone.net\/es\/maderas\/cancelas-argentinas-torretas\/","url":"https:\/\/www.jannone.net\/es\/maderas\/cancelas-argentinas-torretas\/","name":"Cancelas argentinas - torretas - madera tratada - maderas para exteriores","isPartOf":{"@id":"https:\/\/www.jannone.net\/es\/#website"},"primaryImageOfPage":{"@id":"https:\/\/www.jannone.net\/es\/maderas\/cancelas-argentinas-torretas\/#primaryimage"},"image":{"@id":"https:\/\/www.jannone.net\/es\/maderas\/cancelas-argentinas-torretas\/#primaryimage"},"thumbnailUrl":"https:\/\/www.jannone.net\/es\/wp-content\/uploads\/2017\/08\/cabecera-maderas-cancelaargentina.jpg","datePublished":"2017-08-09T06:47:16+00:00","dateModified":"2017-11-27T11:15:54+00:00","description":"Cancelas argentinas y torretas listas para montar de Grupo Jannone. Disponemos de dos variantes de colores: verde y marr\u00f3n. \u00a1Dinos qu\u00e9 necesitas!","breadcrumb":{"@id":"https:\/\/www.jannone.net\/es\/maderas\/cancelas-argentinas-torretas\/#breadcrumb"},"inLanguage":"es","potentialAction":[{"@type":"ReadAction","target":["https:\/\/www.jannone.net\/es\/maderas\/cancelas-argentinas-torretas\/"]}]},{"@type":"ImageObject","inLanguage":"es","@id":"https:\/\/www.jannone.net\/es\/maderas\/cancelas-argentinas-torretas\/#primaryimage","url":"https:\/\/www.jannone.net\/es\/wp-content\/uploads\/2017\/08\/cabecera-maderas-cancelaargentina.jpg","contentUrl":"https:\/\/www.jannone.net\/es\/wp-content\/uploads\/2017\/08\/cabecera-maderas-cancelaargentina.jpg","width":1801,"height":461},{"@type":"BreadcrumbList","@id":"https:\/\/www.jannone.net\/es\/maderas\/cancelas-argentinas-torretas\/#breadcrumb","itemListElement":[{"@type":"ListItem","position":1,"name":"Portada","item":"https:\/\/www.jannone.net\/es\/"},{"@type":"ListItem","position":2,"name":"Maderas","item":"https:\/\/www.jannone.net\/es\/maderas\/"},{"@type":"ListItem","position":3,"name":"Cancelas argentinas y torretas"}]},{"@type":"WebSite","@id":"https:\/\/www.jannone.net\/es\/#website","url":"https:\/\/www.jannone.net\/es\/","name":"Jannone","description":"Distribuidores de tubos y maderas","potentialAction":[{"@type":"SearchAction","target":{"@type":"EntryPoint","urlTemplate":"https:\/\/www.jannone.net\/es\/?s={search_term_string}"},"query-input":{"@type":"PropertyValueSpecification","valueRequired":true,"valueName":"search_term_string"}}],"inLanguage":"es"}]}},"_links":{"self":[{"href":"https:\/\/www.jannone.net\/es\/wp-json\/wp\/v2\/pages\/164","targetHints":{"allow":["GET"]}}],"collection":[{"href":"https:\/\/www.jannone.net\/es\/wp-json\/wp\/v2\/pages"}],"about":[{"href":"https:\/\/www.jannone.net\/es\/wp-json\/wp\/v2\/types\/page"}],"author":[{"embeddable":true,"href":"https:\/\/www.jannone.net\/es\/wp-json\/wp\/v2\/users\/2"}],"replies":[{"embeddable":true,"href":"https:\/\/www.jannone.net\/es\/wp-json\/wp\/v2\/comments?post=164"}],"version-history":[{"count":5,"href":"https:\/\/www.jannone.net\/es\/wp-json\/wp\/v2\/pages\/164\/revisions"}],"predecessor-version":[{"id":1045,"href":"https:\/\/www.jannone.net\/es\/wp-json\/wp\/v2\/pages\/164\/revisions\/1045"}],"up":[{"embeddable":true,"href":"https:\/\/www.jannone.net\/es\/wp-json\/wp\/v2\/pages\/12"}],"wp:attachment":[{"href":"https:\/\/www.jannone.net\/es\/wp-json\/wp\/v2\/media?parent=164"}],"curies":[{"name":"wp","href":"https:\/\/api.w.org\/{rel}","templated":true}]}}