{"id":162,"date":"2017-08-09T08:47:01","date_gmt":"2017-08-09T06:47:01","guid":{"rendered":"https:\/\/www.jannone.net\/es\/?page_id=162"},"modified":"2017-12-20T10:27:02","modified_gmt":"2017-12-20T09:27:02","slug":"vigas-laminadas","status":"publish","type":"page","link":"https:\/\/www.jannone.net\/es\/maderas\/vigas-laminadas\/","title":{"rendered":"Vigas laminadas"},"content":{"rendered":"<p><img  title=\"Vigas laminadas - Grupo Jannone\" decoding=\"async\" class=\"aligncenter size-full wp-image-700 img-full\" src=\"https:\/\/www.jannone.net\/es\/wp-content\/uploads\/2017\/08\/cabecera-maderas-vigas.jpg\"  alt=\"Vigas laminadas - Grupo Jannone\"  width=\"1801\" height=\"461\" srcset=\"https:\/\/www.jannone.net\/es\/wp-content\/uploads\/2017\/08\/cabecera-maderas-vigas.jpg 1801w, https:\/\/www.jannone.net\/es\/wp-content\/uploads\/2017\/08\/cabecera-maderas-vigas-300x77.jpg 300w, https:\/\/www.jannone.net\/es\/wp-content\/uploads\/2017\/08\/cabecera-maderas-vigas-768x197.jpg 768w, https:\/\/www.jannone.net\/es\/wp-content\/uploads\/2017\/08\/cabecera-maderas-vigas-1024x262.jpg 1024w\" sizes=\"(max-width: 1801px) 100vw, 1801px\" \/><\/p>\n<div class=\"container\">\n<div class=\"row\">\n<div class=\"col-xs-12 col-md-12\">\n<h1 class=\"titulo-productos\">Vigas laminadas<\/h1>\n<div class=\"dos-columnas\">\n<p class=\"texto\">Las vigas laminadas son piezas formadas por laminas o tablas de madera, encoladas entre s\u00ed, a las que previamente se les hace un proceso de optimizaci\u00f3n. Esto es, se eliminan los defectos que disminuyen la estabilidad como son los nudos, las bolsas de resina y los crecimientos hacia dentro de la corteza. De ah\u00ed la gran resistencia y la rigidez de estas vigas y su uso como madera estructural en la construcci\u00f3n.<\/p>\n<p class=\"texto\">De igual forma, las vigas laminadas de abeto son un recurso muy usado en la decoraci\u00f3n. Las secciones horizontales de madera hacen las veces de estructura de interior o exterior, con apariencia de estilo r\u00fastico. Debido a ello, muchos de nuestros clientes en este servicio de Jannone Maderas son instaladores y carpinteros que buscan ofrecer una construcci\u00f3n de calidad a los que conf\u00edan en ellos.<\/p>\n<\/div>\n<\/div>\n<\/div>\n<\/div>\n<div class=\"mt-4\"><\/div>\n<div class=\"row\">\n<div class=\"col-md-6 fondo-verde-interior animated fadeInLeftBig duration3\">\n<div class=\"padding-caja-izq\">\n<div class=\"container\">\n<div class=\"row mt-4 mb-4\">\n<h2>Vigas laminadas encoladas<\/h2>\n<p class=\"texto\">No solo por su calidad decorativa, sino tambi\u00e9n por su resistencia, las vigas laminadas encoladas de madera se presentan como la necesidad m\u00e1s b\u00e1sica para cualquier profesional que trabaje este material en la construcci\u00f3n. Para nosotros, la utilizaci\u00f3n en puertas o en estructuras se basa en el acabado, as\u00ed como si las vigas laminadas van destinadas a mobiliario o elementos decorativos, ya que en funci\u00f3n de la calidad de \u00e9ste se crear\u00e1 una pieza muy fuerte de madera.<\/p>\n<\/div>\n<\/div>\n<\/div>\n<\/div>\n<div class=\"col-md-6 fondo-azul-interior d-flex justify-content-center flex-column animated fadeInRightBig duration3\">\n<div class=\"padding-caja-der\">\n<div class=\"container\">\n<div class=\"row mt-4 mb-4\">\n<p class=\"texto\">Jannone Maderas te garantiza las vigas laminadas que necesitas para que el servicio salga adelante con tu cliente.<\/p>\n<h3>Ll\u00e1manos y te asesoraremos<\/h3>\n<\/div>\n<\/div>\n<\/div>\n<\/div>\n<\/div>\n<div class=\"mt-4\"><\/div>\n<div class=\"row\">\n<div class=\"col-xs-12 col-md-12\">\n<div class=\"row mb-3\">\n<div class=\"col-md-4 mosaico-productos borde-derecha borde-izquierda\">\n<div class=\"maderas-aserradas mosaico-escala mosaico-escala-int\">\n<h3><a class=\"d-flex justify-content-center flex-column\" href=\"https:\/\/www.jannone.net\/es\/maderas\/maderas-aserradas\/\">Maderas Aserradas<\/a><\/h3>\n<\/div>\n<\/div>\n<div class=\"col-md-4 mosaico-productos borde-derecha borde-izquierda\">\n<div class=\"maderas-postes mosaico-escala mosaico-escala-int\">\n<h3><a class=\"d-flex justify-content-center flex-column\" href=\"https:\/\/www.jannone.net\/es\/maderas\/postes-tutores-tratados\/\">Postes y tutores tratados<\/a><\/h3>\n<\/div>\n<\/div>\n<div class=\"col-md-4 mosaico-productos borde-derecha borde-izquierda\">\n<div class=\"maderas-tratada mosaico-escala mosaico-escala-int\">\n<h3><a class=\"d-flex justify-content-center flex-column\" href=\"https:\/\/www.jannone.net\/es\/maderas\/madera-tratada-exterior\/\">Madera tratada para exterior<\/a><\/h3>\n<\/div>\n<\/div>\n<\/div>\n<\/div>\n<\/div>\n<div class=\"row\">\n<div class=\"col-xs-12 col-md-12\">\n<div class=\"row mb-4\">\n<div class=\"col-md-3 mosaico-productos borde-derecha borde-izquierda\">\n<div class=\"maderas-contrachapado mosaico-escala mosaico-escala-int\">\n<h3><a class=\"d-flex justify-content-center flex-column\" href=\"https:\/\/www.jannone.net\/es\/maderas\/tableros-contrachapados-fenolicos\/\">Tableros contrachapados fen\u00f3licos<\/a><\/h3>\n<\/div>\n<\/div>\n<div class=\"col-md-3 mosaico-productos borde-derecha borde-izquierda\">\n<div class=\"maderas-tarimas mosaico-escala mosaico-escala-int\">\n<h3><a class=\"d-flex justify-content-center flex-column\" href=\"https:\/\/www.jannone.net\/es\/maderas\/tarimas-y-frisos\/\">Tarimas y frisos<\/a><\/h3>\n<\/div>\n<\/div>\n<div class=\"col-md-3 mosaico-productos borde-derecha borde-izquierda\">\n<div class=\"maderas-vigas mosaico-escala mosaico-escala-int\">\n<h3><a class=\"d-flex justify-content-center flex-column\" href=\" https:\/\/www.jannone.net\/es\/maderas\/vigas-laminadas\/\">Vigas laminadas<\/a><\/h3>\n<\/div>\n<\/div>\n<div class=\"col-md-3 mosaico-productos borde-derecha borde-izquierda\">\n<div class=\"maderas-cancelas mosaico-escala mosaico-escala-int\">\n<h3><a class=\"d-flex justify-content-center flex-column\" href=\"https:\/\/www.jannone.net\/es\/maderas\/cancelas-argentinas-torretas\/\">Cancelas argentinas y torretas<\/a><\/h3>\n<\/div>\n<\/div>\n<\/div>\n<\/div>\n<\/div>\n","protected":false},"excerpt":{"rendered":"<p>Vigas laminadas Las vigas laminadas son piezas formadas por laminas o tablas de madera, encoladas entre s\u00ed, a las que previamente se les hace un proceso de optimizaci\u00f3n. Esto es, se eliminan los defectos que disminuyen la estabilidad como son los nudos, las bolsas de resina y los crecimientos hacia dentro de la corteza. De [&#8230;]<\/p>\n<p><a class=\"btn btn-secondary understrap-read-more-link\" href=\"https:\/\/www.jannone.net\/es\/maderas\/vigas-laminadas\/\">Leer m\u00e1s&#8230;<\/a><\/p>\n","protected":false},"author":2,"featured_media":0,"parent":12,"menu_order":0,"comment_status":"closed","ping_status":"closed","template":"page-templates\/empty.php","meta":{"_seopress_robots_primary_cat":"0","_seopress_titles_title":"Vigas laminadas - Vigas laminadas de abeto - Vigas laminadas -","_seopress_titles_desc":"Jannone Maderas te garantiza las vigas laminadas que necesitas. Encuentra todo lo que necesitas en Grupo Jannone. LL\u00e1manos y te asesoraremos","_seopress_robots_index":"","footnotes":""},"class_list":["post-162","page","type-page","status-publish","hentry"],"yoast_head":"<!-- This site is optimized with the Yoast SEO plugin v26.8 - https:\/\/yoast.com\/product\/yoast-seo-wordpress\/ -->\n<title>Vigas laminadas - Vigas laminadas de abeto - Vigas laminadas -<\/title>\n<meta name=\"description\" content=\"Jannone Maderas te garantiza las vigas laminadas que necesitas. Encuentra todo lo que necesitas en Grupo Jannone. LL\u00e1manos y te asesoraremos\" \/>\n<meta name=\"robots\" content=\"index, follow, max-snippet:-1, max-image-preview:large, max-video-preview:-1\" \/>\n<link rel=\"canonical\" href=\"https:\/\/www.jannone.net\/es\/maderas\/vigas-laminadas\/\" \/>\n<meta property=\"og:locale\" content=\"es_ES\" \/>\n<meta property=\"og:type\" content=\"article\" \/>\n<meta property=\"og:title\" content=\"Vigas laminadas - Vigas laminadas de abeto - Vigas laminadas -\" \/>\n<meta property=\"og:description\" content=\"Jannone Maderas te garantiza las vigas laminadas que necesitas. Encuentra todo lo que necesitas en Grupo Jannone. LL\u00e1manos y te asesoraremos\" \/>\n<meta property=\"og:url\" content=\"https:\/\/www.jannone.net\/es\/maderas\/vigas-laminadas\/\" \/>\n<meta property=\"og:site_name\" content=\"Jannone\" \/>\n<meta property=\"article:modified_time\" content=\"2017-12-20T09:27:02+00:00\" \/>\n<meta property=\"og:image\" content=\"https:\/\/www.jannone.net\/es\/wp-content\/uploads\/2017\/08\/cabecera-maderas-vigas.jpg\" \/>\n<meta name=\"twitter:label1\" content=\"Tiempo de lectura\" \/>\n\t<meta name=\"twitter:data1\" content=\"1 minuto\" \/>\n<script type=\"application\/ld+json\" class=\"yoast-schema-graph\">{\"@context\":\"https:\/\/schema.org\",\"@graph\":[{\"@type\":\"WebPage\",\"@id\":\"https:\/\/www.jannone.net\/es\/maderas\/vigas-laminadas\/\",\"url\":\"https:\/\/www.jannone.net\/es\/maderas\/vigas-laminadas\/\",\"name\":\"Vigas laminadas - Vigas laminadas de abeto - Vigas laminadas -\",\"isPartOf\":{\"@id\":\"https:\/\/www.jannone.net\/es\/#website\"},\"primaryImageOfPage\":{\"@id\":\"https:\/\/www.jannone.net\/es\/maderas\/vigas-laminadas\/#primaryimage\"},\"image\":{\"@id\":\"https:\/\/www.jannone.net\/es\/maderas\/vigas-laminadas\/#primaryimage\"},\"thumbnailUrl\":\"https:\/\/www.jannone.net\/es\/wp-content\/uploads\/2017\/08\/cabecera-maderas-vigas.jpg\",\"datePublished\":\"2017-08-09T06:47:01+00:00\",\"dateModified\":\"2017-12-20T09:27:02+00:00\",\"description\":\"Jannone Maderas te garantiza las vigas laminadas que necesitas. Encuentra todo lo que necesitas en Grupo Jannone. LL\u00e1manos y te asesoraremos\",\"breadcrumb\":{\"@id\":\"https:\/\/www.jannone.net\/es\/maderas\/vigas-laminadas\/#breadcrumb\"},\"inLanguage\":\"es\",\"potentialAction\":[{\"@type\":\"ReadAction\",\"target\":[\"https:\/\/www.jannone.net\/es\/maderas\/vigas-laminadas\/\"]}]},{\"@type\":\"ImageObject\",\"inLanguage\":\"es\",\"@id\":\"https:\/\/www.jannone.net\/es\/maderas\/vigas-laminadas\/#primaryimage\",\"url\":\"https:\/\/www.jannone.net\/es\/wp-content\/uploads\/2017\/08\/cabecera-maderas-vigas.jpg\",\"contentUrl\":\"https:\/\/www.jannone.net\/es\/wp-content\/uploads\/2017\/08\/cabecera-maderas-vigas.jpg\",\"width\":1801,\"height\":461},{\"@type\":\"BreadcrumbList\",\"@id\":\"https:\/\/www.jannone.net\/es\/maderas\/vigas-laminadas\/#breadcrumb\",\"itemListElement\":[{\"@type\":\"ListItem\",\"position\":1,\"name\":\"Portada\",\"item\":\"https:\/\/www.jannone.net\/es\/\"},{\"@type\":\"ListItem\",\"position\":2,\"name\":\"Maderas\",\"item\":\"https:\/\/www.jannone.net\/es\/maderas\/\"},{\"@type\":\"ListItem\",\"position\":3,\"name\":\"Vigas laminadas\"}]},{\"@type\":\"WebSite\",\"@id\":\"https:\/\/www.jannone.net\/es\/#website\",\"url\":\"https:\/\/www.jannone.net\/es\/\",\"name\":\"Jannone\",\"description\":\"Distribuidores de tubos y maderas\",\"potentialAction\":[{\"@type\":\"SearchAction\",\"target\":{\"@type\":\"EntryPoint\",\"urlTemplate\":\"https:\/\/www.jannone.net\/es\/?s={search_term_string}\"},\"query-input\":{\"@type\":\"PropertyValueSpecification\",\"valueRequired\":true,\"valueName\":\"search_term_string\"}}],\"inLanguage\":\"es\"}]}<\/script>\n<!-- \/ Yoast SEO plugin. -->","yoast_head_json":{"title":"Vigas laminadas - Vigas laminadas de abeto - Vigas laminadas -","description":"Jannone Maderas te garantiza las vigas laminadas que necesitas. Encuentra todo lo que necesitas en Grupo Jannone. LL\u00e1manos y te asesoraremos","robots":{"index":"index","follow":"follow","max-snippet":"max-snippet:-1","max-image-preview":"max-image-preview:large","max-video-preview":"max-video-preview:-1"},"canonical":"https:\/\/www.jannone.net\/es\/maderas\/vigas-laminadas\/","og_locale":"es_ES","og_type":"article","og_title":"Vigas laminadas - Vigas laminadas de abeto - Vigas laminadas -","og_description":"Jannone Maderas te garantiza las vigas laminadas que necesitas. Encuentra todo lo que necesitas en Grupo Jannone. LL\u00e1manos y te asesoraremos","og_url":"https:\/\/www.jannone.net\/es\/maderas\/vigas-laminadas\/","og_site_name":"Jannone","article_modified_time":"2017-12-20T09:27:02+00:00","og_image":[{"url":"https:\/\/www.jannone.net\/es\/wp-content\/uploads\/2017\/08\/cabecera-maderas-vigas.jpg","type":"","width":"","height":""}],"twitter_misc":{"Tiempo de lectura":"1 minuto"},"schema":{"@context":"https:\/\/schema.org","@graph":[{"@type":"WebPage","@id":"https:\/\/www.jannone.net\/es\/maderas\/vigas-laminadas\/","url":"https:\/\/www.jannone.net\/es\/maderas\/vigas-laminadas\/","name":"Vigas laminadas - Vigas laminadas de abeto - Vigas laminadas -","isPartOf":{"@id":"https:\/\/www.jannone.net\/es\/#website"},"primaryImageOfPage":{"@id":"https:\/\/www.jannone.net\/es\/maderas\/vigas-laminadas\/#primaryimage"},"image":{"@id":"https:\/\/www.jannone.net\/es\/maderas\/vigas-laminadas\/#primaryimage"},"thumbnailUrl":"https:\/\/www.jannone.net\/es\/wp-content\/uploads\/2017\/08\/cabecera-maderas-vigas.jpg","datePublished":"2017-08-09T06:47:01+00:00","dateModified":"2017-12-20T09:27:02+00:00","description":"Jannone Maderas te garantiza las vigas laminadas que necesitas. Encuentra todo lo que necesitas en Grupo Jannone. LL\u00e1manos y te asesoraremos","breadcrumb":{"@id":"https:\/\/www.jannone.net\/es\/maderas\/vigas-laminadas\/#breadcrumb"},"inLanguage":"es","potentialAction":[{"@type":"ReadAction","target":["https:\/\/www.jannone.net\/es\/maderas\/vigas-laminadas\/"]}]},{"@type":"ImageObject","inLanguage":"es","@id":"https:\/\/www.jannone.net\/es\/maderas\/vigas-laminadas\/#primaryimage","url":"https:\/\/www.jannone.net\/es\/wp-content\/uploads\/2017\/08\/cabecera-maderas-vigas.jpg","contentUrl":"https:\/\/www.jannone.net\/es\/wp-content\/uploads\/2017\/08\/cabecera-maderas-vigas.jpg","width":1801,"height":461},{"@type":"BreadcrumbList","@id":"https:\/\/www.jannone.net\/es\/maderas\/vigas-laminadas\/#breadcrumb","itemListElement":[{"@type":"ListItem","position":1,"name":"Portada","item":"https:\/\/www.jannone.net\/es\/"},{"@type":"ListItem","position":2,"name":"Maderas","item":"https:\/\/www.jannone.net\/es\/maderas\/"},{"@type":"ListItem","position":3,"name":"Vigas laminadas"}]},{"@type":"WebSite","@id":"https:\/\/www.jannone.net\/es\/#website","url":"https:\/\/www.jannone.net\/es\/","name":"Jannone","description":"Distribuidores de tubos y maderas","potentialAction":[{"@type":"SearchAction","target":{"@type":"EntryPoint","urlTemplate":"https:\/\/www.jannone.net\/es\/?s={search_term_string}"},"query-input":{"@type":"PropertyValueSpecification","valueRequired":true,"valueName":"search_term_string"}}],"inLanguage":"es"}]}},"_links":{"self":[{"href":"https:\/\/www.jannone.net\/es\/wp-json\/wp\/v2\/pages\/162","targetHints":{"allow":["GET"]}}],"collection":[{"href":"https:\/\/www.jannone.net\/es\/wp-json\/wp\/v2\/pages"}],"about":[{"href":"https:\/\/www.jannone.net\/es\/wp-json\/wp\/v2\/types\/page"}],"author":[{"embeddable":true,"href":"https:\/\/www.jannone.net\/es\/wp-json\/wp\/v2\/users\/2"}],"replies":[{"embeddable":true,"href":"https:\/\/www.jannone.net\/es\/wp-json\/wp\/v2\/comments?post=162"}],"version-history":[{"count":5,"href":"https:\/\/www.jannone.net\/es\/wp-json\/wp\/v2\/pages\/162\/revisions"}],"predecessor-version":[{"id":1127,"href":"https:\/\/www.jannone.net\/es\/wp-json\/wp\/v2\/pages\/162\/revisions\/1127"}],"up":[{"embeddable":true,"href":"https:\/\/www.jannone.net\/es\/wp-json\/wp\/v2\/pages\/12"}],"wp:attachment":[{"href":"https:\/\/www.jannone.net\/es\/wp-json\/wp\/v2\/media?parent=162"}],"curies":[{"name":"wp","href":"https:\/\/api.w.org\/{rel}","templated":true}]}}