{"id":160,"date":"2017-08-09T08:46:42","date_gmt":"2017-08-09T06:46:42","guid":{"rendered":"https:\/\/www.jannone.net\/es\/?page_id=160"},"modified":"2018-06-04T13:03:01","modified_gmt":"2018-06-04T11:03:01","slug":"tarimas-y-frisos","status":"publish","type":"page","link":"https:\/\/www.jannone.net\/es\/maderas\/tarimas-y-frisos\/","title":{"rendered":"Tarimas y frisos"},"content":{"rendered":"<p><img  title=\"Tarimas y frisos - Grupo Jannone\" decoding=\"async\" class=\"aligncenter size-full wp-image-697 img-full\" src=\"https:\/\/www.jannone.net\/es\/wp-content\/uploads\/2017\/08\/cabecera-maderas-tarimas.jpg\"  alt=\"Tarimas y frisos - Grupo Jannone\"  width=\"1801\" height=\"461\" srcset=\"https:\/\/www.jannone.net\/es\/wp-content\/uploads\/2017\/08\/cabecera-maderas-tarimas.jpg 1801w, https:\/\/www.jannone.net\/es\/wp-content\/uploads\/2017\/08\/cabecera-maderas-tarimas-300x77.jpg 300w, https:\/\/www.jannone.net\/es\/wp-content\/uploads\/2017\/08\/cabecera-maderas-tarimas-768x197.jpg 768w, https:\/\/www.jannone.net\/es\/wp-content\/uploads\/2017\/08\/cabecera-maderas-tarimas-1024x262.jpg 1024w\" sizes=\"(max-width: 1801px) 100vw, 1801px\" \/><\/p>\n<div class=\"container\">\n<div class=\"row\">\n<div class=\"col-xs-12 col-md-12\">\n<h1 class=\"titulo-productos\">Tarimas y frisos<\/h1>\n<div class=\"dos-columnas\">\n<p class=\"texto\">Una vez m\u00e1s, Jannone Maderas apuesta por facilitar la cadena de producci\u00f3n acercando el material a los profesionales. En nuestro cat\u00e1logo est\u00e1n incluidos tarimas y frisos dentro de los pedidos a medida que necesita el cliente, en torno a las franjas de decoraci\u00f3n en madera y los suelos.<\/p>\n<p class=\"texto\">Disponemos tanto de tarimas tratadas como tarimas sin tratar, para que la soluci\u00f3n sea lo m\u00e1s efectiva posible. Para el Grupo Jannone es una realidad continua la adaptaci\u00f3n al profesional, sean fabricantes, distribuidores o instaladores. La calidad y el acabado marcan la diferencia de nuestro servicio.<\/p>\n<\/div>\n<\/div>\n<\/div>\n<\/div>\n<div class=\"row\">\n<div class=\"col-md-6 fondo-verde-interior animated fadeInLeftBig duration3\">\n<div class=\"padding-caja-izq\">\n<div class=\"container\">\n<div class=\"row mt-4 mb-4\">\n<h2>Tarimas y frisos en madera<\/h2>\n<p class=\"texto\">Referente a tarimas y frisos, Jannone Maderas dispone de material machiembrado y solapado.<\/p>\n<p class=\"texto\">Este tipo de productos para revestir paredes y techos son un a\u00f1adido m\u00e1s a la oferta que tenemos disponible para ebanister\u00eda y carpinter\u00eda en tanto que las tarimas y frisos en madera son una demanda actual en el equipamiento de los hogares.<\/p>\n<\/div>\n<\/div>\n<\/div>\n<\/div>\n<div class=\"col-md-6 fondo-azul-interior d-flex justify-content-center flex-column animated fadeInRightBig duration3\">\n<div class=\"padding-caja-der\">\n<div class=\"container\">\n<div class=\"row mt-4 mb-4\">\n<p class=\"texto\">Por ello, estamos a tu servicio ante cualquier petici\u00f3n concreta para nuestros profesionales, de cara a garantizar la cobertura de la necesidad en el menor tiempo posible.<\/p>\n<p class=\"texto\">Si necesitas ampliar el g\u00e9nero con el que trabajas, conf\u00eda en un grupo que lleva trabajando con madera toda la vida.<\/p>\n<\/div>\n<\/div>\n<\/div>\n<\/div>\n<\/div>\n<div class=\"mt-4\"><\/div>\n<div class=\"row\">\n<div class=\"col-xs-12 col-md-12\">\n<div class=\"row mb-3\">\n<div class=\"col-md-4 mosaico-productos borde-derecha borde-izquierda\">\n<div class=\"maderas-aserradas mosaico-escala mosaico-escala-int\">\n<h3><a class=\"d-flex justify-content-center flex-column\" href=\"https:\/\/www.jannone.net\/es\/maderas\/maderas-aserradas\/\">Maderas Aserradas<\/a><\/h3>\n<\/div>\n<\/div>\n<div class=\"col-md-4 mosaico-productos borde-derecha borde-izquierda\">\n<div class=\"maderas-postes mosaico-escala mosaico-escala-int\">\n<h3><a class=\"d-flex justify-content-center flex-column\" href=\"https:\/\/www.jannone.net\/es\/maderas\/postes-tutores-tratados\/\">Postes y tutores tratados<\/a><\/h3>\n<\/div>\n<\/div>\n<div class=\"col-md-4 mosaico-productos borde-derecha borde-izquierda\">\n<div class=\"maderas-tratada mosaico-escala mosaico-escala-int\">\n<h3><a class=\"d-flex justify-content-center flex-column\" href=\"https:\/\/www.jannone.net\/es\/maderas\/madera-tratada-exterior\/\">Madera tratada para exterior<\/a><\/h3>\n<\/div>\n<\/div>\n<\/div>\n<\/div>\n<\/div>\n<div class=\"row\">\n<div class=\"col-xs-12 col-md-12\">\n<div class=\"row mb-4\">\n<div class=\"col-md-3 mosaico-productos borde-derecha borde-izquierda\">\n<div class=\"maderas-contrachapado mosaico-escala mosaico-escala-int\">\n<h3><a class=\"d-flex justify-content-center flex-column\" href=\"https:\/\/www.jannone.net\/es\/maderas\/tableros-contrachapados-fenolicos\/\">Tableros contrachapados fen\u00f3licos<\/a><\/h3>\n<\/div>\n<\/div>\n<div class=\"col-md-3 mosaico-productos borde-derecha borde-izquierda\">\n<div class=\"maderas-tarimas mosaico-escala mosaico-escala-int\">\n<h3><a class=\"d-flex justify-content-center flex-column\" href=\"https:\/\/www.jannone.net\/es\/maderas\/tarimas-y-frisos\/\">Tarimas y frisos<\/a><\/h3>\n<\/div>\n<\/div>\n<div class=\"col-md-3 mosaico-productos borde-derecha borde-izquierda\">\n<div class=\"maderas-vigas mosaico-escala mosaico-escala-int\">\n<h3><a class=\"d-flex justify-content-center flex-column\" href=\" https:\/\/www.jannone.net\/es\/maderas\/vigas-laminadas\/\">Vigas laminadas<\/a><\/h3>\n<\/div>\n<\/div>\n<div class=\"col-md-3 mosaico-productos borde-derecha borde-izquierda\">\n<div class=\"maderas-cancelas mosaico-escala mosaico-escala-int\">\n<h3><a class=\"d-flex justify-content-center flex-column\" href=\"https:\/\/www.jannone.net\/es\/maderas\/cancelas-argentinas-torretas\/\">Cancelas argentinas y torretas<\/a><\/h3>\n<\/div>\n<\/div>\n<\/div>\n<\/div>\n<\/div>\n","protected":false},"excerpt":{"rendered":"<p>Tarimas y frisos Una vez m\u00e1s, Jannone Maderas apuesta por facilitar la cadena de producci\u00f3n acercando el material a los profesionales. En nuestro cat\u00e1logo est\u00e1n incluidos tarimas y frisos dentro de los pedidos a medida que necesita el cliente, en torno a las franjas de decoraci\u00f3n en madera y los suelos. Disponemos tanto de tarimas [&#8230;]<\/p>\n<p><a class=\"btn btn-secondary understrap-read-more-link\" href=\"https:\/\/www.jannone.net\/es\/maderas\/tarimas-y-frisos\/\">Leer m\u00e1s&#8230;<\/a><\/p>\n","protected":false},"author":2,"featured_media":0,"parent":12,"menu_order":0,"comment_status":"closed","ping_status":"closed","template":"page-templates\/empty.php","meta":{"_seopress_robots_primary_cat":"0","_seopress_titles_title":"Tarimas y frisos - Grupo Jannone - Jannone Maderas","_seopress_titles_desc":"Grupo Jannone pone a tu disposici\u00f3n una gran variedad de tarimas y frisos. Encuentra en Jannone Maderas todo lo que necesitas...","_seopress_robots_index":"","footnotes":""},"class_list":["post-160","page","type-page","status-publish","hentry"],"yoast_head":"<!-- This site is optimized with the Yoast SEO plugin v26.8 - https:\/\/yoast.com\/product\/yoast-seo-wordpress\/ -->\n<title>Tarimas y frisos - Grupo Jannone - Jannone Maderas<\/title>\n<meta name=\"description\" content=\"Grupo Jannone pone a tu disposici\u00f3n una gran variedad de tarimas y frisos. Encuentra en Jannone Maderas todo lo que necesitas...\" \/>\n<meta name=\"robots\" content=\"index, follow, max-snippet:-1, max-image-preview:large, max-video-preview:-1\" \/>\n<link rel=\"canonical\" href=\"https:\/\/www.jannone.net\/es\/maderas\/tarimas-y-frisos\/\" \/>\n<meta property=\"og:locale\" content=\"es_ES\" \/>\n<meta property=\"og:type\" content=\"article\" \/>\n<meta property=\"og:title\" content=\"Tarimas y frisos - Grupo Jannone - Jannone Maderas\" \/>\n<meta property=\"og:description\" content=\"Grupo Jannone pone a tu disposici\u00f3n una gran variedad de tarimas y frisos. Encuentra en Jannone Maderas todo lo que necesitas...\" \/>\n<meta property=\"og:url\" content=\"https:\/\/www.jannone.net\/es\/maderas\/tarimas-y-frisos\/\" \/>\n<meta property=\"og:site_name\" content=\"Jannone\" \/>\n<meta property=\"article:modified_time\" content=\"2018-06-04T11:03:01+00:00\" \/>\n<meta property=\"og:image\" content=\"https:\/\/www.jannone.net\/es\/wp-content\/uploads\/2017\/08\/cabecera-maderas-tarimas.jpg\" \/>\n<meta name=\"twitter:label1\" content=\"Tiempo de lectura\" \/>\n\t<meta name=\"twitter:data1\" content=\"1 minuto\" \/>\n<script type=\"application\/ld+json\" class=\"yoast-schema-graph\">{\"@context\":\"https:\/\/schema.org\",\"@graph\":[{\"@type\":\"WebPage\",\"@id\":\"https:\/\/www.jannone.net\/es\/maderas\/tarimas-y-frisos\/\",\"url\":\"https:\/\/www.jannone.net\/es\/maderas\/tarimas-y-frisos\/\",\"name\":\"Tarimas y frisos - Grupo Jannone - Jannone Maderas\",\"isPartOf\":{\"@id\":\"https:\/\/www.jannone.net\/es\/#website\"},\"primaryImageOfPage\":{\"@id\":\"https:\/\/www.jannone.net\/es\/maderas\/tarimas-y-frisos\/#primaryimage\"},\"image\":{\"@id\":\"https:\/\/www.jannone.net\/es\/maderas\/tarimas-y-frisos\/#primaryimage\"},\"thumbnailUrl\":\"https:\/\/www.jannone.net\/es\/wp-content\/uploads\/2017\/08\/cabecera-maderas-tarimas.jpg\",\"datePublished\":\"2017-08-09T06:46:42+00:00\",\"dateModified\":\"2018-06-04T11:03:01+00:00\",\"description\":\"Grupo Jannone pone a tu disposici\u00f3n una gran variedad de tarimas y frisos. Encuentra en Jannone Maderas todo lo que necesitas...\",\"breadcrumb\":{\"@id\":\"https:\/\/www.jannone.net\/es\/maderas\/tarimas-y-frisos\/#breadcrumb\"},\"inLanguage\":\"es\",\"potentialAction\":[{\"@type\":\"ReadAction\",\"target\":[\"https:\/\/www.jannone.net\/es\/maderas\/tarimas-y-frisos\/\"]}]},{\"@type\":\"ImageObject\",\"inLanguage\":\"es\",\"@id\":\"https:\/\/www.jannone.net\/es\/maderas\/tarimas-y-frisos\/#primaryimage\",\"url\":\"https:\/\/www.jannone.net\/es\/wp-content\/uploads\/2017\/08\/cabecera-maderas-tarimas.jpg\",\"contentUrl\":\"https:\/\/www.jannone.net\/es\/wp-content\/uploads\/2017\/08\/cabecera-maderas-tarimas.jpg\",\"width\":1801,\"height\":461},{\"@type\":\"BreadcrumbList\",\"@id\":\"https:\/\/www.jannone.net\/es\/maderas\/tarimas-y-frisos\/#breadcrumb\",\"itemListElement\":[{\"@type\":\"ListItem\",\"position\":1,\"name\":\"Portada\",\"item\":\"https:\/\/www.jannone.net\/es\/\"},{\"@type\":\"ListItem\",\"position\":2,\"name\":\"Maderas\",\"item\":\"https:\/\/www.jannone.net\/es\/maderas\/\"},{\"@type\":\"ListItem\",\"position\":3,\"name\":\"Tarimas y frisos\"}]},{\"@type\":\"WebSite\",\"@id\":\"https:\/\/www.jannone.net\/es\/#website\",\"url\":\"https:\/\/www.jannone.net\/es\/\",\"name\":\"Jannone\",\"description\":\"Distribuidores de tubos y maderas\",\"potentialAction\":[{\"@type\":\"SearchAction\",\"target\":{\"@type\":\"EntryPoint\",\"urlTemplate\":\"https:\/\/www.jannone.net\/es\/?s={search_term_string}\"},\"query-input\":{\"@type\":\"PropertyValueSpecification\",\"valueRequired\":true,\"valueName\":\"search_term_string\"}}],\"inLanguage\":\"es\"}]}<\/script>\n<!-- \/ Yoast SEO plugin. -->","yoast_head_json":{"title":"Tarimas y frisos - Grupo Jannone - Jannone Maderas","description":"Grupo Jannone pone a tu disposici\u00f3n una gran variedad de tarimas y frisos. Encuentra en Jannone Maderas todo lo que necesitas...","robots":{"index":"index","follow":"follow","max-snippet":"max-snippet:-1","max-image-preview":"max-image-preview:large","max-video-preview":"max-video-preview:-1"},"canonical":"https:\/\/www.jannone.net\/es\/maderas\/tarimas-y-frisos\/","og_locale":"es_ES","og_type":"article","og_title":"Tarimas y frisos - Grupo Jannone - Jannone Maderas","og_description":"Grupo Jannone pone a tu disposici\u00f3n una gran variedad de tarimas y frisos. Encuentra en Jannone Maderas todo lo que necesitas...","og_url":"https:\/\/www.jannone.net\/es\/maderas\/tarimas-y-frisos\/","og_site_name":"Jannone","article_modified_time":"2018-06-04T11:03:01+00:00","og_image":[{"url":"https:\/\/www.jannone.net\/es\/wp-content\/uploads\/2017\/08\/cabecera-maderas-tarimas.jpg","type":"","width":"","height":""}],"twitter_misc":{"Tiempo de lectura":"1 minuto"},"schema":{"@context":"https:\/\/schema.org","@graph":[{"@type":"WebPage","@id":"https:\/\/www.jannone.net\/es\/maderas\/tarimas-y-frisos\/","url":"https:\/\/www.jannone.net\/es\/maderas\/tarimas-y-frisos\/","name":"Tarimas y frisos - Grupo Jannone - Jannone Maderas","isPartOf":{"@id":"https:\/\/www.jannone.net\/es\/#website"},"primaryImageOfPage":{"@id":"https:\/\/www.jannone.net\/es\/maderas\/tarimas-y-frisos\/#primaryimage"},"image":{"@id":"https:\/\/www.jannone.net\/es\/maderas\/tarimas-y-frisos\/#primaryimage"},"thumbnailUrl":"https:\/\/www.jannone.net\/es\/wp-content\/uploads\/2017\/08\/cabecera-maderas-tarimas.jpg","datePublished":"2017-08-09T06:46:42+00:00","dateModified":"2018-06-04T11:03:01+00:00","description":"Grupo Jannone pone a tu disposici\u00f3n una gran variedad de tarimas y frisos. Encuentra en Jannone Maderas todo lo que necesitas...","breadcrumb":{"@id":"https:\/\/www.jannone.net\/es\/maderas\/tarimas-y-frisos\/#breadcrumb"},"inLanguage":"es","potentialAction":[{"@type":"ReadAction","target":["https:\/\/www.jannone.net\/es\/maderas\/tarimas-y-frisos\/"]}]},{"@type":"ImageObject","inLanguage":"es","@id":"https:\/\/www.jannone.net\/es\/maderas\/tarimas-y-frisos\/#primaryimage","url":"https:\/\/www.jannone.net\/es\/wp-content\/uploads\/2017\/08\/cabecera-maderas-tarimas.jpg","contentUrl":"https:\/\/www.jannone.net\/es\/wp-content\/uploads\/2017\/08\/cabecera-maderas-tarimas.jpg","width":1801,"height":461},{"@type":"BreadcrumbList","@id":"https:\/\/www.jannone.net\/es\/maderas\/tarimas-y-frisos\/#breadcrumb","itemListElement":[{"@type":"ListItem","position":1,"name":"Portada","item":"https:\/\/www.jannone.net\/es\/"},{"@type":"ListItem","position":2,"name":"Maderas","item":"https:\/\/www.jannone.net\/es\/maderas\/"},{"@type":"ListItem","position":3,"name":"Tarimas y frisos"}]},{"@type":"WebSite","@id":"https:\/\/www.jannone.net\/es\/#website","url":"https:\/\/www.jannone.net\/es\/","name":"Jannone","description":"Distribuidores de tubos y maderas","potentialAction":[{"@type":"SearchAction","target":{"@type":"EntryPoint","urlTemplate":"https:\/\/www.jannone.net\/es\/?s={search_term_string}"},"query-input":{"@type":"PropertyValueSpecification","valueRequired":true,"valueName":"search_term_string"}}],"inLanguage":"es"}]}},"_links":{"self":[{"href":"https:\/\/www.jannone.net\/es\/wp-json\/wp\/v2\/pages\/160","targetHints":{"allow":["GET"]}}],"collection":[{"href":"https:\/\/www.jannone.net\/es\/wp-json\/wp\/v2\/pages"}],"about":[{"href":"https:\/\/www.jannone.net\/es\/wp-json\/wp\/v2\/types\/page"}],"author":[{"embeddable":true,"href":"https:\/\/www.jannone.net\/es\/wp-json\/wp\/v2\/users\/2"}],"replies":[{"embeddable":true,"href":"https:\/\/www.jannone.net\/es\/wp-json\/wp\/v2\/comments?post=160"}],"version-history":[{"count":5,"href":"https:\/\/www.jannone.net\/es\/wp-json\/wp\/v2\/pages\/160\/revisions"}],"predecessor-version":[{"id":1141,"href":"https:\/\/www.jannone.net\/es\/wp-json\/wp\/v2\/pages\/160\/revisions\/1141"}],"up":[{"embeddable":true,"href":"https:\/\/www.jannone.net\/es\/wp-json\/wp\/v2\/pages\/12"}],"wp:attachment":[{"href":"https:\/\/www.jannone.net\/es\/wp-json\/wp\/v2\/media?parent=160"}],"curies":[{"name":"wp","href":"https:\/\/api.w.org\/{rel}","templated":true}]}}