{"id":16,"date":"2017-04-19T13:37:08","date_gmt":"2017-04-19T11:37:08","guid":{"rendered":"https:\/\/www.jannone.net\/es\/?page_id=16"},"modified":"2024-02-05T13:52:28","modified_gmt":"2024-02-05T12:52:28","slug":"real-estate","status":"publish","type":"page","link":"https:\/\/www.jannone.net\/es\/real-estate\/","title":{"rendered":"Real Estate"},"content":{"rendered":"<p><img  title=\"Real Estate - Grupo Jannone\" decoding=\"async\" class=\"aligncenter size-full wp-image-837 img-full\" src=\"https:\/\/www.jannone.net\/es\/wp-content\/uploads\/2022\/05\/cabecera-apartamentos-tree-triana.jpg\"  alt=\"Real Estate - Grupo Jannone\"  width=\"1801\" height=\"461\" \/><\/p>\n<div class=\"container\">\n<div class=\"row\">\n<div class=\"col-xs-12 col-md-12\">\n<h1 class=\"titulo-productos\">Real Estate<\/h1>\n<h2 class=\"text-center\">Nuestro servicio inmobiliario que ponemos a su disposici\u00f3n.<\/h2>\n<\/div>\n<\/div>\n<\/div>\n<div class=\"row\">\n<div class=\"col-md-6 fondo-verde-interior animated fadeInLeftBig duration3 eds-on-scroll\">\n<div class=\"padding-caja-izq\">\n<div class=\"container\">\n<div class=\"row mt-4 mb-4\">\n<p class=\"text-normal\" style=\"text-align: justify;\">El inicio de nuestra gesti\u00f3n comercial fue emparejado al de nuestra actividad como promotores inmobiliarios. Con el paso de los a\u00f1os nos hemos ido especializando en el sector y nuestra principal zona de actuaci\u00f3n se ubica en Sevilla, aunque tambi\u00e9n gestionamos en otros lugares como Madrid. Les podemos ofrecer diferentes tipos de inmuebles, para alquiler o venta, seg\u00fan sus necesidades. Disponemos de personal t\u00e9cnico en el sector, que le ayudar\u00e1 a la mejor b\u00fasqueda y elecci\u00f3n.<\/p>\n<p class=\"text-normal\" style=\"text-align: justify;\">En nuestra variada cartera de productos podr\u00e1 encontrar un sinf\u00edn de locales, plazas de garaje, oficinas, viviendas residenciales y naves industriales. Para que puedan encontrar el lugar m\u00e1s id\u00f3neo para el desarrollo de su negocio, les podemos ofrecer locales comerciales con diversidad de superficies, desde 60 m\u00b2 a 750 m\u00b2, por lo que la preocupaci\u00f3n por el espacio no ser\u00e1 un problema.<\/p>\n<\/div>\n<\/div>\n<\/div>\n<\/div>\n<div class=\"col-md-6 fondo-azul-interior d-flex justify-content-center flex-column animated fadeInRightBig duration3 eds-on-scroll\">\n<div class=\"padding-caja-der\">\n<div class=\"container\">\n<div class=\"row mt-4 mb-4\">\n<p class=\"text-normal\" style=\"text-align: justify;\">Con este servicio no nos centramos solo en el empresario, cualquier persona particular puede ponerse en contacto con nosotros a trav\u00e9s de nuestras oficinas centrales. Ll\u00e1menos al 954 99 00 72, sin compromiso. Estaremos encantados de atenderles.<\/p>\n<\/div>\n<\/div>\n<\/div>\n<\/div>\n<\/div>\n<div class=\"mt-4\"><\/div>\n<div class=\"container\">\n<div class=\"row\">\n<div class=\"col-xs-12 col-md-12\">\n<h2 class=\"titulo-productos\">Proyectos realizados recientemente<\/h2>\n<\/div>\n<\/div>\n<\/div>\n<div class=\"row\">\n<div class=\"col-md-6 animated fadeInLeftBig duration3\">\n<div class=\"padding-caja-izq\">\n<div class=\"container\">\n<div class=\"row mt-4 mb-4\">\n<h2>TreeTriana<\/h2>\n<p class=\"text-normal\" style=\"text-align: justify;\">En una de las principales arterias del barrio de Triana, hemos procedido a la rehabilitaci\u00f3n integral de un edificio de 5 plantas, con una magnifica terraza panor\u00e1mica con vistas a todo el centro de Sevilla: catedral, torre del oro, iglesias\u2026, donde sus hu\u00e9spedes de larga estancia pueden relajarse y disfrutar de esas maravillosas vistas.<\/p>\n<p class=\"text-normal\" style=\"text-align: justify;\">El edificio es el primero en Andaluc\u00eda y el primero en el mundo con un sistema desmontable para el mantenimiento de plantas que ha implantado un sistema de jardiner\u00eda vertical en balcones, adem\u00e1s de una exuberante jardiner\u00eda en hall de entrada, patio interior y terraza panor\u00e1mica, con m\u00e1s de 2.000 especies; se ha llevado a cabo con una formula sostenible con un sistema integral de recirculaci\u00f3n del agua para el riego de las plantas, haciendo el edificio m\u00e1s sostenible, con un consumo m\u00ednimo de agua de 0,4 litros\/m2\/d\u00eda. adem\u00e1s, el edificio contribuye con el medio ambiente proporcionando ox\u00edgeno para unas 160 personas, es decir para m\u00e1s del doble de personas de las que pueden vivir en el edificio.<\/p>\n<p class=\"text-normal style=\">En el tema energ\u00e9tico se ha optado por la aerotermia, para proporcionar refrigeraci\u00f3n y calefacci\u00f3n y aprovechar la energ\u00eda residual para calentar el agua, traducido para sus inquilinos en un ahorro energ\u00e9tico.<\/p>\n<p class=\"text-normal\" style=\"text-align: justify;\">La primera planta del edifico es para uso tur\u00edstico, donde se han dise\u00f1ado 7 apartamentos muy funcionales y pr\u00e1cticos, donde el hu\u00e9sped puede contar con una equipaci\u00f3n completa de todo lo que pudiera necesitar para sentirse como en su propia casa.<\/p>\n<p class=\"texto-normal\" style=\"text-align: justify;\">Puedes visitar la web: <a href=\"https:\/\/www.treetriana.es\/tree-triana\/\" target=\"_blank\" rel=\"noopener noreferrer\">www.treetriana.es<\/a><\/p>\n<p>&nbsp;<\/p>\n<p>&nbsp;<\/p>\n<p>&nbsp;<\/p>\n<p>&nbsp;<\/p>\n<p>&nbsp;<\/p>\n<p>&nbsp;<\/p>\n<p>&nbsp;<\/p>\n<p class=\"texto-normal\" style=\"text-align: justify;\">\u00a0Puedes ver el v\u00eddeo de Canal Sur: <a href=\"https:\/\/www.jannone.net\/es\/video\/tree-triana-apartamentos-canal-sur.mp4\" target=\"_blank\" rel=\"noopener noreferrer\">Aqu\u00ed<\/a><\/p>\n<div id=\"metaslider-id-1301\" style=\"width: 100%;\" class=\"ml-slider-3-105-0 metaslider metaslider-flex metaslider-1301 ml-slider ms-theme-default nav-hidden\" role=\"region\" aria-label=\"Triana 27Mayo2022\" data-height=\"444\" data-width=\"905\">\n    <div id=\"metaslider_container_1301\">\n        <div id=\"metaslider_1301\">\n            <ul class='slides'>\n                <li style=\"display: block; width: 100%;\" class=\"slide-1302 ms-image \" aria-roledescription=\"slide\" data-date=\"2022-05-27 12:37:44\" data-filename=\"01.jpg\" data-slide-type=\"image\"><img decoding=\"async\" src=\"https:\/\/www.jannone.net\/es\/wp-content\/uploads\/2022\/05\/01.jpg\" height=\"444\" width=\"905\"  alt=\"Real Estate - Grupo Jannone\"  class=\"slider-1301 slide-1302 msDefaultImage\"  title=\"Real Estate - Grupo Jannone\"  \/><\/li>\n                <li style=\"display: none; width: 100%;\" class=\"slide-1303 ms-image \" aria-roledescription=\"slide\" data-date=\"2022-05-27 12:37:44\" data-filename=\"03.jpg\" data-slide-type=\"image\"><img decoding=\"async\" src=\"https:\/\/www.jannone.net\/es\/wp-content\/uploads\/2022\/05\/03.jpg\" height=\"444\" width=\"905\"  alt=\"Real Estate - Grupo Jannone\"  class=\"slider-1301 slide-1303 msDefaultImage\"  title=\"Real Estate - Grupo Jannone\"  \/><\/li>\n                <li style=\"display: none; width: 100%;\" class=\"slide-1305 ms-image \" aria-roledescription=\"slide\" data-date=\"2022-05-27 12:37:44\" data-filename=\"04.jpg\" data-slide-type=\"image\"><img decoding=\"async\" src=\"https:\/\/www.jannone.net\/es\/wp-content\/uploads\/2022\/05\/04.jpg\" height=\"444\" width=\"905\"  alt=\"Real Estate - Grupo Jannone\"  class=\"slider-1301 slide-1305 msDefaultImage\"  title=\"Real Estate - Grupo Jannone\"  \/><\/li>\n                <li style=\"display: none; width: 100%;\" class=\"slide-1306 ms-image \" aria-roledescription=\"slide\" data-date=\"2022-05-27 12:37:44\" data-filename=\"02.jpg\" data-slide-type=\"image\"><img decoding=\"async\" src=\"https:\/\/www.jannone.net\/es\/wp-content\/uploads\/2022\/05\/02.jpg\" height=\"444\" width=\"905\"  alt=\"Real Estate - Grupo Jannone\"  class=\"slider-1301 slide-1306 msDefaultImage\"  title=\"Real Estate - Grupo Jannone\"  \/><\/li>\n                <li style=\"display: none; width: 100%;\" class=\"slide-1318 ms-image \" aria-roledescription=\"slide\" data-date=\"2022-05-27 14:21:04\" data-filename=\"05.jpg\" data-slide-type=\"image\"><img decoding=\"async\" src=\"https:\/\/www.jannone.net\/es\/wp-content\/uploads\/2022\/05\/05.jpg\" height=\"444\" width=\"905\"  alt=\"Real Estate - Grupo Jannone\"  class=\"slider-1301 slide-1318 msDefaultImage\"  title=\"Real Estate - Grupo Jannone\"  \/><\/li>\n                <li style=\"display: none; width: 100%;\" class=\"slide-1319 ms-image \" aria-roledescription=\"slide\" data-date=\"2022-05-27 14:21:04\" data-filename=\"06.jpg\" data-slide-type=\"image\"><img decoding=\"async\" src=\"https:\/\/www.jannone.net\/es\/wp-content\/uploads\/2022\/05\/06.jpg\" height=\"444\" width=\"905\"  alt=\"Real Estate - Grupo Jannone\"  class=\"slider-1301 slide-1319 msDefaultImage\"  title=\"Real Estate - Grupo Jannone\"  \/><\/li>\n                <li style=\"display: none; width: 100%;\" class=\"slide-1320 ms-image \" aria-roledescription=\"slide\" data-date=\"2022-05-27 14:21:04\" data-filename=\"07.jpg\" data-slide-type=\"image\"><img decoding=\"async\" src=\"https:\/\/www.jannone.net\/es\/wp-content\/uploads\/2022\/05\/07.jpg\" height=\"444\" width=\"905\"  alt=\"Real Estate - Grupo Jannone\"  class=\"slider-1301 slide-1320 msDefaultImage\"  title=\"Real Estate - Grupo Jannone\"  \/><\/li>\n            <\/ul>\n        <\/div>\n        \n    <\/div>\n<\/div>\n<\/div>\n<\/div>\n<\/div>\n<\/div>\n<div class=\"col-md-6 d-flex flex-column animated fadeInRightBig duration3\">\n<div class=\"padding-caja-der\">\n<div class=\"container\">\n<div class=\"row mt-4 mb-4\">\n<h2>The Tourist house Aguilas<\/h2>\n<p class=\"text-normal\" style=\"text-align: justify;\">Hemos trabajado en la rehabilitaci\u00f3n de apartamentos tur\u00edsticos de Tourist House Sevilla, situados junto a la emblem\u00e1tica Casa Pilatos, en pleno barrio tur\u00edstico de Santa Cruz. Dentro del edificio reformado, se encuentran apartamentos de gran calidad y con numerosas prestaciones para los interesados en la hermosa ciudad sevillana.<\/p>\n<p class=\"texto-normal style=\">Puedes visitar la web: <a href=\"https:\/\/www.treetriana.es\/pilatos-centro\/\" target=\"_blank\" rel=\"noopener noreferrer\">https:\/\/www.treetriana.es\/pilatos-centro\/<\/a><\/p>\n<div id=\"metaslider-id-1281\" style=\"width: 100%;\" class=\"ml-slider-3-105-0 metaslider metaslider-flex metaslider-1281 ml-slider ms-theme-default nav-hidden nav-hidden\" role=\"region\" aria-label=\"Tourist House Casa Pilatos\" data-height=\"444\" data-width=\"905\">\n    <div id=\"metaslider_container_1281\">\n        <div id=\"metaslider_1281\">\n            <ul class='slides'>\n                <li style=\"display: block; width: 100%;\" class=\"slide-1288 ms-image \" aria-roledescription=\"slide\" data-date=\"2022-05-24 12:34:18\" data-filename=\"350435116-905x444.jpeg\" data-slide-type=\"image\"><img decoding=\"async\" src=\"https:\/\/www.jannone.net\/es\/wp-content\/uploads\/2022\/05\/350435116-905x444.jpeg\" height=\"444\" width=\"905\"  alt=\"Real Estate - Grupo Jannone\"  class=\"slider-1281 slide-1288 msDefaultImage\"  title=\"Real Estate - Grupo Jannone\"  \/><\/li>\n                <li style=\"display: none; width: 100%;\" class=\"slide-1290 ms-image \" aria-roledescription=\"slide\" data-date=\"2022-05-24 12:34:18\" data-filename=\"350435141-905x444.jpeg\" data-slide-type=\"image\"><img decoding=\"async\" src=\"https:\/\/www.jannone.net\/es\/wp-content\/uploads\/2022\/05\/350435141-905x444.jpeg\" height=\"444\" width=\"905\"  alt=\"Real Estate - Grupo Jannone\"  class=\"slider-1281 slide-1290 msDefaultImage\"  title=\"Real Estate - Grupo Jannone\"  \/><\/li>\n                <li style=\"display: none; width: 100%;\" class=\"slide-1293 ms-image \" aria-roledescription=\"slide\" data-date=\"2022-05-24 12:34:19\" data-filename=\"350435082-905x444.jpeg\" data-slide-type=\"image\"><img decoding=\"async\" src=\"https:\/\/www.jannone.net\/es\/wp-content\/uploads\/2022\/05\/350435082-905x444.jpeg\" height=\"444\" width=\"905\"  alt=\"Real Estate - Grupo Jannone\"  class=\"slider-1281 slide-1293 msDefaultImage\"  title=\"Real Estate - Grupo Jannone\"  \/><\/li>\n                <li style=\"display: none; width: 100%;\" class=\"slide-1291 ms-image \" aria-roledescription=\"slide\" data-date=\"2022-05-24 12:34:19\" data-filename=\"350435101-905x444.jpeg\" data-slide-type=\"image\"><img decoding=\"async\" src=\"https:\/\/www.jannone.net\/es\/wp-content\/uploads\/2022\/05\/350435101-905x444.jpeg\" height=\"444\" width=\"905\"  alt=\"Real Estate - Grupo Jannone\"  class=\"slider-1281 slide-1291 msDefaultImage\"  title=\"Real Estate - Grupo Jannone\"  \/><\/li>\n                <li style=\"display: none; width: 100%;\" class=\"slide-1289 ms-image \" aria-roledescription=\"slide\" data-date=\"2022-05-24 12:34:18\" data-filename=\"350435081-905x444.jpeg\" data-slide-type=\"image\"><img decoding=\"async\" src=\"https:\/\/www.jannone.net\/es\/wp-content\/uploads\/2022\/05\/350435081-905x444.jpeg\" height=\"444\" width=\"905\"  alt=\"Real Estate - Grupo Jannone\"  class=\"slider-1281 slide-1289 msDefaultImage\"  title=\"Real Estate - Grupo Jannone\"  \/><\/li>\n                <li style=\"display: none; width: 100%;\" class=\"slide-1292 ms-image \" aria-roledescription=\"slide\" data-date=\"2022-05-24 12:34:19\" data-filename=\"350435087-905x444.jpeg\" data-slide-type=\"image\"><img decoding=\"async\" src=\"https:\/\/www.jannone.net\/es\/wp-content\/uploads\/2022\/05\/350435087-905x444.jpeg\" height=\"444\" width=\"905\"  alt=\"Real Estate - Grupo Jannone\"  class=\"slider-1281 slide-1292 msDefaultImage\"  title=\"Real Estate - Grupo Jannone\"  \/><\/li>\n            <\/ul>\n        <\/div>\n        \n    <\/div>\n<\/div>\n<\/div>\n<\/div>\n<\/div>\n<\/div>\n<\/div>\n","protected":false},"excerpt":{"rendered":"<p>Real Estate Nuestro servicio inmobiliario que ponemos a su disposici\u00f3n. El inicio de nuestra gesti\u00f3n comercial fue emparejado al de nuestra actividad como promotores inmobiliarios. Con el paso de los a\u00f1os nos hemos ido especializando en el sector y nuestra principal zona de actuaci\u00f3n se ubica en Sevilla, aunque tambi\u00e9n gestionamos en otros lugares como [&#8230;]<\/p>\n<p><a class=\"btn btn-secondary understrap-read-more-link\" href=\"https:\/\/www.jannone.net\/es\/real-estate\/\">Leer m\u00e1s&#8230;<\/a><\/p>\n","protected":false},"author":2,"featured_media":0,"parent":0,"menu_order":0,"comment_status":"closed","ping_status":"closed","template":"page-templates\/empty.php","meta":{"_seopress_robots_primary_cat":"0","_seopress_titles_title":"Real Estate - Alquiler apartamento - apartamento vacacional","_seopress_titles_desc":"Les podemos ofrecer diferentes tipos de inmuebles, para alquiler o venta, seg\u00fan sus necesidades.Disponemos de personal t\u00e9cnico en el sector...","_seopress_robots_index":"","footnotes":""},"class_list":["post-16","page","type-page","status-publish","hentry"],"yoast_head":"<!-- This site is optimized with the Yoast SEO plugin v26.8 - https:\/\/yoast.com\/product\/yoast-seo-wordpress\/ -->\n<title>Real Estate - Alquiler apartamento - apartamento vacacional<\/title>\n<meta name=\"description\" content=\"Les podemos ofrecer diferentes tipos de inmuebles, para alquiler o venta, seg\u00fan sus necesidades.Disponemos de personal t\u00e9cnico en el sector...\" \/>\n<meta name=\"robots\" content=\"index, follow, max-snippet:-1, max-image-preview:large, max-video-preview:-1\" \/>\n<link rel=\"canonical\" href=\"https:\/\/www.jannone.net\/es\/real-estate\/\" \/>\n<meta property=\"og:locale\" content=\"es_ES\" \/>\n<meta property=\"og:type\" content=\"article\" \/>\n<meta property=\"og:title\" content=\"Real Estate - Alquiler apartamento - apartamento vacacional\" \/>\n<meta property=\"og:description\" content=\"Les podemos ofrecer diferentes tipos de inmuebles, para alquiler o venta, seg\u00fan sus necesidades.Disponemos de personal t\u00e9cnico en el sector...\" \/>\n<meta property=\"og:url\" content=\"https:\/\/www.jannone.net\/es\/real-estate\/\" \/>\n<meta property=\"og:site_name\" content=\"Jannone\" \/>\n<meta property=\"article:modified_time\" content=\"2024-02-05T12:52:28+00:00\" \/>\n<meta property=\"og:image\" content=\"https:\/\/www.jannone.net\/es\/wp-content\/uploads\/2022\/05\/cabecera-apartamentos-tree-triana.jpg\" \/>\n<meta name=\"twitter:label1\" content=\"Tiempo de lectura\" \/>\n\t<meta name=\"twitter:data1\" content=\"3 minutos\" \/>\n<script type=\"application\/ld+json\" class=\"yoast-schema-graph\">{\"@context\":\"https:\/\/schema.org\",\"@graph\":[{\"@type\":\"WebPage\",\"@id\":\"https:\/\/www.jannone.net\/es\/real-estate\/\",\"url\":\"https:\/\/www.jannone.net\/es\/real-estate\/\",\"name\":\"Real Estate - Alquiler apartamento - apartamento vacacional\",\"isPartOf\":{\"@id\":\"https:\/\/www.jannone.net\/es\/#website\"},\"primaryImageOfPage\":{\"@id\":\"https:\/\/www.jannone.net\/es\/real-estate\/#primaryimage\"},\"image\":{\"@id\":\"https:\/\/www.jannone.net\/es\/real-estate\/#primaryimage\"},\"thumbnailUrl\":\"https:\/\/www.jannone.net\/es\/wp-content\/uploads\/2022\/05\/cabecera-apartamentos-tree-triana.jpg\",\"datePublished\":\"2017-04-19T11:37:08+00:00\",\"dateModified\":\"2024-02-05T12:52:28+00:00\",\"description\":\"Les podemos ofrecer diferentes tipos de inmuebles, para alquiler o venta, seg\u00fan sus necesidades.Disponemos de personal t\u00e9cnico en el sector...\",\"breadcrumb\":{\"@id\":\"https:\/\/www.jannone.net\/es\/real-estate\/#breadcrumb\"},\"inLanguage\":\"es\",\"potentialAction\":[{\"@type\":\"ReadAction\",\"target\":[\"https:\/\/www.jannone.net\/es\/real-estate\/\"]}]},{\"@type\":\"ImageObject\",\"inLanguage\":\"es\",\"@id\":\"https:\/\/www.jannone.net\/es\/real-estate\/#primaryimage\",\"url\":\"https:\/\/www.jannone.net\/es\/wp-content\/uploads\/2022\/05\/cabecera-apartamentos-tree-triana.jpg\",\"contentUrl\":\"https:\/\/www.jannone.net\/es\/wp-content\/uploads\/2022\/05\/cabecera-apartamentos-tree-triana.jpg\",\"width\":1801,\"height\":461},{\"@type\":\"BreadcrumbList\",\"@id\":\"https:\/\/www.jannone.net\/es\/real-estate\/#breadcrumb\",\"itemListElement\":[{\"@type\":\"ListItem\",\"position\":1,\"name\":\"Portada\",\"item\":\"https:\/\/www.jannone.net\/es\/\"},{\"@type\":\"ListItem\",\"position\":2,\"name\":\"Real Estate\"}]},{\"@type\":\"WebSite\",\"@id\":\"https:\/\/www.jannone.net\/es\/#website\",\"url\":\"https:\/\/www.jannone.net\/es\/\",\"name\":\"Jannone\",\"description\":\"Distribuidores de tubos y maderas\",\"potentialAction\":[{\"@type\":\"SearchAction\",\"target\":{\"@type\":\"EntryPoint\",\"urlTemplate\":\"https:\/\/www.jannone.net\/es\/?s={search_term_string}\"},\"query-input\":{\"@type\":\"PropertyValueSpecification\",\"valueRequired\":true,\"valueName\":\"search_term_string\"}}],\"inLanguage\":\"es\"}]}<\/script>\n<!-- \/ Yoast SEO plugin. -->","yoast_head_json":{"title":"Real Estate - Alquiler apartamento - apartamento vacacional","description":"Les podemos ofrecer diferentes tipos de inmuebles, para alquiler o venta, seg\u00fan sus necesidades.Disponemos de personal t\u00e9cnico en el sector...","robots":{"index":"index","follow":"follow","max-snippet":"max-snippet:-1","max-image-preview":"max-image-preview:large","max-video-preview":"max-video-preview:-1"},"canonical":"https:\/\/www.jannone.net\/es\/real-estate\/","og_locale":"es_ES","og_type":"article","og_title":"Real Estate - Alquiler apartamento - apartamento vacacional","og_description":"Les podemos ofrecer diferentes tipos de inmuebles, para alquiler o venta, seg\u00fan sus necesidades.Disponemos de personal t\u00e9cnico en el sector...","og_url":"https:\/\/www.jannone.net\/es\/real-estate\/","og_site_name":"Jannone","article_modified_time":"2024-02-05T12:52:28+00:00","og_image":[{"url":"https:\/\/www.jannone.net\/es\/wp-content\/uploads\/2022\/05\/cabecera-apartamentos-tree-triana.jpg","type":"","width":"","height":""}],"twitter_misc":{"Tiempo de lectura":"3 minutos"},"schema":{"@context":"https:\/\/schema.org","@graph":[{"@type":"WebPage","@id":"https:\/\/www.jannone.net\/es\/real-estate\/","url":"https:\/\/www.jannone.net\/es\/real-estate\/","name":"Real Estate - Alquiler apartamento - apartamento vacacional","isPartOf":{"@id":"https:\/\/www.jannone.net\/es\/#website"},"primaryImageOfPage":{"@id":"https:\/\/www.jannone.net\/es\/real-estate\/#primaryimage"},"image":{"@id":"https:\/\/www.jannone.net\/es\/real-estate\/#primaryimage"},"thumbnailUrl":"https:\/\/www.jannone.net\/es\/wp-content\/uploads\/2022\/05\/cabecera-apartamentos-tree-triana.jpg","datePublished":"2017-04-19T11:37:08+00:00","dateModified":"2024-02-05T12:52:28+00:00","description":"Les podemos ofrecer diferentes tipos de inmuebles, para alquiler o venta, seg\u00fan sus necesidades.Disponemos de personal t\u00e9cnico en el sector...","breadcrumb":{"@id":"https:\/\/www.jannone.net\/es\/real-estate\/#breadcrumb"},"inLanguage":"es","potentialAction":[{"@type":"ReadAction","target":["https:\/\/www.jannone.net\/es\/real-estate\/"]}]},{"@type":"ImageObject","inLanguage":"es","@id":"https:\/\/www.jannone.net\/es\/real-estate\/#primaryimage","url":"https:\/\/www.jannone.net\/es\/wp-content\/uploads\/2022\/05\/cabecera-apartamentos-tree-triana.jpg","contentUrl":"https:\/\/www.jannone.net\/es\/wp-content\/uploads\/2022\/05\/cabecera-apartamentos-tree-triana.jpg","width":1801,"height":461},{"@type":"BreadcrumbList","@id":"https:\/\/www.jannone.net\/es\/real-estate\/#breadcrumb","itemListElement":[{"@type":"ListItem","position":1,"name":"Portada","item":"https:\/\/www.jannone.net\/es\/"},{"@type":"ListItem","position":2,"name":"Real Estate"}]},{"@type":"WebSite","@id":"https:\/\/www.jannone.net\/es\/#website","url":"https:\/\/www.jannone.net\/es\/","name":"Jannone","description":"Distribuidores de tubos y maderas","potentialAction":[{"@type":"SearchAction","target":{"@type":"EntryPoint","urlTemplate":"https:\/\/www.jannone.net\/es\/?s={search_term_string}"},"query-input":{"@type":"PropertyValueSpecification","valueRequired":true,"valueName":"search_term_string"}}],"inLanguage":"es"}]}},"_links":{"self":[{"href":"https:\/\/www.jannone.net\/es\/wp-json\/wp\/v2\/pages\/16","targetHints":{"allow":["GET"]}}],"collection":[{"href":"https:\/\/www.jannone.net\/es\/wp-json\/wp\/v2\/pages"}],"about":[{"href":"https:\/\/www.jannone.net\/es\/wp-json\/wp\/v2\/types\/page"}],"author":[{"embeddable":true,"href":"https:\/\/www.jannone.net\/es\/wp-json\/wp\/v2\/users\/2"}],"replies":[{"embeddable":true,"href":"https:\/\/www.jannone.net\/es\/wp-json\/wp\/v2\/comments?post=16"}],"version-history":[{"count":5,"href":"https:\/\/www.jannone.net\/es\/wp-json\/wp\/v2\/pages\/16\/revisions"}],"predecessor-version":[{"id":1401,"href":"https:\/\/www.jannone.net\/es\/wp-json\/wp\/v2\/pages\/16\/revisions\/1401"}],"wp:attachment":[{"href":"https:\/\/www.jannone.net\/es\/wp-json\/wp\/v2\/media?parent=16"}],"curies":[{"name":"wp","href":"https:\/\/api.w.org\/{rel}","templated":true}]}}