{"id":158,"date":"2017-08-09T08:44:30","date_gmt":"2017-08-09T06:44:30","guid":{"rendered":"https:\/\/www.jannone.net\/es\/?page_id=158"},"modified":"2017-11-27T12:51:32","modified_gmt":"2017-11-27T11:51:32","slug":"tableros-contrachapados-fenolicos","status":"publish","type":"page","link":"https:\/\/www.jannone.net\/es\/maderas\/tableros-contrachapados-fenolicos\/","title":{"rendered":"Tableros contrachapados fen\u00f3licos"},"content":{"rendered":"<p><img  title=\"Tableros contrachapados fen\u00f3licos - Grupo Jannone\" decoding=\"async\" class=\"aligncenter size-full wp-image-695 img-full\" src=\"https:\/\/www.jannone.net\/es\/wp-content\/uploads\/2017\/08\/cabecera-maderas-tableros.jpg\"  alt=\"Tableros contrachapados fen\u00f3licos - Grupo Jannone\"  width=\"1801\" height=\"461\" srcset=\"https:\/\/www.jannone.net\/es\/wp-content\/uploads\/2017\/08\/cabecera-maderas-tableros.jpg 1801w, https:\/\/www.jannone.net\/es\/wp-content\/uploads\/2017\/08\/cabecera-maderas-tableros-300x77.jpg 300w, https:\/\/www.jannone.net\/es\/wp-content\/uploads\/2017\/08\/cabecera-maderas-tableros-768x197.jpg 768w, https:\/\/www.jannone.net\/es\/wp-content\/uploads\/2017\/08\/cabecera-maderas-tableros-1024x262.jpg 1024w\" sizes=\"(max-width: 1801px) 100vw, 1801px\" \/><\/p>\n<div class=\"container\">\n<div class=\"row\">\n<div class=\"col-xs-12 col-md-12\">\n<h1 class=\"titulo-productos\">Tableros contrachapados fen\u00f3licos<\/h1>\n<div class=\"dos-columnas\">\n<p class=\"texto\">Cuando hablamos de contrachapados nos referimos a un trabajo multilaminado en el que finas chapas de madera se van acoplando entre s\u00ed. Para Jannone unir el material fen\u00f3lico a los tableros laminados es todo un avance. Supone adquirir los tableros contrachapados fen\u00f3licos tan \u00fatiles a la hora de hacer mucho m\u00e1s estable cualquier producto. Es m\u00e1s, el encolado fen\u00f3lico garantiza la durabilidad de la madera y su resistencia a las bacterias y hongos de zonas h\u00famedas.<\/p>\n<\/div>\n<\/div>\n<\/div>\n<\/div>\n<div class=\"mt-4\"><\/div>\n<div class=\"row\">\n<div class=\"col-md-6 fondo-verde-interior d-flex justify-content-center flex-column animated fadeInLeftBig duration3\">\n<div class=\"padding-caja-izq\">\n<div class=\"container\">\n<div class=\"row mt-4 mb-4\">\n<h2>Tableros contrachapados fen\u00f3licos sin acabado exterior<\/h2>\n<p class=\"texto\">Esta tipolog\u00eda est\u00e1 pensada para un uso tanto interior como exterior en el sector de la construcci\u00f3n y el embalaje.<\/p>\n<p class=\"texto\">Hay varias calidades dependiendo de la limpieza de las caras. As\u00ed, la calidad se ajusta seg\u00fan la cantidad y la reparaci\u00f3n, o no, de nudos que contiene la superficie de la chapa. Con Jannone Maderas puedes garantizar que tu servicio estar\u00e1 cubierto por los mejores tipos de material: tableros de pino, tableros ranurados, tableros Okume (chapa tropical) y OSB.<\/p>\n<\/div>\n<\/div>\n<\/div>\n<\/div>\n<div class=\"col-md-6 fondo-azul-interior animated fadeInRightBig duration3\">\n<div class=\"padding-caja-der\">\n<div class=\"container\">\n<div class=\"row mt-4 mb-4\">\n<h2>Tableros contrachapados fen\u00f3licos con acabado exterior<\/h2>\n<p class=\"texto\">En relaci\u00f3n al acabado es muy importante tener en cuenta que Jannone Maderas ofrece la posibilidad de personalizar el producto para el servicio concreto.<\/p>\n<p class=\"texto\">Un ejemplo ser\u00edan los tableros llamados \u00abde carrocer\u00eda\u00bb, que son aquellos que tienen un film fen\u00f3lico antideslizante en una cara y en la otra un film fenolico liso. Estos tableros se usan para carrocer\u00edas de camiones y remolques, suelos, escenarios, estructuras de parques infantiles y aventuras, etc.<\/p>\n<p class=\"texto\">Otro ejemplo son los que se utilizan para encofrar, utilizados en los sistemas de moldes temporales o permanentes. Estos tableros tienen un film fen\u00f3lico liso en ambas caras. Adem\u00e1s de estos dos ejemplos citados, tenemos una gran variedad de tableros con acabados exteriores.<\/p>\n<\/div>\n<\/div>\n<\/div>\n<\/div>\n<\/div>\n<div class=\"mt-4\"><\/div>\n<div class=\"row\">\n<div class=\"col-xs-12 col-md-12\">\n<div class=\"row mb-3\">\n<div class=\"col-md-4 mosaico-productos borde-derecha borde-izquierda\">\n<div class=\"maderas-aserradas mosaico-escala mosaico-escala-int\">\n<h3><a class=\"d-flex justify-content-center flex-column\" href=\"https:\/\/www.jannone.net\/es\/maderas\/maderas-aserradas\/\">Maderas Aserradas<\/a><\/h3>\n<\/div>\n<\/div>\n<div class=\"col-md-4 mosaico-productos borde-derecha borde-izquierda\">\n<div class=\"maderas-postes mosaico-escala mosaico-escala-int\">\n<h3><a class=\"d-flex justify-content-center flex-column\" href=\"https:\/\/www.jannone.net\/es\/maderas\/postes-tutores-tratados\/\">Postes y tutores tratados<\/a><\/h3>\n<\/div>\n<\/div>\n<div class=\"col-md-4 mosaico-productos borde-derecha borde-izquierda\">\n<div class=\"maderas-tratada mosaico-escala mosaico-escala-int\">\n<h3><a class=\"d-flex justify-content-center flex-column\" href=\"https:\/\/www.jannone.net\/es\/maderas\/madera-tratada-exterior\/\">Madera tratada para exterior<\/a><\/h3>\n<\/div>\n<\/div>\n<\/div>\n<\/div>\n<\/div>\n<div class=\"row\">\n<div class=\"col-xs-12 col-md-12\">\n<div class=\"row mb-4\">\n<div class=\"col-md-3 mosaico-productos borde-derecha borde-izquierda\">\n<div class=\"maderas-contrachapado mosaico-escala mosaico-escala-int\">\n<h3><a class=\"d-flex justify-content-center flex-column\" href=\"https:\/\/www.jannone.net\/es\/maderas\/tableros-contrachapados-fenolicos\/\">Tableros contrachapados fen\u00f3licos<\/a><\/h3>\n<\/div>\n<\/div>\n<div class=\"col-md-3 mosaico-productos borde-derecha borde-izquierda\">\n<div class=\"maderas-tarimas mosaico-escala mosaico-escala-int\">\n<h3><a class=\"d-flex justify-content-center flex-column\" href=\"https:\/\/www.jannone.net\/es\/maderas\/tarimas-y-frisos\/\">Tarimas y frisos<\/a><\/h3>\n<\/div>\n<\/div>\n<div class=\"col-md-3 mosaico-productos borde-derecha borde-izquierda\">\n<div class=\"maderas-vigas mosaico-escala mosaico-escala-int\">\n<h3><a class=\"d-flex justify-content-center flex-column\" href=\" https:\/\/www.jannone.net\/es\/maderas\/vigas-laminadas\/\">Vigas laminadas<\/a><\/h3>\n<\/div>\n<\/div>\n<div class=\"col-md-3 mosaico-productos borde-derecha borde-izquierda\">\n<div class=\"maderas-cancelas mosaico-escala mosaico-escala-int\">\n<h3><a class=\"d-flex justify-content-center flex-column\" href=\"https:\/\/www.jannone.net\/es\/maderas\/cancelas-argentinas-torretas\/\">Cancelas argentinas y torretas<\/a><\/h3>\n<\/div>\n<\/div>\n<\/div>\n<\/div>\n<\/div>\n","protected":false},"excerpt":{"rendered":"<p>Tableros contrachapados fen\u00f3licos Cuando hablamos de contrachapados nos referimos a un trabajo multilaminado en el que finas chapas de madera se van acoplando entre s\u00ed. Para Jannone unir el material fen\u00f3lico a los tableros laminados es todo un avance. Supone adquirir los tableros contrachapados fen\u00f3licos tan \u00fatiles a la hora de hacer mucho m\u00e1s estable [&#8230;]<\/p>\n<p><a class=\"btn btn-secondary understrap-read-more-link\" href=\"https:\/\/www.jannone.net\/es\/maderas\/tableros-contrachapados-fenolicos\/\">Leer m\u00e1s&#8230;<\/a><\/p>\n","protected":false},"author":2,"featured_media":0,"parent":12,"menu_order":0,"comment_status":"closed","ping_status":"closed","template":"page-templates\/empty.php","meta":{"_seopress_robots_primary_cat":"0","_seopress_titles_title":"Tableros contrachapados fen\u00f3licos - compacto fenolico - tablero fenolico compacto","_seopress_titles_desc":"Encuentra en Grupo Jannone tableros contrachapados fenolicos. Jannone Maderas usa los \u00faltimos avances uniendo el material fenolico a los tableros laminados","_seopress_robots_index":"","footnotes":""},"class_list":["post-158","page","type-page","status-publish","hentry"],"yoast_head":"<!-- This site is optimized with the Yoast SEO plugin v26.8 - https:\/\/yoast.com\/product\/yoast-seo-wordpress\/ -->\n<title>Tableros contrachapados fen\u00f3licos - compacto fenolico - tablero fenolico compacto<\/title>\n<meta name=\"description\" content=\"Encuentra en Grupo Jannone tableros contrachapados fenolicos. Jannone Maderas usa los \u00faltimos avances uniendo el material fenolico a los tableros laminados\" \/>\n<meta name=\"robots\" content=\"index, follow, max-snippet:-1, max-image-preview:large, max-video-preview:-1\" \/>\n<link rel=\"canonical\" href=\"https:\/\/www.jannone.net\/es\/maderas\/tableros-contrachapados-fenolicos\/\" \/>\n<meta property=\"og:locale\" content=\"es_ES\" \/>\n<meta property=\"og:type\" content=\"article\" \/>\n<meta property=\"og:title\" content=\"Tableros contrachapados fen\u00f3licos - compacto fenolico - tablero fenolico compacto\" \/>\n<meta property=\"og:description\" content=\"Encuentra en Grupo Jannone tableros contrachapados fenolicos. Jannone Maderas usa los \u00faltimos avances uniendo el material fenolico a los tableros laminados\" \/>\n<meta property=\"og:url\" content=\"https:\/\/www.jannone.net\/es\/maderas\/tableros-contrachapados-fenolicos\/\" \/>\n<meta property=\"og:site_name\" content=\"Jannone\" \/>\n<meta property=\"article:modified_time\" content=\"2017-11-27T11:51:32+00:00\" \/>\n<meta property=\"og:image\" content=\"https:\/\/www.jannone.net\/es\/wp-content\/uploads\/2017\/08\/cabecera-maderas-tableros.jpg\" \/>\n<meta name=\"twitter:label1\" content=\"Tiempo de lectura\" \/>\n\t<meta name=\"twitter:data1\" content=\"2 minutos\" \/>\n<script type=\"application\/ld+json\" class=\"yoast-schema-graph\">{\"@context\":\"https:\/\/schema.org\",\"@graph\":[{\"@type\":\"WebPage\",\"@id\":\"https:\/\/www.jannone.net\/es\/maderas\/tableros-contrachapados-fenolicos\/\",\"url\":\"https:\/\/www.jannone.net\/es\/maderas\/tableros-contrachapados-fenolicos\/\",\"name\":\"Tableros contrachapados fen\u00f3licos - compacto fenolico - tablero fenolico compacto\",\"isPartOf\":{\"@id\":\"https:\/\/www.jannone.net\/es\/#website\"},\"primaryImageOfPage\":{\"@id\":\"https:\/\/www.jannone.net\/es\/maderas\/tableros-contrachapados-fenolicos\/#primaryimage\"},\"image\":{\"@id\":\"https:\/\/www.jannone.net\/es\/maderas\/tableros-contrachapados-fenolicos\/#primaryimage\"},\"thumbnailUrl\":\"https:\/\/www.jannone.net\/es\/wp-content\/uploads\/2017\/08\/cabecera-maderas-tableros.jpg\",\"datePublished\":\"2017-08-09T06:44:30+00:00\",\"dateModified\":\"2017-11-27T11:51:32+00:00\",\"description\":\"Encuentra en Grupo Jannone tableros contrachapados fenolicos. Jannone Maderas usa los \u00faltimos avances uniendo el material fenolico a los tableros laminados\",\"breadcrumb\":{\"@id\":\"https:\/\/www.jannone.net\/es\/maderas\/tableros-contrachapados-fenolicos\/#breadcrumb\"},\"inLanguage\":\"es\",\"potentialAction\":[{\"@type\":\"ReadAction\",\"target\":[\"https:\/\/www.jannone.net\/es\/maderas\/tableros-contrachapados-fenolicos\/\"]}]},{\"@type\":\"ImageObject\",\"inLanguage\":\"es\",\"@id\":\"https:\/\/www.jannone.net\/es\/maderas\/tableros-contrachapados-fenolicos\/#primaryimage\",\"url\":\"https:\/\/www.jannone.net\/es\/wp-content\/uploads\/2017\/08\/cabecera-maderas-tableros.jpg\",\"contentUrl\":\"https:\/\/www.jannone.net\/es\/wp-content\/uploads\/2017\/08\/cabecera-maderas-tableros.jpg\",\"width\":1801,\"height\":461},{\"@type\":\"BreadcrumbList\",\"@id\":\"https:\/\/www.jannone.net\/es\/maderas\/tableros-contrachapados-fenolicos\/#breadcrumb\",\"itemListElement\":[{\"@type\":\"ListItem\",\"position\":1,\"name\":\"Portada\",\"item\":\"https:\/\/www.jannone.net\/es\/\"},{\"@type\":\"ListItem\",\"position\":2,\"name\":\"Maderas\",\"item\":\"https:\/\/www.jannone.net\/es\/maderas\/\"},{\"@type\":\"ListItem\",\"position\":3,\"name\":\"Tableros contrachapados fen\u00f3licos\"}]},{\"@type\":\"WebSite\",\"@id\":\"https:\/\/www.jannone.net\/es\/#website\",\"url\":\"https:\/\/www.jannone.net\/es\/\",\"name\":\"Jannone\",\"description\":\"Distribuidores de tubos y maderas\",\"potentialAction\":[{\"@type\":\"SearchAction\",\"target\":{\"@type\":\"EntryPoint\",\"urlTemplate\":\"https:\/\/www.jannone.net\/es\/?s={search_term_string}\"},\"query-input\":{\"@type\":\"PropertyValueSpecification\",\"valueRequired\":true,\"valueName\":\"search_term_string\"}}],\"inLanguage\":\"es\"}]}<\/script>\n<!-- \/ Yoast SEO plugin. -->","yoast_head_json":{"title":"Tableros contrachapados fen\u00f3licos - compacto fenolico - tablero fenolico compacto","description":"Encuentra en Grupo Jannone tableros contrachapados fenolicos. Jannone Maderas usa los \u00faltimos avances uniendo el material fenolico a los tableros laminados","robots":{"index":"index","follow":"follow","max-snippet":"max-snippet:-1","max-image-preview":"max-image-preview:large","max-video-preview":"max-video-preview:-1"},"canonical":"https:\/\/www.jannone.net\/es\/maderas\/tableros-contrachapados-fenolicos\/","og_locale":"es_ES","og_type":"article","og_title":"Tableros contrachapados fen\u00f3licos - compacto fenolico - tablero fenolico compacto","og_description":"Encuentra en Grupo Jannone tableros contrachapados fenolicos. Jannone Maderas usa los \u00faltimos avances uniendo el material fenolico a los tableros laminados","og_url":"https:\/\/www.jannone.net\/es\/maderas\/tableros-contrachapados-fenolicos\/","og_site_name":"Jannone","article_modified_time":"2017-11-27T11:51:32+00:00","og_image":[{"url":"https:\/\/www.jannone.net\/es\/wp-content\/uploads\/2017\/08\/cabecera-maderas-tableros.jpg","type":"","width":"","height":""}],"twitter_misc":{"Tiempo de lectura":"2 minutos"},"schema":{"@context":"https:\/\/schema.org","@graph":[{"@type":"WebPage","@id":"https:\/\/www.jannone.net\/es\/maderas\/tableros-contrachapados-fenolicos\/","url":"https:\/\/www.jannone.net\/es\/maderas\/tableros-contrachapados-fenolicos\/","name":"Tableros contrachapados fen\u00f3licos - compacto fenolico - tablero fenolico compacto","isPartOf":{"@id":"https:\/\/www.jannone.net\/es\/#website"},"primaryImageOfPage":{"@id":"https:\/\/www.jannone.net\/es\/maderas\/tableros-contrachapados-fenolicos\/#primaryimage"},"image":{"@id":"https:\/\/www.jannone.net\/es\/maderas\/tableros-contrachapados-fenolicos\/#primaryimage"},"thumbnailUrl":"https:\/\/www.jannone.net\/es\/wp-content\/uploads\/2017\/08\/cabecera-maderas-tableros.jpg","datePublished":"2017-08-09T06:44:30+00:00","dateModified":"2017-11-27T11:51:32+00:00","description":"Encuentra en Grupo Jannone tableros contrachapados fenolicos. Jannone Maderas usa los \u00faltimos avances uniendo el material fenolico a los tableros laminados","breadcrumb":{"@id":"https:\/\/www.jannone.net\/es\/maderas\/tableros-contrachapados-fenolicos\/#breadcrumb"},"inLanguage":"es","potentialAction":[{"@type":"ReadAction","target":["https:\/\/www.jannone.net\/es\/maderas\/tableros-contrachapados-fenolicos\/"]}]},{"@type":"ImageObject","inLanguage":"es","@id":"https:\/\/www.jannone.net\/es\/maderas\/tableros-contrachapados-fenolicos\/#primaryimage","url":"https:\/\/www.jannone.net\/es\/wp-content\/uploads\/2017\/08\/cabecera-maderas-tableros.jpg","contentUrl":"https:\/\/www.jannone.net\/es\/wp-content\/uploads\/2017\/08\/cabecera-maderas-tableros.jpg","width":1801,"height":461},{"@type":"BreadcrumbList","@id":"https:\/\/www.jannone.net\/es\/maderas\/tableros-contrachapados-fenolicos\/#breadcrumb","itemListElement":[{"@type":"ListItem","position":1,"name":"Portada","item":"https:\/\/www.jannone.net\/es\/"},{"@type":"ListItem","position":2,"name":"Maderas","item":"https:\/\/www.jannone.net\/es\/maderas\/"},{"@type":"ListItem","position":3,"name":"Tableros contrachapados fen\u00f3licos"}]},{"@type":"WebSite","@id":"https:\/\/www.jannone.net\/es\/#website","url":"https:\/\/www.jannone.net\/es\/","name":"Jannone","description":"Distribuidores de tubos y maderas","potentialAction":[{"@type":"SearchAction","target":{"@type":"EntryPoint","urlTemplate":"https:\/\/www.jannone.net\/es\/?s={search_term_string}"},"query-input":{"@type":"PropertyValueSpecification","valueRequired":true,"valueName":"search_term_string"}}],"inLanguage":"es"}]}},"_links":{"self":[{"href":"https:\/\/www.jannone.net\/es\/wp-json\/wp\/v2\/pages\/158","targetHints":{"allow":["GET"]}}],"collection":[{"href":"https:\/\/www.jannone.net\/es\/wp-json\/wp\/v2\/pages"}],"about":[{"href":"https:\/\/www.jannone.net\/es\/wp-json\/wp\/v2\/types\/page"}],"author":[{"embeddable":true,"href":"https:\/\/www.jannone.net\/es\/wp-json\/wp\/v2\/users\/2"}],"replies":[{"embeddable":true,"href":"https:\/\/www.jannone.net\/es\/wp-json\/wp\/v2\/comments?post=158"}],"version-history":[{"count":5,"href":"https:\/\/www.jannone.net\/es\/wp-json\/wp\/v2\/pages\/158\/revisions"}],"predecessor-version":[{"id":1070,"href":"https:\/\/www.jannone.net\/es\/wp-json\/wp\/v2\/pages\/158\/revisions\/1070"}],"up":[{"embeddable":true,"href":"https:\/\/www.jannone.net\/es\/wp-json\/wp\/v2\/pages\/12"}],"wp:attachment":[{"href":"https:\/\/www.jannone.net\/es\/wp-json\/wp\/v2\/media?parent=158"}],"curies":[{"name":"wp","href":"https:\/\/api.w.org\/{rel}","templated":true}]}}