{"id":156,"date":"2017-08-09T08:44:20","date_gmt":"2017-08-09T06:44:20","guid":{"rendered":"https:\/\/www.jannone.net\/es\/?page_id=156"},"modified":"2018-06-04T13:01:57","modified_gmt":"2018-06-04T11:01:57","slug":"madera-tratada-exterior","status":"publish","type":"page","link":"https:\/\/www.jannone.net\/es\/maderas\/madera-tratada-exterior\/","title":{"rendered":"Madera tratada para exterior"},"content":{"rendered":"<p><img  title=\"Madera tratada para exterior - Grupo Jannone\" decoding=\"async\" class=\"aligncenter size-full wp-image-691 img-full\" src=\"https:\/\/www.jannone.net\/es\/wp-content\/uploads\/2017\/08\/cabecera-maderas-tratada.jpg\"  alt=\"Madera tratada para exterior - Grupo Jannone\"  width=\"1801\" height=\"461\" srcset=\"https:\/\/www.jannone.net\/es\/wp-content\/uploads\/2017\/08\/cabecera-maderas-tratada.jpg 1801w, https:\/\/www.jannone.net\/es\/wp-content\/uploads\/2017\/08\/cabecera-maderas-tratada-300x77.jpg 300w, https:\/\/www.jannone.net\/es\/wp-content\/uploads\/2017\/08\/cabecera-maderas-tratada-768x197.jpg 768w, https:\/\/www.jannone.net\/es\/wp-content\/uploads\/2017\/08\/cabecera-maderas-tratada-1024x262.jpg 1024w\" sizes=\"(max-width: 1801px) 100vw, 1801px\" \/><\/p>\n<div class=\"container\">\n<div class=\"row\">\n<div class=\"col-xs-12 col-md-12\">\n<h1 class=\"titulo-productos\">Madera tratada para exterior<\/h1>\n<div class=\"dos-columnas\">\n<p class=\"texto\">A la hora de utilizar la madera para trabajos en zonas de exterior hay que tener en cuenta muchas consideraciones. En primer lugar, no cualquier madera resiste las condiciones de fr\u00edo y calor, por lo que en Jannone Maderas trabajamos sobre un tratamiento a base de sales especiales que contribuyen a la resistencia a la intemperie. Tambi\u00e9n las medidas deben ser espec\u00edficas a la hora de un entorno en el que confluyen muchos factores.<\/p>\n<p class=\"texto\">En nuestro caso, ofrecemos desde el pino rojo tratado hasta la madera tratada para exterior que se usa en los elementos naturales de los deckings (terrazas). Del mismo modo, distribuimos traviesas con esas sales especiales que los profesionales usan para asentar las construcciones. Adem\u00e1s, para los rastreles que se utilizan para nivelar el suelo de las tarimas tambi\u00e9n podemos aplicar estos tratados.<\/p>\n<\/div>\n<\/div>\n<\/div>\n<\/div>\n<div class=\"mt-4\"><\/div>\n<div class=\"row\">\n<div class=\"col-md-6 fondo-verde-interior animated fadeInLeftBig duration3\">\n<div class=\"padding-caja-izq\">\n<div class=\"container\">\n<div class=\"row mt-4 mb-4\">\n<h2>Tarimas solapadas<\/h2>\n<p class=\"texto\">En cuanto a las tarimas solapadas, en Jannone Maderas le ofrecemos al cliente un valor a\u00f1adido a la hora de trabajar el largo de la solapa a base de medidas y poder contar con el tipo machiembrada.<\/p>\n<p class=\"texto\">De igual forma, en nuestro almac\u00e9n contamos con diferentes tipos de madera tratada para exterior. Cualquier otro distribuidor, fabricante o comerciante puede realizar un pedido a medida para el servicio que necesita y se lo daremos a la mayor brevedad posible.<\/p>\n<\/div>\n<\/div>\n<\/div>\n<\/div>\n<div class=\"col-md-6 fondo-azul-interior d-flex justify-content-center flex-column animated fadeInRightBig duration3\">\n<div class=\"padding-caja-der\">\n<div class=\"container\">\n<div class=\"row mt-4 mb-4\">\n<p class=\"texto\">En definitiva, comercializar la madera que se utilizar\u00e1 para zonas de exterior es garantizar los servicios de stock y transporte que los profesionales necesitan. La red en la que operamos alcanza toda la Pen\u00ednsula, por lo que estamos a tu disposici\u00f3n para cualquier pedido concreto y con las caracter\u00edsticas que necesites.<\/p>\n<p class=\"texto\">Somos tu empresa especializada en madera tratada para exterior con un bagaje de m\u00e1s de 80 a\u00f1os.<\/p>\n<\/div>\n<\/div>\n<\/div>\n<\/div>\n<\/div>\n<div class=\"mt-4\"><\/div>\n<div class=\"row\">\n<div class=\"col-xs-12 col-md-12\">\n<div class=\"row mb-3\">\n<div class=\"col-md-4 mosaico-productos borde-derecha borde-izquierda\">\n<div class=\"maderas-aserradas mosaico-escala mosaico-escala-int\">\n<h3><a class=\"d-flex justify-content-center flex-column\" href=\"https:\/\/www.jannone.net\/es\/maderas\/maderas-aserradas\/\">Maderas Aserradas<\/a><\/h3>\n<\/div>\n<\/div>\n<div class=\"col-md-4 mosaico-productos borde-derecha borde-izquierda\">\n<div class=\"maderas-postes mosaico-escala mosaico-escala-int\">\n<h3><a class=\"d-flex justify-content-center flex-column\" href=\"https:\/\/www.jannone.net\/es\/maderas\/postes-tutores-tratados\/\">Postes y tutores tratados<\/a><\/h3>\n<\/div>\n<\/div>\n<div class=\"col-md-4 mosaico-productos borde-derecha borde-izquierda\">\n<div class=\"maderas-tratada mosaico-escala mosaico-escala-int\">\n<h3><a class=\"d-flex justify-content-center flex-column\" href=\"https:\/\/www.jannone.net\/es\/maderas\/madera-tratada-exterior\/\">Madera tratada para exterior<\/a><\/h3>\n<\/div>\n<\/div>\n<\/div>\n<\/div>\n<\/div>\n<div class=\"row\">\n<div class=\"col-xs-12 col-md-12\">\n<div class=\"row mb-4\">\n<div class=\"col-md-3 mosaico-productos borde-derecha borde-izquierda\">\n<div class=\"maderas-contrachapado mosaico-escala mosaico-escala-int\">\n<h3><a class=\"d-flex justify-content-center flex-column\" href=\"https:\/\/www.jannone.net\/es\/maderas\/tableros-contrachapados-fenolicos\/\">Tableros contrachapados fen\u00f3licos<\/a><\/h3>\n<\/div>\n<\/div>\n<div class=\"col-md-3 mosaico-productos borde-derecha borde-izquierda\">\n<div class=\"maderas-tarimas mosaico-escala mosaico-escala-int\">\n<h3><a class=\"d-flex justify-content-center flex-column\" href=\"https:\/\/www.jannone.net\/es\/maderas\/tarimas-y-frisos\/\">Tarimas y frisos<\/a><\/h3>\n<\/div>\n<\/div>\n<div class=\"col-md-3 mosaico-productos borde-derecha borde-izquierda\">\n<div class=\"maderas-vigas mosaico-escala mosaico-escala-int\">\n<h3><a class=\"d-flex justify-content-center flex-column\" href=\" https:\/\/www.jannone.net\/es\/maderas\/vigas-laminadas\/\">Vigas laminadas<\/a><\/h3>\n<\/div>\n<\/div>\n<div class=\"col-md-3 mosaico-productos borde-derecha borde-izquierda\">\n<div class=\"maderas-cancelas mosaico-escala mosaico-escala-int\">\n<h3><a class=\"d-flex justify-content-center flex-column\" href=\"https:\/\/www.jannone.net\/es\/maderas\/cancelas-argentinas-torretas\/\">Cancelas argentinas y torretas<\/a><\/h3>\n<\/div>\n<\/div>\n<\/div>\n<\/div>\n<\/div>\n","protected":false},"excerpt":{"rendered":"<p>Madera tratada para exterior A la hora de utilizar la madera para trabajos en zonas de exterior hay que tener en cuenta muchas consideraciones. En primer lugar, no cualquier madera resiste las condiciones de fr\u00edo y calor, por lo que en Jannone Maderas trabajamos sobre un tratamiento a base de sales especiales que contribuyen a [&#8230;]<\/p>\n<p><a class=\"btn btn-secondary understrap-read-more-link\" href=\"https:\/\/www.jannone.net\/es\/maderas\/madera-tratada-exterior\/\">Leer m\u00e1s&#8230;<\/a><\/p>\n","protected":false},"author":2,"featured_media":0,"parent":12,"menu_order":0,"comment_status":"closed","ping_status":"closed","template":"page-templates\/empty.php","meta":{"_seopress_robots_primary_cat":"0","_seopress_titles_title":"Madera tratada para exterior - almacenes de madera en sevilla - mobiliario taquillas","_seopress_titles_desc":"En Grupo Jannone podr\u00e1s encontrar maderas tratadas para exterior. Jannone maderas ofrece los mejores tratamientos para la conservaci\u00f3n de la madera...","_seopress_robots_index":"","footnotes":""},"class_list":["post-156","page","type-page","status-publish","hentry"],"yoast_head":"<!-- This site is optimized with the Yoast SEO plugin v26.8 - https:\/\/yoast.com\/product\/yoast-seo-wordpress\/ -->\n<title>Madera tratada para exterior - almacenes de madera en sevilla - mobiliario taquillas<\/title>\n<meta name=\"description\" content=\"En Grupo Jannone podr\u00e1s encontrar maderas tratadas para exterior. Jannone maderas ofrece los mejores tratamientos para la conservaci\u00f3n de la madera...\" \/>\n<meta name=\"robots\" content=\"index, follow, max-snippet:-1, max-image-preview:large, max-video-preview:-1\" \/>\n<link rel=\"canonical\" href=\"https:\/\/www.jannone.net\/es\/maderas\/madera-tratada-exterior\/\" \/>\n<meta property=\"og:locale\" content=\"es_ES\" \/>\n<meta property=\"og:type\" content=\"article\" \/>\n<meta property=\"og:title\" content=\"Madera tratada para exterior - almacenes de madera en sevilla - mobiliario taquillas\" \/>\n<meta property=\"og:description\" content=\"En Grupo Jannone podr\u00e1s encontrar maderas tratadas para exterior. Jannone maderas ofrece los mejores tratamientos para la conservaci\u00f3n de la madera...\" \/>\n<meta property=\"og:url\" content=\"https:\/\/www.jannone.net\/es\/maderas\/madera-tratada-exterior\/\" \/>\n<meta property=\"og:site_name\" content=\"Jannone\" \/>\n<meta property=\"article:modified_time\" content=\"2018-06-04T11:01:57+00:00\" \/>\n<meta property=\"og:image\" content=\"https:\/\/www.jannone.net\/es\/wp-content\/uploads\/2017\/08\/cabecera-maderas-tratada.jpg\" \/>\n<meta name=\"twitter:label1\" content=\"Tiempo de lectura\" \/>\n\t<meta name=\"twitter:data1\" content=\"2 minutos\" \/>\n<script type=\"application\/ld+json\" class=\"yoast-schema-graph\">{\"@context\":\"https:\/\/schema.org\",\"@graph\":[{\"@type\":\"WebPage\",\"@id\":\"https:\/\/www.jannone.net\/es\/maderas\/madera-tratada-exterior\/\",\"url\":\"https:\/\/www.jannone.net\/es\/maderas\/madera-tratada-exterior\/\",\"name\":\"Madera tratada para exterior - almacenes de madera en sevilla - mobiliario taquillas\",\"isPartOf\":{\"@id\":\"https:\/\/www.jannone.net\/es\/#website\"},\"primaryImageOfPage\":{\"@id\":\"https:\/\/www.jannone.net\/es\/maderas\/madera-tratada-exterior\/#primaryimage\"},\"image\":{\"@id\":\"https:\/\/www.jannone.net\/es\/maderas\/madera-tratada-exterior\/#primaryimage\"},\"thumbnailUrl\":\"https:\/\/www.jannone.net\/es\/wp-content\/uploads\/2017\/08\/cabecera-maderas-tratada.jpg\",\"datePublished\":\"2017-08-09T06:44:20+00:00\",\"dateModified\":\"2018-06-04T11:01:57+00:00\",\"description\":\"En Grupo Jannone podr\u00e1s encontrar maderas tratadas para exterior. Jannone maderas ofrece los mejores tratamientos para la conservaci\u00f3n de la madera...\",\"breadcrumb\":{\"@id\":\"https:\/\/www.jannone.net\/es\/maderas\/madera-tratada-exterior\/#breadcrumb\"},\"inLanguage\":\"es\",\"potentialAction\":[{\"@type\":\"ReadAction\",\"target\":[\"https:\/\/www.jannone.net\/es\/maderas\/madera-tratada-exterior\/\"]}]},{\"@type\":\"ImageObject\",\"inLanguage\":\"es\",\"@id\":\"https:\/\/www.jannone.net\/es\/maderas\/madera-tratada-exterior\/#primaryimage\",\"url\":\"https:\/\/www.jannone.net\/es\/wp-content\/uploads\/2017\/08\/cabecera-maderas-tratada.jpg\",\"contentUrl\":\"https:\/\/www.jannone.net\/es\/wp-content\/uploads\/2017\/08\/cabecera-maderas-tratada.jpg\",\"width\":1801,\"height\":461},{\"@type\":\"BreadcrumbList\",\"@id\":\"https:\/\/www.jannone.net\/es\/maderas\/madera-tratada-exterior\/#breadcrumb\",\"itemListElement\":[{\"@type\":\"ListItem\",\"position\":1,\"name\":\"Portada\",\"item\":\"https:\/\/www.jannone.net\/es\/\"},{\"@type\":\"ListItem\",\"position\":2,\"name\":\"Maderas\",\"item\":\"https:\/\/www.jannone.net\/es\/maderas\/\"},{\"@type\":\"ListItem\",\"position\":3,\"name\":\"Madera tratada para exterior\"}]},{\"@type\":\"WebSite\",\"@id\":\"https:\/\/www.jannone.net\/es\/#website\",\"url\":\"https:\/\/www.jannone.net\/es\/\",\"name\":\"Jannone\",\"description\":\"Distribuidores de tubos y maderas\",\"potentialAction\":[{\"@type\":\"SearchAction\",\"target\":{\"@type\":\"EntryPoint\",\"urlTemplate\":\"https:\/\/www.jannone.net\/es\/?s={search_term_string}\"},\"query-input\":{\"@type\":\"PropertyValueSpecification\",\"valueRequired\":true,\"valueName\":\"search_term_string\"}}],\"inLanguage\":\"es\"}]}<\/script>\n<!-- \/ Yoast SEO plugin. -->","yoast_head_json":{"title":"Madera tratada para exterior - almacenes de madera en sevilla - mobiliario taquillas","description":"En Grupo Jannone podr\u00e1s encontrar maderas tratadas para exterior. Jannone maderas ofrece los mejores tratamientos para la conservaci\u00f3n de la madera...","robots":{"index":"index","follow":"follow","max-snippet":"max-snippet:-1","max-image-preview":"max-image-preview:large","max-video-preview":"max-video-preview:-1"},"canonical":"https:\/\/www.jannone.net\/es\/maderas\/madera-tratada-exterior\/","og_locale":"es_ES","og_type":"article","og_title":"Madera tratada para exterior - almacenes de madera en sevilla - mobiliario taquillas","og_description":"En Grupo Jannone podr\u00e1s encontrar maderas tratadas para exterior. Jannone maderas ofrece los mejores tratamientos para la conservaci\u00f3n de la madera...","og_url":"https:\/\/www.jannone.net\/es\/maderas\/madera-tratada-exterior\/","og_site_name":"Jannone","article_modified_time":"2018-06-04T11:01:57+00:00","og_image":[{"url":"https:\/\/www.jannone.net\/es\/wp-content\/uploads\/2017\/08\/cabecera-maderas-tratada.jpg","type":"","width":"","height":""}],"twitter_misc":{"Tiempo de lectura":"2 minutos"},"schema":{"@context":"https:\/\/schema.org","@graph":[{"@type":"WebPage","@id":"https:\/\/www.jannone.net\/es\/maderas\/madera-tratada-exterior\/","url":"https:\/\/www.jannone.net\/es\/maderas\/madera-tratada-exterior\/","name":"Madera tratada para exterior - almacenes de madera en sevilla - mobiliario taquillas","isPartOf":{"@id":"https:\/\/www.jannone.net\/es\/#website"},"primaryImageOfPage":{"@id":"https:\/\/www.jannone.net\/es\/maderas\/madera-tratada-exterior\/#primaryimage"},"image":{"@id":"https:\/\/www.jannone.net\/es\/maderas\/madera-tratada-exterior\/#primaryimage"},"thumbnailUrl":"https:\/\/www.jannone.net\/es\/wp-content\/uploads\/2017\/08\/cabecera-maderas-tratada.jpg","datePublished":"2017-08-09T06:44:20+00:00","dateModified":"2018-06-04T11:01:57+00:00","description":"En Grupo Jannone podr\u00e1s encontrar maderas tratadas para exterior. Jannone maderas ofrece los mejores tratamientos para la conservaci\u00f3n de la madera...","breadcrumb":{"@id":"https:\/\/www.jannone.net\/es\/maderas\/madera-tratada-exterior\/#breadcrumb"},"inLanguage":"es","potentialAction":[{"@type":"ReadAction","target":["https:\/\/www.jannone.net\/es\/maderas\/madera-tratada-exterior\/"]}]},{"@type":"ImageObject","inLanguage":"es","@id":"https:\/\/www.jannone.net\/es\/maderas\/madera-tratada-exterior\/#primaryimage","url":"https:\/\/www.jannone.net\/es\/wp-content\/uploads\/2017\/08\/cabecera-maderas-tratada.jpg","contentUrl":"https:\/\/www.jannone.net\/es\/wp-content\/uploads\/2017\/08\/cabecera-maderas-tratada.jpg","width":1801,"height":461},{"@type":"BreadcrumbList","@id":"https:\/\/www.jannone.net\/es\/maderas\/madera-tratada-exterior\/#breadcrumb","itemListElement":[{"@type":"ListItem","position":1,"name":"Portada","item":"https:\/\/www.jannone.net\/es\/"},{"@type":"ListItem","position":2,"name":"Maderas","item":"https:\/\/www.jannone.net\/es\/maderas\/"},{"@type":"ListItem","position":3,"name":"Madera tratada para exterior"}]},{"@type":"WebSite","@id":"https:\/\/www.jannone.net\/es\/#website","url":"https:\/\/www.jannone.net\/es\/","name":"Jannone","description":"Distribuidores de tubos y maderas","potentialAction":[{"@type":"SearchAction","target":{"@type":"EntryPoint","urlTemplate":"https:\/\/www.jannone.net\/es\/?s={search_term_string}"},"query-input":{"@type":"PropertyValueSpecification","valueRequired":true,"valueName":"search_term_string"}}],"inLanguage":"es"}]}},"_links":{"self":[{"href":"https:\/\/www.jannone.net\/es\/wp-json\/wp\/v2\/pages\/156","targetHints":{"allow":["GET"]}}],"collection":[{"href":"https:\/\/www.jannone.net\/es\/wp-json\/wp\/v2\/pages"}],"about":[{"href":"https:\/\/www.jannone.net\/es\/wp-json\/wp\/v2\/types\/page"}],"author":[{"embeddable":true,"href":"https:\/\/www.jannone.net\/es\/wp-json\/wp\/v2\/users\/2"}],"replies":[{"embeddable":true,"href":"https:\/\/www.jannone.net\/es\/wp-json\/wp\/v2\/comments?post=156"}],"version-history":[{"count":5,"href":"https:\/\/www.jannone.net\/es\/wp-json\/wp\/v2\/pages\/156\/revisions"}],"predecessor-version":[{"id":1140,"href":"https:\/\/www.jannone.net\/es\/wp-json\/wp\/v2\/pages\/156\/revisions\/1140"}],"up":[{"embeddable":true,"href":"https:\/\/www.jannone.net\/es\/wp-json\/wp\/v2\/pages\/12"}],"wp:attachment":[{"href":"https:\/\/www.jannone.net\/es\/wp-json\/wp\/v2\/media?parent=156"}],"curies":[{"name":"wp","href":"https:\/\/api.w.org\/{rel}","templated":true}]}}