{"id":154,"date":"2017-08-09T08:39:09","date_gmt":"2017-08-09T06:39:09","guid":{"rendered":"https:\/\/www.jannone.net\/es\/?page_id=154"},"modified":"2017-11-27T12:40:07","modified_gmt":"2017-11-27T11:40:07","slug":"postes-tutores-tratados","status":"publish","type":"page","link":"https:\/\/www.jannone.net\/es\/maderas\/postes-tutores-tratados\/","title":{"rendered":"Postes y tutores tratados"},"content":{"rendered":"<p><img  title=\"Postes y tutores tratados - Grupo Jannone\" decoding=\"async\" class=\"aligncenter size-full wp-image-693 img-full\" src=\"https:\/\/www.jannone.net\/es\/wp-content\/uploads\/2017\/08\/cabecera-maderas-postes.jpg\"  alt=\"Postes y tutores tratados - Grupo Jannone\"  width=\"1801\" height=\"461\" srcset=\"https:\/\/www.jannone.net\/es\/wp-content\/uploads\/2017\/08\/cabecera-maderas-postes.jpg 1801w, https:\/\/www.jannone.net\/es\/wp-content\/uploads\/2017\/08\/cabecera-maderas-postes-300x77.jpg 300w, https:\/\/www.jannone.net\/es\/wp-content\/uploads\/2017\/08\/cabecera-maderas-postes-768x197.jpg 768w, https:\/\/www.jannone.net\/es\/wp-content\/uploads\/2017\/08\/cabecera-maderas-postes-1024x262.jpg 1024w\" sizes=\"(max-width: 1801px) 100vw, 1801px\" \/><\/p>\n<div class=\"container\">\n<div class=\"row\">\n<div class=\"col-xs-12 col-md-12\">\n<h1 class=\"titulo-productos\">Postes y tutores tratados<\/h1>\n<div class=\"dos-columnas\">\n<p class=\"texto\">Dentro de la variedad del cat\u00e1logo de Jannone Maderas est\u00e1n incluidos los postes de pino tratados que se usan, entre otras cosas, para se\u00f1alizar senderos rurales y ecol\u00f3gicos. En ese sentido, nuestra dedicaci\u00f3n al ecosistema est\u00e1 caracterizada por la calidad de estos rollos cil\u00edndricos que pueden ser postes y tutores tratados.<\/p>\n<p class=\"texto\">El papel que juega el Grupo Jannone es el de distribuidor de paquetes para instaladores de parquet, acondicionamiento de jardines o fabricantes de estructuras r\u00fasticas. Por ello, el servicio se define por el acabado pensando siempre en el uso exterior que se le da a estos productos.<\/p>\n<\/div>\n<div class=\"mt-4\"><\/div>\n<p><img  title=\"Postes y tutores tratados - Grupo Jannone\" decoding=\"async\" class=\"aligncenter size-full wp-image-263 img-full\" src=\"https:\/\/www.jannone.net\/es\/wp-content\/uploads\/2017\/09\/postes.jpg\"  alt=\"Postes y tutores tratados - Grupo Jannone\"  \/><\/p>\n<\/div>\n<\/div>\n<\/div>\n<div class=\"mt-4\"><\/div>\n<div class=\"row\">\n<div class=\"col-md-6 fondo-verde-interior animated fadeInLeftBig duration3\">\n<div class=\"padding-caja-izq\">\n<div class=\"container\">\n<div class=\"row mt-4 mb-4\">\n<h2>Postes tratados certificados<\/h2>\n<p class=\"texto\">Por otro lado, los postes tratados sufren un proceso de protecci\u00f3n preventiva en el que la madera se impregna de resina y se seca de cara al uso que se le vaya a dar. Nuestra apuesta por estos m\u00f3dulos se encamina a topo tipo de cerramientos y delimitaciones, as\u00ed como a soportes y se\u00f1alizaciones. Por ello, con el tratamiento Riesgo-IV, los postes y tutores tratados se convierten en ideales para estar en contacto con el suelo, agua dulce o expuestos a humedad permanente.<\/p>\n<p class=\"texto\">Adem\u00e1s, los tutores y postes tratados est\u00e1n pasados por secadero antes del tratamiento. Esto evita las torceduras que pudieran producirse por el cambio de temperatura al que se someten cuando pasan de sus pa\u00edses de origen (pa\u00edses escandinavos) a nuestro pa\u00eds.<\/p>\n<\/div>\n<\/div>\n<\/div>\n<\/div>\n<div class=\"col-md-6 fondo-azul-interior d-flex justify-content-center flex-column animated fadeInRightBig duration3\">\n<div class=\"padding-caja-der\">\n<div class=\"container\">\n<div class=\"row mt-4 mb-4\">\n<p class=\"texto\">En Jannone Maderas llevamos muchos a\u00f1os almacenando, distribuyendo y vendiendo lotes de productos para incrementar el servicio que ofrecen a su vez los distribuidores a escala m\u00e1s reducida. Se trata de una cadena muy bien definida con la que cada paso beneficia a un profesional distinto. En concreto, los postes tratados se venden en los tama\u00f1os y cantidades que el cliente desee, para agilizar su propia labor.<\/p>\n<p class=\"texto\">Para cualquier consulta especializada, tenemos un servicio t\u00e9cnico que se encarga de los pedidos y te asesorar\u00e1 en la elecci\u00f3n del producto que m\u00e1s se ajuste a tus necesidades.<\/p>\n<\/div>\n<\/div>\n<\/div>\n<\/div>\n<\/div>\n<div class=\"mt-4\"><\/div>\n<div class=\"row\">\n<div class=\"col-xs-12 col-md-12\">\n<div class=\"row mb-3\">\n<div class=\"col-md-4 mosaico-productos borde-derecha borde-izquierda\">\n<div class=\"maderas-aserradas mosaico-escala mosaico-escala-int\">\n<h3><a class=\"d-flex justify-content-center flex-column\" href=\"https:\/\/www.jannone.net\/es\/maderas\/maderas-aserradas\/\">Maderas Aserradas<\/a><\/h3>\n<\/div>\n<\/div>\n<div class=\"col-md-4 mosaico-productos borde-derecha borde-izquierda\">\n<div class=\"maderas-postes mosaico-escala mosaico-escala-int\">\n<h3><a class=\"d-flex justify-content-center flex-column\" href=\"https:\/\/www.jannone.net\/es\/maderas\/postes-tutores-tratados\/\">Postes y tutores tratados<\/a><\/h3>\n<\/div>\n<\/div>\n<div class=\"col-md-4 mosaico-productos borde-derecha borde-izquierda\">\n<div class=\"maderas-tratada mosaico-escala mosaico-escala-int\">\n<h3><a class=\"d-flex justify-content-center flex-column\" href=\"https:\/\/www.jannone.net\/es\/maderas\/madera-tratada-exterior\/\">Madera tratada para exterior<\/a><\/h3>\n<\/div>\n<\/div>\n<\/div>\n<\/div>\n<\/div>\n<div class=\"row\">\n<div class=\"col-xs-12 col-md-12\">\n<div class=\"row mb-4\">\n<div class=\"col-md-3 mosaico-productos borde-derecha borde-izquierda\">\n<div class=\"maderas-contrachapado mosaico-escala mosaico-escala-int\">\n<h3><a class=\"d-flex justify-content-center flex-column\" href=\"https:\/\/www.jannone.net\/es\/maderas\/tableros-contrachapados-fenolicos\/\">Tableros contrachapados fen\u00f3licos<\/a><\/h3>\n<\/div>\n<\/div>\n<div class=\"col-md-3 mosaico-productos borde-derecha borde-izquierda\">\n<div class=\"maderas-tarimas mosaico-escala mosaico-escala-int\">\n<h3><a class=\"d-flex justify-content-center flex-column\" href=\"https:\/\/www.jannone.net\/es\/maderas\/tarimas-y-frisos\/\">Tarimas y frisos<\/a><\/h3>\n<\/div>\n<\/div>\n<div class=\"col-md-3 mosaico-productos borde-derecha borde-izquierda\">\n<div class=\"maderas-vigas mosaico-escala mosaico-escala-int\">\n<h3><a class=\"d-flex justify-content-center flex-column\" href=\"https:\/\/www.jannone.net\/es\/maderas\/vigas-laminadas\/\">Vigas laminadas<\/a><\/h3>\n<\/div>\n<\/div>\n<div class=\"col-md-3 mosaico-productos borde-derecha borde-izquierda\">\n<div class=\"maderas-cancelas mosaico-escala mosaico-escala-int\">\n<h3><a class=\"d-flex justify-content-center flex-column\" href=\"https:\/\/www.jannone.net\/es\/maderas\/cancelas-argentinas-torretas\/\">Cancelas argentinas y torretas<\/a><\/h3>\n<\/div>\n<\/div>\n<\/div>\n<\/div>\n<\/div>\n","protected":false},"excerpt":{"rendered":"<p>Postes y tutores tratados Dentro de la variedad del cat\u00e1logo de Jannone Maderas est\u00e1n incluidos los postes de pino tratados que se usan, entre otras cosas, para se\u00f1alizar senderos rurales y ecol\u00f3gicos. En ese sentido, nuestra dedicaci\u00f3n al ecosistema est\u00e1 caracterizada por la calidad de estos rollos cil\u00edndricos que pueden ser postes y tutores tratados. [&#8230;]<\/p>\n<p><a class=\"btn btn-secondary understrap-read-more-link\" href=\"https:\/\/www.jannone.net\/es\/maderas\/postes-tutores-tratados\/\">Leer m\u00e1s&#8230;<\/a><\/p>\n","protected":false},"author":2,"featured_media":0,"parent":12,"menu_order":0,"comment_status":"closed","ping_status":"closed","template":"page-templates\/empty.php","meta":{"_seopress_robots_primary_cat":"0","_seopress_titles_title":"Tutores tratados - Postes tratados - maderas y tableros - maderas aserradas frondosas","_seopress_titles_desc":"Grupo Jannone ofrece un amplio cat\u00e1logo de maderas en el que incluye los postes de pino tratados. Encuentra lo que necesitas en Jannone Maderas","_seopress_robots_index":"","footnotes":""},"class_list":["post-154","page","type-page","status-publish","hentry"],"yoast_head":"<!-- This site is optimized with the Yoast SEO plugin v26.8 - https:\/\/yoast.com\/product\/yoast-seo-wordpress\/ -->\n<title>Tutores tratados - Postes tratados - maderas y tableros - maderas aserradas frondosas<\/title>\n<meta name=\"description\" content=\"Grupo Jannone ofrece un amplio cat\u00e1logo de maderas en el que incluye los postes de pino tratados. Encuentra lo que necesitas en Jannone Maderas\" \/>\n<meta name=\"robots\" content=\"index, follow, max-snippet:-1, max-image-preview:large, max-video-preview:-1\" \/>\n<link rel=\"canonical\" href=\"https:\/\/www.jannone.net\/es\/maderas\/postes-tutores-tratados\/\" \/>\n<meta property=\"og:locale\" content=\"es_ES\" \/>\n<meta property=\"og:type\" content=\"article\" \/>\n<meta property=\"og:title\" content=\"Tutores tratados - Postes tratados - maderas y tableros - maderas aserradas frondosas\" \/>\n<meta property=\"og:description\" content=\"Grupo Jannone ofrece un amplio cat\u00e1logo de maderas en el que incluye los postes de pino tratados. Encuentra lo que necesitas en Jannone Maderas\" \/>\n<meta property=\"og:url\" content=\"https:\/\/www.jannone.net\/es\/maderas\/postes-tutores-tratados\/\" \/>\n<meta property=\"og:site_name\" content=\"Jannone\" \/>\n<meta property=\"article:modified_time\" content=\"2017-11-27T11:40:07+00:00\" \/>\n<meta property=\"og:image\" content=\"https:\/\/www.jannone.net\/es\/wp-content\/uploads\/2017\/08\/cabecera-maderas-postes.jpg\" \/>\n<meta name=\"twitter:label1\" content=\"Tiempo de lectura\" \/>\n\t<meta name=\"twitter:data1\" content=\"2 minutos\" \/>\n<script type=\"application\/ld+json\" class=\"yoast-schema-graph\">{\"@context\":\"https:\/\/schema.org\",\"@graph\":[{\"@type\":\"WebPage\",\"@id\":\"https:\/\/www.jannone.net\/es\/maderas\/postes-tutores-tratados\/\",\"url\":\"https:\/\/www.jannone.net\/es\/maderas\/postes-tutores-tratados\/\",\"name\":\"Tutores tratados - Postes tratados - maderas y tableros - maderas aserradas frondosas\",\"isPartOf\":{\"@id\":\"https:\/\/www.jannone.net\/es\/#website\"},\"primaryImageOfPage\":{\"@id\":\"https:\/\/www.jannone.net\/es\/maderas\/postes-tutores-tratados\/#primaryimage\"},\"image\":{\"@id\":\"https:\/\/www.jannone.net\/es\/maderas\/postes-tutores-tratados\/#primaryimage\"},\"thumbnailUrl\":\"https:\/\/www.jannone.net\/es\/wp-content\/uploads\/2017\/08\/cabecera-maderas-postes.jpg\",\"datePublished\":\"2017-08-09T06:39:09+00:00\",\"dateModified\":\"2017-11-27T11:40:07+00:00\",\"description\":\"Grupo Jannone ofrece un amplio cat\u00e1logo de maderas en el que incluye los postes de pino tratados. Encuentra lo que necesitas en Jannone Maderas\",\"breadcrumb\":{\"@id\":\"https:\/\/www.jannone.net\/es\/maderas\/postes-tutores-tratados\/#breadcrumb\"},\"inLanguage\":\"es\",\"potentialAction\":[{\"@type\":\"ReadAction\",\"target\":[\"https:\/\/www.jannone.net\/es\/maderas\/postes-tutores-tratados\/\"]}]},{\"@type\":\"ImageObject\",\"inLanguage\":\"es\",\"@id\":\"https:\/\/www.jannone.net\/es\/maderas\/postes-tutores-tratados\/#primaryimage\",\"url\":\"https:\/\/www.jannone.net\/es\/wp-content\/uploads\/2017\/08\/cabecera-maderas-postes.jpg\",\"contentUrl\":\"https:\/\/www.jannone.net\/es\/wp-content\/uploads\/2017\/08\/cabecera-maderas-postes.jpg\",\"width\":1801,\"height\":461},{\"@type\":\"BreadcrumbList\",\"@id\":\"https:\/\/www.jannone.net\/es\/maderas\/postes-tutores-tratados\/#breadcrumb\",\"itemListElement\":[{\"@type\":\"ListItem\",\"position\":1,\"name\":\"Portada\",\"item\":\"https:\/\/www.jannone.net\/es\/\"},{\"@type\":\"ListItem\",\"position\":2,\"name\":\"Maderas\",\"item\":\"https:\/\/www.jannone.net\/es\/maderas\/\"},{\"@type\":\"ListItem\",\"position\":3,\"name\":\"Postes y tutores tratados\"}]},{\"@type\":\"WebSite\",\"@id\":\"https:\/\/www.jannone.net\/es\/#website\",\"url\":\"https:\/\/www.jannone.net\/es\/\",\"name\":\"Jannone\",\"description\":\"Distribuidores de tubos y maderas\",\"potentialAction\":[{\"@type\":\"SearchAction\",\"target\":{\"@type\":\"EntryPoint\",\"urlTemplate\":\"https:\/\/www.jannone.net\/es\/?s={search_term_string}\"},\"query-input\":{\"@type\":\"PropertyValueSpecification\",\"valueRequired\":true,\"valueName\":\"search_term_string\"}}],\"inLanguage\":\"es\"}]}<\/script>\n<!-- \/ Yoast SEO plugin. -->","yoast_head_json":{"title":"Tutores tratados - Postes tratados - maderas y tableros - maderas aserradas frondosas","description":"Grupo Jannone ofrece un amplio cat\u00e1logo de maderas en el que incluye los postes de pino tratados. Encuentra lo que necesitas en Jannone Maderas","robots":{"index":"index","follow":"follow","max-snippet":"max-snippet:-1","max-image-preview":"max-image-preview:large","max-video-preview":"max-video-preview:-1"},"canonical":"https:\/\/www.jannone.net\/es\/maderas\/postes-tutores-tratados\/","og_locale":"es_ES","og_type":"article","og_title":"Tutores tratados - Postes tratados - maderas y tableros - maderas aserradas frondosas","og_description":"Grupo Jannone ofrece un amplio cat\u00e1logo de maderas en el que incluye los postes de pino tratados. Encuentra lo que necesitas en Jannone Maderas","og_url":"https:\/\/www.jannone.net\/es\/maderas\/postes-tutores-tratados\/","og_site_name":"Jannone","article_modified_time":"2017-11-27T11:40:07+00:00","og_image":[{"url":"https:\/\/www.jannone.net\/es\/wp-content\/uploads\/2017\/08\/cabecera-maderas-postes.jpg","type":"","width":"","height":""}],"twitter_misc":{"Tiempo de lectura":"2 minutos"},"schema":{"@context":"https:\/\/schema.org","@graph":[{"@type":"WebPage","@id":"https:\/\/www.jannone.net\/es\/maderas\/postes-tutores-tratados\/","url":"https:\/\/www.jannone.net\/es\/maderas\/postes-tutores-tratados\/","name":"Tutores tratados - Postes tratados - maderas y tableros - maderas aserradas frondosas","isPartOf":{"@id":"https:\/\/www.jannone.net\/es\/#website"},"primaryImageOfPage":{"@id":"https:\/\/www.jannone.net\/es\/maderas\/postes-tutores-tratados\/#primaryimage"},"image":{"@id":"https:\/\/www.jannone.net\/es\/maderas\/postes-tutores-tratados\/#primaryimage"},"thumbnailUrl":"https:\/\/www.jannone.net\/es\/wp-content\/uploads\/2017\/08\/cabecera-maderas-postes.jpg","datePublished":"2017-08-09T06:39:09+00:00","dateModified":"2017-11-27T11:40:07+00:00","description":"Grupo Jannone ofrece un amplio cat\u00e1logo de maderas en el que incluye los postes de pino tratados. Encuentra lo que necesitas en Jannone Maderas","breadcrumb":{"@id":"https:\/\/www.jannone.net\/es\/maderas\/postes-tutores-tratados\/#breadcrumb"},"inLanguage":"es","potentialAction":[{"@type":"ReadAction","target":["https:\/\/www.jannone.net\/es\/maderas\/postes-tutores-tratados\/"]}]},{"@type":"ImageObject","inLanguage":"es","@id":"https:\/\/www.jannone.net\/es\/maderas\/postes-tutores-tratados\/#primaryimage","url":"https:\/\/www.jannone.net\/es\/wp-content\/uploads\/2017\/08\/cabecera-maderas-postes.jpg","contentUrl":"https:\/\/www.jannone.net\/es\/wp-content\/uploads\/2017\/08\/cabecera-maderas-postes.jpg","width":1801,"height":461},{"@type":"BreadcrumbList","@id":"https:\/\/www.jannone.net\/es\/maderas\/postes-tutores-tratados\/#breadcrumb","itemListElement":[{"@type":"ListItem","position":1,"name":"Portada","item":"https:\/\/www.jannone.net\/es\/"},{"@type":"ListItem","position":2,"name":"Maderas","item":"https:\/\/www.jannone.net\/es\/maderas\/"},{"@type":"ListItem","position":3,"name":"Postes y tutores tratados"}]},{"@type":"WebSite","@id":"https:\/\/www.jannone.net\/es\/#website","url":"https:\/\/www.jannone.net\/es\/","name":"Jannone","description":"Distribuidores de tubos y maderas","potentialAction":[{"@type":"SearchAction","target":{"@type":"EntryPoint","urlTemplate":"https:\/\/www.jannone.net\/es\/?s={search_term_string}"},"query-input":{"@type":"PropertyValueSpecification","valueRequired":true,"valueName":"search_term_string"}}],"inLanguage":"es"}]}},"_links":{"self":[{"href":"https:\/\/www.jannone.net\/es\/wp-json\/wp\/v2\/pages\/154","targetHints":{"allow":["GET"]}}],"collection":[{"href":"https:\/\/www.jannone.net\/es\/wp-json\/wp\/v2\/pages"}],"about":[{"href":"https:\/\/www.jannone.net\/es\/wp-json\/wp\/v2\/types\/page"}],"author":[{"embeddable":true,"href":"https:\/\/www.jannone.net\/es\/wp-json\/wp\/v2\/users\/2"}],"replies":[{"embeddable":true,"href":"https:\/\/www.jannone.net\/es\/wp-json\/wp\/v2\/comments?post=154"}],"version-history":[{"count":5,"href":"https:\/\/www.jannone.net\/es\/wp-json\/wp\/v2\/pages\/154\/revisions"}],"predecessor-version":[{"id":1068,"href":"https:\/\/www.jannone.net\/es\/wp-json\/wp\/v2\/pages\/154\/revisions\/1068"}],"up":[{"embeddable":true,"href":"https:\/\/www.jannone.net\/es\/wp-json\/wp\/v2\/pages\/12"}],"wp:attachment":[{"href":"https:\/\/www.jannone.net\/es\/wp-json\/wp\/v2\/media?parent=154"}],"curies":[{"name":"wp","href":"https:\/\/api.w.org\/{rel}","templated":true}]}}