{"id":152,"date":"2017-08-09T08:38:59","date_gmt":"2017-08-09T06:38:59","guid":{"rendered":"https:\/\/www.jannone.net\/es\/?page_id=152"},"modified":"2017-12-20T10:27:37","modified_gmt":"2017-12-20T09:27:37","slug":"maderas-aserradas","status":"publish","type":"page","link":"https:\/\/www.jannone.net\/es\/maderas\/maderas-aserradas\/","title":{"rendered":"Maderas aserradas"},"content":{"rendered":"<p><img  title=\"Maderas aserradas - Grupo Jannone\" decoding=\"async\" class=\"aligncenter size-full wp-image-723 img-full\" src=\"https:\/\/www.jannone.net\/es\/wp-content\/uploads\/2017\/08\/cabecera-maderas-aserradas.jpg\"  alt=\"Maderas aserradas - Grupo Jannone\"  width=\"1801\" height=\"461\" srcset=\"https:\/\/www.jannone.net\/es\/wp-content\/uploads\/2017\/08\/cabecera-maderas-aserradas.jpg 1801w, https:\/\/www.jannone.net\/es\/wp-content\/uploads\/2017\/08\/cabecera-maderas-aserradas-300x77.jpg 300w, https:\/\/www.jannone.net\/es\/wp-content\/uploads\/2017\/08\/cabecera-maderas-aserradas-768x197.jpg 768w, https:\/\/www.jannone.net\/es\/wp-content\/uploads\/2017\/08\/cabecera-maderas-aserradas-1024x262.jpg 1024w\" sizes=\"(max-width: 1801px) 100vw, 1801px\" \/><\/p>\n<div class=\"container\">\n<div class=\"row\">\n<div class=\"col-xs-12 col-md-12\">\n<h1 class=\"titulo-productos\">Maderas aserradas<\/h1>\n<div class=\"dos-columnas\">\n<p class=\"texto\">Trabajar con maderas aserradas es la base para cualquier distribuidor. En el caso de Jannone a\u00fan m\u00e1s, ya que es la manera m\u00e1s optima de aportar al cliente una madera elaborada y f\u00e1cil de transformar. Se trata de tablones en medidas escuadradas y preparados con flejes de cinta de chapa de acero. En nuestro caso los proporcionamos en paquetes aproximados de un metro de ancho por un metro de alto. Asimismo, podemos suministrar largos de dos a seis metros con varios tablones de tres a cinco metros c\u00fabicos.<\/p>\n<p class=\"texto\">Con este tipo de madera los profesionales de la fabricaci\u00f3n de puertas, muebles o ventanas, entre otros, pueden llevar a cabo su labor de la manera m\u00e1s simple, gracias a los rollos elaborados industrialmente.<\/p>\n<p class=\"texto\">Debido a que las maderas aserradas ofrecen una gran variedad de usos finales, las variaciones en cada sector se pueden adaptar de manera f\u00e1cil y por eso Jannone busca siempre el pedido concreto para trabajar en funci\u00f3n de lotes de acabados.<\/p>\n<\/div>\n<div class=\"divider-gris\"><\/div>\n<div class=\"animated fadeInDown duration3 eds-on-scroll\">\n<h2>Maderas aserradas con\u00edferas<\/h2>\n<div class=\"dos-columnas\">\n<p class=\"texto\">Las maderas aserradas con\u00edferas responden muy bien a trabajos que buscan la facilidad en la elaboraci\u00f3n sobre todo de puertas, ventanas o cualquier otro producto de decoraci\u00f3n por sus cualidades de blancura y sencillez.<\/p>\n<p class=\"texto\">En ese sentido, el carpintero, ebanista o cualquier f\u00e1brica y empresa de embalaje, tiene en estas maderas blandas el recurso id\u00f3neo en carpinter\u00eda por la resina y el grano fino que presenta.<\/p>\n<p class=\"texto\">Dentro de Jannone ofrecemos una gran variedad en pino rojo, pino amarillo y pino radiata. Todos ellos de la misma familia de maderas aserradas con\u00edferas con variaciones en color, dureza y estabilidad.<\/p>\n<p class=\"texto\">Tipos:<\/p>\n<ul>\n<li>Pino Rojo \/ Silvestre<\/li>\n<li>Abeto<\/li>\n<li>Pino amarillo<\/li>\n<li>Pino Insignis<\/li>\n<li>Pino Radiata<\/li>\n<li>Pino Laricio<\/li>\n<li>Pino de Oreg\u00f3n<\/li>\n<\/ul>\n<\/div>\n<\/div>\n<\/div>\n<\/div>\n<\/div>\n<div class=\"mt-4\"><\/div>\n<div class=\"row\">\n<div class=\"col-md-6 fondo-verde-interior animated fadeInLeftBig duration3 eds-on-scroll\">\n<div class=\"padding-caja-izq\">\n<div class=\"container\">\n<div class=\"row mt-4 mb-4\">\n<h2>Maderas aserradas tropicales<\/h2>\n<p class=\"texto\">En este caso hablamos de un tipo de madera que producen y utilizan las plantas con fines estructurales. As\u00ed, las maderas aserradas tropicales son muy resistentes y su cantidad abunda en la naturaleza. Para el Grupo Jannone son primordiales a la hora de garantizar al cliente una calidad superior, ya que sus nobles componentes las hacen fuertes ante agentes descomponedores y ante la humedad.<\/p>\n<p class=\"texto\">Las maderas aserradas tropicales est\u00e1n enfocadas principalmente al sector de la ebanister\u00eda y al fabricante de muebles o parquet. Un ejemplo de la oferta de Jannone son los tipos Iroko y Sapelli, indicados para trabajos como los citados y, adem\u00e1s, para todo tipo de desarrollo de friso.<\/p>\n<p class=\"texto\">Tipos:<\/p>\n<div class=\"dos-columnas\">\n<ul>\n<li>Acajou<\/li>\n<li>Ayous<\/li>\n<li>Bahia<\/li>\n<li>Bubinga<\/li>\n<li>Caoba<\/li>\n<li>Cedro<\/li>\n<li>Cerejeira<\/li>\n<li>Doussie<\/li>\n<li>Embero<\/li>\n<li>Etimoe<\/li>\n<li>Framir\u00e9<\/li>\n<li>Ipe<\/li>\n<li>Iroko<\/li>\n<li>Jatoba<\/li>\n<li>Koto<\/li>\n<li>Mansonia<\/li>\n<li>Mongoy<\/li>\n<li>Sapelli<\/li>\n<li>Sipo<\/li>\n<li>Wengue<\/li>\n<\/ul>\n<\/div>\n<\/div>\n<\/div>\n<\/div>\n<\/div>\n<div class=\"col-md-6 fondo-azul-interior animated fadeInRightBig duration3 eds-on-scroll\">\n<div class=\"padding-caja-der\">\n<div class=\"container\">\n<div class=\"row mt-4 mb-4\">\n<h2>Maderas aserradas frondosas<\/h2>\n<p class=\"texto\">Las maderas aserradas frondosas son las m\u00e1s habituales para la fabricaci\u00f3n de muebles, ebanister\u00eda y revestimientos de madera.<\/p>\n<p class=\"texto\">El roble es una de las maderas m\u00e1s nobles que trabaja el Grupo Jannone, aunque en esta tipolog\u00eda tambi\u00e9n encontramos maderas como haya, fresno, nogal o cerezo. Desde nuestra experiencia, aconsejamos este tipo de material para profesionales de las sillas en madera por ser una especie de gran dureza y duraci\u00f3n.<\/p>\n<p class=\"texto\">Asimismo, su estructura le\u00f1osa la convierte en un material m\u00e1s complejo que las con\u00edferas, pudi\u00e9ndose dirigir as\u00ed a proyectos espec\u00edficos.<\/p>\n<p class=\"texto\">Tipos:<\/p>\n<ul>\n<li>Aliso Rojo<\/li>\n<li>Casta\u00f1o<\/li>\n<li>Cerezo<\/li>\n<li>Chopo<\/li>\n<li>Fresno<\/li>\n<li>Haya<\/li>\n<li>Maple Blanco<\/li>\n<li>Maple Rojo<\/li>\n<li>Nogal<\/li>\n<li>Roble<\/li>\n<li>Sicomoro<\/li>\n<li>Tilo<\/li>\n<li>Tulipier<\/li>\n<\/ul>\n<\/div>\n<\/div>\n<\/div>\n<\/div>\n<\/div>\n<div class=\"mt-4\"><\/div>\n<div class=\"row\">\n<div class=\"col-xs-12 col-md-12\">\n<div class=\"row mb-3\">\n<div class=\"col-md-4 mosaico-productos borde-derecha borde-izquierda\">\n<div class=\"maderas-aserradas mosaico-escala mosaico-escala-int\">\n<h3><a class=\"d-flex justify-content-center flex-column\" href=\"https:\/\/www.jannone.net\/es\/maderas\/maderas-aserradas\/\">Maderas Aserradas<\/a><\/h3>\n<\/div>\n<\/div>\n<div class=\"col-md-4 mosaico-productos borde-derecha borde-izquierda\">\n<div class=\"maderas-postes mosaico-escala mosaico-escala-int\">\n<h3><a class=\"d-flex justify-content-center flex-column\" href=\"https:\/\/www.jannone.net\/es\/maderas\/postes-tutores-tratados\/\">Postes y tutores tratados<\/a><\/h3>\n<\/div>\n<\/div>\n<div class=\"col-md-4 mosaico-productos borde-derecha borde-izquierda\">\n<div class=\"maderas-tratada mosaico-escala mosaico-escala-int\">\n<h3><a class=\"d-flex justify-content-center flex-column\" href=\"https:\/\/www.jannone.net\/es\/maderas\/madera-tratada-exterior\/\">Madera tratada para exterior<\/a><\/h3>\n<\/div>\n<\/div>\n<\/div>\n<\/div>\n<\/div>\n<div class=\"row\">\n<div class=\"col-xs-12 col-md-12\">\n<div class=\"row mb-4\">\n<div class=\"col-md-3 mosaico-productos borde-derecha borde-izquierda\">\n<div class=\"maderas-contrachapado mosaico-escala mosaico-escala-int\">\n<h3><a class=\"d-flex justify-content-center flex-column\" href=\"https:\/\/www.jannone.net\/es\/maderas\/tableros-contrachapados-fenolicos\/\">Tableros contrachapados fen\u00f3licos<\/a><\/h3>\n<\/div>\n<\/div>\n<div class=\"col-md-3 mosaico-productos borde-derecha borde-izquierda\">\n<div class=\"maderas-tarimas mosaico-escala mosaico-escala-int\">\n<h3><a class=\"d-flex justify-content-center flex-column\" href=\"https:\/\/www.jannone.net\/es\/maderas\/tarimas-y-frisos\/\">Tarimas y frisos<\/a><\/h3>\n<\/div>\n<\/div>\n<div class=\"col-md-3 mosaico-productos borde-derecha borde-izquierda\">\n<div class=\"maderas-vigas mosaico-escala mosaico-escala-int\">\n<h3><a class=\"d-flex justify-content-center flex-column\" href=\" https:\/\/www.jannone.net\/es\/maderas\/vigas-laminadas\/\">Vigas laminadas<\/a><\/h3>\n<\/div>\n<\/div>\n<div class=\"col-md-3 mosaico-productos borde-derecha borde-izquierda\">\n<div class=\"maderas-cancelas mosaico-escala mosaico-escala-int\">\n<h3><a class=\"d-flex justify-content-center flex-column\" href=\"https:\/\/www.jannone.net\/es\/maderas\/cancelas-argentinas-torretas\/\">Cancelas argentinas y torretas<\/a><\/h3>\n<\/div>\n<\/div>\n<\/div>\n<\/div>\n<\/div>\n","protected":false},"excerpt":{"rendered":"<p>Maderas aserradas Trabajar con maderas aserradas es la base para cualquier distribuidor. En el caso de Jannone a\u00fan m\u00e1s, ya que es la manera m\u00e1s optima de aportar al cliente una madera elaborada y f\u00e1cil de transformar. Se trata de tablones en medidas escuadradas y preparados con flejes de cinta de chapa de acero. En [&#8230;]<\/p>\n<p><a class=\"btn btn-secondary understrap-read-more-link\" href=\"https:\/\/www.jannone.net\/es\/maderas\/maderas-aserradas\/\">Leer m\u00e1s&#8230;<\/a><\/p>\n","protected":false},"author":2,"featured_media":0,"parent":12,"menu_order":0,"comment_status":"closed","ping_status":"closed","template":"page-templates\/empty.php","meta":{"_seopress_robots_primary_cat":"0","_seopress_titles_title":"Maderas aserradas - Maderas aserradas tropicales - maderas aserradas con\u00edferas","_seopress_titles_desc":"Grupo Jannone trabaja maderas aserradas aportando al cliente una madera m\u00e1s \u00f3ptima y elaborada. \u00a1Te ayudamos en lo que necesites!","_seopress_robots_index":"","footnotes":""},"class_list":["post-152","page","type-page","status-publish","hentry"],"yoast_head":"<!-- This site is optimized with the Yoast SEO plugin v26.8 - https:\/\/yoast.com\/product\/yoast-seo-wordpress\/ -->\n<title>Maderas aserradas - Maderas aserradas tropicales - maderas aserradas con\u00edferas<\/title>\n<meta name=\"description\" content=\"Grupo Jannone trabaja maderas aserradas aportando al cliente una madera m\u00e1s \u00f3ptima y elaborada. \u00a1Te ayudamos en lo que necesites!\" \/>\n<meta name=\"robots\" content=\"index, follow, max-snippet:-1, max-image-preview:large, max-video-preview:-1\" \/>\n<link rel=\"canonical\" href=\"https:\/\/www.jannone.net\/es\/maderas\/maderas-aserradas\/\" \/>\n<meta property=\"og:locale\" content=\"es_ES\" \/>\n<meta property=\"og:type\" content=\"article\" \/>\n<meta property=\"og:title\" content=\"Maderas aserradas - Maderas aserradas tropicales - maderas aserradas con\u00edferas\" \/>\n<meta property=\"og:description\" content=\"Grupo Jannone trabaja maderas aserradas aportando al cliente una madera m\u00e1s \u00f3ptima y elaborada. \u00a1Te ayudamos en lo que necesites!\" \/>\n<meta property=\"og:url\" content=\"https:\/\/www.jannone.net\/es\/maderas\/maderas-aserradas\/\" \/>\n<meta property=\"og:site_name\" content=\"Jannone\" \/>\n<meta property=\"article:modified_time\" content=\"2017-12-20T09:27:37+00:00\" \/>\n<meta property=\"og:image\" content=\"https:\/\/www.jannone.net\/es\/wp-content\/uploads\/2017\/08\/cabecera-maderas-aserradas.jpg\" \/>\n<meta name=\"twitter:label1\" content=\"Tiempo de lectura\" \/>\n\t<meta name=\"twitter:data1\" content=\"3 minutos\" \/>\n<script type=\"application\/ld+json\" class=\"yoast-schema-graph\">{\"@context\":\"https:\/\/schema.org\",\"@graph\":[{\"@type\":\"WebPage\",\"@id\":\"https:\/\/www.jannone.net\/es\/maderas\/maderas-aserradas\/\",\"url\":\"https:\/\/www.jannone.net\/es\/maderas\/maderas-aserradas\/\",\"name\":\"Maderas aserradas - Maderas aserradas tropicales - maderas aserradas con\u00edferas\",\"isPartOf\":{\"@id\":\"https:\/\/www.jannone.net\/es\/#website\"},\"primaryImageOfPage\":{\"@id\":\"https:\/\/www.jannone.net\/es\/maderas\/maderas-aserradas\/#primaryimage\"},\"image\":{\"@id\":\"https:\/\/www.jannone.net\/es\/maderas\/maderas-aserradas\/#primaryimage\"},\"thumbnailUrl\":\"https:\/\/www.jannone.net\/es\/wp-content\/uploads\/2017\/08\/cabecera-maderas-aserradas.jpg\",\"datePublished\":\"2017-08-09T06:38:59+00:00\",\"dateModified\":\"2017-12-20T09:27:37+00:00\",\"description\":\"Grupo Jannone trabaja maderas aserradas aportando al cliente una madera m\u00e1s \u00f3ptima y elaborada. \u00a1Te ayudamos en lo que necesites!\",\"breadcrumb\":{\"@id\":\"https:\/\/www.jannone.net\/es\/maderas\/maderas-aserradas\/#breadcrumb\"},\"inLanguage\":\"es\",\"potentialAction\":[{\"@type\":\"ReadAction\",\"target\":[\"https:\/\/www.jannone.net\/es\/maderas\/maderas-aserradas\/\"]}]},{\"@type\":\"ImageObject\",\"inLanguage\":\"es\",\"@id\":\"https:\/\/www.jannone.net\/es\/maderas\/maderas-aserradas\/#primaryimage\",\"url\":\"https:\/\/www.jannone.net\/es\/wp-content\/uploads\/2017\/08\/cabecera-maderas-aserradas.jpg\",\"contentUrl\":\"https:\/\/www.jannone.net\/es\/wp-content\/uploads\/2017\/08\/cabecera-maderas-aserradas.jpg\",\"width\":1801,\"height\":461},{\"@type\":\"BreadcrumbList\",\"@id\":\"https:\/\/www.jannone.net\/es\/maderas\/maderas-aserradas\/#breadcrumb\",\"itemListElement\":[{\"@type\":\"ListItem\",\"position\":1,\"name\":\"Portada\",\"item\":\"https:\/\/www.jannone.net\/es\/\"},{\"@type\":\"ListItem\",\"position\":2,\"name\":\"Maderas\",\"item\":\"https:\/\/www.jannone.net\/es\/maderas\/\"},{\"@type\":\"ListItem\",\"position\":3,\"name\":\"Maderas aserradas\"}]},{\"@type\":\"WebSite\",\"@id\":\"https:\/\/www.jannone.net\/es\/#website\",\"url\":\"https:\/\/www.jannone.net\/es\/\",\"name\":\"Jannone\",\"description\":\"Distribuidores de tubos y maderas\",\"potentialAction\":[{\"@type\":\"SearchAction\",\"target\":{\"@type\":\"EntryPoint\",\"urlTemplate\":\"https:\/\/www.jannone.net\/es\/?s={search_term_string}\"},\"query-input\":{\"@type\":\"PropertyValueSpecification\",\"valueRequired\":true,\"valueName\":\"search_term_string\"}}],\"inLanguage\":\"es\"}]}<\/script>\n<!-- \/ Yoast SEO plugin. -->","yoast_head_json":{"title":"Maderas aserradas - Maderas aserradas tropicales - maderas aserradas con\u00edferas","description":"Grupo Jannone trabaja maderas aserradas aportando al cliente una madera m\u00e1s \u00f3ptima y elaborada. \u00a1Te ayudamos en lo que necesites!","robots":{"index":"index","follow":"follow","max-snippet":"max-snippet:-1","max-image-preview":"max-image-preview:large","max-video-preview":"max-video-preview:-1"},"canonical":"https:\/\/www.jannone.net\/es\/maderas\/maderas-aserradas\/","og_locale":"es_ES","og_type":"article","og_title":"Maderas aserradas - Maderas aserradas tropicales - maderas aserradas con\u00edferas","og_description":"Grupo Jannone trabaja maderas aserradas aportando al cliente una madera m\u00e1s \u00f3ptima y elaborada. \u00a1Te ayudamos en lo que necesites!","og_url":"https:\/\/www.jannone.net\/es\/maderas\/maderas-aserradas\/","og_site_name":"Jannone","article_modified_time":"2017-12-20T09:27:37+00:00","og_image":[{"url":"https:\/\/www.jannone.net\/es\/wp-content\/uploads\/2017\/08\/cabecera-maderas-aserradas.jpg","type":"","width":"","height":""}],"twitter_misc":{"Tiempo de lectura":"3 minutos"},"schema":{"@context":"https:\/\/schema.org","@graph":[{"@type":"WebPage","@id":"https:\/\/www.jannone.net\/es\/maderas\/maderas-aserradas\/","url":"https:\/\/www.jannone.net\/es\/maderas\/maderas-aserradas\/","name":"Maderas aserradas - Maderas aserradas tropicales - maderas aserradas con\u00edferas","isPartOf":{"@id":"https:\/\/www.jannone.net\/es\/#website"},"primaryImageOfPage":{"@id":"https:\/\/www.jannone.net\/es\/maderas\/maderas-aserradas\/#primaryimage"},"image":{"@id":"https:\/\/www.jannone.net\/es\/maderas\/maderas-aserradas\/#primaryimage"},"thumbnailUrl":"https:\/\/www.jannone.net\/es\/wp-content\/uploads\/2017\/08\/cabecera-maderas-aserradas.jpg","datePublished":"2017-08-09T06:38:59+00:00","dateModified":"2017-12-20T09:27:37+00:00","description":"Grupo Jannone trabaja maderas aserradas aportando al cliente una madera m\u00e1s \u00f3ptima y elaborada. \u00a1Te ayudamos en lo que necesites!","breadcrumb":{"@id":"https:\/\/www.jannone.net\/es\/maderas\/maderas-aserradas\/#breadcrumb"},"inLanguage":"es","potentialAction":[{"@type":"ReadAction","target":["https:\/\/www.jannone.net\/es\/maderas\/maderas-aserradas\/"]}]},{"@type":"ImageObject","inLanguage":"es","@id":"https:\/\/www.jannone.net\/es\/maderas\/maderas-aserradas\/#primaryimage","url":"https:\/\/www.jannone.net\/es\/wp-content\/uploads\/2017\/08\/cabecera-maderas-aserradas.jpg","contentUrl":"https:\/\/www.jannone.net\/es\/wp-content\/uploads\/2017\/08\/cabecera-maderas-aserradas.jpg","width":1801,"height":461},{"@type":"BreadcrumbList","@id":"https:\/\/www.jannone.net\/es\/maderas\/maderas-aserradas\/#breadcrumb","itemListElement":[{"@type":"ListItem","position":1,"name":"Portada","item":"https:\/\/www.jannone.net\/es\/"},{"@type":"ListItem","position":2,"name":"Maderas","item":"https:\/\/www.jannone.net\/es\/maderas\/"},{"@type":"ListItem","position":3,"name":"Maderas aserradas"}]},{"@type":"WebSite","@id":"https:\/\/www.jannone.net\/es\/#website","url":"https:\/\/www.jannone.net\/es\/","name":"Jannone","description":"Distribuidores de tubos y maderas","potentialAction":[{"@type":"SearchAction","target":{"@type":"EntryPoint","urlTemplate":"https:\/\/www.jannone.net\/es\/?s={search_term_string}"},"query-input":{"@type":"PropertyValueSpecification","valueRequired":true,"valueName":"search_term_string"}}],"inLanguage":"es"}]}},"_links":{"self":[{"href":"https:\/\/www.jannone.net\/es\/wp-json\/wp\/v2\/pages\/152","targetHints":{"allow":["GET"]}}],"collection":[{"href":"https:\/\/www.jannone.net\/es\/wp-json\/wp\/v2\/pages"}],"about":[{"href":"https:\/\/www.jannone.net\/es\/wp-json\/wp\/v2\/types\/page"}],"author":[{"embeddable":true,"href":"https:\/\/www.jannone.net\/es\/wp-json\/wp\/v2\/users\/2"}],"replies":[{"embeddable":true,"href":"https:\/\/www.jannone.net\/es\/wp-json\/wp\/v2\/comments?post=152"}],"version-history":[{"count":5,"href":"https:\/\/www.jannone.net\/es\/wp-json\/wp\/v2\/pages\/152\/revisions"}],"predecessor-version":[{"id":1128,"href":"https:\/\/www.jannone.net\/es\/wp-json\/wp\/v2\/pages\/152\/revisions\/1128"}],"up":[{"embeddable":true,"href":"https:\/\/www.jannone.net\/es\/wp-json\/wp\/v2\/pages\/12"}],"wp:attachment":[{"href":"https:\/\/www.jannone.net\/es\/wp-json\/wp\/v2\/media?parent=152"}],"curies":[{"name":"wp","href":"https:\/\/api.w.org\/{rel}","templated":true}]}}