{"id":14,"date":"2017-04-19T13:36:58","date_gmt":"2017-04-19T11:36:58","guid":{"rendered":"https:\/\/www.jannone.net\/es\/?page_id=14"},"modified":"2024-04-16T08:56:03","modified_gmt":"2024-04-16T06:56:03","slug":"agroindustria","status":"publish","type":"page","link":"https:\/\/www.jannone.net\/es\/agroindustria\/","title":{"rendered":"Agroindustria"},"content":{"rendered":"<p><img  title=\"Agroindustria - Grupo Jannone\" decoding=\"async\" class=\"aligncenter size-full wp-image-711 img-full\" src=\"https:\/\/www.jannone.net\/es\/wp-content\/uploads\/2017\/04\/cabecera-agroindustria.jpg\"  alt=\"Agroindustria - Grupo Jannone\"  width=\"1801\" height=\"461\" srcset=\"https:\/\/www.jannone.net\/es\/wp-content\/uploads\/2017\/04\/cabecera-agroindustria.jpg 1801w, https:\/\/www.jannone.net\/es\/wp-content\/uploads\/2017\/04\/cabecera-agroindustria-300x77.jpg 300w, https:\/\/www.jannone.net\/es\/wp-content\/uploads\/2017\/04\/cabecera-agroindustria-768x197.jpg 768w, https:\/\/www.jannone.net\/es\/wp-content\/uploads\/2017\/04\/cabecera-agroindustria-1024x262.jpg 1024w\" sizes=\"(max-width: 1801px) 100vw, 1801px\" \/><\/p>\n<div class=\"container\">\n<div class=\"row\">\n<div class=\"col-xs-12 col-md-12\">\n<h1 class=\"titulo-productos\">Agroindustria<\/h1>\n<div class=\"dos-columnas\">\n<p class=\"text-normal\">Desde hace mas de 50 a\u00f1os nos dedicamos al sector agrario, habiendo sido productores referentes tanto en c\u00edtricos como en fruta de hueso (melocot\u00f3n y nectarinas) desde hace 10 a\u00f1os, producimos distintas variedades de almendros, siendo nuestra explotaci\u00f3n a d\u00eda de hoy un referente en Andaluc\u00eda y Espa\u00f1a.<\/p>\n<p class=\"text-normal\">Asimismo, en nuestras instalaciones de La Rinconada (Sevilla) disponemos de unas amplias instalaciones para el procesado inicial de la almendra (prelimpia y pelado del fruto) mediante una moderna maquinaria que nos permite preparar adecuadamente para el mercado, tanto nuestra producci\u00f3n propia como la de otros productores de la zona.<\/p>\n<\/div>\n<\/div>\n<\/div>\n<\/div>\n<div class=\"row mt-4\">\n<div class=\"col-md-6 animated fadeInLeftBig duration3 eds-on-scroll no-padding\"><img  title=\"Agroindustria - Grupo Jannone\" decoding=\"async\" class=\"aligncenter size-full wp-image-815\" src=\"https:\/\/www.jannone.net\/es\/wp-content\/uploads\/2017\/04\/agroindustria-02.jpg\"  alt=\"Agroindustria - Grupo Jannone\"  width=\"1280\" height=\"576\" srcset=\"https:\/\/www.jannone.net\/es\/wp-content\/uploads\/2017\/04\/agroindustria-02.jpg 1280w, https:\/\/www.jannone.net\/es\/wp-content\/uploads\/2017\/04\/agroindustria-02-300x135.jpg 300w, https:\/\/www.jannone.net\/es\/wp-content\/uploads\/2017\/04\/agroindustria-02-768x346.jpg 768w, https:\/\/www.jannone.net\/es\/wp-content\/uploads\/2017\/04\/agroindustria-02-1024x461.jpg 1024w\" sizes=\"(max-width: 1280px) 100vw, 1280px\" \/><\/div>\n<div class=\"col-md-6 animated fadeInRightBig duration3 eds-on-scroll no-padding\"><img  title=\"Agroindustria - Grupo Jannone\" decoding=\"async\" class=\"aligncenter size-full wp-image-814\" src=\"https:\/\/www.jannone.net\/es\/wp-content\/uploads\/2017\/04\/agroindustria-01.jpg\"  alt=\"Agroindustria - Grupo Jannone\"  width=\"1280\" height=\"576\" srcset=\"https:\/\/www.jannone.net\/es\/wp-content\/uploads\/2017\/04\/agroindustria-01.jpg 1280w, https:\/\/www.jannone.net\/es\/wp-content\/uploads\/2017\/04\/agroindustria-01-300x135.jpg 300w, https:\/\/www.jannone.net\/es\/wp-content\/uploads\/2017\/04\/agroindustria-01-768x346.jpg 768w, https:\/\/www.jannone.net\/es\/wp-content\/uploads\/2017\/04\/agroindustria-01-1024x461.jpg 1024w\" sizes=\"(max-width: 1280px) 100vw, 1280px\" \/><\/div>\n<\/div>\n<div class=\"mt-4\"><\/div>\n<div class=\"row\">\n<div class=\"col-md-12 fondo-verde-interior animated fadeInLeftBig duration3 eds-on-scroll\">\n<div class=\"padding-caja-izq\">\n<div class=\"\">\n<div class=\"row mt-4\">\n<p class=\"text-normal\">En un futuro, estimamos obtener una producci\u00f3n propia cercana a los 500.000 kilos de almendra en c\u00e1scara, as\u00ed como ampliar el proceso transformador del fruto, a\u00f1adiendo as\u00ed una cadena de valores a\u00f1adidos hasta la comercializaci\u00f3n del producto.<\/p>\n<p class=\"text-normal\">Fruto de la dilatada experiencia en la producci\u00f3n de almendras, y para dar respuesta a la necesidad de asesoramiento t\u00e9cnico sobre este cultivo, en base a la creciente superficie que en Espa\u00f1a Y Portugal se est\u00e1 destinando a este cultivo, hemos creado recientemente NUTALIA AGROCONSULTORES. Desde ella, y gracias a un equipo t\u00e9cnicos especializado, damos asesoramiento agron\u00f3mico actualmente a explotaciones agr\u00edcolas que est\u00e1n reorientando su actividad al cultivo de la almendra en Andaluc\u00eda, Extremadura, Portugal y Turqu\u00eda.<\/p>\n<p class=\"text-normal\">Puede visitar la web: <a href=\"http:\/\/www.nutalia.es\" target=\"_blank\" rel=\"noopener noreferrer\">www.nutalia.es<\/a><\/p>\n<\/div>\n<div class=\"row text-center\">\n<div class=\"col-xs-12 col-md-6\"><i class=\"fa fa-youtube-play\"><\/i> <a href=\"https:\/\/www.youtube.com\/watch?v=oMLIncWBwQM\" target=\"_blank\" rel=\"noopener noreferrer\">Ver v\u00eddeo de floraci\u00f3n<\/a><\/div>\n<div class=\"col-xs-12 col-md-6\"><i class=\"fa fa-youtube-play\"><\/i> <a href=\"https:\/\/www.youtube.com\/watch?v=qvEyC887EiM\" target=\"_blank\" rel=\"noopener noreferrer\">Ver v\u00eddeo de recogida<\/a><\/div>\n<\/div>\n<div class=\"mb-4\"><\/div>\n<\/div>\n<\/div>\n<\/div>\n<\/div>\n<div class=\"mt-4\"><\/div>\n","protected":false},"excerpt":{"rendered":"<p>Agroindustria Desde hace mas de 50 a\u00f1os nos dedicamos al sector agrario, habiendo sido productores referentes tanto en c\u00edtricos como en fruta de hueso (melocot\u00f3n y nectarinas) desde hace 10 a\u00f1os, producimos distintas variedades de almendros, siendo nuestra explotaci\u00f3n a d\u00eda de hoy un referente en Andaluc\u00eda y Espa\u00f1a. Asimismo, en nuestras instalaciones de La [&#8230;]<\/p>\n<p><a class=\"btn btn-secondary understrap-read-more-link\" href=\"https:\/\/www.jannone.net\/es\/agroindustria\/\">Leer m\u00e1s&#8230;<\/a><\/p>\n","protected":false},"author":2,"featured_media":0,"parent":0,"menu_order":0,"comment_status":"closed","ping_status":"closed","template":"page-templates\/empty.php","meta":{"_seopress_robots_primary_cat":"0","_seopress_titles_title":"Productores de c\u00edtricos, Producci\u00f3n de almendras, Mayoristas de flor cortada","_seopress_titles_desc":"Desde hace mas de 50 a\u00f1os nos dedicamos al sector agrario, habiendo sido productores referentes tanto en c\u00edtricos como en fruta de hueso...","_seopress_robots_index":"","footnotes":""},"class_list":["post-14","page","type-page","status-publish","hentry"],"yoast_head":"<!-- This site is optimized with the Yoast SEO plugin v26.8 - https:\/\/yoast.com\/product\/yoast-seo-wordpress\/ -->\n<title>Productores de c\u00edtricos, Producci\u00f3n de almendras, Mayoristas de flor cortada<\/title>\n<meta name=\"description\" content=\"Desde hace mas de 50 a\u00f1os nos dedicamos al sector agrario, habiendo sido productores referentes tanto en c\u00edtricos como en fruta de hueso...\" \/>\n<meta name=\"robots\" content=\"index, follow, max-snippet:-1, max-image-preview:large, max-video-preview:-1\" \/>\n<link rel=\"canonical\" href=\"https:\/\/www.jannone.net\/es\/agroindustria\/\" \/>\n<meta property=\"og:locale\" content=\"es_ES\" \/>\n<meta property=\"og:type\" content=\"article\" \/>\n<meta property=\"og:title\" content=\"Productores de c\u00edtricos, Producci\u00f3n de almendras, Mayoristas de flor cortada\" \/>\n<meta property=\"og:description\" content=\"Desde hace mas de 50 a\u00f1os nos dedicamos al sector agrario, habiendo sido productores referentes tanto en c\u00edtricos como en fruta de hueso...\" \/>\n<meta property=\"og:url\" content=\"https:\/\/www.jannone.net\/es\/agroindustria\/\" \/>\n<meta property=\"og:site_name\" content=\"Jannone\" \/>\n<meta property=\"article:modified_time\" content=\"2024-04-16T06:56:03+00:00\" \/>\n<meta property=\"og:image\" content=\"https:\/\/www.jannone.net\/es\/wp-content\/uploads\/2017\/04\/cabecera-agroindustria.jpg\" \/>\n<meta name=\"twitter:label1\" content=\"Tiempo de lectura\" \/>\n\t<meta name=\"twitter:data1\" content=\"2 minutos\" \/>\n<script type=\"application\/ld+json\" class=\"yoast-schema-graph\">{\"@context\":\"https:\/\/schema.org\",\"@graph\":[{\"@type\":\"WebPage\",\"@id\":\"https:\/\/www.jannone.net\/es\/agroindustria\/\",\"url\":\"https:\/\/www.jannone.net\/es\/agroindustria\/\",\"name\":\"Productores de c\u00edtricos, Producci\u00f3n de almendras, Mayoristas de flor cortada\",\"isPartOf\":{\"@id\":\"https:\/\/www.jannone.net\/es\/#website\"},\"primaryImageOfPage\":{\"@id\":\"https:\/\/www.jannone.net\/es\/agroindustria\/#primaryimage\"},\"image\":{\"@id\":\"https:\/\/www.jannone.net\/es\/agroindustria\/#primaryimage\"},\"thumbnailUrl\":\"https:\/\/www.jannone.net\/es\/wp-content\/uploads\/2017\/04\/cabecera-agroindustria.jpg\",\"datePublished\":\"2017-04-19T11:36:58+00:00\",\"dateModified\":\"2024-04-16T06:56:03+00:00\",\"description\":\"Desde hace mas de 50 a\u00f1os nos dedicamos al sector agrario, habiendo sido productores referentes tanto en c\u00edtricos como en fruta de hueso...\",\"breadcrumb\":{\"@id\":\"https:\/\/www.jannone.net\/es\/agroindustria\/#breadcrumb\"},\"inLanguage\":\"es\",\"potentialAction\":[{\"@type\":\"ReadAction\",\"target\":[\"https:\/\/www.jannone.net\/es\/agroindustria\/\"]}]},{\"@type\":\"ImageObject\",\"inLanguage\":\"es\",\"@id\":\"https:\/\/www.jannone.net\/es\/agroindustria\/#primaryimage\",\"url\":\"https:\/\/www.jannone.net\/es\/wp-content\/uploads\/2017\/04\/cabecera-agroindustria.jpg\",\"contentUrl\":\"https:\/\/www.jannone.net\/es\/wp-content\/uploads\/2017\/04\/cabecera-agroindustria.jpg\",\"width\":1801,\"height\":461},{\"@type\":\"BreadcrumbList\",\"@id\":\"https:\/\/www.jannone.net\/es\/agroindustria\/#breadcrumb\",\"itemListElement\":[{\"@type\":\"ListItem\",\"position\":1,\"name\":\"Portada\",\"item\":\"https:\/\/www.jannone.net\/es\/\"},{\"@type\":\"ListItem\",\"position\":2,\"name\":\"Agroindustria\"}]},{\"@type\":\"WebSite\",\"@id\":\"https:\/\/www.jannone.net\/es\/#website\",\"url\":\"https:\/\/www.jannone.net\/es\/\",\"name\":\"Jannone\",\"description\":\"Distribuidores de tubos y maderas\",\"potentialAction\":[{\"@type\":\"SearchAction\",\"target\":{\"@type\":\"EntryPoint\",\"urlTemplate\":\"https:\/\/www.jannone.net\/es\/?s={search_term_string}\"},\"query-input\":{\"@type\":\"PropertyValueSpecification\",\"valueRequired\":true,\"valueName\":\"search_term_string\"}}],\"inLanguage\":\"es\"}]}<\/script>\n<!-- \/ Yoast SEO plugin. -->","yoast_head_json":{"title":"Productores de c\u00edtricos, Producci\u00f3n de almendras, Mayoristas de flor cortada","description":"Desde hace mas de 50 a\u00f1os nos dedicamos al sector agrario, habiendo sido productores referentes tanto en c\u00edtricos como en fruta de hueso...","robots":{"index":"index","follow":"follow","max-snippet":"max-snippet:-1","max-image-preview":"max-image-preview:large","max-video-preview":"max-video-preview:-1"},"canonical":"https:\/\/www.jannone.net\/es\/agroindustria\/","og_locale":"es_ES","og_type":"article","og_title":"Productores de c\u00edtricos, Producci\u00f3n de almendras, Mayoristas de flor cortada","og_description":"Desde hace mas de 50 a\u00f1os nos dedicamos al sector agrario, habiendo sido productores referentes tanto en c\u00edtricos como en fruta de hueso...","og_url":"https:\/\/www.jannone.net\/es\/agroindustria\/","og_site_name":"Jannone","article_modified_time":"2024-04-16T06:56:03+00:00","og_image":[{"url":"https:\/\/www.jannone.net\/es\/wp-content\/uploads\/2017\/04\/cabecera-agroindustria.jpg","type":"","width":"","height":""}],"twitter_misc":{"Tiempo de lectura":"2 minutos"},"schema":{"@context":"https:\/\/schema.org","@graph":[{"@type":"WebPage","@id":"https:\/\/www.jannone.net\/es\/agroindustria\/","url":"https:\/\/www.jannone.net\/es\/agroindustria\/","name":"Productores de c\u00edtricos, Producci\u00f3n de almendras, Mayoristas de flor cortada","isPartOf":{"@id":"https:\/\/www.jannone.net\/es\/#website"},"primaryImageOfPage":{"@id":"https:\/\/www.jannone.net\/es\/agroindustria\/#primaryimage"},"image":{"@id":"https:\/\/www.jannone.net\/es\/agroindustria\/#primaryimage"},"thumbnailUrl":"https:\/\/www.jannone.net\/es\/wp-content\/uploads\/2017\/04\/cabecera-agroindustria.jpg","datePublished":"2017-04-19T11:36:58+00:00","dateModified":"2024-04-16T06:56:03+00:00","description":"Desde hace mas de 50 a\u00f1os nos dedicamos al sector agrario, habiendo sido productores referentes tanto en c\u00edtricos como en fruta de hueso...","breadcrumb":{"@id":"https:\/\/www.jannone.net\/es\/agroindustria\/#breadcrumb"},"inLanguage":"es","potentialAction":[{"@type":"ReadAction","target":["https:\/\/www.jannone.net\/es\/agroindustria\/"]}]},{"@type":"ImageObject","inLanguage":"es","@id":"https:\/\/www.jannone.net\/es\/agroindustria\/#primaryimage","url":"https:\/\/www.jannone.net\/es\/wp-content\/uploads\/2017\/04\/cabecera-agroindustria.jpg","contentUrl":"https:\/\/www.jannone.net\/es\/wp-content\/uploads\/2017\/04\/cabecera-agroindustria.jpg","width":1801,"height":461},{"@type":"BreadcrumbList","@id":"https:\/\/www.jannone.net\/es\/agroindustria\/#breadcrumb","itemListElement":[{"@type":"ListItem","position":1,"name":"Portada","item":"https:\/\/www.jannone.net\/es\/"},{"@type":"ListItem","position":2,"name":"Agroindustria"}]},{"@type":"WebSite","@id":"https:\/\/www.jannone.net\/es\/#website","url":"https:\/\/www.jannone.net\/es\/","name":"Jannone","description":"Distribuidores de tubos y maderas","potentialAction":[{"@type":"SearchAction","target":{"@type":"EntryPoint","urlTemplate":"https:\/\/www.jannone.net\/es\/?s={search_term_string}"},"query-input":{"@type":"PropertyValueSpecification","valueRequired":true,"valueName":"search_term_string"}}],"inLanguage":"es"}]}},"_links":{"self":[{"href":"https:\/\/www.jannone.net\/es\/wp-json\/wp\/v2\/pages\/14","targetHints":{"allow":["GET"]}}],"collection":[{"href":"https:\/\/www.jannone.net\/es\/wp-json\/wp\/v2\/pages"}],"about":[{"href":"https:\/\/www.jannone.net\/es\/wp-json\/wp\/v2\/types\/page"}],"author":[{"embeddable":true,"href":"https:\/\/www.jannone.net\/es\/wp-json\/wp\/v2\/users\/2"}],"replies":[{"embeddable":true,"href":"https:\/\/www.jannone.net\/es\/wp-json\/wp\/v2\/comments?post=14"}],"version-history":[{"count":5,"href":"https:\/\/www.jannone.net\/es\/wp-json\/wp\/v2\/pages\/14\/revisions"}],"predecessor-version":[{"id":1409,"href":"https:\/\/www.jannone.net\/es\/wp-json\/wp\/v2\/pages\/14\/revisions\/1409"}],"wp:attachment":[{"href":"https:\/\/www.jannone.net\/es\/wp-json\/wp\/v2\/media?parent=14"}],"curies":[{"name":"wp","href":"https:\/\/api.w.org\/{rel}","templated":true}]}}