{"id":135,"date":"2017-08-08T14:49:18","date_gmt":"2017-08-08T12:49:18","guid":{"rendered":"https:\/\/www.jannone.net\/es\/?page_id=135"},"modified":"2022-06-09T09:13:01","modified_gmt":"2022-06-09T07:13:01","slug":"tubo-gres-vitrificado","status":"publish","type":"page","link":"https:\/\/www.jannone.net\/es\/tubos\/tubo-gres-vitrificado\/","title":{"rendered":"Tubo de gres vitrificado"},"content":{"rendered":"<p><img  title=\"Tubo de gres vitrificado - Grupo Jannone\" decoding=\"async\" class=\"aligncenter size-full wp-image-671 img-full\" src=\"https:\/\/www.jannone.net\/es\/wp-content\/uploads\/2017\/04\/cabecera-tubo.jpg\"  alt=\"Tubo de gres vitrificado - Grupo Jannone\"  width=\"1801\" height=\"461\" srcset=\"https:\/\/www.jannone.net\/es\/wp-content\/uploads\/2017\/04\/cabecera-tubo.jpg 1801w, https:\/\/www.jannone.net\/es\/wp-content\/uploads\/2017\/04\/cabecera-tubo-300x77.jpg 300w, https:\/\/www.jannone.net\/es\/wp-content\/uploads\/2017\/04\/cabecera-tubo-768x197.jpg 768w, https:\/\/www.jannone.net\/es\/wp-content\/uploads\/2017\/04\/cabecera-tubo-1024x262.jpg 1024w\" sizes=\"(max-width: 1801px) 100vw, 1801px\" \/><\/p>\n<div class=\"container\">\n<div class=\"row\">\n<div class=\"col-xs-12 col-md-12\">\n<h1 class=\"titulo-productos\">Tubo de gres vitrificado<\/h1>\n<div class=\"row\">\n<div class=\"col-xs-12 col-md-6\">\n<p class=\"texto\">El tubo de gres vitrificado es resistente a la corrosi\u00f3n y a la abrasi\u00f3n, de gran durabilidad y con importantes propiedades mec\u00e1nicas. Es el producto ideal para redes de saneamiento, adem\u00e1s su componente principal, la arcilla, lo convierte en un producto 100% ecol\u00f3gico.<\/p>\n<p class=\"texto\">Junto con las tuber\u00edas se completa una gama de accesorios para un correcto montaje de la instalaci\u00f3n.<\/p>\n<p><a href=\"https:\/\/www.jannone.net\/es\/wp-content\/uploads\/2017\/08\/catalogo-gres.pdf\" target=\"_blank\" rel=\"noopener\"><i class=\"fa fa-file-pdf-o\" aria-hidden=\"true\"><\/i> Descargar cat\u00e1logo de tubos de gres verificado<\/a><br \/>\n<a href=\"https:\/\/www.jannone.net\/es\/wp-content\/uploads\/2022\/06\/catalogo-tubos-de-gres-2021.pdf\" target=\"_blank\" rel=\"noopener\"><i class=\"fa fa-file-pdf-o\" aria-hidden=\"true\"><\/i> Descargar cat\u00e1logo de tubos de gres 2021<\/a>\n<\/div>\n<div class=\"col-xs-12 col-md-6\">\n<div id=\"metaslider-id-1091\" style=\"width: 100%;\" class=\"ml-slider-3-105-0 metaslider metaslider-flex metaslider-1091 ml-slider ms-theme-default nav-hidden\" role=\"region\" aria-label=\"Tubo Gres Vitrificado\" data-height=\"314\" data-width=\"640\">\n    <div id=\"metaslider_container_1091\">\n        <div id=\"metaslider_1091\">\n            <ul class='slides'>\n                <li style=\"display: block; width: 100%;\" class=\"slide-1099 ms-image \" aria-roledescription=\"slide\" data-date=\"2017-11-29 10:22:15\" data-filename=\"t.gres-2-640x314.jpg\" data-slide-type=\"image\"><img  title=\"Tubo de gres vitrificado - Grupo Jannone\" decoding=\"async\" src=\"https:\/\/www.jannone.net\/es\/wp-content\/uploads\/2017\/11\/t.gres-2-640x314.jpg\" height=\"314\" width=\"640\"  alt=\"Tubo de gres vitrificado - Grupo Jannone\"  class=\"slider-1091 slide-1099 msDefaultImage\" \/><\/li>\n                <li style=\"display: none; width: 100%;\" class=\"slide-1100 ms-image \" aria-roledescription=\"slide\" data-date=\"2017-11-29 10:22:16\" data-filename=\"t.gres-5-640x314.jpg\" data-slide-type=\"image\"><img  title=\"Tubo de gres vitrificado - Grupo Jannone\" decoding=\"async\" src=\"https:\/\/www.jannone.net\/es\/wp-content\/uploads\/2017\/11\/t.gres-5-640x314.jpg\" height=\"314\" width=\"640\"  alt=\"Tubo de gres vitrificado - Grupo Jannone\"  class=\"slider-1091 slide-1100 msDefaultImage\" \/><\/li>\n                <li style=\"display: none; width: 100%;\" class=\"slide-1101 ms-image \" aria-roledescription=\"slide\" data-date=\"2017-11-29 10:22:16\" data-filename=\"t.gres-6-640x314.jpg\" data-slide-type=\"image\"><img  title=\"Tubo de gres vitrificado - Grupo Jannone\" decoding=\"async\" src=\"https:\/\/www.jannone.net\/es\/wp-content\/uploads\/2017\/11\/t.gres-6-640x314.jpg\" height=\"314\" width=\"640\"  alt=\"Tubo de gres vitrificado - Grupo Jannone\"  class=\"slider-1091 slide-1101 msDefaultImage\" \/><\/li>\n            <\/ul>\n        <\/div>\n        \n    <\/div>\n<\/div>\n<\/div>\n<\/div>\n<\/div>\n<\/div>\n<\/div>\n<div class=\"mt-4\"><\/div>\n<div class=\"row\">\n<div class=\"col-md-6 fondo-verde-interior animated fadeInLeftBig duration3 eds-on-scroll\">\n<div class=\"padding-caja-izq\">\n<div class=\"container\">\n<div class=\"row mt-4 mb-4\">\n<h2>Beneficios de los tubos de gres vitrificados<\/h2>\n<p class=\"texto\">Este tipo de tuber\u00eda presenta muchas ventajas como las que te presentamos a continuaci\u00f3n:<\/p>\n<ul>\n<li>Es resistente a los agentes qu\u00edmicos de las zonas industriales, al H2S presente en las bacterias de aguas residuales, y a todos los elementos agresivos de la tierra y al agua subterr\u00e1nea.<\/li>\n<li>Si bien, es tambi\u00e9n muy resistente a la abrasi\u00f3n permitiendo m\u00e1s flexibilidad en velocidades y pendientes.<\/li>\n<\/ul>\n<\/div>\n<\/div>\n<\/div>\n<\/div>\n<div class=\"col-md-6 fondo-azul-interior d-flex justify-content-center flex-column animated fadeInRightBig duration3 eds-on-scroll\">\n<div class=\"padding-caja-der\">\n<div class=\"container\">\n<div class=\"row mt-4 mb-4\">\n<ul>\n<li>Su rugosidad, es muy baja y jam\u00e1s se deforma ni se da\u00f1a con los equipos de limpieza.<\/li>\n<li>No hay que olvidar tampoco que las juntas de uni\u00f3n son muy resistentes a las ra\u00edces.<\/li>\n<li>Por \u00faltimo, podemos decir que las tuber\u00edas de gres pr\u00e1cticamente tienen una vida ilimitada.<\/li>\n<\/ul>\n<h3>Si necesitas asesoramiento, no dudes en contactar con nosotros.<\/h3>\n<\/div>\n<\/div>\n<\/div>\n<\/div>\n<\/div>\n<div class=\"row\">\n<div class=\"col-xs-12 col-md-12\">\n<div class=\"row mt-5 mb-3\">\n<div class=\"col-md-4 mosaico-productos borde-derecha borde-izquierda\">\n<div class=\"tubos-conduccion mosaico-escala mosaico-escala-int\">\n<h3><a class=\"d-flex justify-content-center flex-column\" href=\"https:\/\/www.jannone.net\/es\/tubos\/tuberias-de-conduccion\/\">Tuber\u00edas de conducci\u00f3n<\/a><\/h3>\n<\/div>\n<\/div>\n<div class=\"col-md-4 mosaico-productos borde-derecha borde-izquierda\">\n<div class=\"tubos-incendios mosaico-escala mosaico-escala-int\">\n<h3><a class=\"d-flex justify-content-center flex-column\" href=\"https:\/\/www.jannone.net\/es\/tubos\/tuberias-contra-incendios\/\">Tuber\u00edas contra incendios<\/a><\/h3>\n<\/div>\n<\/div>\n<div class=\"col-md-4 mosaico-productos borde-derecha borde-izquierda\">\n<div class=\"tubos-preaisladas mosaico-escala mosaico-escala-int\">\n<h3><a class=\"d-flex justify-content-center flex-column\" href=\"https:\/\/www.jannone.net\/es\/tubos\/tuberias-preaisladas\/\">Tuber\u00edas preaisladas<\/a><\/h3>\n<\/div>\n<\/div>\n<\/div>\n<\/div>\n<\/div>\n<div class=\"row\">\n<div class=\"col-xs-12 col-md-12\">\n<div class=\"row mb-4\">\n<div class=\"col-md-3 mosaico-productos borde-derecha borde-izquierda\">\n<div class=\"tubos-estructurales mosaico-escala mosaico-escala-int\">\n<h3><a class=\"d-flex justify-content-center flex-column\" href=\"https:\/\/www.jannone.net\/es\/tubos\/tubo-estructural\/\">Tubo estructural<\/a><\/h3>\n<\/div>\n<\/div>\n<div class=\"col-md-3 mosaico-productos borde-derecha borde-izquierda\">\n<div class=\"tubos-accesorios mosaico-escala mosaico-escala-int\">\n<h3><a class=\"d-flex justify-content-center flex-column\" href=\"https:\/\/www.jannone.net\/es\/tubos\/accesorios-bridas-valvulas\/\">Accesorios, bridas y v\u00e1lvulas<\/a><\/h3>\n<\/div>\n<\/div>\n<div class=\"col-md-3 mosaico-productos borde-derecha borde-izquierda\">\n<div class=\"tubos-gres mosaico-escala mosaico-escala-int\">\n<h3><a class=\"d-flex justify-content-center flex-column\" href=\"https:\/\/www.jannone.net\/es\/tubos\/tubo-gres-vitrificado\/\">Tubo de gres vitrificado<\/a><\/h3>\n<\/div>\n<\/div>\n<div class=\"col-md-3 mosaico-productos borde-derecha borde-izquierda\">\n<div class=\"tubos-servicios mosaico-escala mosaico-escala-int\">\n<h3><a class=\"d-flex justify-content-center flex-column\" href=\"https:\/\/www.jannone.net\/es\/tubos\/sectores-utilidades-referencias\/\">Sectores, utilidades y referencias<\/a><\/h3>\n<\/div>\n<\/div>\n<\/div>\n<\/div>\n<\/div>\n","protected":false},"excerpt":{"rendered":"<p>Tubo de gres vitrificado El tubo de gres vitrificado es resistente a la corrosi\u00f3n y a la abrasi\u00f3n, de gran durabilidad y con importantes propiedades mec\u00e1nicas. Es el producto ideal para redes de saneamiento, adem\u00e1s su componente principal, la arcilla, lo convierte en un producto 100% ecol\u00f3gico. Junto con las tuber\u00edas se completa una gama [&#8230;]<\/p>\n<p><a class=\"btn btn-secondary understrap-read-more-link\" href=\"https:\/\/www.jannone.net\/es\/tubos\/tubo-gres-vitrificado\/\">Leer m\u00e1s&#8230;<\/a><\/p>\n","protected":false},"author":2,"featured_media":0,"parent":10,"menu_order":0,"comment_status":"closed","ping_status":"closed","template":"page-templates\/empty.php","meta":{"_seopress_robots_primary_cat":"0","_seopress_titles_title":"Tubos de gres vitrificado - Tuber\u00eda de gres vitrificado - tubos de gres - tuber\u00eda de gres","_seopress_titles_desc":"El tubo de gres vitrificado es resistente a la corrosi\u00f3n y a la abrasi\u00f3n, de gran durabilidad y con importantes propiedades mec\u00e1nicas.","_seopress_robots_index":"","footnotes":""},"class_list":["post-135","page","type-page","status-publish","hentry"],"yoast_head":"<!-- This site is optimized with the Yoast SEO plugin v26.8 - https:\/\/yoast.com\/product\/yoast-seo-wordpress\/ -->\n<title>Tubos de gres vitrificado - Tuber\u00eda de gres vitrificado - tubos de gres - tuber\u00eda de gres<\/title>\n<meta name=\"description\" content=\"El tubo de gres vitrificado es resistente a la corrosi\u00f3n y a la abrasi\u00f3n, de gran durabilidad y con importantes propiedades mec\u00e1nicas.\" \/>\n<meta name=\"robots\" content=\"index, follow, max-snippet:-1, max-image-preview:large, max-video-preview:-1\" \/>\n<link rel=\"canonical\" href=\"https:\/\/www.jannone.net\/es\/tubos\/tubo-gres-vitrificado\/\" \/>\n<meta property=\"og:locale\" content=\"es_ES\" \/>\n<meta property=\"og:type\" content=\"article\" \/>\n<meta property=\"og:title\" content=\"Tubos de gres vitrificado - Tuber\u00eda de gres vitrificado - tubos de gres - tuber\u00eda de gres\" \/>\n<meta property=\"og:description\" content=\"El tubo de gres vitrificado es resistente a la corrosi\u00f3n y a la abrasi\u00f3n, de gran durabilidad y con importantes propiedades mec\u00e1nicas.\" \/>\n<meta property=\"og:url\" content=\"https:\/\/www.jannone.net\/es\/tubos\/tubo-gres-vitrificado\/\" \/>\n<meta property=\"og:site_name\" content=\"Jannone\" \/>\n<meta property=\"article:modified_time\" content=\"2022-06-09T07:13:01+00:00\" \/>\n<meta property=\"og:image\" content=\"https:\/\/www.jannone.net\/es\/wp-content\/uploads\/2017\/04\/cabecera-tubo.jpg\" \/>\n<meta name=\"twitter:label1\" content=\"Tiempo de lectura\" \/>\n\t<meta name=\"twitter:data1\" content=\"1 minuto\" \/>\n<script type=\"application\/ld+json\" class=\"yoast-schema-graph\">{\"@context\":\"https:\/\/schema.org\",\"@graph\":[{\"@type\":\"WebPage\",\"@id\":\"https:\/\/www.jannone.net\/es\/tubos\/tubo-gres-vitrificado\/\",\"url\":\"https:\/\/www.jannone.net\/es\/tubos\/tubo-gres-vitrificado\/\",\"name\":\"Tubos de gres vitrificado - Tuber\u00eda de gres vitrificado - tubos de gres - tuber\u00eda de gres\",\"isPartOf\":{\"@id\":\"https:\/\/www.jannone.net\/es\/#website\"},\"primaryImageOfPage\":{\"@id\":\"https:\/\/www.jannone.net\/es\/tubos\/tubo-gres-vitrificado\/#primaryimage\"},\"image\":{\"@id\":\"https:\/\/www.jannone.net\/es\/tubos\/tubo-gres-vitrificado\/#primaryimage\"},\"thumbnailUrl\":\"https:\/\/www.jannone.net\/es\/wp-content\/uploads\/2017\/04\/cabecera-tubo.jpg\",\"datePublished\":\"2017-08-08T12:49:18+00:00\",\"dateModified\":\"2022-06-09T07:13:01+00:00\",\"description\":\"El tubo de gres vitrificado es resistente a la corrosi\u00f3n y a la abrasi\u00f3n, de gran durabilidad y con importantes propiedades mec\u00e1nicas.\",\"breadcrumb\":{\"@id\":\"https:\/\/www.jannone.net\/es\/tubos\/tubo-gres-vitrificado\/#breadcrumb\"},\"inLanguage\":\"es\",\"potentialAction\":[{\"@type\":\"ReadAction\",\"target\":[\"https:\/\/www.jannone.net\/es\/tubos\/tubo-gres-vitrificado\/\"]}]},{\"@type\":\"ImageObject\",\"inLanguage\":\"es\",\"@id\":\"https:\/\/www.jannone.net\/es\/tubos\/tubo-gres-vitrificado\/#primaryimage\",\"url\":\"https:\/\/www.jannone.net\/es\/wp-content\/uploads\/2017\/04\/cabecera-tubo.jpg\",\"contentUrl\":\"https:\/\/www.jannone.net\/es\/wp-content\/uploads\/2017\/04\/cabecera-tubo.jpg\",\"width\":1801,\"height\":461},{\"@type\":\"BreadcrumbList\",\"@id\":\"https:\/\/www.jannone.net\/es\/tubos\/tubo-gres-vitrificado\/#breadcrumb\",\"itemListElement\":[{\"@type\":\"ListItem\",\"position\":1,\"name\":\"Portada\",\"item\":\"https:\/\/www.jannone.net\/es\/\"},{\"@type\":\"ListItem\",\"position\":2,\"name\":\"Tubos\",\"item\":\"https:\/\/www.jannone.net\/es\/tubos\/\"},{\"@type\":\"ListItem\",\"position\":3,\"name\":\"Tubo de gres vitrificado\"}]},{\"@type\":\"WebSite\",\"@id\":\"https:\/\/www.jannone.net\/es\/#website\",\"url\":\"https:\/\/www.jannone.net\/es\/\",\"name\":\"Jannone\",\"description\":\"Distribuidores de tubos y maderas\",\"potentialAction\":[{\"@type\":\"SearchAction\",\"target\":{\"@type\":\"EntryPoint\",\"urlTemplate\":\"https:\/\/www.jannone.net\/es\/?s={search_term_string}\"},\"query-input\":{\"@type\":\"PropertyValueSpecification\",\"valueRequired\":true,\"valueName\":\"search_term_string\"}}],\"inLanguage\":\"es\"}]}<\/script>\n<!-- \/ Yoast SEO plugin. -->","yoast_head_json":{"title":"Tubos de gres vitrificado - Tuber\u00eda de gres vitrificado - tubos de gres - tuber\u00eda de gres","description":"El tubo de gres vitrificado es resistente a la corrosi\u00f3n y a la abrasi\u00f3n, de gran durabilidad y con importantes propiedades mec\u00e1nicas.","robots":{"index":"index","follow":"follow","max-snippet":"max-snippet:-1","max-image-preview":"max-image-preview:large","max-video-preview":"max-video-preview:-1"},"canonical":"https:\/\/www.jannone.net\/es\/tubos\/tubo-gres-vitrificado\/","og_locale":"es_ES","og_type":"article","og_title":"Tubos de gres vitrificado - Tuber\u00eda de gres vitrificado - tubos de gres - tuber\u00eda de gres","og_description":"El tubo de gres vitrificado es resistente a la corrosi\u00f3n y a la abrasi\u00f3n, de gran durabilidad y con importantes propiedades mec\u00e1nicas.","og_url":"https:\/\/www.jannone.net\/es\/tubos\/tubo-gres-vitrificado\/","og_site_name":"Jannone","article_modified_time":"2022-06-09T07:13:01+00:00","og_image":[{"url":"https:\/\/www.jannone.net\/es\/wp-content\/uploads\/2017\/04\/cabecera-tubo.jpg","type":"","width":"","height":""}],"twitter_misc":{"Tiempo de lectura":"1 minuto"},"schema":{"@context":"https:\/\/schema.org","@graph":[{"@type":"WebPage","@id":"https:\/\/www.jannone.net\/es\/tubos\/tubo-gres-vitrificado\/","url":"https:\/\/www.jannone.net\/es\/tubos\/tubo-gres-vitrificado\/","name":"Tubos de gres vitrificado - Tuber\u00eda de gres vitrificado - tubos de gres - tuber\u00eda de gres","isPartOf":{"@id":"https:\/\/www.jannone.net\/es\/#website"},"primaryImageOfPage":{"@id":"https:\/\/www.jannone.net\/es\/tubos\/tubo-gres-vitrificado\/#primaryimage"},"image":{"@id":"https:\/\/www.jannone.net\/es\/tubos\/tubo-gres-vitrificado\/#primaryimage"},"thumbnailUrl":"https:\/\/www.jannone.net\/es\/wp-content\/uploads\/2017\/04\/cabecera-tubo.jpg","datePublished":"2017-08-08T12:49:18+00:00","dateModified":"2022-06-09T07:13:01+00:00","description":"El tubo de gres vitrificado es resistente a la corrosi\u00f3n y a la abrasi\u00f3n, de gran durabilidad y con importantes propiedades mec\u00e1nicas.","breadcrumb":{"@id":"https:\/\/www.jannone.net\/es\/tubos\/tubo-gres-vitrificado\/#breadcrumb"},"inLanguage":"es","potentialAction":[{"@type":"ReadAction","target":["https:\/\/www.jannone.net\/es\/tubos\/tubo-gres-vitrificado\/"]}]},{"@type":"ImageObject","inLanguage":"es","@id":"https:\/\/www.jannone.net\/es\/tubos\/tubo-gres-vitrificado\/#primaryimage","url":"https:\/\/www.jannone.net\/es\/wp-content\/uploads\/2017\/04\/cabecera-tubo.jpg","contentUrl":"https:\/\/www.jannone.net\/es\/wp-content\/uploads\/2017\/04\/cabecera-tubo.jpg","width":1801,"height":461},{"@type":"BreadcrumbList","@id":"https:\/\/www.jannone.net\/es\/tubos\/tubo-gres-vitrificado\/#breadcrumb","itemListElement":[{"@type":"ListItem","position":1,"name":"Portada","item":"https:\/\/www.jannone.net\/es\/"},{"@type":"ListItem","position":2,"name":"Tubos","item":"https:\/\/www.jannone.net\/es\/tubos\/"},{"@type":"ListItem","position":3,"name":"Tubo de gres vitrificado"}]},{"@type":"WebSite","@id":"https:\/\/www.jannone.net\/es\/#website","url":"https:\/\/www.jannone.net\/es\/","name":"Jannone","description":"Distribuidores de tubos y maderas","potentialAction":[{"@type":"SearchAction","target":{"@type":"EntryPoint","urlTemplate":"https:\/\/www.jannone.net\/es\/?s={search_term_string}"},"query-input":{"@type":"PropertyValueSpecification","valueRequired":true,"valueName":"search_term_string"}}],"inLanguage":"es"}]}},"_links":{"self":[{"href":"https:\/\/www.jannone.net\/es\/wp-json\/wp\/v2\/pages\/135","targetHints":{"allow":["GET"]}}],"collection":[{"href":"https:\/\/www.jannone.net\/es\/wp-json\/wp\/v2\/pages"}],"about":[{"href":"https:\/\/www.jannone.net\/es\/wp-json\/wp\/v2\/types\/page"}],"author":[{"embeddable":true,"href":"https:\/\/www.jannone.net\/es\/wp-json\/wp\/v2\/users\/2"}],"replies":[{"embeddable":true,"href":"https:\/\/www.jannone.net\/es\/wp-json\/wp\/v2\/comments?post=135"}],"version-history":[{"count":5,"href":"https:\/\/www.jannone.net\/es\/wp-json\/wp\/v2\/pages\/135\/revisions"}],"predecessor-version":[{"id":1324,"href":"https:\/\/www.jannone.net\/es\/wp-json\/wp\/v2\/pages\/135\/revisions\/1324"}],"up":[{"embeddable":true,"href":"https:\/\/www.jannone.net\/es\/wp-json\/wp\/v2\/pages\/10"}],"wp:attachment":[{"href":"https:\/\/www.jannone.net\/es\/wp-json\/wp\/v2\/media?parent=135"}],"curies":[{"name":"wp","href":"https:\/\/api.w.org\/{rel}","templated":true}]}}