{"id":133,"date":"2017-08-08T14:49:10","date_gmt":"2017-08-08T12:49:10","guid":{"rendered":"https:\/\/www.jannone.net\/es\/?page_id=133"},"modified":"2017-12-20T10:29:29","modified_gmt":"2017-12-20T09:29:29","slug":"accesorios-bridas-valvulas","status":"publish","type":"page","link":"https:\/\/www.jannone.net\/es\/tubos\/accesorios-bridas-valvulas\/","title":{"rendered":"Accesorios, bridas y v\u00e1lvulas"},"content":{"rendered":"<p><img  title=\"Accesorios, bridas y v\u00e1lvulas - Grupo Jannone\" decoding=\"async\" class=\"aligncenter size-full wp-image-707 img-full\" src=\"https:\/\/www.jannone.net\/es\/wp-content\/uploads\/2017\/08\/cabecera-tubos-accesorios.jpg\"  alt=\"Accesorios, bridas y v\u00e1lvulas - Grupo Jannone\"  width=\"1801\" height=\"461\" srcset=\"https:\/\/www.jannone.net\/es\/wp-content\/uploads\/2017\/08\/cabecera-tubos-accesorios.jpg 1801w, https:\/\/www.jannone.net\/es\/wp-content\/uploads\/2017\/08\/cabecera-tubos-accesorios-300x77.jpg 300w, https:\/\/www.jannone.net\/es\/wp-content\/uploads\/2017\/08\/cabecera-tubos-accesorios-768x197.jpg 768w, https:\/\/www.jannone.net\/es\/wp-content\/uploads\/2017\/08\/cabecera-tubos-accesorios-1024x262.jpg 1024w\" sizes=\"(max-width: 1801px) 100vw, 1801px\" \/><\/p>\n<div class=\"container\">\n<div class=\"row\">\n<div class=\"col-xs-12 col-md-12\">\n<h1 class=\"titulo-productos\">Accesorios, bridas y v\u00e1lvulas<\/h1>\n<div class=\"dos-columnas\">\n<p class=\"texto\">Como proveedores de tuber\u00edas tambi\u00e9n facilitamos al cliente un servicio integral y para ello contamos con todos los componentes necesarios para el montaje de nuestras tuber\u00edas como: bridas, codos, reducciones conc\u00e9ntricas y exc\u00e9ntricas, tes, accesorios roscados, forjados, ranurados, etc.<\/p>\n<p class=\"texto\">Todos estos componentes est\u00e1n de acuerdo con las normas de fabricaci\u00f3n que se adaptan a las normativas de cada una de las tuber\u00edas.<\/p>\n<\/div>\n<\/div>\n<\/div>\n<\/div>\n<div class=\"row mt-4\">\n<div class=\"col-md-6 animated fadeInLeftBig duration3 eds-on-scroll no-padding\"><img  title=\"Accesorios, bridas y v\u00e1lvulas - Grupo Jannone\" decoding=\"async\" class=\"aligncenter size-full wp-image-915\" src=\"https:\/\/www.jannone.net\/es\/wp-content\/uploads\/2017\/08\/accesorios-01.jpg\"  alt=\"Accesorios, bridas y v\u00e1lvulas - Grupo Jannone\"  width=\"1280\" height=\"576\" srcset=\"https:\/\/www.jannone.net\/es\/wp-content\/uploads\/2017\/08\/accesorios-01.jpg 1280w, https:\/\/www.jannone.net\/es\/wp-content\/uploads\/2017\/08\/accesorios-01-300x135.jpg 300w, https:\/\/www.jannone.net\/es\/wp-content\/uploads\/2017\/08\/accesorios-01-768x346.jpg 768w, https:\/\/www.jannone.net\/es\/wp-content\/uploads\/2017\/08\/accesorios-01-1024x461.jpg 1024w\" sizes=\"(max-width: 1280px) 100vw, 1280px\" \/><\/div>\n<div class=\"col-md-6 animated fadeInRightBig duration3 eds-on-scroll no-padding\"><img  title=\"Accesorios, bridas y v\u00e1lvulas - Grupo Jannone\" decoding=\"async\" class=\"aligncenter size-full wp-image-915\" src=\"https:\/\/www.jannone.net\/es\/wp-content\/uploads\/2017\/08\/accesorios-02.jpg\"  alt=\"Accesorios, bridas y v\u00e1lvulas - Grupo Jannone\"  width=\"1280\" height=\"576\" \/><\/div>\n<\/div>\n<div class=\"mt-4\"><\/div>\n<div class=\"row\">\n<div class=\"col-md-6 fondo-verde-interior animated fadeInLeftBig duration3 eds-on-scroll\">\n<div class=\"padding-caja-izq\">\n<div class=\"container\">\n<div class=\"row mt-4 mb-4\">\n<h2>Tipos de productos<\/h2>\n<ul>\n<li>ACCESORIOS\n<ul>\n<li><strong>ASTM Soldar BW<\/strong><br \/>\nCodos, Tes, Reducciones, Caps ASTM A 234<\/li>\n<li><strong>Forjados ASME 3000, 6000, 9000lbs<\/strong><br \/>\nSW (enchufe y soldadura) y NPT (roscados) ASTM A 105 \/ ASME B16.11<\/li>\n<li><strong>DIN Soldadura a tope<\/strong><br \/>\nCurvas N3-N5, Tes, Reducciones, Caps EN 10253-DIN 2605\/2615\/2616\/2617<\/li>\n<li><strong>Ranurados FM\/UL<\/strong><br \/>\nAcoplamientos y Accesorios para uni\u00f3n mec\u00e1nica de tuber\u00edas EN-DIN-ASTM<br \/>\nAcoples,Codos, Tes, Reducciones, Derivaciones, Caps, Bridas.<\/li>\n<li><strong>Roscados<\/strong><br \/>\nFundici\u00f3n Maleable negros o galvanizados EN 10242<\/li>\n<\/ul>\n<\/li>\n<\/ul>\n<\/div>\n<\/div>\n<\/div>\n<\/div>\n<div class=\"col-md-6 fondo-azul-interior d-flex justify-content-center flex-column animated fadeInRightBig duration3 eds-on-scroll\">\n<div class=\"padding-caja-der\">\n<div class=\"container\">\n<div class=\"row mt-4 mb-4\">\n<ul>\n<li>BRIDAS\n<ul>\n<li>Planas (SO), Enchufe Soldar (SW), Cuello (WN), Locas (Lap-Joint), Roscadas (Screwed), Ciegas (Blind)<br \/>\nEN 1092-DIN-ASTM\/ASME<\/li>\n<\/ul>\n<\/li>\n<\/ul>\n<ul>\n<li>V\u00c1LVULAS, FILTROS, MANGUITOS y COMPONENTES\n<ul>\n<li>Bola, Mariposa, Retenci\u00f3n, Compuerta, Filtros, Manguitos Antivibratorios, Juntas, Torniller\u00eda, Suportaci\u00f3n<\/li>\n<\/ul>\n<\/li>\n<\/ul>\n<div class=\"boton-verde\"><a href=\"https:\/\/www.jannone.net\/es\/wp-content\/uploads\/2017\/08\/MATERIAL-SUPORTACIO\u0301N-WALRAVEN-2015.pdf\" rel=\"noopener\" target=\"_blank\">Material suportaci\u00f3n<\/a><\/div>\n<\/div>\n<\/div>\n<\/div>\n<\/div>\n<\/div>\n<div class=\"mt-5\"><\/div>\n<div class=\"row\">\n<div class=\"col-xs-12 col-md-12\">\n<div class=\"row mb-3\">\n<div class=\"col-md-4 mosaico-productos borde-derecha borde-izquierda\">\n<div class=\"tubos-conduccion mosaico-escala mosaico-escala-int\">\n<h3><a class=\"d-flex justify-content-center flex-column\" href=\"https:\/\/www.jannone.net\/es\/tubos\/tuberias-de-conduccion\/\">Tuber\u00edas de conducci\u00f3n<\/a><\/h3>\n<\/div>\n<\/div>\n<div class=\"col-md-4 mosaico-productos borde-derecha borde-izquierda\">\n<div class=\"tubos-incendios mosaico-escala mosaico-escala-int\">\n<h3><a class=\"d-flex justify-content-center flex-column\" href=\"https:\/\/www.jannone.net\/es\/tubos\/tuberias-contra-incendios\/\">Tuber\u00edas contra incendios<\/a><\/h3>\n<\/div>\n<\/div>\n<div class=\"col-md-4 mosaico-productos borde-derecha borde-izquierda\">\n<div class=\"tubos-preaisladas mosaico-escala mosaico-escala-int\">\n<h3><a class=\"d-flex justify-content-center flex-column\" href=\"https:\/\/www.jannone.net\/es\/tubos\/tuberias-preaisladas\/\">Tuber\u00edas preaisladas<\/a><\/h3>\n<\/div>\n<\/div>\n<\/div>\n<\/div>\n<\/div>\n<div class=\"row\">\n<div class=\"col-xs-12 col-md-12\">\n<div class=\"row mb-4\">\n<div class=\"col-md-3 mosaico-productos borde-derecha borde-izquierda\">\n<div class=\"tubos-estructurales mosaico-escala mosaico-escala-int\">\n<h3><a class=\"d-flex justify-content-center flex-column\" href=\"https:\/\/www.jannone.net\/es\/tubos\/tubo-estructural\/\">Tubo estructural<\/a><\/h3>\n<\/div>\n<\/div>\n<div class=\"col-md-3 mosaico-productos borde-derecha borde-izquierda\">\n<div class=\"tubos-accesorios mosaico-escala mosaico-escala-int\">\n<h3><a class=\"d-flex justify-content-center flex-column\" href=\"https:\/\/www.jannone.net\/es\/tubos\/accesorios-bridas-valvulas\/\">Accesorios, bridas y v\u00e1lvulas<\/a><\/h3>\n<\/div>\n<\/div>\n<div class=\"col-md-3 mosaico-productos borde-derecha borde-izquierda\">\n<div class=\"tubos-gres mosaico-escala mosaico-escala-int\">\n<h3><a class=\"d-flex justify-content-center flex-column\" href=\"https:\/\/www.jannone.net\/es\/tubos\/tubo-gres-vitrificado\/\">Tubo de gres vitrificado<\/a><\/h3>\n<\/div>\n<\/div>\n<div class=\"col-md-3 mosaico-productos borde-derecha borde-izquierda\">\n<div class=\"tubos-servicios mosaico-escala mosaico-escala-int\">\n<h3><a class=\"d-flex justify-content-center flex-column\" href=\"https:\/\/www.jannone.net\/es\/tubos\/sectores-utilidades-referencias\/\">Sectores, utilidades y referencias<\/a><\/h3>\n<\/div>\n<\/div>\n<\/div>\n<\/div>\n<\/div>\n","protected":false},"excerpt":{"rendered":"<p>Accesorios, bridas y v\u00e1lvulas Como proveedores de tuber\u00edas tambi\u00e9n facilitamos al cliente un servicio integral y para ello contamos con todos los componentes necesarios para el montaje de nuestras tuber\u00edas como: bridas, codos, reducciones conc\u00e9ntricas y exc\u00e9ntricas, tes, accesorios roscados, forjados, ranurados, etc. Todos estos componentes est\u00e1n de acuerdo con las normas de fabricaci\u00f3n que [&#8230;]<\/p>\n<p><a class=\"btn btn-secondary understrap-read-more-link\" href=\"https:\/\/www.jannone.net\/es\/tubos\/accesorios-bridas-valvulas\/\">Leer m\u00e1s&#8230;<\/a><\/p>\n","protected":false},"author":2,"featured_media":0,"parent":10,"menu_order":0,"comment_status":"closed","ping_status":"closed","template":"page-templates\/empty.php","meta":{"_seopress_robots_primary_cat":"0","_seopress_titles_title":"Accesorios, bridas y v\u00e1vulas, accesorios y valvulas - valvulas de compuerta","_seopress_titles_desc":"Accesorios, bridas y v\u00e1lvulas. Como proveedores de tuber\u00edas tambi\u00e9n facilitamos al cliente un servicio integral y para ello contamos...","_seopress_robots_index":"","footnotes":""},"class_list":["post-133","page","type-page","status-publish","hentry"],"yoast_head":"<!-- This site is optimized with the Yoast SEO plugin v26.8 - https:\/\/yoast.com\/product\/yoast-seo-wordpress\/ -->\n<title>Accesorios, bridas y v\u00e1vulas, accesorios y valvulas - valvulas de compuerta<\/title>\n<meta name=\"description\" content=\"Accesorios, bridas y v\u00e1lvulas. Como proveedores de tuber\u00edas tambi\u00e9n facilitamos al cliente un servicio integral y para ello contamos...\" \/>\n<meta name=\"robots\" content=\"index, follow, max-snippet:-1, max-image-preview:large, max-video-preview:-1\" \/>\n<link rel=\"canonical\" href=\"https:\/\/www.jannone.net\/es\/tubos\/accesorios-bridas-valvulas\/\" \/>\n<meta property=\"og:locale\" content=\"es_ES\" \/>\n<meta property=\"og:type\" content=\"article\" \/>\n<meta property=\"og:title\" content=\"Accesorios, bridas y v\u00e1vulas, accesorios y valvulas - valvulas de compuerta\" \/>\n<meta property=\"og:description\" content=\"Accesorios, bridas y v\u00e1lvulas. Como proveedores de tuber\u00edas tambi\u00e9n facilitamos al cliente un servicio integral y para ello contamos...\" \/>\n<meta property=\"og:url\" content=\"https:\/\/www.jannone.net\/es\/tubos\/accesorios-bridas-valvulas\/\" \/>\n<meta property=\"og:site_name\" content=\"Jannone\" \/>\n<meta property=\"article:modified_time\" content=\"2017-12-20T09:29:29+00:00\" \/>\n<meta property=\"og:image\" content=\"https:\/\/www.jannone.net\/es\/wp-content\/uploads\/2017\/08\/cabecera-tubos-accesorios.jpg\" \/>\n<meta name=\"twitter:label1\" content=\"Tiempo de lectura\" \/>\n\t<meta name=\"twitter:data1\" content=\"1 minuto\" \/>\n<script type=\"application\/ld+json\" class=\"yoast-schema-graph\">{\"@context\":\"https:\/\/schema.org\",\"@graph\":[{\"@type\":\"WebPage\",\"@id\":\"https:\/\/www.jannone.net\/es\/tubos\/accesorios-bridas-valvulas\/\",\"url\":\"https:\/\/www.jannone.net\/es\/tubos\/accesorios-bridas-valvulas\/\",\"name\":\"Accesorios, bridas y v\u00e1vulas, accesorios y valvulas - valvulas de compuerta\",\"isPartOf\":{\"@id\":\"https:\/\/www.jannone.net\/es\/#website\"},\"primaryImageOfPage\":{\"@id\":\"https:\/\/www.jannone.net\/es\/tubos\/accesorios-bridas-valvulas\/#primaryimage\"},\"image\":{\"@id\":\"https:\/\/www.jannone.net\/es\/tubos\/accesorios-bridas-valvulas\/#primaryimage\"},\"thumbnailUrl\":\"https:\/\/www.jannone.net\/es\/wp-content\/uploads\/2017\/08\/cabecera-tubos-accesorios.jpg\",\"datePublished\":\"2017-08-08T12:49:10+00:00\",\"dateModified\":\"2017-12-20T09:29:29+00:00\",\"description\":\"Accesorios, bridas y v\u00e1lvulas. Como proveedores de tuber\u00edas tambi\u00e9n facilitamos al cliente un servicio integral y para ello contamos...\",\"breadcrumb\":{\"@id\":\"https:\/\/www.jannone.net\/es\/tubos\/accesorios-bridas-valvulas\/#breadcrumb\"},\"inLanguage\":\"es\",\"potentialAction\":[{\"@type\":\"ReadAction\",\"target\":[\"https:\/\/www.jannone.net\/es\/tubos\/accesorios-bridas-valvulas\/\"]}]},{\"@type\":\"ImageObject\",\"inLanguage\":\"es\",\"@id\":\"https:\/\/www.jannone.net\/es\/tubos\/accesorios-bridas-valvulas\/#primaryimage\",\"url\":\"https:\/\/www.jannone.net\/es\/wp-content\/uploads\/2017\/08\/cabecera-tubos-accesorios.jpg\",\"contentUrl\":\"https:\/\/www.jannone.net\/es\/wp-content\/uploads\/2017\/08\/cabecera-tubos-accesorios.jpg\",\"width\":1801,\"height\":461},{\"@type\":\"BreadcrumbList\",\"@id\":\"https:\/\/www.jannone.net\/es\/tubos\/accesorios-bridas-valvulas\/#breadcrumb\",\"itemListElement\":[{\"@type\":\"ListItem\",\"position\":1,\"name\":\"Portada\",\"item\":\"https:\/\/www.jannone.net\/es\/\"},{\"@type\":\"ListItem\",\"position\":2,\"name\":\"Tubos\",\"item\":\"https:\/\/www.jannone.net\/es\/tubos\/\"},{\"@type\":\"ListItem\",\"position\":3,\"name\":\"Accesorios, bridas y v\u00e1lvulas\"}]},{\"@type\":\"WebSite\",\"@id\":\"https:\/\/www.jannone.net\/es\/#website\",\"url\":\"https:\/\/www.jannone.net\/es\/\",\"name\":\"Jannone\",\"description\":\"Distribuidores de tubos y maderas\",\"potentialAction\":[{\"@type\":\"SearchAction\",\"target\":{\"@type\":\"EntryPoint\",\"urlTemplate\":\"https:\/\/www.jannone.net\/es\/?s={search_term_string}\"},\"query-input\":{\"@type\":\"PropertyValueSpecification\",\"valueRequired\":true,\"valueName\":\"search_term_string\"}}],\"inLanguage\":\"es\"}]}<\/script>\n<!-- \/ Yoast SEO plugin. -->","yoast_head_json":{"title":"Accesorios, bridas y v\u00e1vulas, accesorios y valvulas - valvulas de compuerta","description":"Accesorios, bridas y v\u00e1lvulas. Como proveedores de tuber\u00edas tambi\u00e9n facilitamos al cliente un servicio integral y para ello contamos...","robots":{"index":"index","follow":"follow","max-snippet":"max-snippet:-1","max-image-preview":"max-image-preview:large","max-video-preview":"max-video-preview:-1"},"canonical":"https:\/\/www.jannone.net\/es\/tubos\/accesorios-bridas-valvulas\/","og_locale":"es_ES","og_type":"article","og_title":"Accesorios, bridas y v\u00e1vulas, accesorios y valvulas - valvulas de compuerta","og_description":"Accesorios, bridas y v\u00e1lvulas. Como proveedores de tuber\u00edas tambi\u00e9n facilitamos al cliente un servicio integral y para ello contamos...","og_url":"https:\/\/www.jannone.net\/es\/tubos\/accesorios-bridas-valvulas\/","og_site_name":"Jannone","article_modified_time":"2017-12-20T09:29:29+00:00","og_image":[{"url":"https:\/\/www.jannone.net\/es\/wp-content\/uploads\/2017\/08\/cabecera-tubos-accesorios.jpg","type":"","width":"","height":""}],"twitter_misc":{"Tiempo de lectura":"1 minuto"},"schema":{"@context":"https:\/\/schema.org","@graph":[{"@type":"WebPage","@id":"https:\/\/www.jannone.net\/es\/tubos\/accesorios-bridas-valvulas\/","url":"https:\/\/www.jannone.net\/es\/tubos\/accesorios-bridas-valvulas\/","name":"Accesorios, bridas y v\u00e1vulas, accesorios y valvulas - valvulas de compuerta","isPartOf":{"@id":"https:\/\/www.jannone.net\/es\/#website"},"primaryImageOfPage":{"@id":"https:\/\/www.jannone.net\/es\/tubos\/accesorios-bridas-valvulas\/#primaryimage"},"image":{"@id":"https:\/\/www.jannone.net\/es\/tubos\/accesorios-bridas-valvulas\/#primaryimage"},"thumbnailUrl":"https:\/\/www.jannone.net\/es\/wp-content\/uploads\/2017\/08\/cabecera-tubos-accesorios.jpg","datePublished":"2017-08-08T12:49:10+00:00","dateModified":"2017-12-20T09:29:29+00:00","description":"Accesorios, bridas y v\u00e1lvulas. Como proveedores de tuber\u00edas tambi\u00e9n facilitamos al cliente un servicio integral y para ello contamos...","breadcrumb":{"@id":"https:\/\/www.jannone.net\/es\/tubos\/accesorios-bridas-valvulas\/#breadcrumb"},"inLanguage":"es","potentialAction":[{"@type":"ReadAction","target":["https:\/\/www.jannone.net\/es\/tubos\/accesorios-bridas-valvulas\/"]}]},{"@type":"ImageObject","inLanguage":"es","@id":"https:\/\/www.jannone.net\/es\/tubos\/accesorios-bridas-valvulas\/#primaryimage","url":"https:\/\/www.jannone.net\/es\/wp-content\/uploads\/2017\/08\/cabecera-tubos-accesorios.jpg","contentUrl":"https:\/\/www.jannone.net\/es\/wp-content\/uploads\/2017\/08\/cabecera-tubos-accesorios.jpg","width":1801,"height":461},{"@type":"BreadcrumbList","@id":"https:\/\/www.jannone.net\/es\/tubos\/accesorios-bridas-valvulas\/#breadcrumb","itemListElement":[{"@type":"ListItem","position":1,"name":"Portada","item":"https:\/\/www.jannone.net\/es\/"},{"@type":"ListItem","position":2,"name":"Tubos","item":"https:\/\/www.jannone.net\/es\/tubos\/"},{"@type":"ListItem","position":3,"name":"Accesorios, bridas y v\u00e1lvulas"}]},{"@type":"WebSite","@id":"https:\/\/www.jannone.net\/es\/#website","url":"https:\/\/www.jannone.net\/es\/","name":"Jannone","description":"Distribuidores de tubos y maderas","potentialAction":[{"@type":"SearchAction","target":{"@type":"EntryPoint","urlTemplate":"https:\/\/www.jannone.net\/es\/?s={search_term_string}"},"query-input":{"@type":"PropertyValueSpecification","valueRequired":true,"valueName":"search_term_string"}}],"inLanguage":"es"}]}},"_links":{"self":[{"href":"https:\/\/www.jannone.net\/es\/wp-json\/wp\/v2\/pages\/133","targetHints":{"allow":["GET"]}}],"collection":[{"href":"https:\/\/www.jannone.net\/es\/wp-json\/wp\/v2\/pages"}],"about":[{"href":"https:\/\/www.jannone.net\/es\/wp-json\/wp\/v2\/types\/page"}],"author":[{"embeddable":true,"href":"https:\/\/www.jannone.net\/es\/wp-json\/wp\/v2\/users\/2"}],"replies":[{"embeddable":true,"href":"https:\/\/www.jannone.net\/es\/wp-json\/wp\/v2\/comments?post=133"}],"version-history":[{"count":5,"href":"https:\/\/www.jannone.net\/es\/wp-json\/wp\/v2\/pages\/133\/revisions"}],"predecessor-version":[{"id":1135,"href":"https:\/\/www.jannone.net\/es\/wp-json\/wp\/v2\/pages\/133\/revisions\/1135"}],"up":[{"embeddable":true,"href":"https:\/\/www.jannone.net\/es\/wp-json\/wp\/v2\/pages\/10"}],"wp:attachment":[{"href":"https:\/\/www.jannone.net\/es\/wp-json\/wp\/v2\/media?parent=133"}],"curies":[{"name":"wp","href":"https:\/\/api.w.org\/{rel}","templated":true}]}}