{"id":131,"date":"2017-08-08T14:49:01","date_gmt":"2017-08-08T12:49:01","guid":{"rendered":"https:\/\/www.jannone.net\/es\/?page_id=131"},"modified":"2017-12-20T10:28:31","modified_gmt":"2017-12-20T09:28:31","slug":"tubo-estructural","status":"publish","type":"page","link":"https:\/\/www.jannone.net\/es\/tubos\/tubo-estructural\/","title":{"rendered":"Tubo estructural"},"content":{"rendered":"<p><img  title=\"Tubo estructural - Grupo Jannone\" decoding=\"async\" class=\"aligncenter size-full wp-image-719 img-full\" src=\"https:\/\/www.jannone.net\/es\/wp-content\/uploads\/2017\/08\/cabecera-tubos-estructurales.jpg\"  alt=\"Tubo estructural - Grupo Jannone\"  width=\"1801\" height=\"461\" srcset=\"https:\/\/www.jannone.net\/es\/wp-content\/uploads\/2017\/08\/cabecera-tubos-estructurales.jpg 1801w, https:\/\/www.jannone.net\/es\/wp-content\/uploads\/2017\/08\/cabecera-tubos-estructurales-300x77.jpg 300w, https:\/\/www.jannone.net\/es\/wp-content\/uploads\/2017\/08\/cabecera-tubos-estructurales-768x197.jpg 768w, https:\/\/www.jannone.net\/es\/wp-content\/uploads\/2017\/08\/cabecera-tubos-estructurales-1024x262.jpg 1024w\" sizes=\"(max-width: 1801px) 100vw, 1801px\" \/><\/p>\n<div class=\"container\">\n<div class=\"row\">\n<div class=\"col-xs-12 col-md-12\">\n<h1 class=\"titulo-productos\">Tubo estructural<\/h1>\n<div class=\"dos-columnas\">\n<p class=\"texto\">En Jannone Tubos ofrecemos tuber\u00edas con soldadura y sin soldadura, conformadas en caliente y\/o en fr\u00edo, con diferentes secciones: circular, cuadrado o rectangular, que son utilizadas en la construcci\u00f3n de una estructura met\u00e1lica en sectores como el naval, offshore e infraestructuras en general.<\/p>\n<ul>\n<li>Tubos de acero uso estructural EN 10219 y EN 10210<\/li>\n<\/ul>\n<\/div>\n<div class=\"mt-4\"><\/div>\n<p><img  title=\"Tubo estructural - Grupo Jannone\" decoding=\"async\" class=\"aligncenter size-full wp-image-861\" src=\"https:\/\/www.jannone.net\/es\/wp-content\/uploads\/2017\/08\/imagen-tuboestructural01.jpg\"  alt=\"Tubo estructural - Grupo Jannone\"  width=\"1600\" height=\"537\" srcset=\"https:\/\/www.jannone.net\/es\/wp-content\/uploads\/2017\/08\/imagen-tuboestructural01.jpg 1600w, https:\/\/www.jannone.net\/es\/wp-content\/uploads\/2017\/08\/imagen-tuboestructural01-300x101.jpg 300w, https:\/\/www.jannone.net\/es\/wp-content\/uploads\/2017\/08\/imagen-tuboestructural01-768x258.jpg 768w, https:\/\/www.jannone.net\/es\/wp-content\/uploads\/2017\/08\/imagen-tuboestructural01-1024x344.jpg 1024w\" sizes=\"(max-width: 1600px) 100vw, 1600px\" \/><\/p>\n<h2 class=\"titulo-productos\" style=\"text-align: center;\">Tubos de acero uso estructural<\/h2>\n<h3 class=\"aligncenter\" style=\"text-align: center;\">Normas<\/h3>\n<p class=\"texto-normal\" style=\"text-align: center;\">En 10210 soldados y sin soldadura acabados en caliente | EN 10219 soldados conformado en fr\u00edo<\/p>\n<h4 style=\"text-align: center;\">Grados en Acero:<\/h4>\n<p class=\"texto-normal\" style=\"text-align: center;\">S235, S275, S355, S420, S460<\/p>\n<h4 style=\"text-align: center;\">Impact test<\/h4>\n<p class=\"texto-normal\" style=\"text-align: center;\">JR: 20\u00baC 27J m\u00edn. | JO: 0\u00baC 27J m\u00edn. | J2: -20\u00baC 27J m\u00edn. | NH: -20\u00baC 40J m\u00edn. | NLH: -50\u00baC 27J m\u00edn.<\/p>\n<div class=\"row\">\n<div class=\"col-xs-12 col-md-4\">\n<p><img  title=\"Tubo estructural - Grupo Jannone\" decoding=\"async\" class=\"aligncenter size-full wp-image-952\" src=\"https:\/\/www.jannone.net\/es\/wp-content\/uploads\/2017\/08\/imagen-estructural-cilindro.jpg\"  alt=\"Tubo estructural - Grupo Jannone\"  width=\"183\" height=\"183\" srcset=\"https:\/\/www.jannone.net\/es\/wp-content\/uploads\/2017\/08\/imagen-estructural-cilindro.jpg 183w, https:\/\/www.jannone.net\/es\/wp-content\/uploads\/2017\/08\/imagen-estructural-cilindro-150x150.jpg 150w\" sizes=\"(max-width: 183px) 100vw, 183px\" \/><\/p>\n<p class=\"texto-normal\" style=\"text-align: center;\"><strong>Di\u00e1m .m\u00e1x. 2500m<\/strong><\/p>\n<\/div>\n<div class=\"col-xs-12 col-md-4\">\n<p><img  title=\"Tubo estructural - Grupo Jannone\" decoding=\"async\" class=\"aligncenter size-full wp-image-953\" src=\"https:\/\/www.jannone.net\/es\/wp-content\/uploads\/2017\/08\/imagen-estructural-cuadrado.jpg\"  alt=\"Tubo estructural - Grupo Jannone\"  width=\"194\" height=\"194\" srcset=\"https:\/\/www.jannone.net\/es\/wp-content\/uploads\/2017\/08\/imagen-estructural-cuadrado.jpg 194w, https:\/\/www.jannone.net\/es\/wp-content\/uploads\/2017\/08\/imagen-estructural-cuadrado-150x150.jpg 150w\" sizes=\"(max-width: 194px) 100vw, 194px\" \/><\/p>\n<p class=\"texto-normal\" style=\"text-align: center;\"><strong>Di\u00e1m .m\u00e1x. . 800 x 800mm<\/strong><\/p>\n<\/div>\n<div class=\"col-xs-12 col-md-4\">\n<p><img  title=\"Tubo estructural - Grupo Jannone\" decoding=\"async\" class=\"aligncenter size-full wp-image-954\" src=\"https:\/\/www.jannone.net\/es\/wp-content\/uploads\/2017\/08\/imagen-estructural-rectangulo.jpg\"  alt=\"Tubo estructural - Grupo Jannone\"  width=\"194\" height=\"194\" srcset=\"https:\/\/www.jannone.net\/es\/wp-content\/uploads\/2017\/08\/imagen-estructural-rectangulo.jpg 194w, https:\/\/www.jannone.net\/es\/wp-content\/uploads\/2017\/08\/imagen-estructural-rectangulo-150x150.jpg 150w\" sizes=\"(max-width: 194px) 100vw, 194px\" \/><\/p>\n<p class=\"texto-normal\" style=\"text-align: center;\"><strong>Di\u00e1m .m\u00e1x. 750 x 500mm<\/p>\n<\/div>\n<\/div>\n<p class=\"texto-normal\" style=\"text-align: center;\"><strong>&gt; Espesor m\u00e1x. 120mm<\/strong><\/p>\n<p class=\"texto-normal\" style=\"text-align: center;\"><strong>Principales usos:<\/strong> Puentes, Plantas Termosolares, Offshore, Pilares, Cubiertas, Pilotes, Pantalanes, Muelles, Aeropuertos, Instaciones deportivas (estadios y pabellones)&#8230;<\/p>\n<\/div>\n<\/div>\n<\/div>\n<div class=\"mt-4\"><\/div>\n<div class=\"row\">\n<div class=\"col-xs-12 col-md-12\">\n<div class=\"row mb-3\">\n<div class=\"col-md-4 mosaico-productos borde-derecha borde-izquierda\">\n<div class=\"tubos-conduccion mosaico-escala mosaico-escala-int\">\n<h3><a class=\"d-flex justify-content-center flex-column\" href=\"https:\/\/www.jannone.net\/es\/tubos\/tuberias-de-conduccion\/\">Tuber\u00edas de conducci\u00f3n<\/a><\/h3>\n<\/div>\n<\/div>\n<div class=\"col-md-4 mosaico-productos borde-derecha borde-izquierda\">\n<div class=\"tubos-incendios mosaico-escala mosaico-escala-int\">\n<h3><a class=\"d-flex justify-content-center flex-column\" href=\"https:\/\/www.jannone.net\/es\/tubos\/tuberias-contra-incendios\/\">Tuber\u00edas contra incendios<\/a><\/h3>\n<\/div>\n<\/div>\n<div class=\"col-md-4 mosaico-productos borde-derecha borde-izquierda\">\n<div class=\"tubos-preaisladas mosaico-escala mosaico-escala-int\">\n<h3><a class=\"d-flex justify-content-center flex-column\" href=\"https:\/\/www.jannone.net\/es\/tubos\/tuberias-preaisladas\/\">Tuber\u00edas preaisladas<\/a><\/h3>\n<\/div>\n<\/div>\n<\/div>\n<\/div>\n<\/div>\n<div class=\"row\">\n<div class=\"col-xs-12 col-md-12\">\n<div class=\"row mb-4\">\n<div class=\"col-md-3 mosaico-productos borde-derecha borde-izquierda\">\n<div class=\"tubos-estructurales mosaico-escala mosaico-escala-int\">\n<h3><a class=\"d-flex justify-content-center flex-column\" href=\"https:\/\/www.jannone.net\/es\/tubos\/tubo-estructural\/\">Tubo estructural<\/a><\/h3>\n<\/div>\n<\/div>\n<div class=\"col-md-3 mosaico-productos borde-derecha borde-izquierda\">\n<div class=\"tubos-accesorios mosaico-escala mosaico-escala-int\">\n<h3><a class=\"d-flex justify-content-center flex-column\" href=\"https:\/\/www.jannone.net\/es\/tubos\/accesorios-bridas-valvulas\/\">Accesorios, bridas y v\u00e1lvulas<\/a><\/h3>\n<\/div>\n<\/div>\n<div class=\"col-md-3 mosaico-productos borde-derecha borde-izquierda\">\n<div class=\"tubos-gres mosaico-escala mosaico-escala-int\">\n<h3><a class=\"d-flex justify-content-center flex-column\" href=\"https:\/\/www.jannone.net\/es\/tubos\/tubo-gres-vitrificado\/\">Tubo de gres vitrificado<\/a><\/h3>\n<\/div>\n<\/div>\n<div class=\"col-md-3 mosaico-productos borde-derecha borde-izquierda\">\n<div class=\"tubos-servicios mosaico-escala mosaico-escala-int\">\n<h3><a class=\"d-flex justify-content-center flex-column\" href=\"https:\/\/www.jannone.net\/es\/tubos\/sectores-utilidades-referencias\/\">Sectores, utilidades y referencias<\/a><\/h3>\n<\/div>\n<\/div>\n<\/div>\n<\/div>\n<\/div>\n","protected":false},"excerpt":{"rendered":"<p>Tubo estructural En Jannone Tubos ofrecemos tuber\u00edas con soldadura y sin soldadura, conformadas en caliente y\/o en fr\u00edo, con diferentes secciones: circular, cuadrado o rectangular, que son utilizadas en la construcci\u00f3n de una estructura met\u00e1lica en sectores como el naval, offshore e infraestructuras en general. Tubos de acero uso estructural EN 10219 y EN 10210 [&#8230;]<\/p>\n<p><a class=\"btn btn-secondary understrap-read-more-link\" href=\"https:\/\/www.jannone.net\/es\/tubos\/tubo-estructural\/\">Leer m\u00e1s&#8230;<\/a><\/p>\n","protected":false},"author":2,"featured_media":0,"parent":10,"menu_order":0,"comment_status":"closed","ping_status":"closed","template":"page-templates\/empty.php","meta":{"_seopress_robots_primary_cat":"0","_seopress_titles_title":"Tubo Estructural - Estructuras tubulares - Almac\u00e9n distribuidor de tubos","_seopress_titles_desc":"En Jannone Tubos ofrecemos tuber\u00edas con soldadura y sin soldadura, conformadas en caliente y\/o en fr\u00edo, con diferentes secciones.","_seopress_robots_index":"","footnotes":""},"class_list":["post-131","page","type-page","status-publish","hentry"],"yoast_head":"<!-- This site is optimized with the Yoast SEO plugin v26.8 - https:\/\/yoast.com\/product\/yoast-seo-wordpress\/ -->\n<title>Tubo Estructural - Estructuras tubulares - Almac\u00e9n distribuidor de tubos<\/title>\n<meta name=\"description\" content=\"En Jannone Tubos ofrecemos tuber\u00edas con soldadura y sin soldadura, conformadas en caliente y\/o en fr\u00edo, con diferentes secciones.\" \/>\n<meta name=\"robots\" content=\"index, follow, max-snippet:-1, max-image-preview:large, max-video-preview:-1\" \/>\n<link rel=\"canonical\" href=\"https:\/\/www.jannone.net\/es\/tubos\/tubo-estructural\/\" \/>\n<meta property=\"og:locale\" content=\"es_ES\" \/>\n<meta property=\"og:type\" content=\"article\" \/>\n<meta property=\"og:title\" content=\"Tubo Estructural - Estructuras tubulares - Almac\u00e9n distribuidor de tubos\" \/>\n<meta property=\"og:description\" content=\"En Jannone Tubos ofrecemos tuber\u00edas con soldadura y sin soldadura, conformadas en caliente y\/o en fr\u00edo, con diferentes secciones.\" \/>\n<meta property=\"og:url\" content=\"https:\/\/www.jannone.net\/es\/tubos\/tubo-estructural\/\" \/>\n<meta property=\"og:site_name\" content=\"Jannone\" \/>\n<meta property=\"article:modified_time\" content=\"2017-12-20T09:28:31+00:00\" \/>\n<meta property=\"og:image\" content=\"https:\/\/www.jannone.net\/es\/wp-content\/uploads\/2017\/08\/cabecera-tubos-estructurales.jpg\" \/>\n<meta name=\"twitter:label1\" content=\"Tiempo de lectura\" \/>\n\t<meta name=\"twitter:data1\" content=\"1 minuto\" \/>\n<script type=\"application\/ld+json\" class=\"yoast-schema-graph\">{\"@context\":\"https:\/\/schema.org\",\"@graph\":[{\"@type\":\"WebPage\",\"@id\":\"https:\/\/www.jannone.net\/es\/tubos\/tubo-estructural\/\",\"url\":\"https:\/\/www.jannone.net\/es\/tubos\/tubo-estructural\/\",\"name\":\"Tubo Estructural - Estructuras tubulares - Almac\u00e9n distribuidor de tubos\",\"isPartOf\":{\"@id\":\"https:\/\/www.jannone.net\/es\/#website\"},\"primaryImageOfPage\":{\"@id\":\"https:\/\/www.jannone.net\/es\/tubos\/tubo-estructural\/#primaryimage\"},\"image\":{\"@id\":\"https:\/\/www.jannone.net\/es\/tubos\/tubo-estructural\/#primaryimage\"},\"thumbnailUrl\":\"https:\/\/www.jannone.net\/es\/wp-content\/uploads\/2017\/08\/cabecera-tubos-estructurales.jpg\",\"datePublished\":\"2017-08-08T12:49:01+00:00\",\"dateModified\":\"2017-12-20T09:28:31+00:00\",\"description\":\"En Jannone Tubos ofrecemos tuber\u00edas con soldadura y sin soldadura, conformadas en caliente y\/o en fr\u00edo, con diferentes secciones.\",\"breadcrumb\":{\"@id\":\"https:\/\/www.jannone.net\/es\/tubos\/tubo-estructural\/#breadcrumb\"},\"inLanguage\":\"es\",\"potentialAction\":[{\"@type\":\"ReadAction\",\"target\":[\"https:\/\/www.jannone.net\/es\/tubos\/tubo-estructural\/\"]}]},{\"@type\":\"ImageObject\",\"inLanguage\":\"es\",\"@id\":\"https:\/\/www.jannone.net\/es\/tubos\/tubo-estructural\/#primaryimage\",\"url\":\"https:\/\/www.jannone.net\/es\/wp-content\/uploads\/2017\/08\/cabecera-tubos-estructurales.jpg\",\"contentUrl\":\"https:\/\/www.jannone.net\/es\/wp-content\/uploads\/2017\/08\/cabecera-tubos-estructurales.jpg\",\"width\":1801,\"height\":461},{\"@type\":\"BreadcrumbList\",\"@id\":\"https:\/\/www.jannone.net\/es\/tubos\/tubo-estructural\/#breadcrumb\",\"itemListElement\":[{\"@type\":\"ListItem\",\"position\":1,\"name\":\"Portada\",\"item\":\"https:\/\/www.jannone.net\/es\/\"},{\"@type\":\"ListItem\",\"position\":2,\"name\":\"Tubos\",\"item\":\"https:\/\/www.jannone.net\/es\/tubos\/\"},{\"@type\":\"ListItem\",\"position\":3,\"name\":\"Tubo estructural\"}]},{\"@type\":\"WebSite\",\"@id\":\"https:\/\/www.jannone.net\/es\/#website\",\"url\":\"https:\/\/www.jannone.net\/es\/\",\"name\":\"Jannone\",\"description\":\"Distribuidores de tubos y maderas\",\"potentialAction\":[{\"@type\":\"SearchAction\",\"target\":{\"@type\":\"EntryPoint\",\"urlTemplate\":\"https:\/\/www.jannone.net\/es\/?s={search_term_string}\"},\"query-input\":{\"@type\":\"PropertyValueSpecification\",\"valueRequired\":true,\"valueName\":\"search_term_string\"}}],\"inLanguage\":\"es\"}]}<\/script>\n<!-- \/ Yoast SEO plugin. -->","yoast_head_json":{"title":"Tubo Estructural - Estructuras tubulares - Almac\u00e9n distribuidor de tubos","description":"En Jannone Tubos ofrecemos tuber\u00edas con soldadura y sin soldadura, conformadas en caliente y\/o en fr\u00edo, con diferentes secciones.","robots":{"index":"index","follow":"follow","max-snippet":"max-snippet:-1","max-image-preview":"max-image-preview:large","max-video-preview":"max-video-preview:-1"},"canonical":"https:\/\/www.jannone.net\/es\/tubos\/tubo-estructural\/","og_locale":"es_ES","og_type":"article","og_title":"Tubo Estructural - Estructuras tubulares - Almac\u00e9n distribuidor de tubos","og_description":"En Jannone Tubos ofrecemos tuber\u00edas con soldadura y sin soldadura, conformadas en caliente y\/o en fr\u00edo, con diferentes secciones.","og_url":"https:\/\/www.jannone.net\/es\/tubos\/tubo-estructural\/","og_site_name":"Jannone","article_modified_time":"2017-12-20T09:28:31+00:00","og_image":[{"url":"https:\/\/www.jannone.net\/es\/wp-content\/uploads\/2017\/08\/cabecera-tubos-estructurales.jpg","type":"","width":"","height":""}],"twitter_misc":{"Tiempo de lectura":"1 minuto"},"schema":{"@context":"https:\/\/schema.org","@graph":[{"@type":"WebPage","@id":"https:\/\/www.jannone.net\/es\/tubos\/tubo-estructural\/","url":"https:\/\/www.jannone.net\/es\/tubos\/tubo-estructural\/","name":"Tubo Estructural - Estructuras tubulares - Almac\u00e9n distribuidor de tubos","isPartOf":{"@id":"https:\/\/www.jannone.net\/es\/#website"},"primaryImageOfPage":{"@id":"https:\/\/www.jannone.net\/es\/tubos\/tubo-estructural\/#primaryimage"},"image":{"@id":"https:\/\/www.jannone.net\/es\/tubos\/tubo-estructural\/#primaryimage"},"thumbnailUrl":"https:\/\/www.jannone.net\/es\/wp-content\/uploads\/2017\/08\/cabecera-tubos-estructurales.jpg","datePublished":"2017-08-08T12:49:01+00:00","dateModified":"2017-12-20T09:28:31+00:00","description":"En Jannone Tubos ofrecemos tuber\u00edas con soldadura y sin soldadura, conformadas en caliente y\/o en fr\u00edo, con diferentes secciones.","breadcrumb":{"@id":"https:\/\/www.jannone.net\/es\/tubos\/tubo-estructural\/#breadcrumb"},"inLanguage":"es","potentialAction":[{"@type":"ReadAction","target":["https:\/\/www.jannone.net\/es\/tubos\/tubo-estructural\/"]}]},{"@type":"ImageObject","inLanguage":"es","@id":"https:\/\/www.jannone.net\/es\/tubos\/tubo-estructural\/#primaryimage","url":"https:\/\/www.jannone.net\/es\/wp-content\/uploads\/2017\/08\/cabecera-tubos-estructurales.jpg","contentUrl":"https:\/\/www.jannone.net\/es\/wp-content\/uploads\/2017\/08\/cabecera-tubos-estructurales.jpg","width":1801,"height":461},{"@type":"BreadcrumbList","@id":"https:\/\/www.jannone.net\/es\/tubos\/tubo-estructural\/#breadcrumb","itemListElement":[{"@type":"ListItem","position":1,"name":"Portada","item":"https:\/\/www.jannone.net\/es\/"},{"@type":"ListItem","position":2,"name":"Tubos","item":"https:\/\/www.jannone.net\/es\/tubos\/"},{"@type":"ListItem","position":3,"name":"Tubo estructural"}]},{"@type":"WebSite","@id":"https:\/\/www.jannone.net\/es\/#website","url":"https:\/\/www.jannone.net\/es\/","name":"Jannone","description":"Distribuidores de tubos y maderas","potentialAction":[{"@type":"SearchAction","target":{"@type":"EntryPoint","urlTemplate":"https:\/\/www.jannone.net\/es\/?s={search_term_string}"},"query-input":{"@type":"PropertyValueSpecification","valueRequired":true,"valueName":"search_term_string"}}],"inLanguage":"es"}]}},"_links":{"self":[{"href":"https:\/\/www.jannone.net\/es\/wp-json\/wp\/v2\/pages\/131","targetHints":{"allow":["GET"]}}],"collection":[{"href":"https:\/\/www.jannone.net\/es\/wp-json\/wp\/v2\/pages"}],"about":[{"href":"https:\/\/www.jannone.net\/es\/wp-json\/wp\/v2\/types\/page"}],"author":[{"embeddable":true,"href":"https:\/\/www.jannone.net\/es\/wp-json\/wp\/v2\/users\/2"}],"replies":[{"embeddable":true,"href":"https:\/\/www.jannone.net\/es\/wp-json\/wp\/v2\/comments?post=131"}],"version-history":[{"count":5,"href":"https:\/\/www.jannone.net\/es\/wp-json\/wp\/v2\/pages\/131\/revisions"}],"predecessor-version":[{"id":1130,"href":"https:\/\/www.jannone.net\/es\/wp-json\/wp\/v2\/pages\/131\/revisions\/1130"}],"up":[{"embeddable":true,"href":"https:\/\/www.jannone.net\/es\/wp-json\/wp\/v2\/pages\/10"}],"wp:attachment":[{"href":"https:\/\/www.jannone.net\/es\/wp-json\/wp\/v2\/media?parent=131"}],"curies":[{"name":"wp","href":"https:\/\/api.w.org\/{rel}","templated":true}]}}