{"id":129,"date":"2017-08-08T14:48:52","date_gmt":"2017-08-08T12:48:52","guid":{"rendered":"https:\/\/www.jannone.net\/es\/?page_id=129"},"modified":"2017-11-29T09:21:24","modified_gmt":"2017-11-29T08:21:24","slug":"tuberias-preaisladas","status":"publish","type":"page","link":"https:\/\/www.jannone.net\/es\/tubos\/tuberias-preaisladas\/","title":{"rendered":"Tuber\u00edas preaisladas"},"content":{"rendered":"<p><img  title=\"Tuber\u00edas preaisladas - Grupo Jannone\" decoding=\"async\" src=\"https:\/\/www.jannone.net\/es\/wp-content\/uploads\/2017\/08\/cabecera-tuberias-preaisladas.jpg\"  alt=\"Tuber\u00edas preaisladas - Grupo Jannone\"  width=\"1801\" height=\"461\" class=\"aligncenter size-full wp-image-1089 img-full\" srcset=\"https:\/\/www.jannone.net\/es\/wp-content\/uploads\/2017\/08\/cabecera-tuberias-preaisladas.jpg 1801w, https:\/\/www.jannone.net\/es\/wp-content\/uploads\/2017\/08\/cabecera-tuberias-preaisladas-300x77.jpg 300w, https:\/\/www.jannone.net\/es\/wp-content\/uploads\/2017\/08\/cabecera-tuberias-preaisladas-768x197.jpg 768w, https:\/\/www.jannone.net\/es\/wp-content\/uploads\/2017\/08\/cabecera-tuberias-preaisladas-1024x262.jpg 1024w\" sizes=\"(max-width: 1801px) 100vw, 1801px\" \/><\/p>\n<div class=\"container\">\n<div class=\"row\">\n<div class=\"col-xs-12 col-md-12\">\n<h1 class=\"titulo-productos\">Tuber\u00edas preaisladas<\/h1>\n<div class=\"dos-columnas\">\n<p class=\"texto\">Las tuber\u00edas preaisladas para redes de calor y fr\u00edo suponen la herramienta perfecta para una optimizaci\u00f3n de los recursos energ\u00e9ticos y a la vez una reducci\u00f3n de emisiones de CO<sub>2<\/sub>. El sistema se completa con toda una gama de accesorios y v\u00e1lvulas necesarios para este tipo de instalaciones.<\/p>\n<p class=\"texto\">Estas tuber\u00edas est\u00e1n dise\u00f1adas para poder detectar posibles fugas o roturas y como consecuencia de ello, las posibles p\u00e9rdidas de energ\u00eda. Por lo tanto con su utilizaci\u00f3n se consigue un ahorro de costes de energ\u00eda, menor tiempo de montaje y mayor durabilidad de la instalaci\u00f3n frente a un sistema tradicional, es decir, un beneficio en todos los aspectos para el instalador y para el cliente final.<\/p>\n<p><a href=\"https:\/\/www.jannone.net\/es\/wp-content\/uploads\/2017\/09\/Isoplus-folleto-JT.pdf\" target=\"_blank\" rel=\"noopener\"><i class=\"fa fa-file-pdf-o\" aria-hidden=\"true\"><\/i> Descargar cat\u00e1logo de tuber\u00edas preaisladas<\/a><\/p>\n<\/div>\n<\/div>\n<\/div>\n<\/div>\n<div class=\"mt-4\"><\/div>\n<div class=\"row\">\n<div class=\"col-md-6 fondo-verde-interior animated fadeInLeftBig duration3 eds-on-scroll\">\n<div class=\"padding-caja-izq\">\n<div class=\"container\">\n<div class=\"row mt-4 mb-4\">\n<h2>Tipolog\u00eda de tuber\u00edas preasisladas<\/h2>\n<p class=\"texto\">En Jannone Tubos ponemos a disponibilidad de nuestros clientes dos tipos de tuber\u00edas preaisladas.<\/p>\n<ul>\n<li>Sistema r\u00edgido, tubo conductor de acero, el cual lleva incorporado un aislamiento de poliuretano y camisa de polietileno para poder ser enterrado. Adem\u00e1s, podemos sustituir la camisa de polietileno por chapa galvanizada o inoxidable si la instalaci\u00f3n fuese a\u00e9rea.<\/li>\n<li>Sistema flexible, tubo conductor principalmente de Pex-a pero tambi\u00e9n disponible en otro tipo de materiales como el cobre, el cual se presenta en un formato tipo bobina e igualmente incorpora un aislamiento de poliuretano y camisa de polietileno para poder ser enterrado.<\/li>\n<\/ul>\n<\/div>\n<\/div>\n<\/div>\n<\/div>\n<div class=\"col-md-6 fondo-azul-interior d-flex justify-content-center flex-column animated fadeInRightBig duration3 eds-on-scroll\">\n<div class=\"padding-caja-der\">\n<div class=\"container\">\n<div class=\"row mt-4 mb-4\">\n<p class=\"texto\">Dependiendo de los di\u00e1metros y temperaturas de trabajo se utiliza un sistema u otro.<\/p>\n<p class=\"texto\">En concreto, las tuber\u00edas preaisladas de Jannone Tubos proceden del fabricante Isoplus, una compa\u00f1\u00eda que produce anualmente 3.000 km de tuber\u00edas y que es l\u00edder del sector.<\/p>\n<p class=\"texto\">Las tuber\u00edas preaisladas son la base en la construcci\u00f3n de los llamados District Heating &amp; Cooling.<\/p>\n<p class=\"texto\">Ponemos a disposici\u00f3n del cliente un servicio t\u00e9cnico para la colaboraci\u00f3n en su proyecto.<\/p>\n<\/div>\n<\/div>\n<\/div>\n<\/div>\n<\/div>\n<div class=\"row\">\n<div class=\"col-xs-12 col-md-12\">\n<div class=\"row mt-5 mb-3\">\n<div class=\"col-md-4 mosaico-productos borde-derecha borde-izquierda\">\n<div class=\"tubos-conduccion mosaico-escala mosaico-escala-int\">\n<h3><a class=\"d-flex justify-content-center flex-column\" href=\"https:\/\/www.jannone.net\/es\/tubos\/tuberias-de-conduccion\/\">Tuber\u00edas de conducci\u00f3n<\/a><\/h3>\n<\/div>\n<\/div>\n<div class=\"col-md-4 mosaico-productos borde-derecha borde-izquierda\">\n<div class=\"tubos-incendios mosaico-escala mosaico-escala-int\">\n<h3><a class=\"d-flex justify-content-center flex-column\" href=\"https:\/\/www.jannone.net\/es\/tubos\/tuberias-contra-incendios\/\">Tuber\u00edas contra incendios<\/a><\/h3>\n<\/div>\n<\/div>\n<div class=\"col-md-4 mosaico-productos borde-derecha borde-izquierda\">\n<div class=\"tubos-preaisladas mosaico-escala mosaico-escala-int\">\n<h3><a class=\"d-flex justify-content-center flex-column\" href=\"https:\/\/www.jannone.net\/es\/tubos\/tuberias-preaisladas\/\">Tuber\u00edas preaisladas<\/a><\/h3>\n<\/div>\n<\/div>\n<\/div>\n<\/div>\n<\/div>\n<div class=\"row\">\n<div class=\"col-xs-12 col-md-12\">\n<div class=\"row mb-4\">\n<div class=\"col-md-3 mosaico-productos borde-derecha borde-izquierda\">\n<div class=\"tubos-estructurales mosaico-escala mosaico-escala-int\">\n<h3><a class=\"d-flex justify-content-center flex-column\" href=\"https:\/\/www.jannone.net\/es\/tubos\/tubo-estructural\/\">Tubo estructural<\/a><\/h3>\n<\/div>\n<\/div>\n<div class=\"col-md-3 mosaico-productos borde-derecha borde-izquierda\">\n<div class=\"tubos-accesorios mosaico-escala mosaico-escala-int\">\n<h3><a class=\"d-flex justify-content-center flex-column\" href=\"https:\/\/www.jannone.net\/es\/tubos\/accesorios-bridas-valvulas\/\">Accesorios, bridas y v\u00e1lvulas<\/a><\/h3>\n<\/div>\n<\/div>\n<div class=\"col-md-3 mosaico-productos borde-derecha borde-izquierda\">\n<div class=\"tubos-gres mosaico-escala mosaico-escala-int\">\n<h3><a class=\"d-flex justify-content-center flex-column\" href=\"https:\/\/www.jannone.net\/es\/tubos\/tubo-gres-vitrificado\/\">Tubo de gres vitrificado<\/a><\/h3>\n<\/div>\n<\/div>\n<div class=\"col-md-3 mosaico-productos borde-derecha borde-izquierda\">\n<div class=\"tubos-servicios mosaico-escala mosaico-escala-int\">\n<h3><a class=\"d-flex justify-content-center flex-column\" href=\"https:\/\/www.jannone.net\/es\/tubos\/sectores-utilidades-referencias\/\">Sectores, utilidades y referencias<\/a><\/h3>\n<\/div>\n<\/div>\n<\/div>\n<\/div>\n<\/div>\n","protected":false},"excerpt":{"rendered":"<p>Tuber\u00edas preaisladas Las tuber\u00edas preaisladas para redes de calor y fr\u00edo suponen la herramienta perfecta para una optimizaci\u00f3n de los recursos energ\u00e9ticos y a la vez una reducci\u00f3n de emisiones de CO2. El sistema se completa con toda una gama de accesorios y v\u00e1lvulas necesarios para este tipo de instalaciones. Estas tuber\u00edas est\u00e1n dise\u00f1adas para [&#8230;]<\/p>\n<p><a class=\"btn btn-secondary understrap-read-more-link\" href=\"https:\/\/www.jannone.net\/es\/tubos\/tuberias-preaisladas\/\">Leer m\u00e1s&#8230;<\/a><\/p>\n","protected":false},"author":2,"featured_media":0,"parent":10,"menu_order":0,"comment_status":"closed","ping_status":"closed","template":"page-templates\/empty.php","meta":{"_seopress_robots_primary_cat":"0","_seopress_titles_title":"Tuber\u00edas preaisladas - tubos preaislados - tubos de acero soldado","_seopress_titles_desc":"Las tuber\u00edas preaisladas para redes de calor y fr\u00edo suponen la herramienta perfecta para una optimizaci\u00f3n de los recursos energ\u00e9ticos...","_seopress_robots_index":"","footnotes":""},"class_list":["post-129","page","type-page","status-publish","hentry"],"yoast_head":"<!-- This site is optimized with the Yoast SEO plugin v26.8 - https:\/\/yoast.com\/product\/yoast-seo-wordpress\/ -->\n<title>Tuber\u00edas preaisladas - tubos preaislados - tubos de acero soldado<\/title>\n<meta name=\"description\" content=\"Las tuber\u00edas preaisladas para redes de calor y fr\u00edo suponen la herramienta perfecta para una optimizaci\u00f3n de los recursos energ\u00e9ticos...\" \/>\n<meta name=\"robots\" content=\"index, follow, max-snippet:-1, max-image-preview:large, max-video-preview:-1\" \/>\n<link rel=\"canonical\" href=\"https:\/\/www.jannone.net\/es\/tubos\/tuberias-preaisladas\/\" \/>\n<meta property=\"og:locale\" content=\"es_ES\" \/>\n<meta property=\"og:type\" content=\"article\" \/>\n<meta property=\"og:title\" content=\"Tuber\u00edas preaisladas - tubos preaislados - tubos de acero soldado\" \/>\n<meta property=\"og:description\" content=\"Las tuber\u00edas preaisladas para redes de calor y fr\u00edo suponen la herramienta perfecta para una optimizaci\u00f3n de los recursos energ\u00e9ticos...\" \/>\n<meta property=\"og:url\" content=\"https:\/\/www.jannone.net\/es\/tubos\/tuberias-preaisladas\/\" \/>\n<meta property=\"og:site_name\" content=\"Jannone\" \/>\n<meta property=\"article:modified_time\" content=\"2017-11-29T08:21:24+00:00\" \/>\n<meta property=\"og:image\" content=\"https:\/\/www.jannone.net\/es\/wp-content\/uploads\/2017\/08\/cabecera-tuberias-preaisladas.jpg\" \/>\n<meta name=\"twitter:label1\" content=\"Tiempo de lectura\" \/>\n\t<meta name=\"twitter:data1\" content=\"2 minutos\" \/>\n<script type=\"application\/ld+json\" class=\"yoast-schema-graph\">{\"@context\":\"https:\/\/schema.org\",\"@graph\":[{\"@type\":\"WebPage\",\"@id\":\"https:\/\/www.jannone.net\/es\/tubos\/tuberias-preaisladas\/\",\"url\":\"https:\/\/www.jannone.net\/es\/tubos\/tuberias-preaisladas\/\",\"name\":\"Tuber\u00edas preaisladas - tubos preaislados - tubos de acero soldado\",\"isPartOf\":{\"@id\":\"https:\/\/www.jannone.net\/es\/#website\"},\"primaryImageOfPage\":{\"@id\":\"https:\/\/www.jannone.net\/es\/tubos\/tuberias-preaisladas\/#primaryimage\"},\"image\":{\"@id\":\"https:\/\/www.jannone.net\/es\/tubos\/tuberias-preaisladas\/#primaryimage\"},\"thumbnailUrl\":\"https:\/\/www.jannone.net\/es\/wp-content\/uploads\/2017\/08\/cabecera-tuberias-preaisladas.jpg\",\"datePublished\":\"2017-08-08T12:48:52+00:00\",\"dateModified\":\"2017-11-29T08:21:24+00:00\",\"description\":\"Las tuber\u00edas preaisladas para redes de calor y fr\u00edo suponen la herramienta perfecta para una optimizaci\u00f3n de los recursos energ\u00e9ticos...\",\"breadcrumb\":{\"@id\":\"https:\/\/www.jannone.net\/es\/tubos\/tuberias-preaisladas\/#breadcrumb\"},\"inLanguage\":\"es\",\"potentialAction\":[{\"@type\":\"ReadAction\",\"target\":[\"https:\/\/www.jannone.net\/es\/tubos\/tuberias-preaisladas\/\"]}]},{\"@type\":\"ImageObject\",\"inLanguage\":\"es\",\"@id\":\"https:\/\/www.jannone.net\/es\/tubos\/tuberias-preaisladas\/#primaryimage\",\"url\":\"https:\/\/www.jannone.net\/es\/wp-content\/uploads\/2017\/08\/cabecera-tuberias-preaisladas.jpg\",\"contentUrl\":\"https:\/\/www.jannone.net\/es\/wp-content\/uploads\/2017\/08\/cabecera-tuberias-preaisladas.jpg\",\"width\":1801,\"height\":461},{\"@type\":\"BreadcrumbList\",\"@id\":\"https:\/\/www.jannone.net\/es\/tubos\/tuberias-preaisladas\/#breadcrumb\",\"itemListElement\":[{\"@type\":\"ListItem\",\"position\":1,\"name\":\"Portada\",\"item\":\"https:\/\/www.jannone.net\/es\/\"},{\"@type\":\"ListItem\",\"position\":2,\"name\":\"Tubos\",\"item\":\"https:\/\/www.jannone.net\/es\/tubos\/\"},{\"@type\":\"ListItem\",\"position\":3,\"name\":\"Tuber\u00edas preaisladas\"}]},{\"@type\":\"WebSite\",\"@id\":\"https:\/\/www.jannone.net\/es\/#website\",\"url\":\"https:\/\/www.jannone.net\/es\/\",\"name\":\"Jannone\",\"description\":\"Distribuidores de tubos y maderas\",\"potentialAction\":[{\"@type\":\"SearchAction\",\"target\":{\"@type\":\"EntryPoint\",\"urlTemplate\":\"https:\/\/www.jannone.net\/es\/?s={search_term_string}\"},\"query-input\":{\"@type\":\"PropertyValueSpecification\",\"valueRequired\":true,\"valueName\":\"search_term_string\"}}],\"inLanguage\":\"es\"}]}<\/script>\n<!-- \/ Yoast SEO plugin. -->","yoast_head_json":{"title":"Tuber\u00edas preaisladas - tubos preaislados - tubos de acero soldado","description":"Las tuber\u00edas preaisladas para redes de calor y fr\u00edo suponen la herramienta perfecta para una optimizaci\u00f3n de los recursos energ\u00e9ticos...","robots":{"index":"index","follow":"follow","max-snippet":"max-snippet:-1","max-image-preview":"max-image-preview:large","max-video-preview":"max-video-preview:-1"},"canonical":"https:\/\/www.jannone.net\/es\/tubos\/tuberias-preaisladas\/","og_locale":"es_ES","og_type":"article","og_title":"Tuber\u00edas preaisladas - tubos preaislados - tubos de acero soldado","og_description":"Las tuber\u00edas preaisladas para redes de calor y fr\u00edo suponen la herramienta perfecta para una optimizaci\u00f3n de los recursos energ\u00e9ticos...","og_url":"https:\/\/www.jannone.net\/es\/tubos\/tuberias-preaisladas\/","og_site_name":"Jannone","article_modified_time":"2017-11-29T08:21:24+00:00","og_image":[{"url":"https:\/\/www.jannone.net\/es\/wp-content\/uploads\/2017\/08\/cabecera-tuberias-preaisladas.jpg","type":"","width":"","height":""}],"twitter_misc":{"Tiempo de lectura":"2 minutos"},"schema":{"@context":"https:\/\/schema.org","@graph":[{"@type":"WebPage","@id":"https:\/\/www.jannone.net\/es\/tubos\/tuberias-preaisladas\/","url":"https:\/\/www.jannone.net\/es\/tubos\/tuberias-preaisladas\/","name":"Tuber\u00edas preaisladas - tubos preaislados - tubos de acero soldado","isPartOf":{"@id":"https:\/\/www.jannone.net\/es\/#website"},"primaryImageOfPage":{"@id":"https:\/\/www.jannone.net\/es\/tubos\/tuberias-preaisladas\/#primaryimage"},"image":{"@id":"https:\/\/www.jannone.net\/es\/tubos\/tuberias-preaisladas\/#primaryimage"},"thumbnailUrl":"https:\/\/www.jannone.net\/es\/wp-content\/uploads\/2017\/08\/cabecera-tuberias-preaisladas.jpg","datePublished":"2017-08-08T12:48:52+00:00","dateModified":"2017-11-29T08:21:24+00:00","description":"Las tuber\u00edas preaisladas para redes de calor y fr\u00edo suponen la herramienta perfecta para una optimizaci\u00f3n de los recursos energ\u00e9ticos...","breadcrumb":{"@id":"https:\/\/www.jannone.net\/es\/tubos\/tuberias-preaisladas\/#breadcrumb"},"inLanguage":"es","potentialAction":[{"@type":"ReadAction","target":["https:\/\/www.jannone.net\/es\/tubos\/tuberias-preaisladas\/"]}]},{"@type":"ImageObject","inLanguage":"es","@id":"https:\/\/www.jannone.net\/es\/tubos\/tuberias-preaisladas\/#primaryimage","url":"https:\/\/www.jannone.net\/es\/wp-content\/uploads\/2017\/08\/cabecera-tuberias-preaisladas.jpg","contentUrl":"https:\/\/www.jannone.net\/es\/wp-content\/uploads\/2017\/08\/cabecera-tuberias-preaisladas.jpg","width":1801,"height":461},{"@type":"BreadcrumbList","@id":"https:\/\/www.jannone.net\/es\/tubos\/tuberias-preaisladas\/#breadcrumb","itemListElement":[{"@type":"ListItem","position":1,"name":"Portada","item":"https:\/\/www.jannone.net\/es\/"},{"@type":"ListItem","position":2,"name":"Tubos","item":"https:\/\/www.jannone.net\/es\/tubos\/"},{"@type":"ListItem","position":3,"name":"Tuber\u00edas preaisladas"}]},{"@type":"WebSite","@id":"https:\/\/www.jannone.net\/es\/#website","url":"https:\/\/www.jannone.net\/es\/","name":"Jannone","description":"Distribuidores de tubos y maderas","potentialAction":[{"@type":"SearchAction","target":{"@type":"EntryPoint","urlTemplate":"https:\/\/www.jannone.net\/es\/?s={search_term_string}"},"query-input":{"@type":"PropertyValueSpecification","valueRequired":true,"valueName":"search_term_string"}}],"inLanguage":"es"}]}},"_links":{"self":[{"href":"https:\/\/www.jannone.net\/es\/wp-json\/wp\/v2\/pages\/129","targetHints":{"allow":["GET"]}}],"collection":[{"href":"https:\/\/www.jannone.net\/es\/wp-json\/wp\/v2\/pages"}],"about":[{"href":"https:\/\/www.jannone.net\/es\/wp-json\/wp\/v2\/types\/page"}],"author":[{"embeddable":true,"href":"https:\/\/www.jannone.net\/es\/wp-json\/wp\/v2\/users\/2"}],"replies":[{"embeddable":true,"href":"https:\/\/www.jannone.net\/es\/wp-json\/wp\/v2\/comments?post=129"}],"version-history":[{"count":5,"href":"https:\/\/www.jannone.net\/es\/wp-json\/wp\/v2\/pages\/129\/revisions"}],"predecessor-version":[{"id":1090,"href":"https:\/\/www.jannone.net\/es\/wp-json\/wp\/v2\/pages\/129\/revisions\/1090"}],"up":[{"embeddable":true,"href":"https:\/\/www.jannone.net\/es\/wp-json\/wp\/v2\/pages\/10"}],"wp:attachment":[{"href":"https:\/\/www.jannone.net\/es\/wp-json\/wp\/v2\/media?parent=129"}],"curies":[{"name":"wp","href":"https:\/\/api.w.org\/{rel}","templated":true}]}}