{"id":125,"date":"2017-08-08T14:48:34","date_gmt":"2017-08-08T12:48:34","guid":{"rendered":"https:\/\/www.jannone.net\/es\/?page_id=125"},"modified":"2017-12-20T10:28:53","modified_gmt":"2017-12-20T09:28:53","slug":"tuberias-de-conduccion","status":"publish","type":"page","link":"https:\/\/www.jannone.net\/es\/tubos\/tuberias-de-conduccion\/","title":{"rendered":"Tuber\u00edas de conducci\u00f3n"},"content":{"rendered":"<p><img  title=\"Tuber\u00edas de conducci\u00f3n - Grupo Jannone\" decoding=\"async\" class=\"aligncenter size-full wp-image-703 img-full\" src=\"https:\/\/www.jannone.net\/es\/wp-content\/uploads\/2017\/08\/cabecera-tubos-conduccion.jpg\"  alt=\"Tuber\u00edas de conducci\u00f3n - Grupo Jannone\"  width=\"1801\" height=\"461\" srcset=\"https:\/\/www.jannone.net\/es\/wp-content\/uploads\/2017\/08\/cabecera-tubos-conduccion.jpg 1801w, https:\/\/www.jannone.net\/es\/wp-content\/uploads\/2017\/08\/cabecera-tubos-conduccion-300x77.jpg 300w, https:\/\/www.jannone.net\/es\/wp-content\/uploads\/2017\/08\/cabecera-tubos-conduccion-768x197.jpg 768w, https:\/\/www.jannone.net\/es\/wp-content\/uploads\/2017\/08\/cabecera-tubos-conduccion-1024x262.jpg 1024w\" sizes=\"(max-width: 1801px) 100vw, 1801px\" \/><\/p>\n<div class=\"container\">\n<div class=\"row\">\n<div class=\"col-xs-12 col-md-12\">\n<h1 class=\"titulo-productos\">Tuber\u00edas de conducci\u00f3n<\/h1>\n<p class=\"texto\">En Jannone Tubos almacenamos y comercializamos tuber\u00edas sin soldadura y con soldadura que se adaptan a las exigencias de nuestros clientes en cada uno de sus proyectos mediante un trato personalizado y profesional.<\/p>\n<\/div>\n<\/div>\n<\/div>\n<div class=\"mt-4\"><\/div>\n<h2 class=\"titulo-productos\">Tipos de tuber\u00edas de conducci\u00f3n<\/h2>\n<div class=\"row\">\n<div class=\"col-md-6 fondo-verde-interior animated fadeInLeftBig duration3 eds-on-scroll\">\n<div class=\"padding-caja-izq\">\n<div class=\"container\">\n<div class=\"row mt-4 mb-4\">\n<ul>\n<li>ASTM\/API\n<ul>\n<li>Tubo de acero sin soldadura ASTM A106 \/ API 5L<br \/>\n1\/8\u201d 10,3mm \u2013 36\u201d 914mm<br \/>\nANSI B 36.10 Sch: 10, 20, 30, STD, 40, 60, XS, 80, 100, 120,140, 160, XXS<\/li>\n<li>Tubo de acero sin soldadura ASTM A179\/A-450<br \/>\n3\/16\u201d 4,76mm \u2013 4\u201d 101,6mm<\/li>\n<li>Tubo de acero soldado API5L \/ ASTM A53<br \/>\n1\/8\u201d 10,2mm \u2013 120\u201d 3048mm<\/li>\n<\/ul>\n<\/li>\n<\/ul>\n<\/div>\n<\/div>\n<\/div>\n<\/div>\n<div class=\"col-md-6 fondo-azul-interior d-flex justify-content-center flex-column animated fadeInRightBig duration3 eds-on-scroll\">\n<div class=\"container\">\n<div class=\"row mt-4 mb-4\">\n<ul>\n<li>EN\/DIN\/ISO\n<ul>\n<li>Tubo de acero sin soldadura EN 10216-1 (DIN 2448\/1629)<br \/>\n1\/8\u201d 10,2mm \u2013 26\u201d 660mm<\/li>\n<li>Tubo de acero sin soldadura EN 10216-2 (DIN 2448\/17175)<br \/>\n1\/8\u201d 10,2mm \u2013 26\u201d 660mm<\/li>\n<li>Tubo de acero sin soldadura EN 10255 M (DIN 2440)<br \/>\n3\/8\u201d17,2mm \u2013 6\u201d 165,1mm<\/li>\n<li>Tubo de acero soldado EN 10255 L2 y en 10255 M (ISO L-II Y DIN 2440)<br \/>\n3\/8\u201d17,2mm \u2013 6\u201d 165,1mm<\/li>\n<li>Tubo de acero soldado EN 10217-1 (DIN 2458\/1626)<br \/>\n1\/8\u201d 10,2mm \u2013 120\u201d 3048mm<\/li>\n<\/ul>\n<\/li>\n<\/ul>\n<\/div>\n<\/div>\n<\/div>\n<\/div>\n<div class=\"mt-5\"><\/div>\n<div class=\"row\">\n<div class=\"col-xs-12 col-md-12\">\n<div class=\"row mb-3\">\n<div class=\"col-md-4 mosaico-productos borde-derecha borde-izquierda\">\n<div class=\"tubos-conduccion mosaico-escala mosaico-escala-int\">\n<h3><a class=\"d-flex justify-content-center flex-column\" href=\"https:\/\/www.jannone.net\/es\/tubos\/tuberias-de-conduccion\/\">Tuber\u00edas de conducci\u00f3n<\/a><\/h3>\n<\/div>\n<\/div>\n<div class=\"col-md-4 mosaico-productos borde-derecha borde-izquierda\">\n<div class=\"tubos-incendios mosaico-escala mosaico-escala-int\">\n<h3><a class=\"d-flex justify-content-center flex-column\" href=\"https:\/\/www.jannone.net\/es\/tubos\/tuberias-contra-incendios\/\">Tuber\u00edas contra incendios<\/a><\/h3>\n<\/div>\n<\/div>\n<div class=\"col-md-4 mosaico-productos borde-derecha borde-izquierda\">\n<div class=\"tubos-preaisladas mosaico-escala mosaico-escala-int\">\n<h3><a class=\"d-flex justify-content-center flex-column\" href=\"https:\/\/www.jannone.net\/es\/tubos\/tuberias-preaisladas\/\">Tuber\u00edas preaisladas<\/a><\/h3>\n<\/div>\n<\/div>\n<\/div>\n<\/div>\n<\/div>\n<div class=\"row\">\n<div class=\"col-xs-12 col-md-12\">\n<div class=\"row mb-4\">\n<div class=\"col-md-3 mosaico-productos borde-derecha borde-izquierda\">\n<div class=\"tubos-estructurales mosaico-escala mosaico-escala-int\">\n<h3><a class=\"d-flex justify-content-center flex-column\" href=\"https:\/\/www.jannone.net\/es\/tubos\/tubo-estructural\/\">Tubo estructural<\/a><\/h3>\n<\/div>\n<\/div>\n<div class=\"col-md-3 mosaico-productos borde-derecha borde-izquierda\">\n<div class=\"tubos-accesorios mosaico-escala mosaico-escala-int\">\n<h3><a class=\"d-flex justify-content-center flex-column\" href=\"https:\/\/www.jannone.net\/es\/tubos\/accesorios-bridas-valvulas\/\">Accesorios, bridas y v\u00e1lvulas<\/a><\/h3>\n<\/div>\n<\/div>\n<div class=\"col-md-3 mosaico-productos borde-derecha borde-izquierda\">\n<div class=\"tubos-gres mosaico-escala mosaico-escala-int\">\n<h3><a class=\"d-flex justify-content-center flex-column\" href=\"https:\/\/www.jannone.net\/es\/tubos\/tubo-gres-vitrificado\/\">Tubo de gres vitrificado<\/a><\/h3>\n<\/div>\n<\/div>\n<div class=\"col-md-3 mosaico-productos borde-derecha borde-izquierda\">\n<div class=\"tubos-servicios mosaico-escala mosaico-escala-int\">\n<h3><a class=\"d-flex justify-content-center flex-column\" href=\"https:\/\/www.jannone.net\/es\/tubos\/sectores-utilidades-referencias\/\">Sectores, utilidades y referencias<\/a><\/h3>\n<\/div>\n<\/div>\n<\/div>\n<\/div>\n<\/div>\n","protected":false},"excerpt":{"rendered":"<p>Tuber\u00edas de conducci\u00f3n En Jannone Tubos almacenamos y comercializamos tuber\u00edas sin soldadura y con soldadura que se adaptan a las exigencias de nuestros clientes en cada uno de sus proyectos mediante un trato personalizado y profesional. Tipos de tuber\u00edas de conducci\u00f3n ASTM\/API Tubo de acero sin soldadura ASTM A106 \/ API 5L 1\/8\u201d 10,3mm \u2013 [&#8230;]<\/p>\n<p><a class=\"btn btn-secondary understrap-read-more-link\" href=\"https:\/\/www.jannone.net\/es\/tubos\/tuberias-de-conduccion\/\">Leer m\u00e1s&#8230;<\/a><\/p>\n","protected":false},"author":2,"featured_media":0,"parent":10,"menu_order":0,"comment_status":"closed","ping_status":"closed","template":"page-templates\/empty.php","meta":{"_seopress_robots_primary_cat":"0","_seopress_titles_title":"Tuber\u00edas de conducci\u00f3n - tuber\u00edas estructurales - tubos para climatizaci\u00f3n","_seopress_titles_desc":"En Jannone Tubos almacenamos y comercializamos tuber\u00edas de conducci\u00f3n sin soldadura y con soldadura que se adaptan a las exigencias de nuestros clientes","_seopress_robots_index":"","footnotes":""},"class_list":["post-125","page","type-page","status-publish","hentry"],"yoast_head":"<!-- This site is optimized with the Yoast SEO plugin v26.8 - https:\/\/yoast.com\/product\/yoast-seo-wordpress\/ -->\n<title>Tuber\u00edas de conducci\u00f3n - tuber\u00edas estructurales - tubos para climatizaci\u00f3n<\/title>\n<meta name=\"description\" content=\"En Jannone Tubos almacenamos y comercializamos tuber\u00edas de conducci\u00f3n sin soldadura y con soldadura que se adaptan a las exigencias de nuestros clientes\" \/>\n<meta name=\"robots\" content=\"index, follow, max-snippet:-1, max-image-preview:large, max-video-preview:-1\" \/>\n<link rel=\"canonical\" href=\"https:\/\/www.jannone.net\/es\/tubos\/tuberias-de-conduccion\/\" \/>\n<meta property=\"og:locale\" content=\"es_ES\" \/>\n<meta property=\"og:type\" content=\"article\" \/>\n<meta property=\"og:title\" content=\"Tuber\u00edas de conducci\u00f3n - tuber\u00edas estructurales - tubos para climatizaci\u00f3n\" \/>\n<meta property=\"og:description\" content=\"En Jannone Tubos almacenamos y comercializamos tuber\u00edas de conducci\u00f3n sin soldadura y con soldadura que se adaptan a las exigencias de nuestros clientes\" \/>\n<meta property=\"og:url\" content=\"https:\/\/www.jannone.net\/es\/tubos\/tuberias-de-conduccion\/\" \/>\n<meta property=\"og:site_name\" content=\"Jannone\" \/>\n<meta property=\"article:modified_time\" content=\"2017-12-20T09:28:53+00:00\" \/>\n<meta property=\"og:image\" content=\"https:\/\/www.jannone.net\/es\/wp-content\/uploads\/2017\/08\/cabecera-tubos-conduccion.jpg\" \/>\n<meta name=\"twitter:label1\" content=\"Tiempo de lectura\" \/>\n\t<meta name=\"twitter:data1\" content=\"1 minuto\" \/>\n<script type=\"application\/ld+json\" class=\"yoast-schema-graph\">{\"@context\":\"https:\/\/schema.org\",\"@graph\":[{\"@type\":\"WebPage\",\"@id\":\"https:\/\/www.jannone.net\/es\/tubos\/tuberias-de-conduccion\/\",\"url\":\"https:\/\/www.jannone.net\/es\/tubos\/tuberias-de-conduccion\/\",\"name\":\"Tuber\u00edas de conducci\u00f3n - tuber\u00edas estructurales - tubos para climatizaci\u00f3n\",\"isPartOf\":{\"@id\":\"https:\/\/www.jannone.net\/es\/#website\"},\"primaryImageOfPage\":{\"@id\":\"https:\/\/www.jannone.net\/es\/tubos\/tuberias-de-conduccion\/#primaryimage\"},\"image\":{\"@id\":\"https:\/\/www.jannone.net\/es\/tubos\/tuberias-de-conduccion\/#primaryimage\"},\"thumbnailUrl\":\"https:\/\/www.jannone.net\/es\/wp-content\/uploads\/2017\/08\/cabecera-tubos-conduccion.jpg\",\"datePublished\":\"2017-08-08T12:48:34+00:00\",\"dateModified\":\"2017-12-20T09:28:53+00:00\",\"description\":\"En Jannone Tubos almacenamos y comercializamos tuber\u00edas de conducci\u00f3n sin soldadura y con soldadura que se adaptan a las exigencias de nuestros clientes\",\"breadcrumb\":{\"@id\":\"https:\/\/www.jannone.net\/es\/tubos\/tuberias-de-conduccion\/#breadcrumb\"},\"inLanguage\":\"es\",\"potentialAction\":[{\"@type\":\"ReadAction\",\"target\":[\"https:\/\/www.jannone.net\/es\/tubos\/tuberias-de-conduccion\/\"]}]},{\"@type\":\"ImageObject\",\"inLanguage\":\"es\",\"@id\":\"https:\/\/www.jannone.net\/es\/tubos\/tuberias-de-conduccion\/#primaryimage\",\"url\":\"https:\/\/www.jannone.net\/es\/wp-content\/uploads\/2017\/08\/cabecera-tubos-conduccion.jpg\",\"contentUrl\":\"https:\/\/www.jannone.net\/es\/wp-content\/uploads\/2017\/08\/cabecera-tubos-conduccion.jpg\",\"width\":1801,\"height\":461},{\"@type\":\"BreadcrumbList\",\"@id\":\"https:\/\/www.jannone.net\/es\/tubos\/tuberias-de-conduccion\/#breadcrumb\",\"itemListElement\":[{\"@type\":\"ListItem\",\"position\":1,\"name\":\"Portada\",\"item\":\"https:\/\/www.jannone.net\/es\/\"},{\"@type\":\"ListItem\",\"position\":2,\"name\":\"Tubos\",\"item\":\"https:\/\/www.jannone.net\/es\/tubos\/\"},{\"@type\":\"ListItem\",\"position\":3,\"name\":\"Tuber\u00edas de conducci\u00f3n\"}]},{\"@type\":\"WebSite\",\"@id\":\"https:\/\/www.jannone.net\/es\/#website\",\"url\":\"https:\/\/www.jannone.net\/es\/\",\"name\":\"Jannone\",\"description\":\"Distribuidores de tubos y maderas\",\"potentialAction\":[{\"@type\":\"SearchAction\",\"target\":{\"@type\":\"EntryPoint\",\"urlTemplate\":\"https:\/\/www.jannone.net\/es\/?s={search_term_string}\"},\"query-input\":{\"@type\":\"PropertyValueSpecification\",\"valueRequired\":true,\"valueName\":\"search_term_string\"}}],\"inLanguage\":\"es\"}]}<\/script>\n<!-- \/ Yoast SEO plugin. -->","yoast_head_json":{"title":"Tuber\u00edas de conducci\u00f3n - tuber\u00edas estructurales - tubos para climatizaci\u00f3n","description":"En Jannone Tubos almacenamos y comercializamos tuber\u00edas de conducci\u00f3n sin soldadura y con soldadura que se adaptan a las exigencias de nuestros clientes","robots":{"index":"index","follow":"follow","max-snippet":"max-snippet:-1","max-image-preview":"max-image-preview:large","max-video-preview":"max-video-preview:-1"},"canonical":"https:\/\/www.jannone.net\/es\/tubos\/tuberias-de-conduccion\/","og_locale":"es_ES","og_type":"article","og_title":"Tuber\u00edas de conducci\u00f3n - tuber\u00edas estructurales - tubos para climatizaci\u00f3n","og_description":"En Jannone Tubos almacenamos y comercializamos tuber\u00edas de conducci\u00f3n sin soldadura y con soldadura que se adaptan a las exigencias de nuestros clientes","og_url":"https:\/\/www.jannone.net\/es\/tubos\/tuberias-de-conduccion\/","og_site_name":"Jannone","article_modified_time":"2017-12-20T09:28:53+00:00","og_image":[{"url":"https:\/\/www.jannone.net\/es\/wp-content\/uploads\/2017\/08\/cabecera-tubos-conduccion.jpg","type":"","width":"","height":""}],"twitter_misc":{"Tiempo de lectura":"1 minuto"},"schema":{"@context":"https:\/\/schema.org","@graph":[{"@type":"WebPage","@id":"https:\/\/www.jannone.net\/es\/tubos\/tuberias-de-conduccion\/","url":"https:\/\/www.jannone.net\/es\/tubos\/tuberias-de-conduccion\/","name":"Tuber\u00edas de conducci\u00f3n - tuber\u00edas estructurales - tubos para climatizaci\u00f3n","isPartOf":{"@id":"https:\/\/www.jannone.net\/es\/#website"},"primaryImageOfPage":{"@id":"https:\/\/www.jannone.net\/es\/tubos\/tuberias-de-conduccion\/#primaryimage"},"image":{"@id":"https:\/\/www.jannone.net\/es\/tubos\/tuberias-de-conduccion\/#primaryimage"},"thumbnailUrl":"https:\/\/www.jannone.net\/es\/wp-content\/uploads\/2017\/08\/cabecera-tubos-conduccion.jpg","datePublished":"2017-08-08T12:48:34+00:00","dateModified":"2017-12-20T09:28:53+00:00","description":"En Jannone Tubos almacenamos y comercializamos tuber\u00edas de conducci\u00f3n sin soldadura y con soldadura que se adaptan a las exigencias de nuestros clientes","breadcrumb":{"@id":"https:\/\/www.jannone.net\/es\/tubos\/tuberias-de-conduccion\/#breadcrumb"},"inLanguage":"es","potentialAction":[{"@type":"ReadAction","target":["https:\/\/www.jannone.net\/es\/tubos\/tuberias-de-conduccion\/"]}]},{"@type":"ImageObject","inLanguage":"es","@id":"https:\/\/www.jannone.net\/es\/tubos\/tuberias-de-conduccion\/#primaryimage","url":"https:\/\/www.jannone.net\/es\/wp-content\/uploads\/2017\/08\/cabecera-tubos-conduccion.jpg","contentUrl":"https:\/\/www.jannone.net\/es\/wp-content\/uploads\/2017\/08\/cabecera-tubos-conduccion.jpg","width":1801,"height":461},{"@type":"BreadcrumbList","@id":"https:\/\/www.jannone.net\/es\/tubos\/tuberias-de-conduccion\/#breadcrumb","itemListElement":[{"@type":"ListItem","position":1,"name":"Portada","item":"https:\/\/www.jannone.net\/es\/"},{"@type":"ListItem","position":2,"name":"Tubos","item":"https:\/\/www.jannone.net\/es\/tubos\/"},{"@type":"ListItem","position":3,"name":"Tuber\u00edas de conducci\u00f3n"}]},{"@type":"WebSite","@id":"https:\/\/www.jannone.net\/es\/#website","url":"https:\/\/www.jannone.net\/es\/","name":"Jannone","description":"Distribuidores de tubos y maderas","potentialAction":[{"@type":"SearchAction","target":{"@type":"EntryPoint","urlTemplate":"https:\/\/www.jannone.net\/es\/?s={search_term_string}"},"query-input":{"@type":"PropertyValueSpecification","valueRequired":true,"valueName":"search_term_string"}}],"inLanguage":"es"}]}},"_links":{"self":[{"href":"https:\/\/www.jannone.net\/es\/wp-json\/wp\/v2\/pages\/125","targetHints":{"allow":["GET"]}}],"collection":[{"href":"https:\/\/www.jannone.net\/es\/wp-json\/wp\/v2\/pages"}],"about":[{"href":"https:\/\/www.jannone.net\/es\/wp-json\/wp\/v2\/types\/page"}],"author":[{"embeddable":true,"href":"https:\/\/www.jannone.net\/es\/wp-json\/wp\/v2\/users\/2"}],"replies":[{"embeddable":true,"href":"https:\/\/www.jannone.net\/es\/wp-json\/wp\/v2\/comments?post=125"}],"version-history":[{"count":5,"href":"https:\/\/www.jannone.net\/es\/wp-json\/wp\/v2\/pages\/125\/revisions"}],"predecessor-version":[{"id":1132,"href":"https:\/\/www.jannone.net\/es\/wp-json\/wp\/v2\/pages\/125\/revisions\/1132"}],"up":[{"embeddable":true,"href":"https:\/\/www.jannone.net\/es\/wp-json\/wp\/v2\/pages\/10"}],"wp:attachment":[{"href":"https:\/\/www.jannone.net\/es\/wp-json\/wp\/v2\/media?parent=125"}],"curies":[{"name":"wp","href":"https:\/\/api.w.org\/{rel}","templated":true}]}}