{"id":12,"date":"2017-04-19T13:36:48","date_gmt":"2017-04-19T11:36:48","guid":{"rendered":"https:\/\/www.jannone.net\/es\/?page_id=12"},"modified":"2018-06-22T13:01:52","modified_gmt":"2018-06-22T11:01:52","slug":"maderas","status":"publish","type":"page","link":"https:\/\/www.jannone.net\/es\/maderas\/","title":{"rendered":"Maderas"},"content":{"rendered":"<p><img  title=\"Maderas - Grupo Jannone\" decoding=\"async\" class=\"aligncenter size-full wp-image-812 img-full\" src=\"https:\/\/www.jannone.net\/es\/wp-content\/uploads\/2017\/04\/cabecera-para-maderas.jpg\"  alt=\"Maderas - Grupo Jannone\"  width=\"1801\" height=\"461\" srcset=\"https:\/\/www.jannone.net\/es\/wp-content\/uploads\/2017\/04\/cabecera-para-maderas.jpg 1801w, https:\/\/www.jannone.net\/es\/wp-content\/uploads\/2017\/04\/cabecera-para-maderas-300x77.jpg 300w, https:\/\/www.jannone.net\/es\/wp-content\/uploads\/2017\/04\/cabecera-para-maderas-768x197.jpg 768w, https:\/\/www.jannone.net\/es\/wp-content\/uploads\/2017\/04\/cabecera-para-maderas-1024x262.jpg 1024w\" sizes=\"(max-width: 1801px) 100vw, 1801px\" \/><\/p>\n<div class=\"container\">\n<div class=\"row\">\n<div class=\"col-xs-12 col-md-12\">\n<h1 class=\"titulo-productos\">Maderas<\/h1>\n<\/div>\n<\/div>\n<\/div>\n<div class=\"mt-4\"><\/div>\n<div class=\"row\">\n<div class=\"col-xs-12 col-md-12 animated fadeInRightBig duration3\">\n<div class=\"table-div categorias-maderas\">\n<div class=\"row-div\">\n<div class=\"cell-div efecto-hover maderas-aserradas borde-derecha\"><a class=\"titulo-hover\" href=\"https:\/\/www.jannone.net\/es\/maderas\/maderas-aserradas\/\">Maderas aserradas<\/a><\/div>\n<div class=\"cell-div efecto-hover maderas-postes borde-derecha borde-izquierda\"><a class=\"titulo-hover\" href=\"https:\/\/www.jannone.net\/es\/maderas\/postes-tutores-tratados\/\">Postes y tutores tratados<\/a><\/div>\n<div class=\"cell-div efecto-hover maderas-tratada borde-izquierda\"><a class=\"titulo-hover\" href=\"https:\/\/www.jannone.net\/es\/maderas\/madera-tratada-exterior\/\">Madera tratada para exterior<\/a><\/div>\n<\/div>\n<\/div>\n<\/div>\n<\/div>\n<div class=\"row\">\n<div class=\"col-xs-12 col-md-12 animated fadeInLeftBig duration3 eds-on-scroll\">\n<div class=\"table-div categorias-maderas\">\n<div class=\"row-div\">\n<div class=\"cell-div efecto-hover maderas-contrachapado borde-derecha\"><a class=\"titulo-hover\" href=\"https:\/\/www.jannone.net\/es\/maderas\/tableros-contrachapados-fenolicos\/\">Tableros contrachapados fen\u00f3licos<\/a><\/div>\n<div class=\"cell-div efecto-hover maderas-tarimas borde-derecha borde-izquierda\"><a class=\"titulo-hover\" href=\"https:\/\/www.jannone.net\/es\/maderas\/tarimas-y-frisos\/\">Tarimas y frisos<\/a><\/div>\n<div class=\"cell-div efecto-hover maderas-vigas borde-derecha borde-izquierda\"><a class=\"titulo-hover\" href=\"https:\/\/www.jannone.net\/es\/maderas\/vigas-laminadas\/\">Vigas laminadas<\/a><\/div>\n<div class=\"cell-div efecto-hover maderas-cancelas borde-izquierda\"><a class=\"titulo-hover\" href=\"https:\/\/www.jannone.net\/es\/maderas\/cancelas-argentinas-torretas\/\">Cancelas argentinas y torretas<\/a><\/div>\n<\/div>\n<\/div>\n<\/div>\n<\/div>\n<div class=\"mt-4\"><\/div>\n<div class=\"row\">\n<div class=\"col-md-6 fondo-verde-interior animated fadeInLeftBig duration3 eds-on-scroll\">\n<div class=\"padding-caja-izq\">\n<div class=\"container\">\n<div class=\"row mb-4\">\n<h2>Productos<\/h2>\n<p class=\"texto\">Jannone es importador y almacenista de maderas y tableros a gran escala. Nuestros proveedores principales son de Europa y Am\u00e9rica. Nos caracterizamos principalmente por nuestra diversificaci\u00f3n en productos, tanto en variedad como en tipolog\u00eda, pero nuestra principal caracter\u00edstica es que nos adaptamos continuamente a las necesidades y demandas de nuestros clientes y del mercado.<\/p>\n<p class=\"texto\">Apostamos fuertemente por productos de madera semielaborada y madera tratada para el exterior.<\/p>\n<p class=\"texto\">Asimismo, al tener flota propia de veh\u00edculos, nuestro servicio de entrega de mercanc\u00eda a clientes se caracteriza por ser \u00e1gil, r\u00e1pido y eficaz.<\/p>\n<\/div>\n<\/div>\n<\/div>\n<\/div>\n<div class=\"col-md-6 fondo-azul-interior d-flex justify-content-center flex-column animated fadeInRightBig duration3 eds-on-scroll\">\n<div class=\"padding-caja-der\">\n<p class=\"texto\">Buscamos soluciones personalizadas para cada consulta y cada necesidad, haciendo que cada pedido sea a medida para cada cliente.<\/p>\n<p class=\"texto\">Nuestra prioridad ha sido y ser\u00e1 siempre ofrecer la mejor respuesta con la mayor eficacia, siendo nuestro principal objetivo concentrar todos nuestros esfuerzos en mantener la m\u00e1xima calidad en el suministro de las distintas especies de madera y sus derivados, as\u00ed como la ampliaci\u00f3n y mejora de los servicios que prestamos.<\/p>\n<p class=\"texto\">Todo este esfuerzo que continuamente hacemos se ve recompensado con la confianza que los clientes mantienen en nosotros, confianza que a su vez nos ayuda a seguir creciendo cada d\u00eda.<\/p>\n<\/div>\n<\/div>\n<\/div>\n<div class=\"mt-4\"><\/div>\n<div class=\"container\">\n<div class=\"row\">\n<div class=\"col-xs-12 col-md-12 animated fadeInDown duration2 eds-on-scroll\">\n<h2>Adacta Ib\u00e9rica<\/h2>\n<div class=\"dos-columnas\">\n<p><img  title=\"Maderas - Grupo Jannone\" decoding=\"async\" class=\"aligncenter size-full wp-image-263 img-full\" src=\"https:\/\/www.jannone.net\/es\/wp-content\/uploads\/2017\/09\/adacta-iberica-vestuarios.jpg\"  alt=\"Maderas - Grupo Jannone\"  \/><\/p>\n<p class=\"texto\">La marca propia Adacta Ib\u00e9rica es la apuesta de Jannone Maderas por los productos fen\u00f3licos. Se encarga de la elaboraci\u00f3n de productos realizados con este tipo de tableros. Algunos ejemplos pueden ser: cabinas sanitarias, vestuarios, revestimientos, encimeras, bancos o taquillas, entre otros.<\/p>\n<p class=\"texto\">Por otro lado, se hace necesario poner de manifiesto que la principal caracter\u00edstica de este producto es que tiene una gran resistencia al deterioro. Estamos ante un tablero que no admite bacterias, hongos ni mohos, siendo muy resistente al agua, a la humedad y a los \u00e1cidos.<\/p>\n<p class=\"texto\">Por tanto es de muy f\u00e1cil limpieza. Adem\u00e1s, puede ser ign\u00edfugo y tener unos colores o dibujos personalizados.<\/p>\n<p class=\"texto\">Su utilizaci\u00f3n se produce principalmente en hospitales, obras civiles o publicas, colegios, escuelas, universidades, comercios o tiendas, instalaciones deportivas, centros de ocio, hoteles, marina, laboratorios, oficinas, centros de salud, ingenier\u00eda e industrias alimentarias, entre otros.<\/p>\n<\/div>\n<\/div>\n<\/div>\n<\/div>\n<div class=\"mt-4\"><\/div>\n<div class=\"container\">\n<div class=\"divider-gris\"><\/div>\n<h3 class=\"text-center\">Productos<\/h3>\n<div class=\"row\">\n<div class=\"col-xs-12 col-md-3\">\n<p class=\"imagen-normal\"><img  title=\"Maderas - Grupo Jannone\" decoding=\"async\" class=\"aligncenter size-full wp-image-263 img-full\" src=\"https:\/\/www.jannone.net\/es\/wp-content\/uploads\/2017\/09\/adacta-iberica-cabinas-vestuarios.jpg\"  alt=\"Maderas - Grupo Jannone\"  \/><\/p>\n<h4>Cabinas vestuarios<\/h4>\n<\/div>\n<div class=\"col-xs-12 col-md-3\">\n<p class=\"imagen-normal\"><img  title=\"Maderas - Grupo Jannone\" decoding=\"async\" class=\"aligncenter size-full wp-image-263 img-full\" src=\"https:\/\/www.jannone.net\/es\/wp-content\/uploads\/2017\/09\/adacta-iberica-taquillas.jpg\"  alt=\"Maderas - Grupo Jannone\"  \/><\/p>\n<h4>Taquillas<\/h4>\n<\/div>\n<div class=\"col-xs-12 col-md-3\">\n<p class=\"imagen-normal\"><img  title=\"Maderas - Grupo Jannone\" decoding=\"async\" class=\"aligncenter size-full wp-image-263 img-full\" src=\"https:\/\/www.jannone.net\/es\/wp-content\/uploads\/2017\/09\/adacta-iberica-separadores.jpg\"  alt=\"Maderas - Grupo Jannone\"  \/><\/p>\n<h4>Separadores<\/h4>\n<\/div>\n<div class=\"col-xs-12 col-md-3\">\n<p class=\"imagen-normal\"><img  title=\"Maderas - Grupo Jannone\" decoding=\"async\" class=\"aligncenter size-full wp-image-263 img-full\" src=\"https:\/\/www.jannone.net\/es\/wp-content\/uploads\/2017\/09\/adacta-iberica-puertas.jpg\"  alt=\"Maderas - Grupo Jannone\"  \/><\/p>\n<h4>Puertas<\/h4>\n<\/div>\n<\/div>\n<\/div>\n<div class=\"mt-4\"><\/div>\n","protected":false},"excerpt":{"rendered":"<p>Maderas Maderas aserradas Postes y tutores tratados Madera tratada para exterior Tableros contrachapados fen\u00f3licos Tarimas y frisos Vigas laminadas Cancelas argentinas y torretas Productos Jannone es importador y almacenista de maderas y tableros a gran escala. Nuestros proveedores principales son de Europa y Am\u00e9rica. Nos caracterizamos principalmente por nuestra diversificaci\u00f3n en productos, tanto en variedad [&#8230;]<\/p>\n<p><a class=\"btn btn-secondary understrap-read-more-link\" href=\"https:\/\/www.jannone.net\/es\/maderas\/\">Leer m\u00e1s&#8230;<\/a><\/p>\n","protected":false},"author":2,"featured_media":0,"parent":0,"menu_order":0,"comment_status":"closed","ping_status":"closed","template":"page-templates\/empty.php","meta":{"_seopress_robots_primary_cat":"0","_seopress_titles_title":"Madera semielaborada - Material fen\u00f3lico - Importador de Maderas - Jannone Maderas","_seopress_titles_desc":"Grupo Jannone ofrece una gran variedad de maderas y sus derivados. M\u00e1xima calidad y eficacia en todos los productos y servicios.","_seopress_robots_index":"","footnotes":""},"class_list":["post-12","page","type-page","status-publish","hentry"],"yoast_head":"<!-- This site is optimized with the Yoast SEO plugin v26.8 - https:\/\/yoast.com\/product\/yoast-seo-wordpress\/ -->\n<title>Madera semielaborada - Material fen\u00f3lico - Importador de Maderas - Jannone Maderas<\/title>\n<meta name=\"description\" content=\"Grupo Jannone ofrece una gran variedad de maderas y sus derivados. M\u00e1xima calidad y eficacia en todos los productos y servicios.\" \/>\n<meta name=\"robots\" content=\"index, follow, max-snippet:-1, max-image-preview:large, max-video-preview:-1\" \/>\n<link rel=\"canonical\" href=\"https:\/\/www.jannone.net\/es\/maderas\/\" \/>\n<meta property=\"og:locale\" content=\"es_ES\" \/>\n<meta property=\"og:type\" content=\"article\" \/>\n<meta property=\"og:title\" content=\"Madera semielaborada - Material fen\u00f3lico - Importador de Maderas - Jannone Maderas\" \/>\n<meta property=\"og:description\" content=\"Grupo Jannone ofrece una gran variedad de maderas y sus derivados. M\u00e1xima calidad y eficacia en todos los productos y servicios.\" \/>\n<meta property=\"og:url\" content=\"https:\/\/www.jannone.net\/es\/maderas\/\" \/>\n<meta property=\"og:site_name\" content=\"Jannone\" \/>\n<meta property=\"article:modified_time\" content=\"2018-06-22T11:01:52+00:00\" \/>\n<meta property=\"og:image\" content=\"https:\/\/www.jannone.net\/es\/wp-content\/uploads\/2017\/04\/cabecera-para-maderas.jpg\" \/>\n<meta name=\"twitter:label1\" content=\"Tiempo de lectura\" \/>\n\t<meta name=\"twitter:data1\" content=\"2 minutos\" \/>\n<script type=\"application\/ld+json\" class=\"yoast-schema-graph\">{\"@context\":\"https:\/\/schema.org\",\"@graph\":[{\"@type\":\"WebPage\",\"@id\":\"https:\/\/www.jannone.net\/es\/maderas\/\",\"url\":\"https:\/\/www.jannone.net\/es\/maderas\/\",\"name\":\"Madera semielaborada - Material fen\u00f3lico - Importador de Maderas - Jannone Maderas\",\"isPartOf\":{\"@id\":\"https:\/\/www.jannone.net\/es\/#website\"},\"primaryImageOfPage\":{\"@id\":\"https:\/\/www.jannone.net\/es\/maderas\/#primaryimage\"},\"image\":{\"@id\":\"https:\/\/www.jannone.net\/es\/maderas\/#primaryimage\"},\"thumbnailUrl\":\"https:\/\/www.jannone.net\/es\/wp-content\/uploads\/2017\/04\/cabecera-para-maderas.jpg\",\"datePublished\":\"2017-04-19T11:36:48+00:00\",\"dateModified\":\"2018-06-22T11:01:52+00:00\",\"description\":\"Grupo Jannone ofrece una gran variedad de maderas y sus derivados. M\u00e1xima calidad y eficacia en todos los productos y servicios.\",\"breadcrumb\":{\"@id\":\"https:\/\/www.jannone.net\/es\/maderas\/#breadcrumb\"},\"inLanguage\":\"es\",\"potentialAction\":[{\"@type\":\"ReadAction\",\"target\":[\"https:\/\/www.jannone.net\/es\/maderas\/\"]}]},{\"@type\":\"ImageObject\",\"inLanguage\":\"es\",\"@id\":\"https:\/\/www.jannone.net\/es\/maderas\/#primaryimage\",\"url\":\"https:\/\/www.jannone.net\/es\/wp-content\/uploads\/2017\/04\/cabecera-para-maderas.jpg\",\"contentUrl\":\"https:\/\/www.jannone.net\/es\/wp-content\/uploads\/2017\/04\/cabecera-para-maderas.jpg\",\"width\":1801,\"height\":461},{\"@type\":\"BreadcrumbList\",\"@id\":\"https:\/\/www.jannone.net\/es\/maderas\/#breadcrumb\",\"itemListElement\":[{\"@type\":\"ListItem\",\"position\":1,\"name\":\"Portada\",\"item\":\"https:\/\/www.jannone.net\/es\/\"},{\"@type\":\"ListItem\",\"position\":2,\"name\":\"Maderas\"}]},{\"@type\":\"WebSite\",\"@id\":\"https:\/\/www.jannone.net\/es\/#website\",\"url\":\"https:\/\/www.jannone.net\/es\/\",\"name\":\"Jannone\",\"description\":\"Distribuidores de tubos y maderas\",\"potentialAction\":[{\"@type\":\"SearchAction\",\"target\":{\"@type\":\"EntryPoint\",\"urlTemplate\":\"https:\/\/www.jannone.net\/es\/?s={search_term_string}\"},\"query-input\":{\"@type\":\"PropertyValueSpecification\",\"valueRequired\":true,\"valueName\":\"search_term_string\"}}],\"inLanguage\":\"es\"}]}<\/script>\n<!-- \/ Yoast SEO plugin. -->","yoast_head_json":{"title":"Madera semielaborada - Material fen\u00f3lico - Importador de Maderas - Jannone Maderas","description":"Grupo Jannone ofrece una gran variedad de maderas y sus derivados. M\u00e1xima calidad y eficacia en todos los productos y servicios.","robots":{"index":"index","follow":"follow","max-snippet":"max-snippet:-1","max-image-preview":"max-image-preview:large","max-video-preview":"max-video-preview:-1"},"canonical":"https:\/\/www.jannone.net\/es\/maderas\/","og_locale":"es_ES","og_type":"article","og_title":"Madera semielaborada - Material fen\u00f3lico - Importador de Maderas - Jannone Maderas","og_description":"Grupo Jannone ofrece una gran variedad de maderas y sus derivados. M\u00e1xima calidad y eficacia en todos los productos y servicios.","og_url":"https:\/\/www.jannone.net\/es\/maderas\/","og_site_name":"Jannone","article_modified_time":"2018-06-22T11:01:52+00:00","og_image":[{"url":"https:\/\/www.jannone.net\/es\/wp-content\/uploads\/2017\/04\/cabecera-para-maderas.jpg","type":"","width":"","height":""}],"twitter_misc":{"Tiempo de lectura":"2 minutos"},"schema":{"@context":"https:\/\/schema.org","@graph":[{"@type":"WebPage","@id":"https:\/\/www.jannone.net\/es\/maderas\/","url":"https:\/\/www.jannone.net\/es\/maderas\/","name":"Madera semielaborada - Material fen\u00f3lico - Importador de Maderas - Jannone Maderas","isPartOf":{"@id":"https:\/\/www.jannone.net\/es\/#website"},"primaryImageOfPage":{"@id":"https:\/\/www.jannone.net\/es\/maderas\/#primaryimage"},"image":{"@id":"https:\/\/www.jannone.net\/es\/maderas\/#primaryimage"},"thumbnailUrl":"https:\/\/www.jannone.net\/es\/wp-content\/uploads\/2017\/04\/cabecera-para-maderas.jpg","datePublished":"2017-04-19T11:36:48+00:00","dateModified":"2018-06-22T11:01:52+00:00","description":"Grupo Jannone ofrece una gran variedad de maderas y sus derivados. M\u00e1xima calidad y eficacia en todos los productos y servicios.","breadcrumb":{"@id":"https:\/\/www.jannone.net\/es\/maderas\/#breadcrumb"},"inLanguage":"es","potentialAction":[{"@type":"ReadAction","target":["https:\/\/www.jannone.net\/es\/maderas\/"]}]},{"@type":"ImageObject","inLanguage":"es","@id":"https:\/\/www.jannone.net\/es\/maderas\/#primaryimage","url":"https:\/\/www.jannone.net\/es\/wp-content\/uploads\/2017\/04\/cabecera-para-maderas.jpg","contentUrl":"https:\/\/www.jannone.net\/es\/wp-content\/uploads\/2017\/04\/cabecera-para-maderas.jpg","width":1801,"height":461},{"@type":"BreadcrumbList","@id":"https:\/\/www.jannone.net\/es\/maderas\/#breadcrumb","itemListElement":[{"@type":"ListItem","position":1,"name":"Portada","item":"https:\/\/www.jannone.net\/es\/"},{"@type":"ListItem","position":2,"name":"Maderas"}]},{"@type":"WebSite","@id":"https:\/\/www.jannone.net\/es\/#website","url":"https:\/\/www.jannone.net\/es\/","name":"Jannone","description":"Distribuidores de tubos y maderas","potentialAction":[{"@type":"SearchAction","target":{"@type":"EntryPoint","urlTemplate":"https:\/\/www.jannone.net\/es\/?s={search_term_string}"},"query-input":{"@type":"PropertyValueSpecification","valueRequired":true,"valueName":"search_term_string"}}],"inLanguage":"es"}]}},"_links":{"self":[{"href":"https:\/\/www.jannone.net\/es\/wp-json\/wp\/v2\/pages\/12","targetHints":{"allow":["GET"]}}],"collection":[{"href":"https:\/\/www.jannone.net\/es\/wp-json\/wp\/v2\/pages"}],"about":[{"href":"https:\/\/www.jannone.net\/es\/wp-json\/wp\/v2\/types\/page"}],"author":[{"embeddable":true,"href":"https:\/\/www.jannone.net\/es\/wp-json\/wp\/v2\/users\/2"}],"replies":[{"embeddable":true,"href":"https:\/\/www.jannone.net\/es\/wp-json\/wp\/v2\/comments?post=12"}],"version-history":[{"count":5,"href":"https:\/\/www.jannone.net\/es\/wp-json\/wp\/v2\/pages\/12\/revisions"}],"predecessor-version":[{"id":1157,"href":"https:\/\/www.jannone.net\/es\/wp-json\/wp\/v2\/pages\/12\/revisions\/1157"}],"wp:attachment":[{"href":"https:\/\/www.jannone.net\/es\/wp-json\/wp\/v2\/media?parent=12"}],"curies":[{"name":"wp","href":"https:\/\/api.w.org\/{rel}","templated":true}]}}