{"id":1188,"date":"2019-07-16T11:17:04","date_gmt":"2019-07-16T09:17:04","guid":{"rendered":"https:\/\/www.jannone.net\/es\/?page_id=1188"},"modified":"2019-07-16T11:17:06","modified_gmt":"2019-07-16T09:17:06","slug":"politica-de-privacidad","status":"publish","type":"page","link":"https:\/\/www.jannone.net\/es\/politica-de-privacidad\/","title":{"rendered":"Pol\u00edtica de Privacidad"},"content":{"rendered":"<p><img  title=\"Pol\u00edtica de Privacidad - Grupo Jannone\" decoding=\"async\" class=\"aligncenter size-full wp-image-788 img-full\" src=\"https:\/\/www.jannone.net\/es\/wp-content\/uploads\/2017\/10\/cabecera-aviso.jpg\"  alt=\"Pol\u00edtica de Privacidad - Grupo Jannone\"  width=\"1801\" height=\"461\" srcset=\"https:\/\/www.jannone.net\/es\/wp-content\/uploads\/2017\/10\/cabecera-aviso.jpg 1801w, https:\/\/www.jannone.net\/es\/wp-content\/uploads\/2017\/10\/cabecera-aviso-300x77.jpg 300w, https:\/\/www.jannone.net\/es\/wp-content\/uploads\/2017\/10\/cabecera-aviso-768x197.jpg 768w, https:\/\/www.jannone.net\/es\/wp-content\/uploads\/2017\/10\/cabecera-aviso-1024x262.jpg 1024w\" sizes=\"(max-width: 1801px) 100vw, 1801px\" \/><\/p>\n<div class=\"container\">\n<div class=\"row\">\n<div class=\"col-xs-12 col-md-12\">\n<h1 class=\"titulo-productos\">Pol\u00edtica de Privacidad<\/h1>\n<h3>Protecci\u00f3n de Datos de Car\u00e1cter Personal<\/h3>\n<p class=\"texto\">JANNONE, SA y  JANNONE TUBOS, SL, en adelante JANNONE GRUPO es consciente de la importancia de la privacidad de los datos de car\u00e1cter personal y por ello, ha implementado una pol\u00edtica de tratamiento de datos orientada a proveer la m\u00e1xima seguridad en el uso y recogida de los mismos, garantizando el cumplimiento de la normativa vigente en la materia y configurando dicha pol\u00edtica como uno de los pilares b\u00e1sicos en las l\u00edneas de actuaci\u00f3n de la entidad.<br \/>\nDurante la navegaci\u00f3n a trav\u00e9s de la web se solicitar\u00e1n datos de car\u00e1cter personal para mejorar la experiencia de los usuarios, ponernos en contacto con los mismos en caso de que as\u00ed lo hayan solicitado o recibir comunicaciones electr\u00f3nicas por parte de <strong>JANNONE GRUPO<\/strong> como pudiera ser el newsletter, boletines u otra informaci\u00f3n. Dichos datos formar\u00e1n parte ficheros de <strong>JANNONE GRUPO<\/strong>.<\/p>\n<div class=\"divider-gris\"><\/div>\n<h3>Responsable del tratamiento<\/h3>\n<p class=\"texto\">Le informamos que sus datos ser\u00e1n tratados por JANNONE, SA y  JANNONE TUBOS, SL, con CIF: A-41024019 y B-91185892, respectivamente, y ambas con domicilio en Ctra. De la Esclusa, 33 ACC. A \u2013 41011.- SEVILLA.<\/p>\n<div class=\"divider-gris\"><\/div>\n<h3>Finalidad del tratamiento<\/h3>\n<p class=\"texto\">La finalidad de los tratamientos de datos que pueden llevarse a cabo con los datos facilitadas a trav\u00e9s de la Web, Blogs y Redes Sociales en las que <strong>JANNONE GRUPO<\/strong> pueda estar presente, es la respuesta a las consultas, a las solicitudes de presupuestos y a las comunicaciones que nos llegan a trav\u00e9s de la web, as\u00ed como de las redes sociales en las que estamos presentes, la inclusi\u00f3n de sus datos en nuestras Bases de Datos, la gesti\u00f3n de nuestra propia actividad, as\u00ed como remitirle informaci\u00f3n y comunicaciones sobre nuestros servicios en caso de haberlos solicitado.<\/p>\n<p class=\"texto\">En todas las comunicaciones en las que reciba informaci\u00f3n se le dar\u00e1 la posibilidad de darse de baja, o puede hacerlo en cualquier momento remitiendo un correo electr\u00f3nico a adm@jannone.net indicando su voluntad de no recibir m\u00e1s comunicaciones.<br \/>\nSi desea recibir informaci\u00f3n sobre nuestros servicios puede solicitarlo a trav\u00e9s de nuestra web.<\/p>\n<div class=\"divider-gris\"><\/div>\n<h3>Legitimaci\u00f3n para el tratamiento<\/h3>\n<p class=\"texto\">La legitimaci\u00f3n para el tratamiento de los datos que pueda facilitarnos a trav\u00e9s de la Web, es su consentimiento por el hecho de remitir una consulta, o haberse dado de alta para recibir informaci\u00f3n, o remitido un correo electr\u00f3nico solicitando se le remita informaci\u00f3n sobre nuestros servicios y productos.<\/p>\n<div class=\"divider-gris\"><\/div>\n<h3>Comunicaci\u00f3n de datos<\/h3>\n<p class=\"texto\">Para llevar a cabo las finalidades expresadas no est\u00e1n previstas comunicaciones de sus datos a terceras entidades.<\/p>\n<div class=\"divider-gris\"><\/div>\n<h3>Plazo de conservaci\u00f3n de los datos<\/h3>\n<p class=\"texto\">Los datos ser\u00e1n conservados mientras sigan siendo v\u00e1lidos para los intereses leg\u00edtimos para los que fueron facilitados, y mientras el interesado no proceda a la supresi\u00f3n de los mismos.<\/p>\n<div class=\"divider-gris\"><\/div>\n<h3>Ejercicio de Derechos<\/h3>\n<p class=\"texto\">Los derechos de Acceso, Portabilidad, Rectificaci\u00f3n, Supresi\u00f3n, Oposici\u00f3n y Limitaci\u00f3n del Tratamiento, pueden ejercitarse por escrito dirigido a la direcci\u00f3n del Responsable del Tratamiento, o por correo electr\u00f3nico dirigido a adm@jannone.net, en ambos caso con prueba de la identidad del interesado.<\/p>\n<\/div>\n<\/div>\n<\/div>\n","protected":false},"excerpt":{"rendered":"<p>Pol\u00edtica de Privacidad Protecci\u00f3n de Datos de Car\u00e1cter Personal JANNONE, SA y JANNONE TUBOS, SL, en adelante JANNONE GRUPO es consciente de la importancia de la privacidad de los datos de car\u00e1cter personal y por ello, ha implementado una pol\u00edtica de tratamiento de datos orientada a proveer la m\u00e1xima seguridad en el uso y recogida [&#8230;]<\/p>\n<p><a class=\"btn btn-secondary understrap-read-more-link\" href=\"https:\/\/www.jannone.net\/es\/politica-de-privacidad\/\">Leer m\u00e1s&#8230;<\/a><\/p>\n","protected":false},"author":2,"featured_media":0,"parent":0,"menu_order":0,"comment_status":"closed","ping_status":"closed","template":"page-templates\/empty.php","meta":{"_seopress_robots_primary_cat":"0","_seopress_titles_title":"","_seopress_titles_desc":"","_seopress_robots_index":"yes","footnotes":""},"class_list":["post-1188","page","type-page","status-publish","hentry"],"yoast_head":"<!-- This site is optimized with the Yoast SEO plugin v26.8 - https:\/\/yoast.com\/product\/yoast-seo-wordpress\/ -->\n<title>Pol\u00edtica de Privacidad - Jannone<\/title>\n<meta name=\"robots\" content=\"noindex, nofollow\" \/>\n<meta property=\"og:locale\" content=\"es_ES\" \/>\n<meta property=\"og:type\" content=\"article\" \/>\n<meta property=\"og:title\" content=\"Pol\u00edtica de Privacidad - Jannone\" \/>\n<meta property=\"og:description\" content=\"Pol\u00edtica de Privacidad Protecci\u00f3n de Datos de Car\u00e1cter Personal JANNONE, SA y JANNONE TUBOS, SL, en adelante JANNONE GRUPO es consciente de la importancia de la privacidad de los datos de car\u00e1cter personal y por ello, ha implementado una pol\u00edtica de tratamiento de datos orientada a proveer la m\u00e1xima seguridad en el uso y recogida [...]Leer m\u00e1s...\" \/>\n<meta property=\"og:url\" content=\"https:\/\/www.jannone.net\/es\/politica-de-privacidad\/\" \/>\n<meta property=\"og:site_name\" content=\"Jannone\" \/>\n<meta property=\"article:modified_time\" content=\"2019-07-16T09:17:06+00:00\" \/>\n<meta property=\"og:image\" content=\"https:\/\/www.jannone.net\/es\/wp-content\/uploads\/2017\/10\/cabecera-aviso.jpg\" \/>\n<meta name=\"twitter:label1\" content=\"Tiempo de lectura\" \/>\n\t<meta name=\"twitter:data1\" content=\"3 minutos\" \/>\n<script type=\"application\/ld+json\" class=\"yoast-schema-graph\">{\"@context\":\"https:\/\/schema.org\",\"@graph\":[{\"@type\":\"WebPage\",\"@id\":\"https:\/\/www.jannone.net\/es\/politica-de-privacidad\/\",\"url\":\"https:\/\/www.jannone.net\/es\/politica-de-privacidad\/\",\"name\":\"Pol\u00edtica de Privacidad - Jannone\",\"isPartOf\":{\"@id\":\"https:\/\/www.jannone.net\/es\/#website\"},\"primaryImageOfPage\":{\"@id\":\"https:\/\/www.jannone.net\/es\/politica-de-privacidad\/#primaryimage\"},\"image\":{\"@id\":\"https:\/\/www.jannone.net\/es\/politica-de-privacidad\/#primaryimage\"},\"thumbnailUrl\":\"https:\/\/www.jannone.net\/es\/wp-content\/uploads\/2017\/10\/cabecera-aviso.jpg\",\"datePublished\":\"2019-07-16T09:17:04+00:00\",\"dateModified\":\"2019-07-16T09:17:06+00:00\",\"breadcrumb\":{\"@id\":\"https:\/\/www.jannone.net\/es\/politica-de-privacidad\/#breadcrumb\"},\"inLanguage\":\"es\",\"potentialAction\":[{\"@type\":\"ReadAction\",\"target\":[\"https:\/\/www.jannone.net\/es\/politica-de-privacidad\/\"]}]},{\"@type\":\"ImageObject\",\"inLanguage\":\"es\",\"@id\":\"https:\/\/www.jannone.net\/es\/politica-de-privacidad\/#primaryimage\",\"url\":\"https:\/\/www.jannone.net\/es\/wp-content\/uploads\/2017\/10\/cabecera-aviso.jpg\",\"contentUrl\":\"https:\/\/www.jannone.net\/es\/wp-content\/uploads\/2017\/10\/cabecera-aviso.jpg\",\"width\":1801,\"height\":461},{\"@type\":\"BreadcrumbList\",\"@id\":\"https:\/\/www.jannone.net\/es\/politica-de-privacidad\/#breadcrumb\",\"itemListElement\":[{\"@type\":\"ListItem\",\"position\":1,\"name\":\"Portada\",\"item\":\"https:\/\/www.jannone.net\/es\/\"},{\"@type\":\"ListItem\",\"position\":2,\"name\":\"Pol\u00edtica de Privacidad\"}]},{\"@type\":\"WebSite\",\"@id\":\"https:\/\/www.jannone.net\/es\/#website\",\"url\":\"https:\/\/www.jannone.net\/es\/\",\"name\":\"Jannone\",\"description\":\"Distribuidores de tubos y maderas\",\"potentialAction\":[{\"@type\":\"SearchAction\",\"target\":{\"@type\":\"EntryPoint\",\"urlTemplate\":\"https:\/\/www.jannone.net\/es\/?s={search_term_string}\"},\"query-input\":{\"@type\":\"PropertyValueSpecification\",\"valueRequired\":true,\"valueName\":\"search_term_string\"}}],\"inLanguage\":\"es\"}]}<\/script>\n<!-- \/ Yoast SEO plugin. -->","yoast_head_json":{"title":"Pol\u00edtica de Privacidad - Jannone","robots":{"index":"noindex","follow":"nofollow"},"og_locale":"es_ES","og_type":"article","og_title":"Pol\u00edtica de Privacidad - Jannone","og_description":"Pol\u00edtica de Privacidad Protecci\u00f3n de Datos de Car\u00e1cter Personal JANNONE, SA y JANNONE TUBOS, SL, en adelante JANNONE GRUPO es consciente de la importancia de la privacidad de los datos de car\u00e1cter personal y por ello, ha implementado una pol\u00edtica de tratamiento de datos orientada a proveer la m\u00e1xima seguridad en el uso y recogida [...]Leer m\u00e1s...","og_url":"https:\/\/www.jannone.net\/es\/politica-de-privacidad\/","og_site_name":"Jannone","article_modified_time":"2019-07-16T09:17:06+00:00","og_image":[{"url":"https:\/\/www.jannone.net\/es\/wp-content\/uploads\/2017\/10\/cabecera-aviso.jpg","type":"","width":"","height":""}],"twitter_misc":{"Tiempo de lectura":"3 minutos"},"schema":{"@context":"https:\/\/schema.org","@graph":[{"@type":"WebPage","@id":"https:\/\/www.jannone.net\/es\/politica-de-privacidad\/","url":"https:\/\/www.jannone.net\/es\/politica-de-privacidad\/","name":"Pol\u00edtica de Privacidad - Jannone","isPartOf":{"@id":"https:\/\/www.jannone.net\/es\/#website"},"primaryImageOfPage":{"@id":"https:\/\/www.jannone.net\/es\/politica-de-privacidad\/#primaryimage"},"image":{"@id":"https:\/\/www.jannone.net\/es\/politica-de-privacidad\/#primaryimage"},"thumbnailUrl":"https:\/\/www.jannone.net\/es\/wp-content\/uploads\/2017\/10\/cabecera-aviso.jpg","datePublished":"2019-07-16T09:17:04+00:00","dateModified":"2019-07-16T09:17:06+00:00","breadcrumb":{"@id":"https:\/\/www.jannone.net\/es\/politica-de-privacidad\/#breadcrumb"},"inLanguage":"es","potentialAction":[{"@type":"ReadAction","target":["https:\/\/www.jannone.net\/es\/politica-de-privacidad\/"]}]},{"@type":"ImageObject","inLanguage":"es","@id":"https:\/\/www.jannone.net\/es\/politica-de-privacidad\/#primaryimage","url":"https:\/\/www.jannone.net\/es\/wp-content\/uploads\/2017\/10\/cabecera-aviso.jpg","contentUrl":"https:\/\/www.jannone.net\/es\/wp-content\/uploads\/2017\/10\/cabecera-aviso.jpg","width":1801,"height":461},{"@type":"BreadcrumbList","@id":"https:\/\/www.jannone.net\/es\/politica-de-privacidad\/#breadcrumb","itemListElement":[{"@type":"ListItem","position":1,"name":"Portada","item":"https:\/\/www.jannone.net\/es\/"},{"@type":"ListItem","position":2,"name":"Pol\u00edtica de Privacidad"}]},{"@type":"WebSite","@id":"https:\/\/www.jannone.net\/es\/#website","url":"https:\/\/www.jannone.net\/es\/","name":"Jannone","description":"Distribuidores de tubos y maderas","potentialAction":[{"@type":"SearchAction","target":{"@type":"EntryPoint","urlTemplate":"https:\/\/www.jannone.net\/es\/?s={search_term_string}"},"query-input":{"@type":"PropertyValueSpecification","valueRequired":true,"valueName":"search_term_string"}}],"inLanguage":"es"}]}},"_links":{"self":[{"href":"https:\/\/www.jannone.net\/es\/wp-json\/wp\/v2\/pages\/1188","targetHints":{"allow":["GET"]}}],"collection":[{"href":"https:\/\/www.jannone.net\/es\/wp-json\/wp\/v2\/pages"}],"about":[{"href":"https:\/\/www.jannone.net\/es\/wp-json\/wp\/v2\/types\/page"}],"author":[{"embeddable":true,"href":"https:\/\/www.jannone.net\/es\/wp-json\/wp\/v2\/users\/2"}],"replies":[{"embeddable":true,"href":"https:\/\/www.jannone.net\/es\/wp-json\/wp\/v2\/comments?post=1188"}],"version-history":[{"count":1,"href":"https:\/\/www.jannone.net\/es\/wp-json\/wp\/v2\/pages\/1188\/revisions"}],"predecessor-version":[{"id":1189,"href":"https:\/\/www.jannone.net\/es\/wp-json\/wp\/v2\/pages\/1188\/revisions\/1189"}],"wp:attachment":[{"href":"https:\/\/www.jannone.net\/es\/wp-json\/wp\/v2\/media?parent=1188"}],"curies":[{"name":"wp","href":"https:\/\/api.w.org\/{rel}","templated":true}]}}