{"id":10,"date":"2017-04-19T13:36:33","date_gmt":"2017-04-19T11:36:33","guid":{"rendered":"https:\/\/www.jannone.net\/es\/?page_id=10"},"modified":"2020-03-10T13:09:42","modified_gmt":"2020-03-10T12:09:42","slug":"tubos","status":"publish","type":"page","link":"https:\/\/www.jannone.net\/es\/tubos\/","title":{"rendered":"Tubos"},"content":{"rendered":"<p><img  title=\"Tubos - Grupo Jannone\" decoding=\"async\" class=\"aligncenter size-full wp-image-890 img-full\" src=\"https:\/\/www.jannone.net\/es\/wp-content\/uploads\/2017\/04\/cabecera-productos-tubos.jpg\"  alt=\"Tubos - Grupo Jannone\"  width=\"1801\" height=\"461\" srcset=\"https:\/\/www.jannone.net\/es\/wp-content\/uploads\/2017\/04\/cabecera-productos-tubos.jpg 1801w, https:\/\/www.jannone.net\/es\/wp-content\/uploads\/2017\/04\/cabecera-productos-tubos-300x77.jpg 300w, https:\/\/www.jannone.net\/es\/wp-content\/uploads\/2017\/04\/cabecera-productos-tubos-768x197.jpg 768w, https:\/\/www.jannone.net\/es\/wp-content\/uploads\/2017\/04\/cabecera-productos-tubos-1024x262.jpg 1024w\" sizes=\"(max-width: 1801px) 100vw, 1801px\" \/><\/p>\n<div class=\"container\">\n<div class=\"row\">\n<div class=\"col-xs-12 col-md-12\">\n<h1 class=\"titulo-productos\">Tubos<\/h1>\n<div class=\"dos-columnas\">\n<p class=\"texto\">Jannone Tubos apuesta por la calidad de sus productos y por un servicio adaptado a las exigencias del cliente.<\/p>\n<p class=\"texto\">El fabricante garantiza el producto de acuerdo a los requisitos solicitados por el cliente en correspondencia con las distintas normas de fabricaci\u00f3n y nuestro Sistema de Calidad basado en la certificaci\u00f3n ISO 9001, que refuerza el proceso de garant\u00eda de calidad del mismo.<\/p>\n<p class=\"texto\">Contamos con 24.000 m&sup2; (12.000m&sup2; cubiertos) en la zona franca del puerto de Sevilla, donde ponemos a disposici\u00f3n de nuestros clientes los siguientes servicios: export\/import (embalaje mar\u00edtimo, packing list, documentaci\u00f3n aduanera, carga de contenedores\u2026 etc).<\/p>\n<\/div>\n<\/div>\n<\/div>\n<div class=\"boton-azul mt-4 mb-4\"><a href=\"https:\/\/www.jannone.net\/es\/wp-content\/uploads\/2020\/03\/CGV-V-II.pdf\" rel=\"noopener noreferrer\" target=\"_blank\">Condiciones generales de venta<\/a><\/div>\n<div class=\"divider-gris\"><\/div>\n<\/div>\n<div class=\"mt-4\"><\/div>\n<div class=\"row\">\n<div class=\"col-xs-12 col-md-12 animated fadeInRightBig duration3\">\n<div class=\"table-div categorias-tubos\">\n<div class=\"row-div\">\n<div class=\"cell-div efecto-hover tubos-conduccion borde-derecha\"><a class=\"titulo-hover\" href=\"https:\/\/www.jannone.net\/es\/tubos\/tuberias-de-conduccion\/\">Tuber\u00edas de conducci\u00f3n<\/a><\/div>\n<div class=\"cell-div efecto-hover tubos-incendios borde-derecha borde-izquierda\"><a class=\"titulo-hover\" href=\"https:\/\/www.jannone.net\/es\/tubos\/tuberias-contra-incendios\/\">Tuber\u00edas contra incendios<\/a><\/div>\n<div class=\"cell-div efecto-hover tubos-preaisladas borde-izquierda\"><a class=\"titulo-hover\" href=\"https:\/\/www.jannone.net\/es\/tubos\/tuberias-preaisladas\/\">Tuber\u00edas preaisladas<\/a><\/div>\n<\/div>\n<\/div>\n<\/div>\n<\/div>\n<div class=\"row\">\n<div class=\"col-xs-12 col-md-12 animated fadeInLeftBig duration3 eds-on-scroll\">\n<div class=\"table-div categorias-tubos\">\n<div class=\"row-div\">\n<div class=\"cell-div efecto-hover tubos-estructurales borde-derecha\"><a class=\"titulo-hover\" href=\"https:\/\/www.jannone.net\/es\/tubos\/tubo-estructural\/\">Tubo estructural<\/a><\/div>\n<div class=\"cell-div efecto-hover tubos-accesorios borde-derecha borde-izquierda\"><a class=\"titulo-hover\" href=\"https:\/\/www.jannone.net\/es\/tubos\/accesorios-bridas-valvulas\/\"> Accesorios, bridas y v\u00e1lvulas<\/a><\/div>\n<div class=\"cell-div efecto-hover tubos-gres borde-derecha borde-izquierda\"><a class=\"titulo-hover\" href=\"https:\/\/www.jannone.net\/es\/tubos\/tubo-gres-vitrificado\/\">Tubo de gres vitrificado<\/a><\/div>\n<div class=\"cell-div efecto-hover tubos-servicios borde-izquierda\"><a class=\"titulo-hover\" href=\"https:\/\/www.jannone.net\/es\/tubos\/sectores-utilidades-referencias\/\">Sectores, utilidades y referencias<\/a><\/div>\n<\/div>\n<\/div>\n<\/div>\n<\/div>\n","protected":false},"excerpt":{"rendered":"<p>Tubos Jannone Tubos apuesta por la calidad de sus productos y por un servicio adaptado a las exigencias del cliente. El fabricante garantiza el producto de acuerdo a los requisitos solicitados por el cliente en correspondencia con las distintas normas de fabricaci\u00f3n y nuestro Sistema de Calidad basado en la certificaci\u00f3n ISO 9001, que refuerza [&#8230;]<\/p>\n<p><a class=\"btn btn-secondary understrap-read-more-link\" href=\"https:\/\/www.jannone.net\/es\/tubos\/\">Leer m\u00e1s&#8230;<\/a><\/p>\n","protected":false},"author":2,"featured_media":0,"parent":0,"menu_order":0,"comment_status":"closed","ping_status":"closed","template":"page-templates\/empty.php","meta":{"_seopress_robots_primary_cat":"0","_seopress_titles_title":"Comercializaci\u00f3n de tubos - Distribuci\u00f3n de tubos - Tubos y accesorios de gres vitrificado","_seopress_titles_desc":"En Jannone Tubos ofrecemos una amplia gama de tuber\u00edas de acero para el transporte de productos en general. Encuentra todo lo que necesitas en Grupo Jannone","_seopress_robots_index":"","footnotes":""},"class_list":["post-10","page","type-page","status-publish","hentry"],"yoast_head":"<!-- This site is optimized with the Yoast SEO plugin v26.8 - https:\/\/yoast.com\/product\/yoast-seo-wordpress\/ -->\n<title>Comercializaci\u00f3n de tubos - Distribuci\u00f3n de tubos - Tubos y accesorios de gres vitrificado<\/title>\n<meta name=\"description\" content=\"En Jannone Tubos ofrecemos una amplia gama de tuber\u00edas de acero para el transporte de productos en general. Encuentra todo lo que necesitas en Grupo Jannone\" \/>\n<meta name=\"robots\" content=\"index, follow, max-snippet:-1, max-image-preview:large, max-video-preview:-1\" \/>\n<link rel=\"canonical\" href=\"https:\/\/www.jannone.net\/es\/tubos\/\" \/>\n<meta property=\"og:locale\" content=\"es_ES\" \/>\n<meta property=\"og:type\" content=\"article\" \/>\n<meta property=\"og:title\" content=\"Comercializaci\u00f3n de tubos - Distribuci\u00f3n de tubos - Tubos y accesorios de gres vitrificado\" \/>\n<meta property=\"og:description\" content=\"En Jannone Tubos ofrecemos una amplia gama de tuber\u00edas de acero para el transporte de productos en general. Encuentra todo lo que necesitas en Grupo Jannone\" \/>\n<meta property=\"og:url\" content=\"https:\/\/www.jannone.net\/es\/tubos\/\" \/>\n<meta property=\"og:site_name\" content=\"Jannone\" \/>\n<meta property=\"article:modified_time\" content=\"2020-03-10T12:09:42+00:00\" \/>\n<meta property=\"og:image\" content=\"https:\/\/www.jannone.net\/es\/wp-content\/uploads\/2017\/04\/cabecera-productos-tubos.jpg\" \/>\n<meta name=\"twitter:label1\" content=\"Tiempo de lectura\" \/>\n\t<meta name=\"twitter:data1\" content=\"1 minuto\" \/>\n<script type=\"application\/ld+json\" class=\"yoast-schema-graph\">{\"@context\":\"https:\/\/schema.org\",\"@graph\":[{\"@type\":\"WebPage\",\"@id\":\"https:\/\/www.jannone.net\/es\/tubos\/\",\"url\":\"https:\/\/www.jannone.net\/es\/tubos\/\",\"name\":\"Comercializaci\u00f3n de tubos - Distribuci\u00f3n de tubos - Tubos y accesorios de gres vitrificado\",\"isPartOf\":{\"@id\":\"https:\/\/www.jannone.net\/es\/#website\"},\"primaryImageOfPage\":{\"@id\":\"https:\/\/www.jannone.net\/es\/tubos\/#primaryimage\"},\"image\":{\"@id\":\"https:\/\/www.jannone.net\/es\/tubos\/#primaryimage\"},\"thumbnailUrl\":\"https:\/\/www.jannone.net\/es\/wp-content\/uploads\/2017\/04\/cabecera-productos-tubos.jpg\",\"datePublished\":\"2017-04-19T11:36:33+00:00\",\"dateModified\":\"2020-03-10T12:09:42+00:00\",\"description\":\"En Jannone Tubos ofrecemos una amplia gama de tuber\u00edas de acero para el transporte de productos en general. Encuentra todo lo que necesitas en Grupo Jannone\",\"breadcrumb\":{\"@id\":\"https:\/\/www.jannone.net\/es\/tubos\/#breadcrumb\"},\"inLanguage\":\"es\",\"potentialAction\":[{\"@type\":\"ReadAction\",\"target\":[\"https:\/\/www.jannone.net\/es\/tubos\/\"]}]},{\"@type\":\"ImageObject\",\"inLanguage\":\"es\",\"@id\":\"https:\/\/www.jannone.net\/es\/tubos\/#primaryimage\",\"url\":\"https:\/\/www.jannone.net\/es\/wp-content\/uploads\/2017\/04\/cabecera-productos-tubos.jpg\",\"contentUrl\":\"https:\/\/www.jannone.net\/es\/wp-content\/uploads\/2017\/04\/cabecera-productos-tubos.jpg\",\"width\":1801,\"height\":461},{\"@type\":\"BreadcrumbList\",\"@id\":\"https:\/\/www.jannone.net\/es\/tubos\/#breadcrumb\",\"itemListElement\":[{\"@type\":\"ListItem\",\"position\":1,\"name\":\"Portada\",\"item\":\"https:\/\/www.jannone.net\/es\/\"},{\"@type\":\"ListItem\",\"position\":2,\"name\":\"Tubos\"}]},{\"@type\":\"WebSite\",\"@id\":\"https:\/\/www.jannone.net\/es\/#website\",\"url\":\"https:\/\/www.jannone.net\/es\/\",\"name\":\"Jannone\",\"description\":\"Distribuidores de tubos y maderas\",\"potentialAction\":[{\"@type\":\"SearchAction\",\"target\":{\"@type\":\"EntryPoint\",\"urlTemplate\":\"https:\/\/www.jannone.net\/es\/?s={search_term_string}\"},\"query-input\":{\"@type\":\"PropertyValueSpecification\",\"valueRequired\":true,\"valueName\":\"search_term_string\"}}],\"inLanguage\":\"es\"}]}<\/script>\n<!-- \/ Yoast SEO plugin. -->","yoast_head_json":{"title":"Comercializaci\u00f3n de tubos - Distribuci\u00f3n de tubos - Tubos y accesorios de gres vitrificado","description":"En Jannone Tubos ofrecemos una amplia gama de tuber\u00edas de acero para el transporte de productos en general. Encuentra todo lo que necesitas en Grupo Jannone","robots":{"index":"index","follow":"follow","max-snippet":"max-snippet:-1","max-image-preview":"max-image-preview:large","max-video-preview":"max-video-preview:-1"},"canonical":"https:\/\/www.jannone.net\/es\/tubos\/","og_locale":"es_ES","og_type":"article","og_title":"Comercializaci\u00f3n de tubos - Distribuci\u00f3n de tubos - Tubos y accesorios de gres vitrificado","og_description":"En Jannone Tubos ofrecemos una amplia gama de tuber\u00edas de acero para el transporte de productos en general. Encuentra todo lo que necesitas en Grupo Jannone","og_url":"https:\/\/www.jannone.net\/es\/tubos\/","og_site_name":"Jannone","article_modified_time":"2020-03-10T12:09:42+00:00","og_image":[{"url":"https:\/\/www.jannone.net\/es\/wp-content\/uploads\/2017\/04\/cabecera-productos-tubos.jpg","type":"","width":"","height":""}],"twitter_misc":{"Tiempo de lectura":"1 minuto"},"schema":{"@context":"https:\/\/schema.org","@graph":[{"@type":"WebPage","@id":"https:\/\/www.jannone.net\/es\/tubos\/","url":"https:\/\/www.jannone.net\/es\/tubos\/","name":"Comercializaci\u00f3n de tubos - Distribuci\u00f3n de tubos - Tubos y accesorios de gres vitrificado","isPartOf":{"@id":"https:\/\/www.jannone.net\/es\/#website"},"primaryImageOfPage":{"@id":"https:\/\/www.jannone.net\/es\/tubos\/#primaryimage"},"image":{"@id":"https:\/\/www.jannone.net\/es\/tubos\/#primaryimage"},"thumbnailUrl":"https:\/\/www.jannone.net\/es\/wp-content\/uploads\/2017\/04\/cabecera-productos-tubos.jpg","datePublished":"2017-04-19T11:36:33+00:00","dateModified":"2020-03-10T12:09:42+00:00","description":"En Jannone Tubos ofrecemos una amplia gama de tuber\u00edas de acero para el transporte de productos en general. Encuentra todo lo que necesitas en Grupo Jannone","breadcrumb":{"@id":"https:\/\/www.jannone.net\/es\/tubos\/#breadcrumb"},"inLanguage":"es","potentialAction":[{"@type":"ReadAction","target":["https:\/\/www.jannone.net\/es\/tubos\/"]}]},{"@type":"ImageObject","inLanguage":"es","@id":"https:\/\/www.jannone.net\/es\/tubos\/#primaryimage","url":"https:\/\/www.jannone.net\/es\/wp-content\/uploads\/2017\/04\/cabecera-productos-tubos.jpg","contentUrl":"https:\/\/www.jannone.net\/es\/wp-content\/uploads\/2017\/04\/cabecera-productos-tubos.jpg","width":1801,"height":461},{"@type":"BreadcrumbList","@id":"https:\/\/www.jannone.net\/es\/tubos\/#breadcrumb","itemListElement":[{"@type":"ListItem","position":1,"name":"Portada","item":"https:\/\/www.jannone.net\/es\/"},{"@type":"ListItem","position":2,"name":"Tubos"}]},{"@type":"WebSite","@id":"https:\/\/www.jannone.net\/es\/#website","url":"https:\/\/www.jannone.net\/es\/","name":"Jannone","description":"Distribuidores de tubos y maderas","potentialAction":[{"@type":"SearchAction","target":{"@type":"EntryPoint","urlTemplate":"https:\/\/www.jannone.net\/es\/?s={search_term_string}"},"query-input":{"@type":"PropertyValueSpecification","valueRequired":true,"valueName":"search_term_string"}}],"inLanguage":"es"}]}},"_links":{"self":[{"href":"https:\/\/www.jannone.net\/es\/wp-json\/wp\/v2\/pages\/10","targetHints":{"allow":["GET"]}}],"collection":[{"href":"https:\/\/www.jannone.net\/es\/wp-json\/wp\/v2\/pages"}],"about":[{"href":"https:\/\/www.jannone.net\/es\/wp-json\/wp\/v2\/types\/page"}],"author":[{"embeddable":true,"href":"https:\/\/www.jannone.net\/es\/wp-json\/wp\/v2\/users\/2"}],"replies":[{"embeddable":true,"href":"https:\/\/www.jannone.net\/es\/wp-json\/wp\/v2\/comments?post=10"}],"version-history":[{"count":5,"href":"https:\/\/www.jannone.net\/es\/wp-json\/wp\/v2\/pages\/10\/revisions"}],"predecessor-version":[{"id":1203,"href":"https:\/\/www.jannone.net\/es\/wp-json\/wp\/v2\/pages\/10\/revisions\/1203"}],"wp:attachment":[{"href":"https:\/\/www.jannone.net\/es\/wp-json\/wp\/v2\/media?parent=10"}],"curies":[{"name":"wp","href":"https:\/\/api.w.org\/{rel}","templated":true}]}}